{"id":2159,"date":"2024-05-11T16:17:40","date_gmt":"2024-05-11T14:17:40","guid":{"rendered":"https:\/\/wp.unil.ch\/rapport-annuel-2024\/?page_id=2159"},"modified":"2026-01-12T09:25:04","modified_gmt":"2026-01-12T08:25:04","slug":"recherche-en-chiffres","status":"publish","type":"page","link":"https:\/\/wp.unil.ch\/rapport-annuel-2024\/en-chiffres\/recherche-en-chiffres\/","title":{"rendered":"La recherche en chiffres"},"content":{"rendered":"\n<div style=\"height:40px\" aria-hidden=\"true\" class=\"wp-block-spacer\"><\/div>\n\n\n\n<div class=\"wp-block-buttons is-content-justification-center is-layout-flex wp-container-core-buttons-is-layout-a89b3969 wp-block-buttons-is-layout-flex\">\n<div class=\"wp-block-button\"><a class=\"wp-block-button__link has-base-color has-contrast-background-color has-text-color has-background has-link-color has-small-font-size has-custom-font-size wp-element-button\" href=\"https:\/\/wp.unil.ch\/rapport-annuel-2024\/en-chiffres\/\" style=\"padding-top:var(--wp--preset--spacing--20);padding-right:var(--wp--preset--spacing--30);padding-bottom:var(--wp--preset--spacing--20);padding-left:var(--wp--preset--spacing--30)\">BILAN ET COMPTE DE R\u00c9SULTATS<\/a><\/div>\n\n\n\n<div class=\"wp-block-button\"><a class=\"wp-block-button__link has-base-color has-contrast-background-color has-text-color has-background has-link-color has-small-font-size has-custom-font-size wp-element-button\" href=\"https:\/\/wp.unil.ch\/rapport-annuel-2024\/en-chiffres\/ressources-humaines\/\" style=\"padding-top:var(--wp--preset--spacing--20);padding-right:var(--wp--preset--spacing--30);padding-bottom:var(--wp--preset--spacing--20);padding-left:var(--wp--preset--spacing--30)\">RESSOURCES HUMAINES<\/a><\/div>\n\n\n\n<div class=\"wp-block-button\"><a class=\"wp-block-button__link has-base-color has-contrast-background-color has-text-color has-background has-link-color has-small-font-size has-custom-font-size wp-element-button\" href=\"https:\/\/wp.unil.ch\/rapport-annuel-2024\/en-chiffres\/enseignement-en-chiffres\/\" style=\"padding-top:var(--wp--preset--spacing--20);padding-right:var(--wp--preset--spacing--30);padding-bottom:var(--wp--preset--spacing--20);padding-left:var(--wp--preset--spacing--30)\">ENSEIGNEMENT<\/a><\/div>\n\n\n\n<div class=\"wp-block-button\"><a class=\"wp-block-button__link has-base-color has-contrast-background-color has-text-color has-background has-link-color has-small-font-size has-custom-font-size wp-element-button\" href=\"https:\/\/wp.unil.ch\/rapport-annuel-2024\/en-chiffres\/recherche-en-chiffres\/\" style=\"padding-top:var(--wp--preset--spacing--20);padding-right:var(--wp--preset--spacing--30);padding-bottom:var(--wp--preset--spacing--20);padding-left:var(--wp--preset--spacing--30)\">RECHERCHE<\/a><\/div>\n\n\n\n<div class=\"wp-block-button\"><a class=\"wp-block-button__link has-base-color has-contrast-background-color has-text-color has-background has-link-color has-small-font-size has-custom-font-size wp-element-button\" href=\"https:\/\/wp.unil.ch\/rapport-annuel-2024\/en-chiffres\/durabilite-en-chiffres\/\" style=\"padding-top:var(--wp--preset--spacing--20);padding-right:var(--wp--preset--spacing--30);padding-bottom:var(--wp--preset--spacing--20);padding-left:var(--wp--preset--spacing--30)\">DURABILIT\u00c9<\/a><\/div>\n\n\n\n<div class=\"wp-block-button is-style-outline is-style-outline--1\"><a class=\"wp-block-button__link has-contrast-color has-base-background-color has-text-color has-background has-link-color has-small-font-size has-custom-font-size wp-element-button\" href=\"https:\/\/wp.unil.ch\/rapport-annuel-2024\/files\/2025\/05\/rapportannuel2024.pdf\" style=\"padding-top:var(--wp--preset--spacing--20);padding-right:var(--wp--preset--spacing--30);padding-bottom:var(--wp--preset--spacing--20);padding-left:var(--wp--preset--spacing--30)\">Tous les chiffre (PDF)<\/a><\/div>\n<\/div>\n\n\n\n<div style=\"height:20px\" aria-hidden=\"true\" class=\"wp-block-spacer\"><\/div>\n\n\n\n<div class=\"wp-block-group has-global-padding is-layout-constrained wp-container-core-group-is-layout-ff778368 wp-block-group-is-layout-constrained\" style=\"padding-right:var(--wp--preset--spacing--30);padding-left:var(--wp--preset--spacing--30)\"><h1 class=\"wp-block-post-title\">La recherche en chiffres<\/h1>\n\n\n<p>L\u2019Universit\u00e9 de Lausanne compte plus de 200 unit\u00e9s de recherche \u0153uvrant dans des domaines aussi divers que la g\u00e9nomique, l\u2019esth\u00e9tique du cin\u00e9ma, le droit de l\u2019environnement ou la criminalistique.<\/p>\n\n\n\n<p>Au sein des instituts, laboratoires et biblioth\u00e8ques, les chercheuses et chercheurs travaillent chaque jour sur des projets de port\u00e9e nationale ou internationale, faisant ainsi progresser le capital scientifique de l&rsquo;institution. Afin de promouvoir au mieux la circulation des savoirs, l&rsquo;UNIL consid\u00e8re comme primordiale de favoriser une culture forte de l&rsquo;interdisciplinarit\u00e9, l&rsquo;un des grands axes de son plan strat\u00e9gique.<\/p>\n\n\n\n<h2 class=\"wp-block-heading has-text-align-left\">Publications<\/h2>\n\n\n\n<p>Les r\u00e9sultats de la recherche scientifique doivent \u00eatre accessibles \u00e0 tous gratuitement. Cet id\u00e9al, c\u2019est celui de l\u2019Open Access. L\u2019UNIL soutient ce mouvement et met \u00e0 disposition son <a href=\"https:\/\/serval.unil.ch\" target=\"_blank\" rel=\"noreferrer noopener\">serveur institutionnel Serval<\/a> pour publier les recherches de sa communaut\u00e9 scientifique. <strong>75% des publications d\u00e9pos\u00e9es<\/strong> sur Serval sont consultables en libre acc\u00e8s (dont 9% sous embargo). Ce site enregistre une progression constante du nombre de visites.<\/p>\n\n\n\n<div class=\"wp-block-columns is-layout-flex wp-container-core-columns-is-layout-0884d4d2 wp-block-columns-is-layout-flex\" style=\"margin-top:var(--wp--preset--spacing--50);margin-bottom:var(--wp--preset--spacing--50)\">\n<div class=\"wp-block-column is-layout-flow wp-block-column-is-layout-flow\" style=\"flex-basis:40%\">\n<p class=\"has-text-align-left\"><strong>6716 recherches UNIL publi\u00e9es sur Serval dont (entre autres) :<\/strong><\/p>\n\n\n\n<div style=\"height:20px\" aria-hidden=\"true\" class=\"wp-block-spacer\"><\/div>\n\n\n<div class=\"su-service\"><div class=\"su-service-title\" style=\"padding-left:54px;min-height:40px;line-height:40px\"><i class=\"sui sui-file-text-o\" style=\"font-size:40px;color:#3c3e31\"><\/i>  4834 articles<\/div><div class=\"su-service-content su-u-clearfix su-u-trim\" style=\"padding-left:54px\">(dont 72% avec texte int\u00e9gral)<\/div><\/div>\n\n\n<div class=\"su-service\"><div class=\"su-service-title\" style=\"padding-left:54px;min-height:40px;line-height:40px\"><i class=\"sui sui-file-text-o\" style=\"font-size:40px;color:#3c3e31\"><\/i>  512 parties de livre<\/div><div class=\"su-service-content su-u-clearfix su-u-trim\" style=\"padding-left:54px\">(dont 41% avec texte int\u00e9gral)<\/div><\/div>\n\n\n<div class=\"su-service\"><div class=\"su-service-title\" style=\"padding-left:54px;min-height:40px;line-height:40px\"><i class=\"sui sui-book\" style=\"font-size:40px;color:#3c3e31\"><\/i>  155 livres<\/div><div class=\"su-service-content su-u-clearfix su-u-trim\" style=\"padding-left:54px\">(dont 45% avec texte int\u00e9gral)<\/div><\/div>\n\n\n<div class=\"su-service\"><div class=\"su-service-title\" style=\"padding-left:54px;min-height:40px;line-height:40px\"><i class=\"sui sui-graduation-cap\" style=\"font-size:40px;color:#3c3e31\"><\/i>  304 th\u00e8ses de doctorat<\/div><div class=\"su-service-content su-u-clearfix su-u-trim\" style=\"padding-left:54px\">(dont 64% avec texte int\u00e9gral)<\/div><\/div>\n<\/div>\n\n\n\n<div class=\"wp-block-column is-layout-flow wp-block-column-is-layout-flow\" style=\"flex-basis:60%\">\n<p><strong>7&rsquo;280&rsquo;816 t\u00e9l\u00e9chargements de PDFs en 2024<\/strong><\/p>\n\n\n\n<figure class=\"wp-block-image size-large\"><img alt=\"graphok telechargementserval\" loading=\"lazy\" decoding=\"async\" width=\"1024\" height=\"472\" src=\"https:\/\/wp.unil.ch\/rapport-annuel-2024\/files\/2025\/05\/graphok-telechargementserval-1024x472.png\" alt=\"\" class=\"wp-image-8848\" srcset=\"https:\/\/wp.unil.ch\/rapport-annuel-2024\/files\/2025\/05\/graphok-telechargementserval-1024x472.png 1024w, https:\/\/wp.unil.ch\/rapport-annuel-2024\/files\/2025\/05\/graphok-telechargementserval-300x138.png 300w, https:\/\/wp.unil.ch\/rapport-annuel-2024\/files\/2025\/05\/graphok-telechargementserval-768x354.png 768w, https:\/\/wp.unil.ch\/rapport-annuel-2024\/files\/2025\/05\/graphok-telechargementserval-1536x708.png 1536w, https:\/\/wp.unil.ch\/rapport-annuel-2024\/files\/2025\/05\/graphok-telechargementserval-2048x944.png 2048w\" sizes=\"auto, (max-width: 1024px) 100vw, 1024px\" \/><\/figure>\n\n\n\n<p class=\"has-small-font-size\">En raison de la migration vers Google Analytics 4 en juillet 2023, impliquant des ajustements visant \u00e0 renforcer la protection des donn\u00e9es des utilisateurs, il est difficile de garantir avec certitude l&rsquo;application des m\u00eames filtres aux statistiques. Par cons\u00e9quent, il est recommand\u00e9, comme d\u2019habitude, de consid\u00e9rer ces donn\u00e9es comme indicatives pour observer les tendances, plut\u00f4t que comme des valeurs absolues.<\/p>\n\n\n\n<div class=\"wp-block-group has-accent-5-background-color has-background has-global-padding is-layout-constrained wp-container-core-group-is-layout-8bd8dac6 wp-block-group-is-layout-constrained\" style=\"border-radius:30px;margin-top:var(--wp--preset--spacing--50);margin-bottom:var(--wp--preset--spacing--50);padding-top:var(--wp--preset--spacing--40);padding-right:var(--wp--preset--spacing--40);padding-bottom:var(--wp--preset--spacing--40);padding-left:var(--wp--preset--spacing--40)\">\n<p>En 2024, <strong>49 livres en Open Access<\/strong> ont \u00e9t\u00e9 r\u00e9dig\u00e9s ou \u00e9dit\u00e9s par des chercheur\u00b7e\u00b7s UNIL avec le soutien du Fond national suisse.<\/p>\n\n\n\n<p class=\"has-small-font-size\" style=\"margin-top:var(--wp--preset--spacing--20)\">Subventions obtenues en 2024.<\/p>\n<\/div>\n<\/div>\n<\/div>\n\n\n\n<div style=\"height:40px\" aria-hidden=\"true\" class=\"wp-block-spacer\"><\/div>\n<\/div>\n","protected":false},"excerpt":{"rendered":"<p>L\u2019Universit\u00e9 de Lausanne compte plus de 200 unit\u00e9s de recherche \u0153uvrant dans des domaines aussi divers que la g\u00e9nomique, l\u2019esth\u00e9tique du cin\u00e9ma, le droit de l\u2019environnement ou la criminalistique. Au sein des instituts, laboratoires et biblioth\u00e8ques, les chercheuses et chercheurs travaillent chaque jour sur des projets de port\u00e9e nationale ou internationale, faisant ainsi progresser le [&hellip;]<\/p>\n","protected":false},"author":108,"featured_media":0,"parent":2138,"menu_order":3,"comment_status":"closed","ping_status":"closed","template":"","meta":{"_seopress_robots_primary_cat":"","_seopress_titles_title":"","_seopress_titles_desc":"","_seopress_robots_index":"","_uag_custom_page_level_css":"","footnotes":"","_links_to":"","_links_to_target":""},"class_list":["post-2159","page","type-page","status-publish"],"uagb_featured_image_src":{"full":false,"thumbnail":false,"medium":false,"medium_large":false,"large":false,"1536x1536":false,"2048x2048":false,"bdpp-medium":false,"gform-image-choice-sm":false,"gform-image-choice-md":false,"gform-image-choice-lg":false},"uagb_author_info":{"display_name":"centre informatique","author_link":"https:\/\/wp.unil.ch\/rapport-annuel-2024\/author\/ci-unil\/"},"uagb_comment_info":0,"uagb_excerpt":"L\u2019Universit\u00e9 de Lausanne compte plus de 200 unit\u00e9s de recherche \u0153uvrant dans des domaines aussi divers que la g\u00e9nomique, l\u2019esth\u00e9tique du cin\u00e9ma, le droit de l\u2019environnement ou la criminalistique. Au sein des instituts, laboratoires et biblioth\u00e8ques, les chercheuses et chercheurs travaillent chaque jour sur des projets de port\u00e9e nationale ou internationale, faisant ainsi progresser le\u2026","_links":{"self":[{"href":"https:\/\/wp.unil.ch\/rapport-annuel-2024\/wp-json\/wp\/v2\/pages\/2159","targetHints":{"allow":["GET"]}}],"collection":[{"href":"https:\/\/wp.unil.ch\/rapport-annuel-2024\/wp-json\/wp\/v2\/pages"}],"about":[{"href":"https:\/\/wp.unil.ch\/rapport-annuel-2024\/wp-json\/wp\/v2\/types\/page"}],"author":[{"embeddable":true,"href":"https:\/\/wp.unil.ch\/rapport-annuel-2024\/wp-json\/wp\/v2\/users\/108"}],"replies":[{"embeddable":true,"href":"https:\/\/wp.unil.ch\/rapport-annuel-2024\/wp-json\/wp\/v2\/comments?post=2159"}],"version-history":[{"count":5,"href":"https:\/\/wp.unil.ch\/rapport-annuel-2024\/wp-json\/wp\/v2\/pages\/2159\/revisions"}],"predecessor-version":[{"id":9044,"href":"https:\/\/wp.unil.ch\/rapport-annuel-2024\/wp-json\/wp\/v2\/pages\/2159\/revisions\/9044"}],"up":[{"embeddable":true,"href":"https:\/\/wp.unil.ch\/rapport-annuel-2024\/wp-json\/wp\/v2\/pages\/2138"}],"wp:attachment":[{"href":"https:\/\/wp.unil.ch\/rapport-annuel-2024\/wp-json\/wp\/v2\/media?parent=2159"}],"curies":[{"name":"wp","href":"https:\/\/api.w.org\/{rel}","templated":true}]}}