{"id":2138,"date":"2024-05-10T10:25:20","date_gmt":"2024-05-10T08:25:20","guid":{"rendered":"https:\/\/wp.unil.ch\/rapport-annuel-2024\/?page_id=2138"},"modified":"2025-05-13T11:23:07","modified_gmt":"2025-05-13T09:23:07","slug":"en-chiffres","status":"publish","type":"page","link":"https:\/\/wp.unil.ch\/rapport-annuel-2024\/en-chiffres\/","title":{"rendered":"Bilan et compte de r\u00e9sultats au 31 d\u00e9cembre 2024"},"content":{"rendered":"\n<div style=\"height:40px\" aria-hidden=\"true\" class=\"wp-block-spacer\"><\/div>\n\n\n\n<div class=\"wp-block-buttons is-content-justification-center is-layout-flex wp-container-core-buttons-is-layout-a89b3969 wp-block-buttons-is-layout-flex\">\n<div class=\"wp-block-button\"><a class=\"wp-block-button__link has-base-color has-contrast-background-color has-text-color has-background has-link-color has-small-font-size has-custom-font-size wp-element-button\" href=\"https:\/\/wp.unil.ch\/rapport-annuel-2024\/en-chiffres\/\" style=\"padding-top:var(--wp--preset--spacing--20);padding-right:var(--wp--preset--spacing--30);padding-bottom:var(--wp--preset--spacing--20);padding-left:var(--wp--preset--spacing--30)\">BILAN ET COMPTE DE R\u00c9SULTATS<\/a><\/div>\n\n\n\n<div class=\"wp-block-button\"><a class=\"wp-block-button__link has-base-color has-contrast-background-color has-text-color has-background has-link-color has-small-font-size has-custom-font-size wp-element-button\" href=\"https:\/\/wp.unil.ch\/rapport-annuel-2024\/en-chiffres\/ressources-humaines\/\" style=\"padding-top:var(--wp--preset--spacing--20);padding-right:var(--wp--preset--spacing--30);padding-bottom:var(--wp--preset--spacing--20);padding-left:var(--wp--preset--spacing--30)\">RESSOURCES HUMAINES<\/a><\/div>\n\n\n\n<div class=\"wp-block-button\"><a class=\"wp-block-button__link has-base-color has-contrast-background-color has-text-color has-background has-link-color has-small-font-size has-custom-font-size wp-element-button\" href=\"https:\/\/wp.unil.ch\/rapport-annuel-2024\/en-chiffres\/enseignement-en-chiffres\/\" style=\"padding-top:var(--wp--preset--spacing--20);padding-right:var(--wp--preset--spacing--30);padding-bottom:var(--wp--preset--spacing--20);padding-left:var(--wp--preset--spacing--30)\">ENSEIGNEMENT<\/a><\/div>\n\n\n\n<div class=\"wp-block-button\"><a class=\"wp-block-button__link has-base-color has-contrast-background-color has-text-color has-background has-link-color has-small-font-size has-custom-font-size wp-element-button\" href=\"https:\/\/wp.unil.ch\/rapport-annuel-2024\/en-chiffres\/recherche-en-chiffres\/\" style=\"padding-top:var(--wp--preset--spacing--20);padding-right:var(--wp--preset--spacing--30);padding-bottom:var(--wp--preset--spacing--20);padding-left:var(--wp--preset--spacing--30)\">RECHERCHE<\/a><\/div>\n\n\n\n<div class=\"wp-block-button\"><a class=\"wp-block-button__link has-base-color has-contrast-background-color has-text-color has-background has-link-color has-small-font-size has-custom-font-size wp-element-button\" href=\"https:\/\/wp.unil.ch\/rapport-annuel-2024\/en-chiffres\/durabilite-en-chiffres\/\" style=\"padding-top:var(--wp--preset--spacing--20);padding-right:var(--wp--preset--spacing--30);padding-bottom:var(--wp--preset--spacing--20);padding-left:var(--wp--preset--spacing--30)\">DURABILIT\u00c9<\/a><\/div>\n\n\n\n<div class=\"wp-block-button is-style-outline is-style-outline--1\"><a class=\"wp-block-button__link has-contrast-color has-base-background-color has-text-color has-background has-link-color has-small-font-size has-custom-font-size wp-element-button\" href=\"https:\/\/wp.unil.ch\/rapport-annuel-2024\/files\/2025\/05\/rapportannuel2024.pdf\" style=\"padding-top:var(--wp--preset--spacing--20);padding-right:var(--wp--preset--spacing--30);padding-bottom:var(--wp--preset--spacing--20);padding-left:var(--wp--preset--spacing--30)\">Tous les chiffre (PDF)<\/a><\/div>\n<\/div>\n\n\n\n<div style=\"height:20px\" aria-hidden=\"true\" class=\"wp-block-spacer\"><\/div>\n\n\n\n<div class=\"wp-block-group has-global-padding is-layout-constrained wp-container-core-group-is-layout-ff778368 wp-block-group-is-layout-constrained\" style=\"padding-right:var(--wp--preset--spacing--30);padding-left:var(--wp--preset--spacing--30)\">\n<h1 class=\"wp-block-heading\">Bilan et compte de r\u00e9sultats<\/h1>\n\n\n\n<p class=\"has-x-large-font-size\"><em>au 31 d\u00e9cembre 2024<\/em><\/p>\n\n\n\n<p class=\"has-medium-font-size\"><em>Les chiffres qui sont publi\u00e9s dans le pr\u00e9sent rapport annuel sont des extraits des \u00e9tats financiers complets de l\u2019Universit\u00e9 de Lausanne au 31 d\u00e9cembre 2024.<\/em><\/p>\n\n\n\n<div class=\"wp-block-columns is-layout-flex wp-container-core-columns-is-layout-28f84493 wp-block-columns-is-layout-flex\">\n<div class=\"wp-block-column is-layout-flow wp-block-column-is-layout-flow\" style=\"flex-basis:66.66%\">\n<div class=\"wp-block-group bordure has-accent-5-background-color has-background is-layout-flow wp-block-group-is-layout-flow\" style=\"border-radius:30px;margin-top:var(--wp--preset--spacing--30);margin-bottom:var(--wp--preset--spacing--30);padding-top:var(--wp--preset--spacing--30);padding-right:var(--wp--preset--spacing--30);padding-bottom:var(--wp--preset--spacing--30);padding-left:var(--wp--preset--spacing--30)\">\n<h2 class=\"wp-block-heading\">P\u00e9rim\u00e8tre des \u00e9tats financiers<\/h2>\n\n\n\n<p>Les \u00e9tats financiers de l\u2019Universit\u00e9 de Lausanne au 31 d\u00e9cembre 2024 comprennent les comptes annuels li\u00e9s au budget de fonctionnement de l\u2019UNIL, ainsi que les fonds de recherche et autres fonds g\u00e9r\u00e9s par l\u2019UNIL.<\/p>\n\n\n\n<p>Les comptes ne comprennent notamment pas les investissements effectu\u00e9s pour la construction des b\u00e2timents universitaires.<\/p>\n<\/div>\n<\/div>\n\n\n\n<div class=\"wp-block-column is-layout-flow wp-block-column-is-layout-flow\" style=\"flex-basis:33.33%\"><\/div>\n<\/div>\n\n\n\n<h2 class=\"wp-block-heading\">Bilan<\/h2>\n\n\n\n<figure class=\"wp-block-table is-style-stripes\"><table class=\"has-buttons-text-background-color has-background has-fixed-layout\"><thead><tr><th class=\"has-text-align-left\" data-align=\"left\"><strong>ACTIF<\/strong><\/th><th class=\"has-text-align-right\" data-align=\"right\"><strong>31.12.2024<\/strong> &#8211;  CHF<\/th><th class=\"has-text-align-right\" data-align=\"right\"><strong>31.12.2023<\/strong> &#8211;  CHF<\/th><\/tr><\/thead><tbody><tr><td class=\"has-text-align-left\" data-align=\"left\"><strong>Actif circulant<\/strong><\/td><td class=\"has-text-align-right\" data-align=\"right\"><\/td><td class=\"has-text-align-right\" data-align=\"right\"><\/td><\/tr><tr><td class=\"has-text-align-left\" data-align=\"left\">Liquidit\u00e9s<\/td><td class=\"has-text-align-right\" data-align=\"right\">37&rsquo;280&rsquo;493<\/td><td class=\"has-text-align-right\" data-align=\"right\">41&rsquo;802&rsquo;540<\/td><\/tr><tr><td class=\"has-text-align-left\" data-align=\"left\">Comptes courants \u00c9tat de Vaud<\/td><td class=\"has-text-align-right\" data-align=\"right\">28&rsquo;481&rsquo;128<\/td><td class=\"has-text-align-right\" data-align=\"right\">37&rsquo;652&rsquo;373<\/td><\/tr><tr><td class=\"has-text-align-left\" data-align=\"left\">Comptes \u00e0 terme et titres<\/td><td class=\"has-text-align-right\" data-align=\"right\">30&rsquo;000&rsquo;001<\/td><td class=\"has-text-align-right\" data-align=\"right\">30&rsquo;000&rsquo;001<\/td><\/tr><tr><td class=\"has-text-align-left\" data-align=\"left\">Placements GBUV<\/td><td class=\"has-text-align-right\" data-align=\"right\">242&rsquo;034&rsquo;269<\/td><td class=\"has-text-align-right\" data-align=\"right\">228&rsquo;366&rsquo;134<\/td><\/tr><tr><td class=\"has-text-align-left\" data-align=\"left\">Cr\u00e9ances<\/td><td class=\"has-text-align-right\" data-align=\"right\">5&rsquo;291&rsquo;872<\/td><td class=\"has-text-align-right\" data-align=\"right\">6&rsquo;437&rsquo;719<\/td><\/tr><tr><td class=\"has-text-align-left\" data-align=\"left\">Actifs transitoires<\/td><td class=\"has-text-align-right\" data-align=\"right\">14&rsquo;454&rsquo;729<\/td><td class=\"has-text-align-right\" data-align=\"right\">12&rsquo;382&rsquo;783<\/td><\/tr><tr><td class=\"has-text-align-left\" data-align=\"left\">&nbsp;<\/td><td class=\"has-text-align-right\" data-align=\"right\"><strong>357&rsquo;542&rsquo;492<\/strong><\/td><td class=\"has-text-align-right\" data-align=\"right\"><strong><strong>356&rsquo;641&rsquo;550<\/strong><\/strong><\/td><\/tr><tr><td class=\"has-text-align-left\" data-align=\"left\">&nbsp;<\/td><td class=\"has-text-align-right\" data-align=\"right\"><\/td><td class=\"has-text-align-right\" data-align=\"right\"><\/td><\/tr><tr><td class=\"has-text-align-left\" data-align=\"left\"><strong>Actif \u00e0 long terme<\/strong><\/td><td class=\"has-text-align-right\" data-align=\"right\"><\/td><td class=\"has-text-align-right\" data-align=\"right\"><\/td><\/tr><tr><td class=\"has-text-align-left\" data-align=\"left\">Pr\u00eats<\/td><td class=\"has-text-align-right\" data-align=\"right\">2&rsquo;692&rsquo;116<\/td><td class=\"has-text-align-right\" data-align=\"right\">2&rsquo;692&rsquo;116<\/td><\/tr><tr><td class=\"has-text-align-left\" data-align=\"left\">Immeubles<\/td><td class=\"has-text-align-right\" data-align=\"right\">2<\/td><td class=\"has-text-align-right\" data-align=\"right\">2<\/td><\/tr><tr><td class=\"has-text-align-left\" data-align=\"left\">&nbsp;<\/td><td class=\"has-text-align-right\" data-align=\"right\"><strong>2&rsquo;692&rsquo;118<\/strong><\/td><td class=\"has-text-align-right\" data-align=\"right\"><strong>2&rsquo;692&rsquo;118<\/strong><\/td><\/tr><\/tbody><tfoot><tr><td class=\"has-text-align-left\" data-align=\"left\"><strong>TOTAL DE L&rsquo;ACTIF<\/strong><\/td><td class=\"has-text-align-right\" data-align=\"right\"><strong>360&rsquo;234&rsquo;610<\/strong><\/td><td class=\"has-text-align-right\" data-align=\"right\"><strong><strong><strong>359&rsquo;333&rsquo;668<\/strong><\/strong><\/strong><\/td><\/tr><\/tfoot><\/table><\/figure>\n\n\n\n<div style=\"height:50px\" aria-hidden=\"true\" class=\"wp-block-spacer\"><\/div>\n\n\n\n<figure class=\"wp-block-table is-style-stripes\"><table class=\"has-buttons-text-background-color has-background has-fixed-layout\"><thead><tr><th class=\"has-text-align-left\" data-align=\"left\">PASSIF<\/th><th class=\"has-text-align-right\" data-align=\"right\"><strong>31.12.2024<\/strong> &#8211;  CHF<\/th><th class=\"has-text-align-right\" data-align=\"right\"><strong>31.12.202<\/strong>3 &#8211;  CHF<\/th><\/tr><\/thead><tbody><tr><td class=\"has-text-align-left\" data-align=\"left\"><strong>Engagements \u00e0 court terme<\/strong><\/td><td class=\"has-text-align-right\" data-align=\"right\"><\/td><td class=\"has-text-align-right\" data-align=\"right\"><\/td><\/tr><tr><td class=\"has-text-align-left\" data-align=\"left\">Fournisseurs et cr\u00e9anciers<\/td><td class=\"has-text-align-right\" data-align=\"right\">36&rsquo;843&rsquo;584<\/td><td class=\"has-text-align-right\" data-align=\"right\">39&rsquo;528&rsquo;862<\/td><\/tr><tr><td class=\"has-text-align-left\" data-align=\"left\">Passifs transitoires<\/td><td class=\"has-text-align-right\" data-align=\"right\">10&rsquo;199&rsquo;066<\/td><td class=\"has-text-align-right\" data-align=\"right\">10&rsquo;930&rsquo;411<\/td><\/tr><tr><td class=\"has-text-align-left\" data-align=\"left\">&nbsp;<\/td><td class=\"has-text-align-right\" data-align=\"right\"><strong>47&rsquo;042&rsquo;650<\/strong><\/td><td class=\"has-text-align-right\" data-align=\"right\"><strong><strong>50&rsquo;459&rsquo;273<\/strong><\/strong><\/td><\/tr><tr><td class=\"has-text-align-left\" data-align=\"left\">&nbsp; <\/td><td class=\"has-text-align-right\" data-align=\"right\"><\/td><td class=\"has-text-align-right\" data-align=\"right\"><\/td><\/tr><tr><td class=\"has-text-align-left\" data-align=\"left\"><strong>Provisions<\/strong><\/td><td class=\"has-text-align-right\" data-align=\"right\"><\/td><td class=\"has-text-align-right\" data-align=\"right\"><\/td><\/tr><tr><td class=\"has-text-align-left\" data-align=\"left\">Provisions g\u00e9n\u00e9rales<\/td><td class=\"has-text-align-right\" data-align=\"right\">1&rsquo;427&rsquo;141<\/td><td class=\"has-text-align-right\" data-align=\"right\">1&rsquo;234&rsquo;142<\/td><\/tr><tr><td class=\"has-text-align-left\" data-align=\"left\">Provision pour fluctuation de cours<\/td><td class=\"has-text-align-right\" data-align=\"right\">73&rsquo;557&rsquo;597<\/td><td class=\"has-text-align-right\" data-align=\"right\">57&rsquo;670&rsquo;441<\/td><\/tr><tr><td class=\"has-text-align-left\" data-align=\"left\">&nbsp;<\/td><td class=\"has-text-align-right\" data-align=\"right\"><strong>74&rsquo;984&rsquo;738<\/strong><\/td><td class=\"has-text-align-right\" data-align=\"right\"><strong><strong>58&rsquo;904&rsquo;583<\/strong><\/strong><\/td><\/tr><tr><td class=\"has-text-align-left\" data-align=\"left\"> &nbsp;<\/td><td class=\"has-text-align-right\" data-align=\"right\"><\/td><td class=\"has-text-align-right\" data-align=\"right\"><\/td><\/tr><tr><td class=\"has-text-align-left\" data-align=\"left\"><strong>Fonds de tiers<\/strong><\/td><td class=\"has-text-align-right\" data-align=\"right\"><\/td><td class=\"has-text-align-right\" data-align=\"right\"><\/td><\/tr><tr><td class=\"has-text-align-left\" data-align=\"left\">Fonds de tiers<\/td><td class=\"has-text-align-right\" data-align=\"right\">76&rsquo;902&rsquo;301<\/td><td class=\"has-text-align-right\" data-align=\"right\">74&rsquo;013&rsquo;121<\/td><\/tr><tr><td class=\"has-text-align-left\" data-align=\"left\">Capital r\u00e9serv\u00e9<\/td><td class=\"has-text-align-right\" data-align=\"right\">27&rsquo;041&rsquo;830<\/td><td class=\"has-text-align-right\" data-align=\"right\">27&rsquo;017&rsquo;181<\/td><\/tr><tr><td class=\"has-text-align-left\" data-align=\"left\">&nbsp;<\/td><td class=\"has-text-align-right\" data-align=\"right\"><strong>103&rsquo;944&rsquo;131<\/strong><\/td><td class=\"has-text-align-right\" data-align=\"right\"><strong><strong>101&rsquo;030&rsquo;302<\/strong><\/strong><\/td><\/tr><tr><td class=\"has-text-align-left\" data-align=\"left\"><strong>Total des capitaux de tiers<\/strong><\/td><td class=\"has-text-align-right\" data-align=\"right\"><strong>225&rsquo;971&rsquo;519<\/strong><\/td><td class=\"has-text-align-right\" data-align=\"right\"><strong><strong><strong>210&rsquo;394&rsquo;158<\/strong><\/strong><\/strong><\/td><\/tr><tr><td class=\"has-text-align-left\" data-align=\"left\">&nbsp; <\/td><td class=\"has-text-align-right\" data-align=\"right\"><\/td><td class=\"has-text-align-right\" data-align=\"right\"><\/td><\/tr><tr><td class=\"has-text-align-left\" data-align=\"left\"><strong>Fonds propres<\/strong><\/td><td class=\"has-text-align-right\" data-align=\"right\"><\/td><td class=\"has-text-align-right\" data-align=\"right\"><\/td><\/tr><tr><td class=\"has-text-align-left\" data-align=\"left\">Fonds propres<\/td><td class=\"has-text-align-right\" data-align=\"right\">107&rsquo;145&rsquo;941<\/td><td class=\"has-text-align-right\" data-align=\"right\">111&rsquo;755&rsquo;908<\/td><\/tr><tr><td class=\"has-text-align-left\" data-align=\"left\">Fonds de r\u00e9serve et d\u2019innovation<\/td><td class=\"has-text-align-right\" data-align=\"right\">27&rsquo;117&rsquo;150<\/td><td class=\"has-text-align-right\" data-align=\"right\">37&rsquo;183&rsquo;602<\/td><\/tr><tr><td class=\"has-text-align-left\" data-align=\"left\">&nbsp;<\/td><td class=\"has-text-align-right\" data-align=\"right\"><strong>134&rsquo;263&rsquo;091<\/strong><\/td><td class=\"has-text-align-right\" data-align=\"right\"><strong><strong>148&rsquo;939&rsquo;510<\/strong><\/strong><\/td><\/tr><tr><td class=\"has-text-align-left\" data-align=\"left\">&nbsp; <\/td><td class=\"has-text-align-right\" data-align=\"right\"><\/td><td class=\"has-text-align-right\" data-align=\"right\"><\/td><\/tr><tr><td class=\"has-text-align-left\" data-align=\"left\">R\u00e9sultats cumul\u00e9s apr\u00e8s attribution au FRI<\/td><td class=\"has-text-align-right\" data-align=\"right\">0<\/td><td class=\"has-text-align-right\" data-align=\"right\">0<\/td><\/tr><tr><td class=\"has-text-align-left\" data-align=\"left\"><strong>Total des capitaux propres<\/strong><\/td><td class=\"has-text-align-right\" data-align=\"right\"><strong>134&rsquo;263&rsquo;091<\/strong><\/td><td class=\"has-text-align-right\" data-align=\"right\"><strong><strong><strong>148&rsquo;939&rsquo;510<\/strong><\/strong><\/strong><\/td><\/tr><\/tbody><tfoot><tr><td class=\"has-text-align-left\" data-align=\"left\"><strong>TOTAL DU PASSIF<\/strong><\/td><td class=\"has-text-align-right\" data-align=\"right\"><strong>360&rsquo;234&rsquo;610<\/strong><\/td><td class=\"has-text-align-right\" data-align=\"right\"><strong><strong>359&rsquo;333&rsquo;668<\/strong><\/strong><\/td><\/tr><\/tfoot><\/table><\/figure>\n\n\n\n<div style=\"height:50px\" aria-hidden=\"true\" class=\"wp-block-spacer\"><\/div>\n\n\n\n<h2 class=\"wp-block-heading\">Compte de r\u00e9sultats<\/h2>\n\n\n\n<figure class=\"wp-block-table is-style-stripes\"><table class=\"has-buttons-text-background-color has-background has-fixed-layout\"><thead><tr><th><\/th><th class=\"has-text-align-right\" data-align=\"right\">Exercice 2024 &#8211; CHF<\/th><th class=\"has-text-align-right\" data-align=\"right\">Exercice 2023 &#8211; CHF<\/th><\/tr><\/thead><tbody><tr><td><strong>Charges d&rsquo;exploitation<\/strong><\/td><td class=\"has-text-align-right\" data-align=\"right\"><\/td><td class=\"has-text-align-right\" data-align=\"right\"><\/td><\/tr><tr><td>Personnel<\/td><td class=\"has-text-align-right\" data-align=\"right\">438&rsquo;993&rsquo;167<\/td><td class=\"has-text-align-right\" data-align=\"right\">425&rsquo;309&rsquo;363<\/td><\/tr><tr><td>Biens, services, marchandises<\/td><td class=\"has-text-align-right\" data-align=\"right\">110&rsquo;507&rsquo;129<\/td><td class=\"has-text-align-right\" data-align=\"right\">113&rsquo;425&rsquo;177<\/td><\/tr><tr><td>Attributions aux fonds<\/td><td class=\"has-text-align-right\" data-align=\"right\">7&rsquo;456&rsquo;362<\/td><td class=\"has-text-align-right\" data-align=\"right\">3&rsquo;600&rsquo;541<\/td><\/tr><tr><td>Subventions et subsides<\/td><td class=\"has-text-align-right\" data-align=\"right\">165&rsquo;407&rsquo;426<\/td><td class=\"has-text-align-right\" data-align=\"right\">161&rsquo;480&rsquo;912<\/td><\/tr><tr><td>Charges internes<\/td><td class=\"has-text-align-right\" data-align=\"right\">14&rsquo;231&rsquo;770<\/td><td class=\"has-text-align-right\" data-align=\"right\">17&rsquo;452&rsquo;618<\/td><\/tr><tr><td><\/td><td class=\"has-text-align-right\" data-align=\"right\"><strong>736&rsquo;595&rsquo;854<\/strong><\/td><td class=\"has-text-align-right\" data-align=\"right\"><strong><strong>721&rsquo;268&rsquo;611<\/strong><\/strong><\/td><\/tr><tr><td>&nbsp;<\/td><td class=\"has-text-align-right\" data-align=\"right\"><\/td><td class=\"has-text-align-right\" data-align=\"right\"><\/td><\/tr><tr><td><strong>Produits d&rsquo;exploitation<\/strong><\/td><td class=\"has-text-align-right\" data-align=\"right\"><\/td><td class=\"has-text-align-right\" data-align=\"right\"><\/td><\/tr><tr><td>Taxes, ventes et remboursements<\/td><td class=\"has-text-align-right\" data-align=\"right\">20&rsquo;061&rsquo;109<\/td><td class=\"has-text-align-right\" data-align=\"right\">22&rsquo;520&rsquo;170<\/td><\/tr><tr><td>Utilisation des fonds<\/td><td class=\"has-text-align-right\" data-align=\"right\">9&rsquo;152&rsquo;500<\/td><td class=\"has-text-align-right\" data-align=\"right\">7&rsquo;416&rsquo;423<\/td><\/tr><tr><td>Subvention Etat de Vaud<\/td><td class=\"has-text-align-right\" data-align=\"right\">364&rsquo;441&rsquo;100<\/td><td class=\"has-text-align-right\" data-align=\"right\">352&rsquo;990&rsquo;900<\/td><\/tr><tr><td>Subsides, mandats et produits divers<\/td><td class=\"has-text-align-right\" data-align=\"right\">126&rsquo;170&rsquo;684<\/td><td class=\"has-text-align-right\" data-align=\"right\">121&rsquo;595&rsquo;743<\/td><\/tr><tr><td>Subvention et participations d&rsquo;autres collectivit\u00e9s publiques<\/td><td class=\"has-text-align-right\" data-align=\"right\">185&rsquo;157&rsquo;236<\/td><td class=\"has-text-align-right\" data-align=\"right\">185&rsquo;145&rsquo;641<\/td><\/tr><tr><td>Produits internes<\/td><td class=\"has-text-align-right\" data-align=\"right\">14&rsquo;231&rsquo;770<\/td><td class=\"has-text-align-right\" data-align=\"right\">17&rsquo;452&rsquo;618<\/td><\/tr><tr><td><\/td><td class=\"has-text-align-right\" data-align=\"right\"><strong>719&rsquo;214&rsquo;399<\/strong><\/td><td class=\"has-text-align-right\" data-align=\"right\"><strong><strong>707&rsquo;121&rsquo;495<\/strong><\/strong><\/td><\/tr><tr><td><strong>R\u00e9sultat d&rsquo;exploitation<\/strong><\/td><td class=\"has-text-align-right\" data-align=\"right\"><strong>(17&rsquo;381&rsquo;455)<\/strong><\/td><td class=\"has-text-align-right\" data-align=\"right\"><strong><strong>(14&rsquo;147&rsquo;116)<\/strong><\/strong><\/td><\/tr><tr><td>&nbsp;<\/td><td class=\"has-text-align-right\" data-align=\"right\"><\/td><td class=\"has-text-align-right\" data-align=\"right\"><\/td><\/tr><tr><td><strong>R\u00e9sultat financier<\/strong><\/td><td class=\"has-text-align-right\" data-align=\"right\"><\/td><td class=\"has-text-align-right\" data-align=\"right\"><\/td><\/tr><tr><td>Charges financi\u00e8res<\/td><td class=\"has-text-align-right\" data-align=\"right\">(16&rsquo;061&rsquo;865)<\/td><td class=\"has-text-align-right\" data-align=\"right\">(9&rsquo;522&rsquo;812)<\/td><\/tr><tr><td>Produits financiers<\/td><td class=\"has-text-align-right\" data-align=\"right\">23&rsquo;376&rsquo;868<\/td><td class=\"has-text-align-right\" data-align=\"right\">16&rsquo;473&rsquo;955<\/td><\/tr><tr><td><\/td><td class=\"has-text-align-right\" data-align=\"right\"><strong>7&rsquo;315&rsquo;003<\/strong><\/td><td class=\"has-text-align-right\" data-align=\"right\"><strong><strong>6&rsquo;951&rsquo;143<\/strong><\/strong><\/td><\/tr><tr><td><strong>R\u00e9sultat op\u00e9rationnel<\/strong><\/td><td class=\"has-text-align-right\" data-align=\"right\"><strong>(10&rsquo;066&rsquo;452)<\/strong><\/td><td class=\"has-text-align-right\" data-align=\"right\"><strong><strong>(7&rsquo;195&rsquo;973)<\/strong><\/strong><\/td><\/tr><tr><td>&nbsp;<\/td><td class=\"has-text-align-right\" data-align=\"right\"><\/td><td class=\"has-text-align-right\" data-align=\"right\"><\/td><\/tr><tr><td><strong>R\u00e9sultat extraordinaire<\/strong><\/td><td class=\"has-text-align-right\" data-align=\"right\"><\/td><td class=\"has-text-align-right\" data-align=\"right\"><\/td><\/tr><tr><td>Attribution au FRI<\/td><td class=\"has-text-align-right\" data-align=\"right\">0<\/td><td class=\"has-text-align-right\" data-align=\"right\">(376&rsquo;572)<\/td><\/tr><tr><td>Utilisation au FRI<\/td><td class=\"has-text-align-right\" data-align=\"right\">10&rsquo;066&rsquo;452<\/td><td class=\"has-text-align-right\" data-align=\"right\">7&rsquo;572&rsquo;545<\/td><\/tr><tr><td><\/td><td class=\"has-text-align-right\" data-align=\"right\"><strong>10&rsquo;066&rsquo;452<\/strong><\/td><td class=\"has-text-align-right\" data-align=\"right\"><strong><strong>(7&rsquo;195&rsquo;973)<\/strong><\/strong><\/td><\/tr><\/tbody><tfoot><tr><td><strong>R\u00c9SULTAT APR\u00c8S VARIATION NETTE DU FRI<\/strong><\/td><td class=\"has-text-align-right\" data-align=\"right\"><strong>0<\/strong><\/td><td class=\"has-text-align-right\" data-align=\"right\"><strong>0<\/strong><\/td><\/tr><\/tfoot><\/table><\/figure>\n\n\n\n<div style=\"height:40px\" aria-hidden=\"true\" class=\"wp-block-spacer\"><\/div>\n<\/div>\n","protected":false},"excerpt":{"rendered":"<p>Bilan et compte de r\u00e9sultats au 31 d\u00e9cembre 2024 Les chiffres qui sont publi\u00e9s dans le pr\u00e9sent rapport annuel sont des extraits des \u00e9tats financiers complets de l\u2019Universit\u00e9 de Lausanne au 31 d\u00e9cembre 2024. P\u00e9rim\u00e8tre des \u00e9tats financiers Les \u00e9tats financiers de l\u2019Universit\u00e9 de Lausanne au 31 d\u00e9cembre 2024 comprennent les comptes annuels li\u00e9s au [&hellip;]<\/p>\n","protected":false},"author":108,"featured_media":0,"parent":0,"menu_order":7,"comment_status":"closed","ping_status":"closed","template":"","meta":{"_seopress_robots_primary_cat":"","_seopress_titles_title":"","_seopress_titles_desc":"","_seopress_robots_index":"","_uag_custom_page_level_css":"","footnotes":"","_links_to":"","_links_to_target":""},"class_list":["post-2138","page","type-page","status-publish"],"uagb_featured_image_src":{"full":false,"thumbnail":false,"medium":false,"medium_large":false,"large":false,"1536x1536":false,"2048x2048":false,"bdpp-medium":false,"gform-image-choice-sm":false,"gform-image-choice-md":false,"gform-image-choice-lg":false},"uagb_author_info":{"display_name":"centre informatique","author_link":"https:\/\/wp.unil.ch\/rapport-annuel-2024\/author\/ci-unil\/"},"uagb_comment_info":0,"uagb_excerpt":"Bilan et compte de r\u00e9sultats au 31 d\u00e9cembre 2024 Les chiffres qui sont publi\u00e9s dans le pr\u00e9sent rapport annuel sont des extraits des \u00e9tats financiers complets de l\u2019Universit\u00e9 de Lausanne au 31 d\u00e9cembre 2024. P\u00e9rim\u00e8tre des \u00e9tats financiers Les \u00e9tats financiers de l\u2019Universit\u00e9 de Lausanne au 31 d\u00e9cembre 2024 comprennent les comptes annuels li\u00e9s au\u2026","_links":{"self":[{"href":"https:\/\/wp.unil.ch\/rapport-annuel-2024\/wp-json\/wp\/v2\/pages\/2138","targetHints":{"allow":["GET"]}}],"collection":[{"href":"https:\/\/wp.unil.ch\/rapport-annuel-2024\/wp-json\/wp\/v2\/pages"}],"about":[{"href":"https:\/\/wp.unil.ch\/rapport-annuel-2024\/wp-json\/wp\/v2\/types\/page"}],"author":[{"embeddable":true,"href":"https:\/\/wp.unil.ch\/rapport-annuel-2024\/wp-json\/wp\/v2\/users\/108"}],"replies":[{"embeddable":true,"href":"https:\/\/wp.unil.ch\/rapport-annuel-2024\/wp-json\/wp\/v2\/comments?post=2138"}],"version-history":[{"count":5,"href":"https:\/\/wp.unil.ch\/rapport-annuel-2024\/wp-json\/wp\/v2\/pages\/2138\/revisions"}],"predecessor-version":[{"id":8610,"href":"https:\/\/wp.unil.ch\/rapport-annuel-2024\/wp-json\/wp\/v2\/pages\/2138\/revisions\/8610"}],"wp:attachment":[{"href":"https:\/\/wp.unil.ch\/rapport-annuel-2024\/wp-json\/wp\/v2\/media?parent=2138"}],"curies":[{"name":"wp","href":"https:\/\/api.w.org\/{rel}","templated":true}]}}