{"id":283,"date":"2018-04-23T21:37:07","date_gmt":"2018-04-23T19:37:07","guid":{"rendered":"http:\/\/wp.unil.ch\/quantitativesignaling\/?page_id=283"},"modified":"2021-04-29T14:17:20","modified_gmt":"2021-04-29T12:17:20","slug":"doctoral-students","status":"publish","type":"page","link":"https:\/\/wp.unil.ch\/quantitativesignaling\/people\/doctoral-students\/","title":{"rendered":"Doctoral Students"},"content":{"rendered":"\n<div class=\"wp-block-columns is-layout-flex wp-container-core-columns-is-layout-9d6595d7 wp-block-columns-is-layout-flex\">\n<div class=\"wp-block-column is-layout-flow wp-block-column-is-layout-flow\">\n<div class=\"wp-block-media-text alignwide is-stacked-on-mobile is-image-fill\"><figure class=\"wp-block-media-text__media\" style=\"background-image:url(https:\/\/wp.unil.ch\/quantitativesignaling\/files\/2021\/04\/image-Sandrine-Pinheiro.png);background-position:50% 50%\"><img alt=\"\" loading=\"lazy\" decoding=\"async\" width=\"200\" height=\"200\" src=\"https:\/\/wp.unil.ch\/quantitativesignaling\/files\/2021\/04\/image-Sandrine-Pinheiro.png\" alt=\"\" class=\"wp-image-358 size-full\" srcset=\"https:\/\/wp.unil.ch\/quantitativesignaling\/files\/2021\/04\/image-Sandrine-Pinheiro.png 200w, https:\/\/wp.unil.ch\/quantitativesignaling\/files\/2021\/04\/image-Sandrine-Pinheiro-150x150.png 150w\" sizes=\"auto, (max-width: 200px) 100vw, 200px\" \/><\/figure><div class=\"wp-block-media-text__content\">\n<p class=\"has-text-align-center has-normal-font-size\"><em>&#8220;Le monde que nous avons cr\u00e9\u00e9 est un produit de notre pens\u00e9e. Nous ne pouvons pas le changer sans changer notre fa\u00e7on de penser&#8221;<br>&#8212; Albert Einstein<\/em><\/p>\n\n\n\n<p><strong>Sandrine Pinheiro<\/strong><br>Before starting her PhD with Pelet group in 2019, Sandrine interned in booming startup to broaden her vision of science.<\/p>\n\n\n\n<p>There she helped in laying the foundation for building fully-automated flow cytometers, which are able to monitor bacteria in tap water with help of online resources.<\/p>\n<\/div><\/div>\n<\/div>\n<\/div>\n\n\n\n<div class=\"wp-block-media-text alignwide has-media-on-the-right is-stacked-on-mobile is-image-fill\"><figure class=\"wp-block-media-text__media\" style=\"background-image:url(https:\/\/wp.unil.ch\/quantitativesignaling\/files\/2021\/04\/IMG_0548-Guillaume-LIEB-829x1024.jpg);background-position:50% 50%\"><img alt=\"\" loading=\"lazy\" decoding=\"async\" width=\"829\" height=\"1024\" src=\"https:\/\/wp.unil.ch\/quantitativesignaling\/files\/2021\/04\/IMG_0548-Guillaume-LIEB-829x1024.jpg\" alt=\"\" class=\"wp-image-357 size-full\" srcset=\"https:\/\/wp.unil.ch\/quantitativesignaling\/files\/2021\/04\/IMG_0548-Guillaume-LIEB-829x1024.jpg 829w, https:\/\/wp.unil.ch\/quantitativesignaling\/files\/2021\/04\/IMG_0548-Guillaume-LIEB-243x300.jpg 243w, https:\/\/wp.unil.ch\/quantitativesignaling\/files\/2021\/04\/IMG_0548-Guillaume-LIEB-121x150.jpg 121w, https:\/\/wp.unil.ch\/quantitativesignaling\/files\/2021\/04\/IMG_0548-Guillaume-LIEB-768x949.jpg 768w, https:\/\/wp.unil.ch\/quantitativesignaling\/files\/2021\/04\/IMG_0548-Guillaume-LIEB.jpg 971w\" sizes=\"auto, (max-width: 829px) 100vw, 829px\" \/><\/figure><div class=\"wp-block-media-text__content\">\n<p class=\"has-text-align-center has-normal-font-size\">&#8220;<em>Do or do not, there is no try&#8221;<\/em><br><em>&#8211;Yoda<\/em><\/p>\n\n\n\n<p><strong>Guillaume Lieb<\/strong><br>Guillaume was trained as a molecular and developmental biologist &amp; later he chose to move towards biophysics.<\/p>\n\n\n\n<p>He is interested in interlinking biological approaches to basic sciences. Currently, he is modelling aspects of transcriptional initiation and measuring the key parameters in the formation of mammalian pre-initiation complex.<\/p>\n<\/div><\/div>\n\n\n\n<p><\/p>\n\n\n\n<div class=\"wp-block-media-text alignwide is-stacked-on-mobile is-image-fill\"><figure class=\"wp-block-media-text__media\" style=\"background-image:url(https:\/\/wp.unil.ch\/quantitativesignaling\/files\/2021\/04\/pp.jpg);background-position:50% 50%\"><img alt=\"\" loading=\"lazy\" decoding=\"async\" width=\"640\" height=\"640\" src=\"https:\/\/wp.unil.ch\/quantitativesignaling\/files\/2021\/04\/pp.jpg\" alt=\"\" class=\"wp-image-359 size-full\" srcset=\"https:\/\/wp.unil.ch\/quantitativesignaling\/files\/2021\/04\/pp.jpg 640w, https:\/\/wp.unil.ch\/quantitativesignaling\/files\/2021\/04\/pp-300x300.jpg 300w, https:\/\/wp.unil.ch\/quantitativesignaling\/files\/2021\/04\/pp-150x150.jpg 150w\" sizes=\"auto, (max-width: 640px) 100vw, 640px\" \/><\/figure><div class=\"wp-block-media-text__content\">\n<p class=\"has-text-align-center has-normal-font-size\"><em>&#8220;Go placidly&nbsp;amid the noise and the haste, and remember what peace there may be in silence..&#8221;<\/em><br><em>&#8211;Max Ehrmann<\/em><\/p>\n\n\n\n<p><strong>Shashank Pandey<\/strong><br>Prior to joining Pelet group in 2021, Shashank was pursuing research at University of Glasgow. His work was based around using microfluidic devices to do single-cell studies on bacterial cells.<\/p>\n\n\n\n<p>He is currently exploring the filamentous division in <em>S. cerevisiae<\/em>.<\/p>\n<\/div><\/div>\n","protected":false},"excerpt":{"rendered":"<p>&#8220;Le monde que nous avons cr\u00e9\u00e9 est un produit de notre pens\u00e9e. Nous ne pouvons pas le changer sans changer notre fa\u00e7on de penser&#8221;&#8212; Albert Einstein Sandrine PinheiroBefore starting her &hellip; <\/p>\n","protected":false},"author":1159,"featured_media":0,"parent":52,"menu_order":2,"comment_status":"closed","ping_status":"closed","template":"","meta":{"_seopress_robots_primary_cat":"","_seopress_titles_title":"","_seopress_titles_desc":"","_seopress_robots_index":"","footnotes":""},"class_list":["post-283","page","type-page","status-publish"],"_links":{"self":[{"href":"https:\/\/wp.unil.ch\/quantitativesignaling\/wp-json\/wp\/v2\/pages\/283","targetHints":{"allow":["GET"]}}],"collection":[{"href":"https:\/\/wp.unil.ch\/quantitativesignaling\/wp-json\/wp\/v2\/pages"}],"about":[{"href":"https:\/\/wp.unil.ch\/quantitativesignaling\/wp-json\/wp\/v2\/types\/page"}],"author":[{"embeddable":true,"href":"https:\/\/wp.unil.ch\/quantitativesignaling\/wp-json\/wp\/v2\/users\/1159"}],"replies":[{"embeddable":true,"href":"https:\/\/wp.unil.ch\/quantitativesignaling\/wp-json\/wp\/v2\/comments?post=283"}],"version-history":[{"count":0,"href":"https:\/\/wp.unil.ch\/quantitativesignaling\/wp-json\/wp\/v2\/pages\/283\/revisions"}],"up":[{"embeddable":true,"href":"https:\/\/wp.unil.ch\/quantitativesignaling\/wp-json\/wp\/v2\/pages\/52"}],"wp:attachment":[{"href":"https:\/\/wp.unil.ch\/quantitativesignaling\/wp-json\/wp\/v2\/media?parent=283"}],"curies":[{"name":"wp","href":"https:\/\/api.w.org\/{rel}","templated":true}]}}