{"id":92,"date":"2011-05-16T12:10:44","date_gmt":"2011-05-16T10:10:44","guid":{"rendered":"http:\/\/wp.unil.ch\/psyado\/?page_id=92"},"modified":"2017-11-21T15:25:32","modified_gmt":"2017-11-21T14:25:32","slug":"films-conseilles","status":"publish","type":"page","link":"https:\/\/wp.unil.ch\/psyado\/films-conseilles\/","title":{"rendered":"Autres films \u00e0 ne pas manquer"},"content":{"rendered":"<p>Dans cette rubrique figure une liste de films que nous jugeons int\u00e9ressants mais dont nous n&rsquo;avons pas s\u00e9lectionn\u00e9 de s\u00e9quences.<\/p>\n\n<!-- Page-list plugin v.5.9 wordpress.org\/plugins\/page-list\/ -->\n<ul class=\"page-list subpages-page-list \">\n<li class=\"page_item page-item-1794\"><a href=\"https:\/\/wp.unil.ch\/psyado\/films-conseilles\/mid90s\/\">mid90s<\/a><\/li>\n<li class=\"page_item page-item-463\"><a href=\"https:\/\/wp.unil.ch\/psyado\/films-conseilles\/des-gens-comme-les-autres\/\">Des gens comme les autres<\/a><\/li>\n<li class=\"page_item page-item-1636\"><a href=\"https:\/\/wp.unil.ch\/psyado\/films-conseilles\/electroboy\/\">Electroboy<\/a><\/li>\n<li class=\"page_item page-item-1568\"><a href=\"https:\/\/wp.unil.ch\/psyado\/films-conseilles\/jeune-jolie\/\">Jeune &amp; Jolie<\/a><\/li>\n<li class=\"page_item page-item-1614\"><a href=\"https:\/\/wp.unil.ch\/psyado\/films-conseilles\/le-monde-de-charlie-the-perks-of-being-a-wallflower\/\">Le Monde de Charlie (The Perks of Being a Wallflower)<\/a><\/li>\n<li class=\"page_item page-item-1543\"><a href=\"https:\/\/wp.unil.ch\/psyado\/films-conseilles\/un-amour-de-jeunesse\/\">Un amour de jeunesse<\/a><\/li>\n<li class=\"page_item page-item-1511\"><a href=\"https:\/\/wp.unil.ch\/psyado\/films-conseilles\/restless\/\">Restless<\/a><\/li>\n<li class=\"page_item page-item-1606\"><a href=\"https:\/\/wp.unil.ch\/psyado\/films-conseilles\/tomboy\/\">Tomboy<\/a><\/li>\n<li class=\"page_item page-item-468\"><a href=\"https:\/\/wp.unil.ch\/psyado\/films-conseilles\/virgin-suicides\/\">Virgin Suicides<\/a><\/li>\n<li class=\"page_item page-item-1588\"><a href=\"https:\/\/wp.unil.ch\/psyado\/films-conseilles\/xxy\/\">XXY<\/a><\/li>\n\n<\/ul>\n","protected":false},"excerpt":{"rendered":"<p>Dans cette rubrique figure une liste de films que nous jugeons int\u00e9ressants mais dont nous n&rsquo;avons pas s\u00e9lectionn\u00e9 de s\u00e9quences.<\/p>\n","protected":false},"author":108,"featured_media":0,"parent":0,"menu_order":4,"comment_status":"closed","ping_status":"closed","template":"","meta":{"_seopress_robots_primary_cat":"","_seopress_titles_title":"","_seopress_titles_desc":"","_seopress_robots_index":"","footnotes":""},"class_list":["post-92","page","type-page","status-publish"],"_links":{"self":[{"href":"https:\/\/wp.unil.ch\/psyado\/wp-json\/wp\/v2\/pages\/92","targetHints":{"allow":["GET"]}}],"collection":[{"href":"https:\/\/wp.unil.ch\/psyado\/wp-json\/wp\/v2\/pages"}],"about":[{"href":"https:\/\/wp.unil.ch\/psyado\/wp-json\/wp\/v2\/types\/page"}],"author":[{"embeddable":true,"href":"https:\/\/wp.unil.ch\/psyado\/wp-json\/wp\/v2\/users\/108"}],"replies":[{"embeddable":true,"href":"https:\/\/wp.unil.ch\/psyado\/wp-json\/wp\/v2\/comments?post=92"}],"version-history":[{"count":0,"href":"https:\/\/wp.unil.ch\/psyado\/wp-json\/wp\/v2\/pages\/92\/revisions"}],"wp:attachment":[{"href":"https:\/\/wp.unil.ch\/psyado\/wp-json\/wp\/v2\/media?parent=92"}],"curies":[{"name":"wp","href":"https:\/\/api.w.org\/{rel}","templated":true}]}}