{"id":468,"date":"2012-02-22T14:06:35","date_gmt":"2012-02-22T13:06:35","guid":{"rendered":"http:\/\/wp.unil.ch\/psyado\/?page_id=468"},"modified":"2017-11-24T10:47:50","modified_gmt":"2017-11-24T09:47:50","slug":"virgin-suicides","status":"publish","type":"page","link":"https:\/\/wp.unil.ch\/psyado\/films-conseilles\/virgin-suicides\/","title":{"rendered":"Virgin Suicides"},"content":{"rendered":"<p><a href=\"https:\/\/wp.unil.ch\/psyado\/files\/2012\/08\/affiche_virginsuicides.jpg\"><img alt=\"\" loading=\"lazy\" decoding=\"async\" class=\"wp-image-649 alignleft\" src=\"https:\/\/wp.unil.ch\/psyado\/files\/2012\/08\/affiche_virginsuicides.jpg\" alt=\"\" width=\"90\" height=\"110\" \/><\/a><em>Film de Sophia Coppola<\/em><br \/>\n<em> Date de sortie\u00a0: 27 septembre 2000<\/em><br \/>\n<em> Avec Kirsten Dunst, James Woods, Kathleen Turner<\/em><\/p>\n<p style=\"text-align: justify\">Dans une ville am\u00e9ricaine tranquille et puritaine des ann\u00e9es soixante-dix, Cecilia Lisbon, treize ans, tente de se suicider. Elle a quatre soeurs, de jolies adolescentes. Cet incident \u00e9claire d&rsquo;un jour nouveau le mode de vie de toute la famille. L&rsquo;histoire, relat\u00e9e par l&rsquo;interm\u00e9diaire de la vision des gar\u00e7ons du voisinage, obs\u00e9d\u00e9s par ces soeurs myst\u00e9rieuses, d\u00e9peint avec cynisme la vie adolescente. Petit \u00e0 petit, la famille se referme et les filles re\u00e7oivent rapidement l&rsquo;interdiction de sortir. Alors que la situation s&rsquo;enlise, les gar\u00e7ons envisagent de secourir les filles.<\/p>\n<p style=\"text-align: justify\">La r\u00e9alisatrice Sophia Coppola offre un film intrigant sur l\u2019adolescence, \u00e0 voir absolument pour ses qualit\u00e9s esth\u00e9tiques d\u2019abord. A voir ensuite parce\u00a0qu\u2019il traite d\u2019un fait divers tragique mettant en sc\u00e8ne des adolescentes sans jamais offrir d\u2019explication toute faite. C\u2019est comme si l\u2019histoire de ces jeunes filles \u00e9tait racont\u00e9e \u00e0 la mani\u00e8re d\u2019un conte, permettant une r\u00e9flexion plus philosophique sur l\u2019adolescence que sociologique ou psychologique. Ce film se regarde, s\u2019appr\u00e9cie et se discute plus qu\u2019il ne se d\u00e9cortique ou s\u2019analyse (C. D\u00e9costerd).<\/p>\n","protected":false},"excerpt":{"rendered":"<p>Film de Sophia Coppola Date de sortie\u00a0: 27 septembre 2000 Avec Kirsten Dunst, James Woods, Kathleen Turner Dans une ville am\u00e9ricaine tranquille et puritaine des ann\u00e9es soixante-dix, Cecilia Lisbon, treize ans, tente de se suicider. Elle a quatre soeurs, de<\/p>\n","protected":false},"author":108,"featured_media":0,"parent":92,"menu_order":7,"comment_status":"closed","ping_status":"closed","template":"","meta":{"_seopress_robots_primary_cat":"","_seopress_titles_title":"","_seopress_titles_desc":"","_seopress_robots_index":"","footnotes":""},"class_list":["post-468","page","type-page","status-publish"],"_links":{"self":[{"href":"https:\/\/wp.unil.ch\/psyado\/wp-json\/wp\/v2\/pages\/468","targetHints":{"allow":["GET"]}}],"collection":[{"href":"https:\/\/wp.unil.ch\/psyado\/wp-json\/wp\/v2\/pages"}],"about":[{"href":"https:\/\/wp.unil.ch\/psyado\/wp-json\/wp\/v2\/types\/page"}],"author":[{"embeddable":true,"href":"https:\/\/wp.unil.ch\/psyado\/wp-json\/wp\/v2\/users\/108"}],"replies":[{"embeddable":true,"href":"https:\/\/wp.unil.ch\/psyado\/wp-json\/wp\/v2\/comments?post=468"}],"version-history":[{"count":0,"href":"https:\/\/wp.unil.ch\/psyado\/wp-json\/wp\/v2\/pages\/468\/revisions"}],"up":[{"embeddable":true,"href":"https:\/\/wp.unil.ch\/psyado\/wp-json\/wp\/v2\/pages\/92"}],"wp:attachment":[{"href":"https:\/\/wp.unil.ch\/psyado\/wp-json\/wp\/v2\/media?parent=468"}],"curies":[{"name":"wp","href":"https:\/\/api.w.org\/{rel}","templated":true}]}}