{"id":463,"date":"2012-02-22T14:05:01","date_gmt":"2012-02-22T13:05:01","guid":{"rendered":"http:\/\/wp.unil.ch\/psyado\/?page_id=463"},"modified":"2019-05-20T12:32:06","modified_gmt":"2019-05-20T10:32:06","slug":"des-gens-comme-les-autres","status":"publish","type":"page","link":"https:\/\/wp.unil.ch\/psyado\/films-conseilles\/des-gens-comme-les-autres\/","title":{"rendered":"Des gens comme les autres"},"content":{"rendered":"<p><img alt=\"\" loading=\"lazy\" decoding=\"async\" class=\"wp-image-649 alignleft\" src=\"https:\/\/wp.unil.ch\/psyado\/files\/2012\/08\/affiche_ordinarypeople.jpg\" alt=\"\" width=\"90\" height=\"110\" \/><\/a><em>Film de Robert Redford<\/em><br \/>\n<em>Date de sortie: 11 mars 1981<\/em><br \/>\n<em>Avec Donald Sutherland, Judd Hirsch Thomotty Hutto, Mary Tylor Moore<\/em><br \/>\n<em>R\u00e9compenses: Oscars du Meilleur Film et du Meilleur R\u00e9alisateur<\/em><\/p>\n<p style=\"text-align: justify\">Calvin et Beth Jarret, couple ais\u00e9 de la moyenne bourgeoisie am\u00e9ricaine, ont deux fils : Buck et Conrad. Depuis la mort accidentelle de Buck, la famille est \u00e0 la d\u00e9rive. Conrad fait appel au Docteur Berger pour tenter de sortir de son \u00e9tat d\u00e9pressif.<\/p>\n<p style=\"text-align: justify\">Robert Redford d\u00e9peint \u00e0 merveille comment cette famille tente de maintenir une vie ordinaire, sans les juger toutefois, pour faire face \u00e0 ce deuil terrible qu\u2019est la perte d\u2019un fils et d\u2019un fr\u00e8re. Mais la famille Jarret va devoir peu \u00e0 peu faire face aux \u00e9motions douloureuses qu\u2019il suscite lorsque Conrad, l\u2019enfant survivant de l\u2019accident, plonge dans un \u00e9tat d\u00e9pressif.<\/p>\n<p style=\"text-align: justify\">Le film offre la possibilit\u00e9 d\u2019observer de divers points de vue cliniques l\u2019impact d\u2019un tel drame sur cette famille.\u00a0D\u2019un point de vue comportemental d\u2019abord, sont d\u00e9crites au d\u00e9but du film les manifestations symptomatiques d\u2019un \u00e9tat d\u00e9pressif voir post-traumatique chez un adolescent.\u00a0Puis d\u2019un point de vue syst\u00e9mique, le film laisse voir comment le syst\u00e8me familial s\u2019organise pour que le fils endosse le r\u00f4le du patient d\u00e9sign\u00e9, pr\u00e9servant ainsi le couple parental d\u2019une remise en question.<\/p>\n<p style=\"text-align: justify\">Un angle plus psychosocial nous conduit \u00e0 observer comment la m\u00e8re se pr\u00e9occupe, l\u00e9gitimement d\u2019ailleurs, du regard de la soci\u00e9t\u00e9 dans laquelle la famille \u00e9volue.\u00a0D\u2019un point de vue d\u00e9veloppemental et humaniste enfin, la th\u00e9rapie qu\u2019il suit semble l\u2019aider \u00e0 s\u2019affirmer en tant qu\u2019individu tout en parvenant \u00e0 apprivoiser ses \u00e9motions (col\u00e8re, culpabilit\u00e9), ainsi qu\u2019\u00e0 reprendre les commandes de sa vie en faisant ses propres choix (activit\u00e9s, fr\u00e9quentations).<\/p>\n<p style=\"text-align: justify\">Enfin les s\u00e9ances du Docteur Berger montre des aspects int\u00e9ressants du processus th\u00e9rapeutique \u00e0 l\u2019\u0153uvre dans la th\u00e9rapie avec un adolescent\u00a0: les attaques du cadre par le jeune patient et la n\u00e9cessit\u00e9, pour le th\u00e9rapeute, d\u2019entrer dans le monde de r\u00e9f\u00e9rence de l\u2019adolescent. Il semble qu\u2019un des enjeux pour le th\u00e9rapeute soit de trouver un juste \u00e9quilibre face \u00e0 un adulte en devenir tout juste sorti de l\u2019enfance, \u00e0 savoir faire comprendre \u00e0 l\u2019adolescent qu\u2019il est d\u00e9sormais capable d\u2019autonomie tout en ne niant pas qu\u2019il est encore influenc\u00e9 par le syst\u00e8me familial. Cela rend parfois utile de faire participer un\/les parent\/s (dans le film le p\u00e8re) aux efforts de changement du jeune.<\/p>\n<p style=\"text-align: justify\">Le film pr\u00e9sente donc un int\u00e9r\u00eat, \u00e0 notre sens, pour d\u00e9velopper un questionnement clinique sur l\u2019adolescence dont les lignes qui pr\u00e9c\u00e8dent n\u2019en sont qu\u2019un exemple (C. D\u00e9costerd).<\/p>\n","protected":false},"excerpt":{"rendered":"<p>Film de Robert Redford Date de sortie: 11 mars 1981 Avec Donald Sutherland, Judd Hirsch Thomotty Hutto, Mary Tylor Moore R\u00e9compenses: Oscars du Meilleur Film et du Meilleur R\u00e9alisateur Calvin et Beth Jarret, couple ais\u00e9 de la moyenne bourgeoisie am\u00e9ricaine,<\/p>\n","protected":false},"author":108,"featured_media":0,"parent":92,"menu_order":1,"comment_status":"closed","ping_status":"closed","template":"","meta":{"_seopress_robots_primary_cat":"","_seopress_titles_title":"","_seopress_titles_desc":"","_seopress_robots_index":"","footnotes":""},"class_list":["post-463","page","type-page","status-publish"],"_links":{"self":[{"href":"https:\/\/wp.unil.ch\/psyado\/wp-json\/wp\/v2\/pages\/463","targetHints":{"allow":["GET"]}}],"collection":[{"href":"https:\/\/wp.unil.ch\/psyado\/wp-json\/wp\/v2\/pages"}],"about":[{"href":"https:\/\/wp.unil.ch\/psyado\/wp-json\/wp\/v2\/types\/page"}],"author":[{"embeddable":true,"href":"https:\/\/wp.unil.ch\/psyado\/wp-json\/wp\/v2\/users\/108"}],"replies":[{"embeddable":true,"href":"https:\/\/wp.unil.ch\/psyado\/wp-json\/wp\/v2\/comments?post=463"}],"version-history":[{"count":0,"href":"https:\/\/wp.unil.ch\/psyado\/wp-json\/wp\/v2\/pages\/463\/revisions"}],"up":[{"embeddable":true,"href":"https:\/\/wp.unil.ch\/psyado\/wp-json\/wp\/v2\/pages\/92"}],"wp:attachment":[{"href":"https:\/\/wp.unil.ch\/psyado\/wp-json\/wp\/v2\/media?parent=463"}],"curies":[{"name":"wp","href":"https:\/\/api.w.org\/{rel}","templated":true}]}}