{"id":461,"date":"2012-02-22T12:23:10","date_gmt":"2012-02-22T11:23:10","guid":{"rendered":"http:\/\/wp.unil.ch\/psyado\/?page_id=461"},"modified":"2017-11-24T10:32:06","modified_gmt":"2017-11-24T09:32:06","slug":"le-ruban-blanc","status":"publish","type":"page","link":"https:\/\/wp.unil.ch\/psyado\/synopsis-des-films-2\/le-ruban-blanc\/","title":{"rendered":"Le ruban blanc"},"content":{"rendered":"<p><img alt=\"\" loading=\"lazy\" decoding=\"async\" class=\"alignleft wp-image-1730\" src=\"https:\/\/wp.unil.ch\/psyado\/files\/2017\/11\/ruban-blanc-225x300.jpg\" alt=\"\" width=\"83\" height=\"110\" srcset=\"https:\/\/wp.unil.ch\/psyado\/files\/2017\/11\/ruban-blanc-225x300.jpg 225w, https:\/\/wp.unil.ch\/psyado\/files\/2017\/11\/ruban-blanc.jpg 600w\" sizes=\"auto, (max-width: 83px) 100vw, 83px\" \/><em>Un film de Michael Haneke (2009) &#8211; Palme d\u2019or au festival de Cannes (2009), Prix du cin\u00e9ma europ\u00e9en (Meilleur film europ\u00e9en, Meilleur r\u00e9alisateur europ\u00e9en, Meilleur sc\u00e9nariste europ\u00e9en, 2009) Golden Globe du meilleur film \u00e9tranger (2010)<br \/>\n<\/em><\/p>\n<p style=\"text-align: justify\">Un village protestant de l&rsquo;Allemagne du Nord \u00e0 la veille de la premi\u00e8re guerre mondiale (1913\/1914). L&rsquo;histoire d&rsquo;enfants et d&rsquo;adolescents d&rsquo;une chorale dirig\u00e9e par l&rsquo;instituteur du village et celle de leurs familles : le baron, le r\u00e9gisseur du domaine, le pasteur, le m\u00e9decin, la sage-femme, les paysans&#8230; D&rsquo;\u00e9tranges accidents surviennent et prennent peu \u00e0 peu le caract\u00e8re d&rsquo;un rituel punitif. (ecranlarge.com)<\/p>\n","protected":false},"excerpt":{"rendered":"<p>Un film de Michael Haneke (2009) &#8211; Palme d\u2019or au festival de Cannes (2009), Prix du cin\u00e9ma europ\u00e9en (Meilleur film europ\u00e9en, Meilleur r\u00e9alisateur europ\u00e9en, Meilleur sc\u00e9nariste europ\u00e9en, 2009) Golden Globe du meilleur film \u00e9tranger (2010) Un village protestant de l&rsquo;Allemagne<\/p>\n","protected":false},"author":108,"featured_media":0,"parent":290,"menu_order":16,"comment_status":"closed","ping_status":"closed","template":"","meta":{"_seopress_robots_primary_cat":"","_seopress_titles_title":"","_seopress_titles_desc":"","_seopress_robots_index":"","footnotes":""},"class_list":["post-461","page","type-page","status-publish"],"_links":{"self":[{"href":"https:\/\/wp.unil.ch\/psyado\/wp-json\/wp\/v2\/pages\/461","targetHints":{"allow":["GET"]}}],"collection":[{"href":"https:\/\/wp.unil.ch\/psyado\/wp-json\/wp\/v2\/pages"}],"about":[{"href":"https:\/\/wp.unil.ch\/psyado\/wp-json\/wp\/v2\/types\/page"}],"author":[{"embeddable":true,"href":"https:\/\/wp.unil.ch\/psyado\/wp-json\/wp\/v2\/users\/108"}],"replies":[{"embeddable":true,"href":"https:\/\/wp.unil.ch\/psyado\/wp-json\/wp\/v2\/comments?post=461"}],"version-history":[{"count":0,"href":"https:\/\/wp.unil.ch\/psyado\/wp-json\/wp\/v2\/pages\/461\/revisions"}],"up":[{"embeddable":true,"href":"https:\/\/wp.unil.ch\/psyado\/wp-json\/wp\/v2\/pages\/290"}],"wp:attachment":[{"href":"https:\/\/wp.unil.ch\/psyado\/wp-json\/wp\/v2\/media?parent=461"}],"curies":[{"name":"wp","href":"https:\/\/api.w.org\/{rel}","templated":true}]}}