{"id":455,"date":"2012-02-22T12:21:15","date_gmt":"2012-02-22T11:21:15","guid":{"rendered":"http:\/\/wp.unil.ch\/psyado\/?page_id=455"},"modified":"2017-11-24T10:27:26","modified_gmt":"2017-11-24T09:27:26","slug":"le-peril-jeune","status":"publish","type":"page","link":"https:\/\/wp.unil.ch\/psyado\/synopsis-des-films-2\/le-peril-jeune\/","title":{"rendered":"Le p\u00e9ril jeune"},"content":{"rendered":"<p><img alt=\"\" loading=\"lazy\" decoding=\"async\" class=\"alignleft wp-image-1725\" src=\"https:\/\/wp.unil.ch\/psyado\/files\/2017\/11\/peril-jeune.jpg\" alt=\"\" width=\"81\" height=\"110\" \/><em>Un film de C\u00e9dric Klapisch <em>(1994)<\/em><\/em><\/p>\n<p style=\"text-align: justify\">Bruno, Momo, Alain et L\u00e9on se retrouvent quelques ann\u00e9es apr\u00e8s la fin du lyc\u00e9e pour assister \u00e0 l&rsquo;accouchement de Sophie, la copine de Tomasi, leur meilleur ami mort d&rsquo;une overdose une semaine auparavant. Tour \u00e0 tour ils confrontent leurs souvenirs fragmentaires et contradictoires de cette ann\u00e9e de Terminale au lyc\u00e9e Montesquieu. (commeaucinema.com)<\/p>\n","protected":false},"excerpt":{"rendered":"<p>Un film de C\u00e9dric Klapisch (1994) Bruno, Momo, Alain et L\u00e9on se retrouvent quelques ann\u00e9es apr\u00e8s la fin du lyc\u00e9e pour assister \u00e0 l&rsquo;accouchement de Sophie, la copine de Tomasi, leur meilleur ami mort d&rsquo;une overdose une semaine auparavant. Tour<\/p>\n","protected":false},"author":108,"featured_media":0,"parent":290,"menu_order":13,"comment_status":"closed","ping_status":"closed","template":"","meta":{"_seopress_robots_primary_cat":"","_seopress_titles_title":"","_seopress_titles_desc":"","_seopress_robots_index":"","footnotes":""},"class_list":["post-455","page","type-page","status-publish"],"_links":{"self":[{"href":"https:\/\/wp.unil.ch\/psyado\/wp-json\/wp\/v2\/pages\/455","targetHints":{"allow":["GET"]}}],"collection":[{"href":"https:\/\/wp.unil.ch\/psyado\/wp-json\/wp\/v2\/pages"}],"about":[{"href":"https:\/\/wp.unil.ch\/psyado\/wp-json\/wp\/v2\/types\/page"}],"author":[{"embeddable":true,"href":"https:\/\/wp.unil.ch\/psyado\/wp-json\/wp\/v2\/users\/108"}],"replies":[{"embeddable":true,"href":"https:\/\/wp.unil.ch\/psyado\/wp-json\/wp\/v2\/comments?post=455"}],"version-history":[{"count":0,"href":"https:\/\/wp.unil.ch\/psyado\/wp-json\/wp\/v2\/pages\/455\/revisions"}],"up":[{"embeddable":true,"href":"https:\/\/wp.unil.ch\/psyado\/wp-json\/wp\/v2\/pages\/290"}],"wp:attachment":[{"href":"https:\/\/wp.unil.ch\/psyado\/wp-json\/wp\/v2\/media?parent=455"}],"curies":[{"name":"wp","href":"https:\/\/api.w.org\/{rel}","templated":true}]}}