{"id":453,"date":"2012-02-22T12:20:31","date_gmt":"2012-02-22T11:20:31","guid":{"rendered":"http:\/\/wp.unil.ch\/psyado\/?page_id=453"},"modified":"2017-11-24T10:25:55","modified_gmt":"2017-11-24T09:25:55","slug":"passe-ton-bac-dabord","status":"publish","type":"page","link":"https:\/\/wp.unil.ch\/psyado\/synopsis-des-films-2\/passe-ton-bac-dabord\/","title":{"rendered":"Passe ton bac d\u2019abord"},"content":{"rendered":"<p><img alt=\"\" loading=\"lazy\" decoding=\"async\" class=\"alignleft size-full wp-image-746\" src=\"https:\/\/wp.unil.ch\/psyado\/files\/2012\/02\/image-synopsis-passe-ton-bac-dabord-e1332330227923.png\" alt=\"\" width=\"82\" height=\"110\" \/><em>Un film de Maurice Pialat (1979)<\/em><\/p>\n<p style=\"text-align: justify\">Gros plan sur une table entaill\u00e9e de graffitis. En voix off, un prof de philo fait son discours de rentr\u00e9e devant une classe de terminale, \u00e0 Lens. Au lyc\u00e9e, Elisabeth et ses copains pr\u00e9f\u00e8rent les banquettes enfum\u00e9es du caf\u00e9, o\u00f9 les apr\u00e8s-midi s&rsquo;\u00e9tirent devant un expresso. Les couples se font et se d\u00e9font. Le bac ? Ils savent qu&rsquo;une fois en poche, le fameux examen leur laissera le choix entre la mine et le ch\u00f4mage. (toutlecine.com)<\/p>\n","protected":false},"excerpt":{"rendered":"<p>Un film de Maurice Pialat (1979) Gros plan sur une table entaill\u00e9e de graffitis. En voix off, un prof de philo fait son discours de rentr\u00e9e devant une classe de terminale, \u00e0 Lens. Au lyc\u00e9e, Elisabeth et ses copains pr\u00e9f\u00e8rent<\/p>\n","protected":false},"author":108,"featured_media":0,"parent":290,"menu_order":12,"comment_status":"closed","ping_status":"closed","template":"","meta":{"_seopress_robots_primary_cat":"","_seopress_titles_title":"","_seopress_titles_desc":"","_seopress_robots_index":"","footnotes":""},"class_list":["post-453","page","type-page","status-publish"],"_links":{"self":[{"href":"https:\/\/wp.unil.ch\/psyado\/wp-json\/wp\/v2\/pages\/453","targetHints":{"allow":["GET"]}}],"collection":[{"href":"https:\/\/wp.unil.ch\/psyado\/wp-json\/wp\/v2\/pages"}],"about":[{"href":"https:\/\/wp.unil.ch\/psyado\/wp-json\/wp\/v2\/types\/page"}],"author":[{"embeddable":true,"href":"https:\/\/wp.unil.ch\/psyado\/wp-json\/wp\/v2\/users\/108"}],"replies":[{"embeddable":true,"href":"https:\/\/wp.unil.ch\/psyado\/wp-json\/wp\/v2\/comments?post=453"}],"version-history":[{"count":0,"href":"https:\/\/wp.unil.ch\/psyado\/wp-json\/wp\/v2\/pages\/453\/revisions"}],"up":[{"embeddable":true,"href":"https:\/\/wp.unil.ch\/psyado\/wp-json\/wp\/v2\/pages\/290"}],"wp:attachment":[{"href":"https:\/\/wp.unil.ch\/psyado\/wp-json\/wp\/v2\/media?parent=453"}],"curies":[{"name":"wp","href":"https:\/\/api.w.org\/{rel}","templated":true}]}}