{"id":451,"date":"2012-02-22T12:19:50","date_gmt":"2012-02-22T11:19:50","guid":{"rendered":"http:\/\/wp.unil.ch\/psyado\/?page_id=451"},"modified":"2017-11-24T10:25:04","modified_gmt":"2017-11-24T09:25:04","slug":"lol","status":"publish","type":"page","link":"https:\/\/wp.unil.ch\/psyado\/synopsis-des-films-2\/lol\/","title":{"rendered":"Lol"},"content":{"rendered":"<p><img alt=\"\" loading=\"lazy\" decoding=\"async\" class=\"alignleft size-full wp-image-741\" src=\"https:\/\/wp.unil.ch\/psyado\/files\/2012\/02\/image-synopsis-Lol-e1332330134270.png\" alt=\"\" width=\"82\" height=\"110\" \/><em>Un film de Lisa Azuelos (2009)<\/em><\/p>\n<p style=\"text-align: justify\">LOL ? Ca veut dire Laughing Out Loud &#8211; mort de rire &#8211; en langage SMS. C&rsquo;est aussi comme \u00e7a que les amis de Lola l&rsquo;appellent. Pourtant, le jour de sa rentr\u00e9e, Lola n&rsquo;a pas le coeur \u00e0 rire. Arthur, son copain, la provoque en lui disant qu&rsquo;il l&rsquo;a tromp\u00e9e pendant l&rsquo;\u00e9t\u00e9. Et sa bande de potes a le don pour tout compliquer. Tout comme sa m\u00e8re, Anne, avec qui le dialogue est devenu impossible, et pas seulement parce qu&rsquo;elle ignore ce que LOL signifie. Que ses parents aient divorc\u00e9 est une chose. Qu&rsquo;Anne traite son ado comme une enfant en lui mentant sur l&rsquo;essentiel, par exemple sur le fait qu&rsquo;elle revoit son ex en cachette ou qu&rsquo;elle se fait draguer par un flic, en est une autre. De son c\u00f4t\u00e9, Anne se demande ce qui a bien pu arriver \u00e0 sa douce petite fille. De la fusion \u00e0 la confusion, les relations m\u00e8res-filles bouillonnent d&rsquo;amour et de LOL. (allocine.fr)<\/p>\n","protected":false},"excerpt":{"rendered":"<p>Un film de Lisa Azuelos (2009) LOL ? Ca veut dire Laughing Out Loud &#8211; mort de rire &#8211; en langage SMS. C&rsquo;est aussi comme \u00e7a que les amis de Lola l&rsquo;appellent. Pourtant, le jour de sa rentr\u00e9e, Lola n&rsquo;a<\/p>\n","protected":false},"author":108,"featured_media":0,"parent":290,"menu_order":11,"comment_status":"closed","ping_status":"closed","template":"","meta":{"_seopress_robots_primary_cat":"","_seopress_titles_title":"","_seopress_titles_desc":"","_seopress_robots_index":"","footnotes":""},"class_list":["post-451","page","type-page","status-publish"],"_links":{"self":[{"href":"https:\/\/wp.unil.ch\/psyado\/wp-json\/wp\/v2\/pages\/451","targetHints":{"allow":["GET"]}}],"collection":[{"href":"https:\/\/wp.unil.ch\/psyado\/wp-json\/wp\/v2\/pages"}],"about":[{"href":"https:\/\/wp.unil.ch\/psyado\/wp-json\/wp\/v2\/types\/page"}],"author":[{"embeddable":true,"href":"https:\/\/wp.unil.ch\/psyado\/wp-json\/wp\/v2\/users\/108"}],"replies":[{"embeddable":true,"href":"https:\/\/wp.unil.ch\/psyado\/wp-json\/wp\/v2\/comments?post=451"}],"version-history":[{"count":0,"href":"https:\/\/wp.unil.ch\/psyado\/wp-json\/wp\/v2\/pages\/451\/revisions"}],"up":[{"embeddable":true,"href":"https:\/\/wp.unil.ch\/psyado\/wp-json\/wp\/v2\/pages\/290"}],"wp:attachment":[{"href":"https:\/\/wp.unil.ch\/psyado\/wp-json\/wp\/v2\/media?parent=451"}],"curies":[{"name":"wp","href":"https:\/\/api.w.org\/{rel}","templated":true}]}}