{"id":449,"date":"2012-02-22T12:19:08","date_gmt":"2012-02-22T11:19:08","guid":{"rendered":"http:\/\/wp.unil.ch\/psyado\/?page_id=449"},"modified":"2017-11-24T10:23:53","modified_gmt":"2017-11-24T09:23:53","slug":"juno","status":"publish","type":"page","link":"https:\/\/wp.unil.ch\/psyado\/synopsis-des-films-2\/juno\/","title":{"rendered":"Juno"},"content":{"rendered":"<p><img alt=\"\" loading=\"lazy\" decoding=\"async\" class=\"alignleft size-full wp-image-732\" src=\"https:\/\/wp.unil.ch\/psyado\/files\/2012\/02\/image-synopsis-juno-e1332329777543.png\" alt=\"\" width=\"83\" height=\"110\" \/><em>Un film de Jason Reitman (2007) &#8211; Oscar du Meilleur sc\u00e9nario original (2008), BAFTA (Meilleur sc\u00e9nario original, 2008), Festival International du film de Rome (Prix du Meilleur Film, 2007)<\/em><\/p>\n<p style=\"text-align: justify\">Quelques semaines apr\u00e8s avoir \u00e9t\u00e9 d\u00e9pucel\u00e9e par son petit ami, Juno, 16 ans, s&rsquo;aper\u00e7oit qu&rsquo;elle est enceinte. Bien que ses parents r\u00e9agissent plut\u00f4t bien face \u00e0 cette grossesse impr\u00e9vue, la jeune fille ne se sent pas dispos\u00e9e pour la maternit\u00e9. Apr\u00e8s avoir envisag\u00e9 l&rsquo;avortement, elle d\u00e9cide de trouver \u00e0 l&rsquo;enfant qu&rsquo;elle porte des parents adoptifs. C&rsquo;est ainsi qu&rsquo;elle rencontre Vanessa et Mark, un couple infertile qui d\u00e9sire ardemment un b\u00e9b\u00e9. C&rsquo;est du moins le cas de Vanessa. Car Mark, avec qui Juno se lie d&rsquo;amiti\u00e9 gr\u00e2ce \u00e0 leur passion commune pour la musique, doute de vouloir un enfant. Il doute \u00e9galement de ses sentiments envers son \u00e9pouse. (cinoche.com)<\/p>\n","protected":false},"excerpt":{"rendered":"<p>Un film de Jason Reitman (2007) &#8211; Oscar du Meilleur sc\u00e9nario original (2008), BAFTA (Meilleur sc\u00e9nario original, 2008), Festival International du film de Rome (Prix du Meilleur Film, 2007) Quelques semaines apr\u00e8s avoir \u00e9t\u00e9 d\u00e9pucel\u00e9e par son petit ami, Juno,<\/p>\n","protected":false},"author":108,"featured_media":0,"parent":290,"menu_order":10,"comment_status":"closed","ping_status":"closed","template":"","meta":{"_seopress_robots_primary_cat":"","_seopress_titles_title":"","_seopress_titles_desc":"","_seopress_robots_index":"","footnotes":""},"class_list":["post-449","page","type-page","status-publish"],"_links":{"self":[{"href":"https:\/\/wp.unil.ch\/psyado\/wp-json\/wp\/v2\/pages\/449","targetHints":{"allow":["GET"]}}],"collection":[{"href":"https:\/\/wp.unil.ch\/psyado\/wp-json\/wp\/v2\/pages"}],"about":[{"href":"https:\/\/wp.unil.ch\/psyado\/wp-json\/wp\/v2\/types\/page"}],"author":[{"embeddable":true,"href":"https:\/\/wp.unil.ch\/psyado\/wp-json\/wp\/v2\/users\/108"}],"replies":[{"embeddable":true,"href":"https:\/\/wp.unil.ch\/psyado\/wp-json\/wp\/v2\/comments?post=449"}],"version-history":[{"count":0,"href":"https:\/\/wp.unil.ch\/psyado\/wp-json\/wp\/v2\/pages\/449\/revisions"}],"up":[{"embeddable":true,"href":"https:\/\/wp.unil.ch\/psyado\/wp-json\/wp\/v2\/pages\/290"}],"wp:attachment":[{"href":"https:\/\/wp.unil.ch\/psyado\/wp-json\/wp\/v2\/media?parent=449"}],"curies":[{"name":"wp","href":"https:\/\/api.w.org\/{rel}","templated":true}]}}