{"id":447,"date":"2012-02-22T12:18:21","date_gmt":"2012-02-22T11:18:21","guid":{"rendered":"http:\/\/wp.unil.ch\/psyado\/?page_id=447"},"modified":"2017-11-24T10:22:35","modified_gmt":"2017-11-24T09:22:35","slug":"jai-tue-ma-mere","status":"publish","type":"page","link":"https:\/\/wp.unil.ch\/psyado\/synopsis-des-films-2\/jai-tue-ma-mere\/","title":{"rendered":"J\u2019ai tu\u00e9 ma m\u00e8re"},"content":{"rendered":"<p><img alt=\"\" loading=\"lazy\" decoding=\"async\" class=\"alignleft wp-image-1719\" src=\"https:\/\/wp.unil.ch\/psyado\/files\/2017\/11\/jai-tue-ma-mere-225x300.jpg\" alt=\"\" width=\"83\" height=\"110\" srcset=\"https:\/\/wp.unil.ch\/psyado\/files\/2017\/11\/jai-tue-ma-mere-225x300.jpg 225w, https:\/\/wp.unil.ch\/psyado\/files\/2017\/11\/jai-tue-ma-mere.jpg 600w\" sizes=\"auto, (max-width: 83px) 100vw, 83px\" \/><em>Un film de Xavier Dolan (2009) &#8211; Quinzaine des r\u00e9alisateurs (Prix \u00ab\u00a0Regard jeune\u00a0\u00bb, Prix SACD, Art Cinema Award, 2009), Lumi\u00e8res de la presse \u00e9trang\u00e8re (Meilleur film francophone, 2010)<br \/>\n<\/em><\/p>\n<p style=\"text-align: justify\">Hubert Minel n&rsquo;aime pas sa m\u00e8re. Du haut de ses 17 ans, il la jauge avec m\u00e9pris, ne voit que ses pulls ringards, sa d\u00e9coration kitsch et les miettes de pain qui se logent \u00e0 la commissure de ses l\u00e8vres quand elle mange bruyamment. Au-del\u00e0 de ces irritantes surfaces, il y a aussi la manipulation et la culpabilisation, m\u00e9canismes chers \u00e0 sa g\u00e9nitrice. Confus par cette relation amour-haine qui l&rsquo;obs\u00e8de de plus en plus, Hubert vague dans les arcanes d&rsquo;une adolescence \u00e0 la fois marginale et typique &#8211; d\u00e9couvertes artistiques, exp\u00e9riences illicites, ouverture \u00e0 l&rsquo;amiti\u00e9, sexe et ostracisme &#8211; rong\u00e9 par la hargne qu&rsquo;il \u00e9prouve \u00e0 l&rsquo;\u00e9gard d&rsquo;une femme qu&rsquo;il aimait pourtant jadis. (allocine.fr)<\/p>\n","protected":false},"excerpt":{"rendered":"<p>Un film de Xavier Dolan (2009) &#8211; Quinzaine des r\u00e9alisateurs (Prix \u00ab\u00a0Regard jeune\u00a0\u00bb, Prix SACD, Art Cinema Award, 2009), Lumi\u00e8res de la presse \u00e9trang\u00e8re (Meilleur film francophone, 2010) Hubert Minel n&rsquo;aime pas sa m\u00e8re. Du haut de ses 17 ans,<\/p>\n","protected":false},"author":108,"featured_media":0,"parent":290,"menu_order":9,"comment_status":"closed","ping_status":"closed","template":"","meta":{"_seopress_robots_primary_cat":"","_seopress_titles_title":"","_seopress_titles_desc":"","_seopress_robots_index":"","footnotes":""},"class_list":["post-447","page","type-page","status-publish"],"_links":{"self":[{"href":"https:\/\/wp.unil.ch\/psyado\/wp-json\/wp\/v2\/pages\/447","targetHints":{"allow":["GET"]}}],"collection":[{"href":"https:\/\/wp.unil.ch\/psyado\/wp-json\/wp\/v2\/pages"}],"about":[{"href":"https:\/\/wp.unil.ch\/psyado\/wp-json\/wp\/v2\/types\/page"}],"author":[{"embeddable":true,"href":"https:\/\/wp.unil.ch\/psyado\/wp-json\/wp\/v2\/users\/108"}],"replies":[{"embeddable":true,"href":"https:\/\/wp.unil.ch\/psyado\/wp-json\/wp\/v2\/comments?post=447"}],"version-history":[{"count":0,"href":"https:\/\/wp.unil.ch\/psyado\/wp-json\/wp\/v2\/pages\/447\/revisions"}],"up":[{"embeddable":true,"href":"https:\/\/wp.unil.ch\/psyado\/wp-json\/wp\/v2\/pages\/290"}],"wp:attachment":[{"href":"https:\/\/wp.unil.ch\/psyado\/wp-json\/wp\/v2\/media?parent=447"}],"curies":[{"name":"wp","href":"https:\/\/api.w.org\/{rel}","templated":true}]}}