{"id":445,"date":"2012-02-22T12:17:35","date_gmt":"2012-02-22T11:17:35","guid":{"rendered":"http:\/\/wp.unil.ch\/psyado\/?page_id=445"},"modified":"2017-11-24T08:59:29","modified_gmt":"2017-11-24T07:59:29","slug":"the-graduate","status":"publish","type":"page","link":"https:\/\/wp.unil.ch\/psyado\/synopsis-des-films-2\/the-graduate\/","title":{"rendered":"The graduate"},"content":{"rendered":"<p><a href=\"https:\/\/wp.unil.ch\/psyado\/synopsis-des-films-2\/the-graduate\/image-synopsis-the-graduate\/\" rel=\"attachment wp-att-724\"><img alt=\"\" loading=\"lazy\" decoding=\"async\" class=\"alignleft size-full wp-image-724\" src=\"https:\/\/wp.unil.ch\/psyado\/files\/2012\/02\/image-synopsis-the-Graduate-e1332328947491.png\" alt=\"\" width=\"72\" height=\"110\" \/><\/a><\/p>\n<p style=\"text-align: justify\"><em>Un film de Mike Nichols (1967) &#8211; Oscar du Meilleur r\u00e9alisateur (1968), BAFTA (Meilleur film, 1969)<br \/>\n<\/em><\/p>\n<p style=\"text-align: justify\">Benjamin Braddock, un \u00e9tudiant fra\u00eechement dipl\u00f4m\u00e9, ne sait pas quoi faire de son avenir. Lors d&rsquo;une soir\u00e9e mondaine chez ses parents o\u00f9 il vagabonde, il fait la connaissance de Mrs Robinson, l&rsquo;\u00e9pouse du patron de son p\u00e8re. La femme, d&rsquo;\u00e2ge m\u00fbr, entreprend de s\u00e9duire le gar\u00e7on et y parvient tr\u00e8s rapidement. Benjamin d\u00e9couvre les joies du sexe et profite de la situation du haut de ses 21 ans. Mais les choses se compliquent lorsque Monsieur Robinson demande \u00e0 Benjamin de sortir avec Elaine, sa fille. Le jeune homme accepte et en tombe amoureux, s&rsquo;attirant par la m\u00eame occasion les foudres de Mrs Robinson. Cette derni\u00e8re, folle de jalousie, d\u00e9cide d&#8217;emp\u00eacher leur union en proposant sa fille en mariage \u00e0 un autre homme. (allocine.fr)<\/p>\n","protected":false},"excerpt":{"rendered":"<p>Un film de Mike Nichols (1967) &#8211; Oscar du Meilleur r\u00e9alisateur (1968), BAFTA (Meilleur film, 1969) Benjamin Braddock, un \u00e9tudiant fra\u00eechement dipl\u00f4m\u00e9, ne sait pas quoi faire de son avenir. Lors d&rsquo;une soir\u00e9e mondaine chez ses parents o\u00f9 il vagabonde,<\/p>\n","protected":false},"author":108,"featured_media":0,"parent":290,"menu_order":8,"comment_status":"closed","ping_status":"closed","template":"","meta":{"_seopress_robots_primary_cat":"","_seopress_titles_title":"","_seopress_titles_desc":"","_seopress_robots_index":"","footnotes":""},"class_list":["post-445","page","type-page","status-publish"],"_links":{"self":[{"href":"https:\/\/wp.unil.ch\/psyado\/wp-json\/wp\/v2\/pages\/445","targetHints":{"allow":["GET"]}}],"collection":[{"href":"https:\/\/wp.unil.ch\/psyado\/wp-json\/wp\/v2\/pages"}],"about":[{"href":"https:\/\/wp.unil.ch\/psyado\/wp-json\/wp\/v2\/types\/page"}],"author":[{"embeddable":true,"href":"https:\/\/wp.unil.ch\/psyado\/wp-json\/wp\/v2\/users\/108"}],"replies":[{"embeddable":true,"href":"https:\/\/wp.unil.ch\/psyado\/wp-json\/wp\/v2\/comments?post=445"}],"version-history":[{"count":0,"href":"https:\/\/wp.unil.ch\/psyado\/wp-json\/wp\/v2\/pages\/445\/revisions"}],"up":[{"embeddable":true,"href":"https:\/\/wp.unil.ch\/psyado\/wp-json\/wp\/v2\/pages\/290"}],"wp:attachment":[{"href":"https:\/\/wp.unil.ch\/psyado\/wp-json\/wp\/v2\/media?parent=445"}],"curies":[{"name":"wp","href":"https:\/\/api.w.org\/{rel}","templated":true}]}}