{"id":442,"date":"2012-02-22T12:16:34","date_gmt":"2012-02-22T11:16:34","guid":{"rendered":"http:\/\/wp.unil.ch\/psyado\/?page_id=442"},"modified":"2017-11-24T09:10:51","modified_gmt":"2017-11-24T08:10:51","slug":"la-fureur-de-vivre","status":"publish","type":"page","link":"https:\/\/wp.unil.ch\/psyado\/synopsis-des-films-2\/la-fureur-de-vivre\/","title":{"rendered":"La fureur de vivre"},"content":{"rendered":"<p style=\"text-align: justify\"><a href=\"https:\/\/wp.unil.ch\/psyado\/synopsis-des-films-2\/la-fureur-de-vivre\/image-synopsis-la-fureur-de-vivre\/\" rel=\"attachment wp-att-718\"><img alt=\"\" loading=\"lazy\" decoding=\"async\" class=\"alignleft size-full wp-image-718\" src=\"https:\/\/wp.unil.ch\/psyado\/files\/2012\/02\/image-synopsis-la-fureur-de-vivre-e1332328516555.png\" alt=\"\" width=\"75\" height=\"110\" \/><\/a><\/p>\n<p style=\"text-align: justify\"><em>Un film de Nicholas Ray (1955)<\/em><\/p>\n<p style=\"text-align: justify\">Jim Stark partage sa vie d&rsquo;adolescent d\u00e9racin\u00e9 entre une m\u00e8re frivole et un p\u00e8re soumis qui se plie aux t\u00e2ches domestiques. Nouveau venu \u00e0 l&rsquo;universit\u00e9, le gar\u00e7on est brim\u00e9 par ses camarades. Arr\u00eat\u00e9 un soir pour conduite en \u00e9tat d&rsquo;ivresse, Jim fait la connaissance de Judy, une fugueuse incomprise par sa famille qui est aussi l&rsquo;\u00e9g\u00e9rie d&rsquo;un groupe dont Buzz, le chef, provoque Jim dans un duel au couteau. Finalement, les deux jeunes gens s&rsquo;affrontent dans un pari fou, au volant de leurs voitures : le dernier qui sautera de son v\u00e9hicule, juste avant le pr\u00e9cipice, sera d\u00e9clar\u00e9 vainqueur. Buzz se tue, laissant tous les \u00e9tudiants d\u00e9sempar\u00e9s. (toutlecine.com)<\/p>\n","protected":false},"excerpt":{"rendered":"<p>Un film de Nicholas Ray (1955) Jim Stark partage sa vie d&rsquo;adolescent d\u00e9racin\u00e9 entre une m\u00e8re frivole et un p\u00e8re soumis qui se plie aux t\u00e2ches domestiques. Nouveau venu \u00e0 l&rsquo;universit\u00e9, le gar\u00e7on est brim\u00e9 par ses camarades. Arr\u00eat\u00e9 un<\/p>\n","protected":false},"author":108,"featured_media":0,"parent":290,"menu_order":7,"comment_status":"closed","ping_status":"closed","template":"","meta":{"_seopress_robots_primary_cat":"","_seopress_titles_title":"","_seopress_titles_desc":"","_seopress_robots_index":"","footnotes":""},"class_list":["post-442","page","type-page","status-publish"],"_links":{"self":[{"href":"https:\/\/wp.unil.ch\/psyado\/wp-json\/wp\/v2\/pages\/442","targetHints":{"allow":["GET"]}}],"collection":[{"href":"https:\/\/wp.unil.ch\/psyado\/wp-json\/wp\/v2\/pages"}],"about":[{"href":"https:\/\/wp.unil.ch\/psyado\/wp-json\/wp\/v2\/types\/page"}],"author":[{"embeddable":true,"href":"https:\/\/wp.unil.ch\/psyado\/wp-json\/wp\/v2\/users\/108"}],"replies":[{"embeddable":true,"href":"https:\/\/wp.unil.ch\/psyado\/wp-json\/wp\/v2\/comments?post=442"}],"version-history":[{"count":0,"href":"https:\/\/wp.unil.ch\/psyado\/wp-json\/wp\/v2\/pages\/442\/revisions"}],"up":[{"embeddable":true,"href":"https:\/\/wp.unil.ch\/psyado\/wp-json\/wp\/v2\/pages\/290"}],"wp:attachment":[{"href":"https:\/\/wp.unil.ch\/psyado\/wp-json\/wp\/v2\/media?parent=442"}],"curies":[{"name":"wp","href":"https:\/\/api.w.org\/{rel}","templated":true}]}}