{"id":439,"date":"2012-02-22T12:15:30","date_gmt":"2012-02-22T11:15:30","guid":{"rendered":"http:\/\/wp.unil.ch\/psyado\/?page_id=439"},"modified":"2017-11-24T10:19:18","modified_gmt":"2017-11-24T09:19:18","slug":"elephant","status":"publish","type":"page","link":"https:\/\/wp.unil.ch\/psyado\/synopsis-des-films-2\/elephant\/","title":{"rendered":"Elephant"},"content":{"rendered":"<p><img alt=\"\" loading=\"lazy\" decoding=\"async\" class=\"alignleft size-full wp-image-714\" src=\"https:\/\/wp.unil.ch\/psyado\/files\/2012\/02\/image-synopsis-elephant-e1332328277272.png\" alt=\"\" width=\"83\" height=\"110\" \/><em>Un film de Gus Van Sant (2003) &#8211; Palme d&rsquo;or et Prix de la mise en sc\u00e8ne au Festival de Cannes (2003), Prix L\u00e9on Moussinac du meilleur film \u00e9tranger (2003), Prix de L&rsquo;\u00c9ducation nationale fran\u00e7aise (2003)<\/em><\/p>\n<p style=\"text-align: justify\">Jour d&rsquo;automne. Une poign\u00e9e d&rsquo;adolescents am\u00e9ricains moyens se rendent dans leur lyc\u00e9e. L&rsquo;\u00e9tablissement scolaire est le r\u00e9ceptacle de leurs espoirs et de leurs craintes, de leurs amours, de leurs amiti\u00e9s et de leurs haines. Tout ce qui se passe n&rsquo;est que tr\u00e8s ordinaire, pourtant la journ\u00e9e va se conclure par un drame. Le film s&rsquo;appuie en effet sur un fait divers survenu en 1999, la fusillade du lyc\u00e9e Columbine, qui eut lieu dans un lyc\u00e9e am\u00e9ricain o\u00f9 deux adolescents ont abattu, avec des armes \u00e0 feu, douze de leurs camarades et un professeur. (objectifcinema.com)<\/p>\n","protected":false},"excerpt":{"rendered":"<p>Un film de Gus Van Sant (2003) &#8211; Palme d&rsquo;or et Prix de la mise en sc\u00e8ne au Festival de Cannes (2003), Prix L\u00e9on Moussinac du meilleur film \u00e9tranger (2003), Prix de L&rsquo;\u00c9ducation nationale fran\u00e7aise (2003) Jour d&rsquo;automne. Une poign\u00e9e<\/p>\n","protected":false},"author":108,"featured_media":0,"parent":290,"menu_order":6,"comment_status":"closed","ping_status":"closed","template":"","meta":{"_seopress_robots_primary_cat":"","_seopress_titles_title":"","_seopress_titles_desc":"","_seopress_robots_index":"","footnotes":""},"class_list":["post-439","page","type-page","status-publish"],"_links":{"self":[{"href":"https:\/\/wp.unil.ch\/psyado\/wp-json\/wp\/v2\/pages\/439","targetHints":{"allow":["GET"]}}],"collection":[{"href":"https:\/\/wp.unil.ch\/psyado\/wp-json\/wp\/v2\/pages"}],"about":[{"href":"https:\/\/wp.unil.ch\/psyado\/wp-json\/wp\/v2\/types\/page"}],"author":[{"embeddable":true,"href":"https:\/\/wp.unil.ch\/psyado\/wp-json\/wp\/v2\/users\/108"}],"replies":[{"embeddable":true,"href":"https:\/\/wp.unil.ch\/psyado\/wp-json\/wp\/v2\/comments?post=439"}],"version-history":[{"count":0,"href":"https:\/\/wp.unil.ch\/psyado\/wp-json\/wp\/v2\/pages\/439\/revisions"}],"up":[{"embeddable":true,"href":"https:\/\/wp.unil.ch\/psyado\/wp-json\/wp\/v2\/pages\/290"}],"wp:attachment":[{"href":"https:\/\/wp.unil.ch\/psyado\/wp-json\/wp\/v2\/media?parent=439"}],"curies":[{"name":"wp","href":"https:\/\/api.w.org\/{rel}","templated":true}]}}