{"id":437,"date":"2012-02-22T12:14:47","date_gmt":"2012-02-22T11:14:47","guid":{"rendered":"http:\/\/wp.unil.ch\/psyado\/?page_id=437"},"modified":"2017-11-24T10:18:34","modified_gmt":"2017-11-24T09:18:34","slug":"leffrontee","status":"publish","type":"page","link":"https:\/\/wp.unil.ch\/psyado\/synopsis-des-films-2\/leffrontee\/","title":{"rendered":"L\u2019effront\u00e9e"},"content":{"rendered":"<p><img alt=\"\" loading=\"lazy\" decoding=\"async\" class=\"alignleft wp-image-1715\" src=\"https:\/\/wp.unil.ch\/psyado\/files\/2017\/11\/efrrontee.jpg\" alt=\"\" width=\"82\" height=\"110\" \/><em>Un film de Claude Miller (1985) &#8211; C\u00e9sar du Meilleur espoir f\u00e9minin (Charlotte Gainsbourg, 1986), C\u00e9sar de la Meilleure actrice dans un second r\u00f4le (Bernadette Lafont, 1986)<\/em><\/p>\n<p style=\"text-align: justify\">Charlotte, adolescente de 13 ans, vit en province avec son p\u00e8re, modeste artisan, son fr\u00e8re et L\u00e9one, la bonne. Pour elle, l&rsquo;\u00e9t\u00e9 s&rsquo;annonce sans int\u00e9r\u00eat. Elle ne part pas en vacances et sa seule amie, Lulu, 8 ans, est un v\u00e9ritable pot de colle. Un jour, son chemin croise celui de Clara, une jeune pianiste prodige. Cette rencontre va bouleverser sa vie. (commeaucinema.com)<\/p>\n","protected":false},"excerpt":{"rendered":"<p>Un film de Claude Miller (1985) &#8211; C\u00e9sar du Meilleur espoir f\u00e9minin (Charlotte Gainsbourg, 1986), C\u00e9sar de la Meilleure actrice dans un second r\u00f4le (Bernadette Lafont, 1986) Charlotte, adolescente de 13 ans, vit en province avec son p\u00e8re, modeste artisan,<\/p>\n","protected":false},"author":108,"featured_media":0,"parent":290,"menu_order":5,"comment_status":"closed","ping_status":"closed","template":"","meta":{"_seopress_robots_primary_cat":"","_seopress_titles_title":"","_seopress_titles_desc":"","_seopress_robots_index":"","footnotes":""},"class_list":["post-437","page","type-page","status-publish"],"_links":{"self":[{"href":"https:\/\/wp.unil.ch\/psyado\/wp-json\/wp\/v2\/pages\/437","targetHints":{"allow":["GET"]}}],"collection":[{"href":"https:\/\/wp.unil.ch\/psyado\/wp-json\/wp\/v2\/pages"}],"about":[{"href":"https:\/\/wp.unil.ch\/psyado\/wp-json\/wp\/v2\/types\/page"}],"author":[{"embeddable":true,"href":"https:\/\/wp.unil.ch\/psyado\/wp-json\/wp\/v2\/users\/108"}],"replies":[{"embeddable":true,"href":"https:\/\/wp.unil.ch\/psyado\/wp-json\/wp\/v2\/comments?post=437"}],"version-history":[{"count":0,"href":"https:\/\/wp.unil.ch\/psyado\/wp-json\/wp\/v2\/pages\/437\/revisions"}],"up":[{"embeddable":true,"href":"https:\/\/wp.unil.ch\/psyado\/wp-json\/wp\/v2\/pages\/290"}],"wp:attachment":[{"href":"https:\/\/wp.unil.ch\/psyado\/wp-json\/wp\/v2\/media?parent=437"}],"curies":[{"name":"wp","href":"https:\/\/api.w.org\/{rel}","templated":true}]}}