{"id":431,"date":"2012-02-22T12:13:02","date_gmt":"2012-02-22T11:13:02","guid":{"rendered":"http:\/\/wp.unil.ch\/psyado\/?page_id=431"},"modified":"2017-11-24T10:14:47","modified_gmt":"2017-11-24T09:14:47","slug":"the-breakfast-club-2","status":"publish","type":"page","link":"https:\/\/wp.unil.ch\/psyado\/synopsis-des-films-2\/the-breakfast-club-2\/","title":{"rendered":"The breakfast club"},"content":{"rendered":"<p><img alt=\"\" loading=\"lazy\" decoding=\"async\" class=\"alignleft size-full wp-image-698\" src=\"https:\/\/wp.unil.ch\/psyado\/files\/2012\/02\/image-synopsis-breakfast-club-e1332325578336.png\" alt=\"\" width=\"69\" height=\"110\" \/><em>Un film de John Hugues (1985)<\/em><\/p>\n<p style=\"text-align: justify\">Cinq \u00e9tudiants sont enferm\u00e9s un samedi dans la biblioth\u00e8que de leur lyc\u00e9e pour faire des heures de retenue. Il y a Claire, la fille populaire, Andrew, le sportif, John, le criminel, Brian, le paum\u00e9 et Allison, la fille bizarre. Le principal leur demande d&rsquo;\u00e9crire un essai pour d\u00e9crire ce qu&rsquo;ils sont r\u00e9ellement. (cinema.krinein.com)<\/p>\n","protected":false},"excerpt":{"rendered":"<p>Un film de John Hugues (1985) Cinq \u00e9tudiants sont enferm\u00e9s un samedi dans la biblioth\u00e8que de leur lyc\u00e9e pour faire des heures de retenue. Il y a Claire, la fille populaire, Andrew, le sportif, John, le criminel, Brian, le paum\u00e9<\/p>\n","protected":false},"author":108,"featured_media":0,"parent":290,"menu_order":3,"comment_status":"closed","ping_status":"closed","template":"","meta":{"_seopress_robots_primary_cat":"","_seopress_titles_title":"","_seopress_titles_desc":"","_seopress_robots_index":"","footnotes":""},"class_list":["post-431","page","type-page","status-publish"],"_links":{"self":[{"href":"https:\/\/wp.unil.ch\/psyado\/wp-json\/wp\/v2\/pages\/431","targetHints":{"allow":["GET"]}}],"collection":[{"href":"https:\/\/wp.unil.ch\/psyado\/wp-json\/wp\/v2\/pages"}],"about":[{"href":"https:\/\/wp.unil.ch\/psyado\/wp-json\/wp\/v2\/types\/page"}],"author":[{"embeddable":true,"href":"https:\/\/wp.unil.ch\/psyado\/wp-json\/wp\/v2\/users\/108"}],"replies":[{"embeddable":true,"href":"https:\/\/wp.unil.ch\/psyado\/wp-json\/wp\/v2\/comments?post=431"}],"version-history":[{"count":0,"href":"https:\/\/wp.unil.ch\/psyado\/wp-json\/wp\/v2\/pages\/431\/revisions"}],"up":[{"embeddable":true,"href":"https:\/\/wp.unil.ch\/psyado\/wp-json\/wp\/v2\/pages\/290"}],"wp:attachment":[{"href":"https:\/\/wp.unil.ch\/psyado\/wp-json\/wp\/v2\/media?parent=431"}],"curies":[{"name":"wp","href":"https:\/\/api.w.org\/{rel}","templated":true}]}}