{"id":428,"date":"2012-02-22T12:12:12","date_gmt":"2012-02-22T11:12:12","guid":{"rendered":"http:\/\/wp.unil.ch\/psyado\/?page_id=428"},"modified":"2017-11-24T10:14:13","modified_gmt":"2017-11-24T09:14:13","slug":"bloody-kids","status":"publish","type":"page","link":"https:\/\/wp.unil.ch\/psyado\/synopsis-des-films-2\/bloody-kids\/","title":{"rendered":"Bloody Kids"},"content":{"rendered":"<p><img alt=\"\" loading=\"lazy\" decoding=\"async\" class=\"alignleft size-full wp-image-691\" src=\"https:\/\/wp.unil.ch\/psyado\/files\/2012\/02\/image-synopsis-bloody-kids2-e1332325277183.png\" alt=\"\" width=\"86\" height=\"110\" \/><em>Film de Stephen Frears (1980)<\/em><\/p>\n<p style=\"text-align: justify\">L\u00e9o et Mike, deux jeunes gar\u00e7ons de 11 ans, livr\u00e9s \u00e0 eux-m\u00eame, multiplient les actes de d\u00e9linquance. Pour se rendre int\u00e9ressant, L\u00e9o organise son propre meurtre fictif par Mike, mais cela ne tourne pas exactement comme pr\u00e9vu et Mike se retrouve fugitif et \u00e0 la merci de mauvaises rencontres. Il passe une journ\u00e9e avec la bande de Ken, un voyou cynique mais cependant protecteur. Arrivant \u00e0 manipuler la police qui ne peut imaginer leur perversit\u00e9 pu\u00e9rile, les deux gar\u00e7ons \u00e9chapperont au pire.<\/p>\n","protected":false},"excerpt":{"rendered":"<p>Film de Stephen Frears (1980) L\u00e9o et Mike, deux jeunes gar\u00e7ons de 11 ans, livr\u00e9s \u00e0 eux-m\u00eame, multiplient les actes de d\u00e9linquance. Pour se rendre int\u00e9ressant, L\u00e9o organise son propre meurtre fictif par Mike, mais cela ne tourne pas exactement<\/p>\n","protected":false},"author":108,"featured_media":0,"parent":290,"menu_order":2,"comment_status":"closed","ping_status":"closed","template":"","meta":{"_seopress_robots_primary_cat":"","_seopress_titles_title":"","_seopress_titles_desc":"","_seopress_robots_index":"","footnotes":""},"class_list":["post-428","page","type-page","status-publish"],"_links":{"self":[{"href":"https:\/\/wp.unil.ch\/psyado\/wp-json\/wp\/v2\/pages\/428","targetHints":{"allow":["GET"]}}],"collection":[{"href":"https:\/\/wp.unil.ch\/psyado\/wp-json\/wp\/v2\/pages"}],"about":[{"href":"https:\/\/wp.unil.ch\/psyado\/wp-json\/wp\/v2\/types\/page"}],"author":[{"embeddable":true,"href":"https:\/\/wp.unil.ch\/psyado\/wp-json\/wp\/v2\/users\/108"}],"replies":[{"embeddable":true,"href":"https:\/\/wp.unil.ch\/psyado\/wp-json\/wp\/v2\/comments?post=428"}],"version-history":[{"count":0,"href":"https:\/\/wp.unil.ch\/psyado\/wp-json\/wp\/v2\/pages\/428\/revisions"}],"up":[{"embeddable":true,"href":"https:\/\/wp.unil.ch\/psyado\/wp-json\/wp\/v2\/pages\/290"}],"wp:attachment":[{"href":"https:\/\/wp.unil.ch\/psyado\/wp-json\/wp\/v2\/media?parent=428"}],"curies":[{"name":"wp","href":"https:\/\/api.w.org\/{rel}","templated":true}]}}