{"id":426,"date":"2012-02-22T12:10:55","date_gmt":"2012-02-22T11:10:55","guid":{"rendered":"http:\/\/wp.unil.ch\/psyado\/?page_id=426"},"modified":"2017-11-24T10:13:55","modified_gmt":"2017-11-24T09:13:55","slug":"les-beaux-gosses","status":"publish","type":"page","link":"https:\/\/wp.unil.ch\/psyado\/synopsis-des-films-2\/les-beaux-gosses\/","title":{"rendered":"Les beaux gosses"},"content":{"rendered":"<p><img alt=\"\" loading=\"lazy\" decoding=\"async\" class=\"alignleft size-full wp-image-695\" src=\"https:\/\/wp.unil.ch\/psyado\/files\/2012\/02\/image-synopsis-beaug1-e1332325462528.png\" alt=\"\" width=\"82\" height=\"110\" \/><em>Film de Riad Sattouf (2009) &#8211; \u00c9toile d&rsquo;or du cin\u00e9ma pour un premier film (2010), Troph\u00e9e Duo R\u00e9v\u00e9lation Cin\u00e9ma (2010), Prix Jacques Pr\u00e9vert du sc\u00e9nario (2010), C\u00e9sar de la meilleure premi\u00e8re oeuvre (2010).<br \/>\n<\/em><\/p>\n<p style=\"text-align: justify\">Herv\u00e9, 14 ans, est un ado moyen. D\u00e9bord\u00e9 par ses pulsions, ingrat physiquement et moyennement malin, il vit seul avec sa m\u00e8re. Au coll\u00e8ge, il s&rsquo;en sort \u00e0 peu pr\u00e8s, entour\u00e9 par ses bons copains. Sortir avec une fille, voil\u00e0 qui mobilise toute sa pens\u00e9e. H\u00e9las, dans ce domaine, il accumule r\u00e2teau sur r\u00e2teau, sans toutefois se d\u00e9monter. Un jour, sans tr\u00e8s bien comprendre comment, il se retrouve dans la situation de plaire \u00e0 Aurore, l&rsquo;une des plus jolies filles de sa classe. Malgr\u00e9 des avances de plus en plus \u00e9videntes, Herv\u00e9, un peu nigaud, ne se rend compte de rien. Quand enfin il en prend conscience, Aurore refuse de sortir avec lui. Puis, sans pr\u00e9venir, elle se jette dans ses bras. Enfin, il sort avec une fille ! Grand amateur de films X, Camel, son meilleur ami, convainc Herv\u00e9 d&rsquo;essayer de coucher avec sa copine. Devant son copain, Herv\u00e9 se vante de sa virilit\u00e9, mais quand il est avec Aurore, c&rsquo;est une autre affaire. (allocine.fr)<\/p>\n","protected":false},"excerpt":{"rendered":"<p>Film de Riad Sattouf (2009) &#8211; \u00c9toile d&rsquo;or du cin\u00e9ma pour un premier film (2010), Troph\u00e9e Duo R\u00e9v\u00e9lation Cin\u00e9ma (2010), Prix Jacques Pr\u00e9vert du sc\u00e9nario (2010), C\u00e9sar de la meilleure premi\u00e8re oeuvre (2010). Herv\u00e9, 14 ans, est un ado moyen.<\/p>\n","protected":false},"author":108,"featured_media":0,"parent":290,"menu_order":1,"comment_status":"closed","ping_status":"closed","template":"","meta":{"_seopress_robots_primary_cat":"","_seopress_titles_title":"","_seopress_titles_desc":"","_seopress_robots_index":"","footnotes":""},"class_list":["post-426","page","type-page","status-publish"],"_links":{"self":[{"href":"https:\/\/wp.unil.ch\/psyado\/wp-json\/wp\/v2\/pages\/426","targetHints":{"allow":["GET"]}}],"collection":[{"href":"https:\/\/wp.unil.ch\/psyado\/wp-json\/wp\/v2\/pages"}],"about":[{"href":"https:\/\/wp.unil.ch\/psyado\/wp-json\/wp\/v2\/types\/page"}],"author":[{"embeddable":true,"href":"https:\/\/wp.unil.ch\/psyado\/wp-json\/wp\/v2\/users\/108"}],"replies":[{"embeddable":true,"href":"https:\/\/wp.unil.ch\/psyado\/wp-json\/wp\/v2\/comments?post=426"}],"version-history":[{"count":0,"href":"https:\/\/wp.unil.ch\/psyado\/wp-json\/wp\/v2\/pages\/426\/revisions"}],"up":[{"embeddable":true,"href":"https:\/\/wp.unil.ch\/psyado\/wp-json\/wp\/v2\/pages\/290"}],"wp:attachment":[{"href":"https:\/\/wp.unil.ch\/psyado\/wp-json\/wp\/v2\/media?parent=426"}],"curies":[{"name":"wp","href":"https:\/\/api.w.org\/{rel}","templated":true}]}}