{"id":293,"date":"2012-02-14T14:03:06","date_gmt":"2012-02-14T13:03:06","guid":{"rendered":"http:\/\/wp.unil.ch\/psyado\/?page_id=293"},"modified":"2017-11-23T14:13:37","modified_gmt":"2017-11-23T13:13:37","slug":"a-nos-amours","status":"publish","type":"page","link":"https:\/\/wp.unil.ch\/psyado\/synopsis-des-films-2\/a-nos-amours\/","title":{"rendered":"A nos amours"},"content":{"rendered":"<p><a href=\"https:\/\/wp.unil.ch\/psyado\/files\/2012\/02\/\u00e0_nos_amours_affiche3.jpg\"><img alt=\"\" loading=\"lazy\" decoding=\"async\" class=\"wp-image-649 alignleft\" src=\"https:\/\/wp.unil.ch\/psyado\/files\/2012\/02\/\u00e0_nos_amours_affiche3.jpg\" alt=\"\" width=\"90\" height=\"110\" \/><\/a><\/p>\n<p><em>Film de Maurice Pialat (1983)<\/em> &#8211; C\u00e9sar du meilleur film (1984) et meilleur espoir f\u00e9minin (Sandrine Bonnaire, 1984)<\/em><\/p>\n<p style=\"text-align: justify\">A 15 ans, Suzanne pr\u00e9f\u00e8re les aventures sans lendemain \u00e0 l&rsquo;amour que lui porte Luc. A la maison, les tensions sont vives, entre un p\u00e8re sur le point de s\u2019en aller, une m\u00e8re agressive et jalouse de sa jeunesse et un fr\u00e8re, aux grandes ambitions litt\u00e9raires, qui \u00e9prouve \u00e0 son \u00e9gard et \u00e0 l\u2019\u00e9gard de sa m\u00e8re des sentiments troubles et possessifs. Luc abandonne Suzanne qui finit par \u00e9pouser un jeune gar\u00e7on. Mais, incapable de l&rsquo;aimer, elle part pour la Californie avec un nouvel amant.<\/p>\n<p>&nbsp;<\/p>\n","protected":false},"excerpt":{"rendered":"<p>Film de Maurice Pialat (1983) &#8211; C\u00e9sar du meilleur film (1984) et meilleur espoir f\u00e9minin (Sandrine Bonnaire, 1984) A 15 ans, Suzanne pr\u00e9f\u00e8re les aventures sans lendemain \u00e0 l&rsquo;amour que lui porte Luc. A la maison, les tensions sont vives,<\/p>\n","protected":false},"author":108,"featured_media":0,"parent":290,"menu_order":0,"comment_status":"closed","ping_status":"closed","template":"","meta":{"_seopress_robots_primary_cat":"","_seopress_titles_title":"","_seopress_titles_desc":"","_seopress_robots_index":"","footnotes":""},"class_list":["post-293","page","type-page","status-publish"],"_links":{"self":[{"href":"https:\/\/wp.unil.ch\/psyado\/wp-json\/wp\/v2\/pages\/293","targetHints":{"allow":["GET"]}}],"collection":[{"href":"https:\/\/wp.unil.ch\/psyado\/wp-json\/wp\/v2\/pages"}],"about":[{"href":"https:\/\/wp.unil.ch\/psyado\/wp-json\/wp\/v2\/types\/page"}],"author":[{"embeddable":true,"href":"https:\/\/wp.unil.ch\/psyado\/wp-json\/wp\/v2\/users\/108"}],"replies":[{"embeddable":true,"href":"https:\/\/wp.unil.ch\/psyado\/wp-json\/wp\/v2\/comments?post=293"}],"version-history":[{"count":0,"href":"https:\/\/wp.unil.ch\/psyado\/wp-json\/wp\/v2\/pages\/293\/revisions"}],"up":[{"embeddable":true,"href":"https:\/\/wp.unil.ch\/psyado\/wp-json\/wp\/v2\/pages\/290"}],"wp:attachment":[{"href":"https:\/\/wp.unil.ch\/psyado\/wp-json\/wp\/v2\/media?parent=293"}],"curies":[{"name":"wp","href":"https:\/\/api.w.org\/{rel}","templated":true}]}}