{"id":283,"date":"2012-02-08T11:49:41","date_gmt":"2012-02-08T10:49:41","guid":{"rendered":"http:\/\/wp.unil.ch\/psyado\/?page_id=283"},"modified":"2017-11-21T15:27:24","modified_gmt":"2017-11-21T14:27:24","slug":"groupe-de-travail","status":"publish","type":"page","link":"https:\/\/wp.unil.ch\/psyado\/groupe-de-travail\/","title":{"rendered":"Gestion du projet"},"content":{"rendered":"<p>Chlo\u00e9 D\u00e9costerd<br \/>\nResponsable de recherche, Fonds d\u2019innovation p\u00e9dagogique (FIP\u20192011), Qualit\u00e9 et RH, UNIL<\/p>\n<p>Catherine El-Bez<br \/>\nIng\u00e9nieure p\u00e9dagogique membre du RISET &#8211; R\u00e9seau interfacultaire \u00ab\u00a0Enseignement et Technologies\u00a0\u00bb, UNIL<\/p>\n<p>Prof. Gr\u00e9goire Zimmermann<br \/>\nFADO, Institut de psychologie, Facult\u00e9 des Sciences Sociales et Politiques, UNIL<\/p>\n<p>Avec la collaboration du Service de communication et d&rsquo;audiovisuel (UNICOM)\u00a0: Floriane Beetschen, Lo\u00efc Cattani<\/p>\n<p>Merci aux deux assistants-\u00e9tudiants :<br \/>\nMichael Posse<br \/>\nKaren Hitz<\/p>\n","protected":false},"excerpt":{"rendered":"<p>Chlo\u00e9 D\u00e9costerd Responsable de recherche, Fonds d\u2019innovation p\u00e9dagogique (FIP\u20192011), Qualit\u00e9 et RH, UNIL Catherine El-Bez Ing\u00e9nieure p\u00e9dagogique membre du RISET &#8211; R\u00e9seau interfacultaire \u00ab\u00a0Enseignement et Technologies\u00a0\u00bb, UNIL Prof. Gr\u00e9goire Zimmermann FADO, Institut de psychologie, Facult\u00e9 des Sciences Sociales et Politiques,<\/p>\n","protected":false},"author":108,"featured_media":0,"parent":0,"menu_order":6,"comment_status":"closed","ping_status":"closed","template":"","meta":{"_seopress_robots_primary_cat":"","_seopress_titles_title":"","_seopress_titles_desc":"","_seopress_robots_index":"","footnotes":""},"class_list":["post-283","page","type-page","status-publish"],"_links":{"self":[{"href":"https:\/\/wp.unil.ch\/psyado\/wp-json\/wp\/v2\/pages\/283","targetHints":{"allow":["GET"]}}],"collection":[{"href":"https:\/\/wp.unil.ch\/psyado\/wp-json\/wp\/v2\/pages"}],"about":[{"href":"https:\/\/wp.unil.ch\/psyado\/wp-json\/wp\/v2\/types\/page"}],"author":[{"embeddable":true,"href":"https:\/\/wp.unil.ch\/psyado\/wp-json\/wp\/v2\/users\/108"}],"replies":[{"embeddable":true,"href":"https:\/\/wp.unil.ch\/psyado\/wp-json\/wp\/v2\/comments?post=283"}],"version-history":[{"count":0,"href":"https:\/\/wp.unil.ch\/psyado\/wp-json\/wp\/v2\/pages\/283\/revisions"}],"wp:attachment":[{"href":"https:\/\/wp.unil.ch\/psyado\/wp-json\/wp\/v2\/media?parent=283"}],"curies":[{"name":"wp","href":"https:\/\/api.w.org\/{rel}","templated":true}]}}