{"id":280,"date":"2012-02-08T11:48:09","date_gmt":"2012-02-08T10:48:09","guid":{"rendered":"http:\/\/wp.unil.ch\/psyado\/?page_id=280"},"modified":"2017-11-21T15:20:20","modified_gmt":"2017-11-21T14:20:20","slug":"actualites","status":"publish","type":"page","link":"https:\/\/wp.unil.ch\/psyado\/actualites\/","title":{"rendered":"Actualit\u00e9s"},"content":{"rendered":"<ul>\n<li style=\"text-align: justify\">La plupart des films, dont sont issus les extraits pr\u00e9sent\u00e9s sur ce site, sont disponibles sur le r\u00e9seau vaudois des biblioth\u00e8ques (<a href=\"https:\/\/www.bcu-lausanne.ch\/livres-articles-video-audio\/multimedias\/films-videos\/\" target=\"_blank\" rel=\"noopener\">https:\/\/www.bcu-lausanne.ch\/livres-articles-video-audio\/multimedias\/films-videos\/<\/a>).<\/li>\n<li>D\u00e9couvrez<strong> \u00ab\u00a0Cinespace\u00a0\u00bb<\/strong>, le nouvel espace pluriel d\u00e9di\u00e9 au cin\u00e9ma, ouvert 7 jours sur 7, de 8h \u00e0 23h, sur notre site de l&rsquo;Unith\u00e8que. Vous y trouverez des livres et une collection de pr\u00e8s de 7&rsquo;000 DVD disponibles au pr\u00eat (<a href=\"https:\/\/www.bcu-lausanne.ch\/domaines\/arts\/cinema\/cinespace\/\" target=\"_blank\" rel=\"noopener\">https:\/\/www.bcu-lausanne.ch\/domaines\/arts\/cinema\/cinespace\/<\/a>).<\/li>\n<\/ul>\n","protected":false},"excerpt":{"rendered":"<p>La plupart des films, dont sont issus les extraits pr\u00e9sent\u00e9s sur ce site, sont disponibles sur le r\u00e9seau vaudois des biblioth\u00e8ques (https:\/\/www.bcu-lausanne.ch\/livres-articles-video-audio\/multimedias\/films-videos\/). D\u00e9couvrez \u00ab\u00a0Cinespace\u00a0\u00bb, le nouvel espace pluriel d\u00e9di\u00e9 au cin\u00e9ma, ouvert 7 jours sur 7, de 8h \u00e0 23h,<\/p>\n","protected":false},"author":108,"featured_media":0,"parent":0,"menu_order":2,"comment_status":"closed","ping_status":"closed","template":"","meta":{"_seopress_robots_primary_cat":"","_seopress_titles_title":"","_seopress_titles_desc":"","_seopress_robots_index":"","footnotes":""},"class_list":["post-280","page","type-page","status-publish"],"_links":{"self":[{"href":"https:\/\/wp.unil.ch\/psyado\/wp-json\/wp\/v2\/pages\/280","targetHints":{"allow":["GET"]}}],"collection":[{"href":"https:\/\/wp.unil.ch\/psyado\/wp-json\/wp\/v2\/pages"}],"about":[{"href":"https:\/\/wp.unil.ch\/psyado\/wp-json\/wp\/v2\/types\/page"}],"author":[{"embeddable":true,"href":"https:\/\/wp.unil.ch\/psyado\/wp-json\/wp\/v2\/users\/108"}],"replies":[{"embeddable":true,"href":"https:\/\/wp.unil.ch\/psyado\/wp-json\/wp\/v2\/comments?post=280"}],"version-history":[{"count":0,"href":"https:\/\/wp.unil.ch\/psyado\/wp-json\/wp\/v2\/pages\/280\/revisions"}],"wp:attachment":[{"href":"https:\/\/wp.unil.ch\/psyado\/wp-json\/wp\/v2\/media?parent=280"}],"curies":[{"name":"wp","href":"https:\/\/api.w.org\/{rel}","templated":true}]}}