{"id":18,"date":"2011-04-12T11:43:19","date_gmt":"2011-04-12T09:43:19","guid":{"rendered":"http:\/\/wp.unil.ch\/psyado\/?page_id=18"},"modified":"2017-11-21T15:14:44","modified_gmt":"2017-11-21T14:14:44","slug":"bienvenue","status":"publish","type":"page","link":"https:\/\/wp.unil.ch\/psyado\/","title":{"rendered":"Accueil"},"content":{"rendered":"<p style=\"text-align: right\"><strong><em>\u201cIf it can be written, or thought, it can be filmed\u201c (Stanley Kubrick)<\/em><\/strong><\/p>\n<p style=\"text-align: justify\">L\u2019adolescence et la jeunesse ont toujours \u00e9t\u00e9 une source d\u2019inspiration pour le cin\u00e9ma. Depuis ses d\u00e9buts, qui co\u00efncident d\u2019ailleurs avec la \u00ab\u00a0naissance\u00a0\u00bb du concept d\u2019adolescence au tournant du 20<sup>\u00e8me<\/sup> si\u00e8cle, la figure adolescente a fait l\u2019objet de mise en sc\u00e8ne et de repr\u00e9sentations diverses, souvent indissociable de l\u2019\u00e9tat de la soci\u00e9t\u00e9 et des rapports entre g\u00e9n\u00e9rations au moment du tournage. Au del\u00e0 de cette diversit\u00e9, la repr\u00e9sentation de cette figure adolescente a toutefois fr\u00e9quemment \u00e9t\u00e9 associ\u00e9e plus au moins caricaturalement aux th\u00e9matiques d\u2019initiation, d\u2019exp\u00e9rimentation, d\u2019\u00e9mancipation et de r\u00e9volte, ne cessant d\u2019interroger le spectateur sur son rapport aux jeunes g\u00e9n\u00e9rations et \u00e0 sa propre adolescence.<\/p>\n<p style=\"text-align: justify\">Sur ce site, nous vous proposons une s\u00e9rie d\u2019extraits de films accompagn\u00e9s de questions-guides qui permettent de\u00a0 r\u00e9fl\u00e9chir \u00e0 la notion d\u2019adolescence et \u00e0 une s\u00e9rie de th\u00e9matiques embl\u00e9matiques de cette p\u00e9riode d\u00e9veloppementale. Nous sommes convaincus, conform\u00e9ment \u00e0 l\u2019id\u00e9e avanc\u00e9e par Duckworth et Hoover-Suszek (1976, p. 601\u00a0; pionniers de l\u2019utilisation de films dans l\u2019enseignement de la psychologie de l\u2019adolescence), que \u00ab\u00a0la compr\u00e9hension compl\u00e8te n\u2019\u00e9mane pas uniquement de l\u2019apprentissage factuel, mais aussi d\u2019une attitude empathique (<em>to empathize<\/em>) vis \u00e0 vis de personnages\u00a0[de fiction]\u00a0\u00bb et esp\u00e9rons que ces extraits vid\u00e9os alimenteront vos r\u00e9flexions et susciteront votre curiosit\u00e9 cin\u00e9matographique.<\/p>\n<p>Bonne visite !<\/p>\n<p style=\"text-align: justify\">A propos du lien entre adolescence et cin\u00e9ma, lire l&rsquo;introduction de la revue Eclipses, <a href=\"https:\/\/wp.unil.ch\/psyado\/bienvenue\/figures-de-ladolescence\/\" rel=\"attachment wp-att-606\">Figures de l&rsquo;adolescence<\/a><\/p>\n","protected":false},"excerpt":{"rendered":"<p>\u201cIf it can be written, or thought, it can be filmed\u201c (Stanley Kubrick) L\u2019adolescence et la jeunesse ont toujours \u00e9t\u00e9 une source d\u2019inspiration pour le cin\u00e9ma. Depuis ses d\u00e9buts, qui co\u00efncident d\u2019ailleurs avec la \u00ab\u00a0naissance\u00a0\u00bb du concept d\u2019adolescence au tournant<\/p>\n","protected":false},"author":515,"featured_media":0,"parent":0,"menu_order":0,"comment_status":"closed","ping_status":"closed","template":"","meta":{"_seopress_robots_primary_cat":"","_seopress_titles_title":"","_seopress_titles_desc":"","_seopress_robots_index":"","footnotes":""},"class_list":["post-18","page","type-page","status-publish"],"_links":{"self":[{"href":"https:\/\/wp.unil.ch\/psyado\/wp-json\/wp\/v2\/pages\/18","targetHints":{"allow":["GET"]}}],"collection":[{"href":"https:\/\/wp.unil.ch\/psyado\/wp-json\/wp\/v2\/pages"}],"about":[{"href":"https:\/\/wp.unil.ch\/psyado\/wp-json\/wp\/v2\/types\/page"}],"author":[{"embeddable":true,"href":"https:\/\/wp.unil.ch\/psyado\/wp-json\/wp\/v2\/users\/515"}],"replies":[{"embeddable":true,"href":"https:\/\/wp.unil.ch\/psyado\/wp-json\/wp\/v2\/comments?post=18"}],"version-history":[{"count":0,"href":"https:\/\/wp.unil.ch\/psyado\/wp-json\/wp\/v2\/pages\/18\/revisions"}],"wp:attachment":[{"href":"https:\/\/wp.unil.ch\/psyado\/wp-json\/wp\/v2\/media?parent=18"}],"curies":[{"name":"wp","href":"https:\/\/api.w.org\/{rel}","templated":true}]}}