{"id":1794,"date":"2019-05-20T12:24:26","date_gmt":"2019-05-20T10:24:26","guid":{"rendered":"http:\/\/wp.unil.ch\/psyado\/?page_id=1794"},"modified":"2019-05-20T12:30:59","modified_gmt":"2019-05-20T10:30:59","slug":"mid90s","status":"publish","type":"page","link":"https:\/\/wp.unil.ch\/psyado\/films-conseilles\/mid90s\/","title":{"rendered":"mid90s"},"content":{"rendered":"<p><img alt=\"\" loading=\"lazy\" decoding=\"async\" class=\"wp-image-649 alignleft\" src=\"https:\/\/wp.unil.ch\/psyado\/files\/2019\/05\/mid90_affiche-2.jpg\" alt=\"\" width=\"90\" height=\"110\" \/><em> Film de Jonah Hill<br \/>\nDate de sortie: 24 avril 2019<br \/>\nAvec Sunny Suljic, Katherine Waterston, Lucas Hedges, Na-kel Smith, Olan Prenatt <\/em><\/p>\n<p>Dans un Los Angeles des ann\u00e9es 90 tr\u00e8s b\u00e9tonn\u00e9, Stevie (formidable Sunny Suljic !), 13 ans, a du mal a trouver sa place. Seul et d\u00e9connect\u00e9 de sa m\u00e8re et de son fr\u00e8re qui le rudoie, il ne demande pas grand chose&#8230; un geste, un regard qui lui confirmerait qu&rsquo;il existe socialement.<\/p>\n<p>Sur un sujet archi-balis\u00e9 par ses illustres pr\u00e9d\u00e9cesseurs (Larry Clark, Gus Van Sant), Jonah Hill, pour son premier long-m\u00e9trage, tire pourtant son \u00e9pingle du jeu en offrant un portrait d\u00e9pouill\u00e9 d&rsquo;un jeune gar\u00e7on attachant marqu\u00e9 par un besoin visc\u00e9ral d\u2019appartenir \u00e0 un groupe et d&rsquo;\u00eatre reconnu par ses pairs. Sans ang\u00e9lisme, ni pathos, cette br\u00e8ve chronique parvient \u00e0 saisir avec une justesse inou\u00efe l&rsquo;instant du passage de l&rsquo;enfance \u00e0 l&rsquo;adolescence (G. Zimmermann).<\/p>\n","protected":false},"excerpt":{"rendered":"<p>Film de Jonah Hill Date de sortie: 24 avril 2019 Avec Sunny Suljic, Katherine Waterston, Lucas Hedges, Na-kel Smith, Olan Prenatt Dans un Los Angeles des ann\u00e9es 90 tr\u00e8s b\u00e9tonn\u00e9, Stevie (formidable Sunny Suljic !), 13 ans, a du mal<\/p>\n","protected":false},"author":515,"featured_media":0,"parent":92,"menu_order":0,"comment_status":"closed","ping_status":"closed","template":"","meta":{"_seopress_robots_primary_cat":"","_seopress_titles_title":"","_seopress_titles_desc":"","_seopress_robots_index":"","footnotes":""},"class_list":["post-1794","page","type-page","status-publish"],"_links":{"self":[{"href":"https:\/\/wp.unil.ch\/psyado\/wp-json\/wp\/v2\/pages\/1794","targetHints":{"allow":["GET"]}}],"collection":[{"href":"https:\/\/wp.unil.ch\/psyado\/wp-json\/wp\/v2\/pages"}],"about":[{"href":"https:\/\/wp.unil.ch\/psyado\/wp-json\/wp\/v2\/types\/page"}],"author":[{"embeddable":true,"href":"https:\/\/wp.unil.ch\/psyado\/wp-json\/wp\/v2\/users\/515"}],"replies":[{"embeddable":true,"href":"https:\/\/wp.unil.ch\/psyado\/wp-json\/wp\/v2\/comments?post=1794"}],"version-history":[{"count":0,"href":"https:\/\/wp.unil.ch\/psyado\/wp-json\/wp\/v2\/pages\/1794\/revisions"}],"up":[{"embeddable":true,"href":"https:\/\/wp.unil.ch\/psyado\/wp-json\/wp\/v2\/pages\/92"}],"wp:attachment":[{"href":"https:\/\/wp.unil.ch\/psyado\/wp-json\/wp\/v2\/media?parent=1794"}],"curies":[{"name":"wp","href":"https:\/\/api.w.org\/{rel}","templated":true}]}}