{"id":1636,"date":"2016-04-07T13:53:26","date_gmt":"2016-04-07T11:53:26","guid":{"rendered":"http:\/\/wp.unil.ch\/psyado\/?page_id=1636"},"modified":"2021-03-08T18:02:08","modified_gmt":"2021-03-08T17:02:08","slug":"electroboy","status":"publish","type":"page","link":"https:\/\/wp.unil.ch\/psyado\/films-conseilles\/electroboy\/","title":{"rendered":"Electroboy"},"content":{"rendered":"<p><img alt=\"\" loading=\"lazy\" decoding=\"async\" class=\"wp-image-649 alignleft\" src=\"https:\/\/wp.unil.ch\/psyado\/files\/2016\/03\/electroboy.jpg\" alt=\"\" width=\"90\" height=\"110\" \/><em>Film documentaire de Marcel Gisler &#8211; Prix du cin\u00e9ma Suisse, 2015 (meilleur documentaire)<br \/>\nDate de sortie: 9 ao\u00fbt 2014, semaine de la critique, Festival du film de Locarno &#8211; disponible en streaming gratuitement sur la plate-forme \u00ab\u00a0Play Suisse\u00a0\u00bb<br \/>\nAvec Claudius Burkhardt, Florian Burkhardt, Hildegard Burkhardt, Urs Keller, Urs Althaus, Gregory David Mayo, Theophil Butz, Peter J. Burkhardt<\/em><\/p>\n<p>A 20 ans, Florian Burkhardt quitte une Suisse \u00e9triqu\u00e9e et \u00e9touffante pour Hollywood. Tr\u00e8s vite, il encha\u00eenera les succ\u00e8s : top model pour les couturiers les plus prestigieux, ic\u00f4ne de photographes c\u00e9l\u00e8bres et organisateur de soir\u00e9es gigantesques sous le nom d&rsquo;Electroboy. Mais cette fuite n&#8217;emp\u00eachera pas le pass\u00e9 de ressurgir.<\/p>\n<p>En 113 petites minutes, Marcel Gisler brosse le portrait captivant de Florian Burckart qui quitte la Suisse et un environnement familial \u00e9touffant en qu\u00eate de gloire, de reconnaissance et de lui-m\u00eame. Aujourd&rsquo;hui anonyme et reclus, Florian porte un regard lucide sur son destin hors du commun. Un document unique sur les al\u00e9as de la construction identitaire, les impacts de l\u2019hyper-contr\u00f4le du mod\u00e8le parental traditionnel et les leurres de la gloire \u00e9ph\u00e9m\u00e8re et virtuelle. Saisissant ! A voir absolument ! (G. Zimmermann).<\/p>\n","protected":false},"excerpt":{"rendered":"<p>Film documentaire de Marcel Gisler &#8211; Prix du cin\u00e9ma Suisse, 2015 (meilleur documentaire) Date de sortie: 9 ao\u00fbt 2014, semaine de la critique, Festival du film de Locarno &#8211; disponible en streaming gratuitement sur la plate-forme \u00ab\u00a0Play Suisse\u00a0\u00bb Avec Claudius<\/p>\n","protected":false},"author":515,"featured_media":0,"parent":92,"menu_order":1,"comment_status":"closed","ping_status":"closed","template":"","meta":{"_seopress_robots_primary_cat":"","_seopress_titles_title":"","_seopress_titles_desc":"","_seopress_robots_index":"","footnotes":""},"class_list":["post-1636","page","type-page","status-publish"],"_links":{"self":[{"href":"https:\/\/wp.unil.ch\/psyado\/wp-json\/wp\/v2\/pages\/1636","targetHints":{"allow":["GET"]}}],"collection":[{"href":"https:\/\/wp.unil.ch\/psyado\/wp-json\/wp\/v2\/pages"}],"about":[{"href":"https:\/\/wp.unil.ch\/psyado\/wp-json\/wp\/v2\/types\/page"}],"author":[{"embeddable":true,"href":"https:\/\/wp.unil.ch\/psyado\/wp-json\/wp\/v2\/users\/515"}],"replies":[{"embeddable":true,"href":"https:\/\/wp.unil.ch\/psyado\/wp-json\/wp\/v2\/comments?post=1636"}],"version-history":[{"count":0,"href":"https:\/\/wp.unil.ch\/psyado\/wp-json\/wp\/v2\/pages\/1636\/revisions"}],"up":[{"embeddable":true,"href":"https:\/\/wp.unil.ch\/psyado\/wp-json\/wp\/v2\/pages\/92"}],"wp:attachment":[{"href":"https:\/\/wp.unil.ch\/psyado\/wp-json\/wp\/v2\/media?parent=1636"}],"curies":[{"name":"wp","href":"https:\/\/api.w.org\/{rel}","templated":true}]}}