{"id":1614,"date":"2015-06-29T17:33:37","date_gmt":"2015-06-29T15:33:37","guid":{"rendered":"http:\/\/wp.unil.ch\/psyado\/?page_id=1614"},"modified":"2017-11-24T10:40:34","modified_gmt":"2017-11-24T09:40:34","slug":"le-monde-de-charlie-the-perks-of-being-a-wallflower","status":"publish","type":"page","link":"https:\/\/wp.unil.ch\/psyado\/films-conseilles\/le-monde-de-charlie-the-perks-of-being-a-wallflower\/","title":{"rendered":"Le Monde de Charlie (The Perks of Being a Wallflower)"},"content":{"rendered":"<p><a href=\"https:\/\/wp.unil.ch\/psyado\/files\/2015\/06\/the-perks-of-being-a-wallflower.jpg\"><img alt=\"\" loading=\"lazy\" decoding=\"async\" class=\"wp-image-649 alignleft\" src=\"https:\/\/wp.unil.ch\/psyado\/files\/2015\/06\/the-perks-of-being-a-wallflower.jpg\" alt=\"\" width=\"90\" height=\"110\" \/><\/a><em>Film de Stephen Chbosky (adapt\u00e9 de son propre roman \u00e9ponyme)<\/em><br \/>\n<em>Date de sortie: 21 septembre 2012<\/em><br \/>\n<em>Avec Logan Lerman, Emma Watson, Ezra Miller<\/em><br \/>\n<em>Ouverture du Toronto Film Festival, 8 septembre 2012<\/em><\/p>\n<p style=\"text-align: justify\">Au lyc\u00e9e o\u00f9 il vient d\u2019arriver, on trouve Charlie bizarre. Sa sensibilit\u00e9 et ses go\u00fbts sont en d\u00e9calage avec ceux de ses camarades de classe. Pour son prof de Lettres, c\u2019est sans doute un prodige, pour les autres, c\u2019est juste un \u00ab\u00a0loser\u00a0\u00bb. En attendant, il reste en marge &#8211; jusqu\u2019au jour o\u00f9 deux terminales, Patrick et la jolie Sam, le prennent sous leur aile. Gr\u00e2ce \u00e0 eux, il va d\u00e9couvrir la musique, les f\u00eates, l&rsquo;amour\u2026 pour Charlie, un nouveau monde s\u2019offre \u00e0 lui (allocine.fr)<\/p>\n<p style=\"text-align: justify\">Le monde de Charlie est un portrait touchant et \u00e9mouvant de la jeunesse am\u00e9ricaine et des difficult\u00e9s d&rsquo;int\u00e9gration au lyc\u00e9e. Charlie va avoir la chance de rencontrer deux \u00e9l\u00e8ves de terminal \u00ab\u00a0pas comme les autres\u00a0\u00bb qui vont lui permettre de se d\u00e9couvrir. Derri\u00e8re ce sc\u00e9nario, qui peut para\u00eetre un peu simpliste, se cachent des situations profondes comme l&rsquo;importance de l&rsquo;amiti\u00e9, la puissance de l&rsquo;amour, la n\u00e9cessit\u00e9 de communication ou encore les ravages du regard d&rsquo;autrui. Ce film explore le chemin douloureux vers l&rsquo;acceptation de soi et pose une question centrale: \u00ab\u00a0A quel moment devenons-nous un adulte ?\u00a0\u00bb (Marion Morel, \u00e9tudiante de MSc en psychologie, mai 2015).<\/p>\n<p>&nbsp;<\/p>\n","protected":false},"excerpt":{"rendered":"<p>Film de Stephen Chbosky (adapt\u00e9 de son propre roman \u00e9ponyme) Date de sortie: 21 septembre 2012 Avec Logan Lerman, Emma Watson, Ezra Miller Ouverture du Toronto Film Festival, 8 septembre 2012 Au lyc\u00e9e o\u00f9 il vient d\u2019arriver, on trouve Charlie<\/p>\n","protected":false},"author":515,"featured_media":0,"parent":92,"menu_order":3,"comment_status":"closed","ping_status":"closed","template":"","meta":{"_seopress_robots_primary_cat":"","_seopress_titles_title":"","_seopress_titles_desc":"","_seopress_robots_index":"","footnotes":""},"class_list":["post-1614","page","type-page","status-publish"],"_links":{"self":[{"href":"https:\/\/wp.unil.ch\/psyado\/wp-json\/wp\/v2\/pages\/1614","targetHints":{"allow":["GET"]}}],"collection":[{"href":"https:\/\/wp.unil.ch\/psyado\/wp-json\/wp\/v2\/pages"}],"about":[{"href":"https:\/\/wp.unil.ch\/psyado\/wp-json\/wp\/v2\/types\/page"}],"author":[{"embeddable":true,"href":"https:\/\/wp.unil.ch\/psyado\/wp-json\/wp\/v2\/users\/515"}],"replies":[{"embeddable":true,"href":"https:\/\/wp.unil.ch\/psyado\/wp-json\/wp\/v2\/comments?post=1614"}],"version-history":[{"count":0,"href":"https:\/\/wp.unil.ch\/psyado\/wp-json\/wp\/v2\/pages\/1614\/revisions"}],"up":[{"embeddable":true,"href":"https:\/\/wp.unil.ch\/psyado\/wp-json\/wp\/v2\/pages\/92"}],"wp:attachment":[{"href":"https:\/\/wp.unil.ch\/psyado\/wp-json\/wp\/v2\/media?parent=1614"}],"curies":[{"name":"wp","href":"https:\/\/api.w.org\/{rel}","templated":true}]}}