{"id":1606,"date":"2016-04-07T12:44:58","date_gmt":"2016-04-07T10:44:58","guid":{"rendered":"http:\/\/wp.unil.ch\/psyado\/?page_id=1606"},"modified":"2017-11-24T10:43:58","modified_gmt":"2017-11-24T09:43:58","slug":"tomboy","status":"publish","type":"page","link":"https:\/\/wp.unil.ch\/psyado\/films-conseilles\/tomboy\/","title":{"rendered":"Tomboy"},"content":{"rendered":"<p><a href=\"https:\/\/wp.unil.ch\/psyado\/files\/2015\/03\/tomboy_affiche2.jpg\"><img alt=\"\" loading=\"lazy\" decoding=\"async\" class=\"wp-image-649 alignleft\" src=\"https:\/\/wp.unil.ch\/psyado\/files\/2015\/03\/tomboy_affiche2.jpg\" alt=\"\" width=\"90\" height=\"110\" \/><\/a><em>Film de C\u00e9line Sciamma &#8211; Prix du public, Panorama du cin\u00e9ma europ\u00e9en de Meyzieux 2011 \/ Prix de la meilleure actrice (Zo\u00e9 H\u00e9ran), BACFI, Buenos Aires, 2012<\/em><br \/>\n<em> Date de sortie: 21 avril 2011<\/em><br \/>\n<em> Avec Zo\u00e9 H\u00e9ran, Malonn L\u00e9vana, Jeanne Disson, Mathieu Demy<\/em><\/p>\n<p>\u00ab\u00a0Tomboy\u00a0\u00bb (gar\u00e7on manqu\u00e9), c&rsquo;est l&rsquo;histoire de Laure, 10 ans, qui le temps d&rsquo;un \u00e9t\u00e9 va faire croire \u00e0 ses nouveaux voisins qu&rsquo;elle est un gar\u00e7on pr\u00e9nomm\u00e9 Micha\u00ebl. Tout le monde tombe dans le panneau, y compris Lisa qui en tombe amoureuse. Laure profite de sa nouvelle identit\u00e9 comme si la fin de l\u2019\u00e9t\u00e9 n\u2019allait jamais r\u00e9v\u00e9ler son troublant secret.<\/p>\n<p>Apr\u00e8s \u00ab\u00a0La naissance des pieuvres\u00a0\u00bb (2007), C\u00e9line Sciamma r\u00e9ussit une nouvelle fois un tour de force avec ce deuxi\u00e8me film en abordant un sujet rarement abord\u00e9 au cin\u00e9ma. Film\u00e9 dans une belle lumi\u00e8re d&rsquo;\u00e9t\u00e9, Tomboy aborde pudiquement et d\u00e9licatement la question de l&rsquo;identit\u00e9 de genre sans \u00e9viter toutefois la gravit\u00e9 de certaines situations. Non orient\u00e9 vers une compr\u00e9hension psychologique, le film utilise les ressorts d&rsquo;un film \u00e0 suspense en permettant au spectateur complice de s&rsquo;interroger sur ce qu&rsquo;est une fille, ce qu&rsquo;est un gar\u00e7on et rappelle l&rsquo;importance du regard de l&rsquo;autre dans la d\u00e9finition de soi (G. Zimmermann).<\/p>\n<p>\u00ab Ils ont vu ce qu\u2019ils voulaient voir, n\u2019ont pas vu ce qu\u2019il fallait voir. \u00bb (J.M. Lalanne, Les Inrockuptibles, 19 avril 2011).<\/p>\n","protected":false},"excerpt":{"rendered":"<p>Film de C\u00e9line Sciamma &#8211; Prix du public, Panorama du cin\u00e9ma europ\u00e9en de Meyzieux 2011 \/ Prix de la meilleure actrice (Zo\u00e9 H\u00e9ran), BACFI, Buenos Aires, 2012 Date de sortie: 21 avril 2011 Avec Zo\u00e9 H\u00e9ran, Malonn L\u00e9vana, Jeanne Disson,<\/p>\n","protected":false},"author":515,"featured_media":0,"parent":92,"menu_order":6,"comment_status":"closed","ping_status":"closed","template":"","meta":{"_seopress_robots_primary_cat":"","_seopress_titles_title":"","_seopress_titles_desc":"","_seopress_robots_index":"","footnotes":""},"class_list":["post-1606","page","type-page","status-publish"],"_links":{"self":[{"href":"https:\/\/wp.unil.ch\/psyado\/wp-json\/wp\/v2\/pages\/1606","targetHints":{"allow":["GET"]}}],"collection":[{"href":"https:\/\/wp.unil.ch\/psyado\/wp-json\/wp\/v2\/pages"}],"about":[{"href":"https:\/\/wp.unil.ch\/psyado\/wp-json\/wp\/v2\/types\/page"}],"author":[{"embeddable":true,"href":"https:\/\/wp.unil.ch\/psyado\/wp-json\/wp\/v2\/users\/515"}],"replies":[{"embeddable":true,"href":"https:\/\/wp.unil.ch\/psyado\/wp-json\/wp\/v2\/comments?post=1606"}],"version-history":[{"count":0,"href":"https:\/\/wp.unil.ch\/psyado\/wp-json\/wp\/v2\/pages\/1606\/revisions"}],"up":[{"embeddable":true,"href":"https:\/\/wp.unil.ch\/psyado\/wp-json\/wp\/v2\/pages\/92"}],"wp:attachment":[{"href":"https:\/\/wp.unil.ch\/psyado\/wp-json\/wp\/v2\/media?parent=1606"}],"curies":[{"name":"wp","href":"https:\/\/api.w.org\/{rel}","templated":true}]}}