{"id":1588,"date":"2014-02-06T14:39:23","date_gmt":"2014-02-06T13:39:23","guid":{"rendered":"http:\/\/wp.unil.ch\/psyado\/?page_id=1588"},"modified":"2017-11-24T10:51:48","modified_gmt":"2017-11-24T09:51:48","slug":"xxy","status":"publish","type":"page","link":"https:\/\/wp.unil.ch\/psyado\/films-conseilles\/xxy\/","title":{"rendered":"XXY"},"content":{"rendered":"<p><a href=\"https:\/\/wp.unil.ch\/psyado\/files\/2014\/02\/XXY_affiche.jpg\"><img alt=\"\" loading=\"lazy\" decoding=\"async\" class=\"wp-image-649 alignleft\" src=\"https:\/\/wp.unil.ch\/psyado\/files\/2014\/02\/XXY_affiche.jpg\" alt=\"\" width=\"90\" height=\"110\" \/><\/a><em>Film de Lucia Puenzo<\/em><br \/>\n<em> Date de sortie: 26 d\u00e9cembre 2007<\/em><br \/>\n<em> Avec In\u00e9s Efron, Mart\u00edn Piroyansky, Ricardo Dar\u00edn, Valeria Bertuccelli<\/em><br \/>\n<em> Grand Prix de la Semaine de la Critique, Cannes 2007<\/em><\/p>\n<p style=\"text-align: justify\">Alex, une adolescente de 15 ans, a un secret. Peu apr\u00e8s sa naissance, ses parents ont d\u00e9cid\u00e9 de quitter Buenos Aires pour aller s&rsquo;installer dans un endroit perdu sur la c\u00f4te urugayenne. Le film d\u00e9bute avec l&rsquo;arriv\u00e9e d&rsquo;un couple d&rsquo;amis venus de Buenos Aires, accompagn\u00e9s d&rsquo;Alvaro, leur fils de 16 ans. Une attirance va na\u00eetre entre les deux adolescents qui va tous les obliger \u00e0 affronter leurs peurs et \u00e0 se questionner sur leur identit\u00e9&#8230;.<\/p>\n<p style=\"text-align: justify\">Film argentin tr\u00e8s r\u00e9ussi sur un sujet d\u00e9licat. A travers le portrait d&rsquo;un.e adolescent.e \u00ab\u00a0diff\u00e9rent.e\u00a0\u00bb, la r\u00e9alisatrice parvient \u00e0 transcender la singularit\u00e9 du cas d&rsquo;Alex pour d\u00e9crire avec sensibilit\u00e9 la construction de l&rsquo;identit\u00e9 de genre et de l&rsquo;identit\u00e9 sexuelle \u00e0 l&rsquo;adolescence, notamment gr\u00e2ce \u00e0 la rencontre de l&rsquo;autre. Le portrait des parents (en particulier le contraste entre le p\u00e8re d&rsquo;Alex et celui d&rsquo;Alvaro) renvoie en miroir \u00e0 la difficult\u00e9 pour ces derniers d&rsquo;abandonner petit \u00e0 petit leur r\u00f4le protecteur et leurs attentes afin de laisser leurs enfants devenir librement ce qu&rsquo;ils souhaitent \u00eatre (G. Zimmermann).<\/p>\n","protected":false},"excerpt":{"rendered":"<p>Film de Lucia Puenzo Date de sortie: 26 d\u00e9cembre 2007 Avec In\u00e9s Efron, Mart\u00edn Piroyansky, Ricardo Dar\u00edn, Valeria Bertuccelli Grand Prix de la Semaine de la Critique, Cannes 2007 Alex, une adolescente de 15 ans, a un secret. Peu apr\u00e8s<\/p>\n","protected":false},"author":515,"featured_media":0,"parent":92,"menu_order":8,"comment_status":"closed","ping_status":"closed","template":"","meta":{"_seopress_robots_primary_cat":"","_seopress_titles_title":"","_seopress_titles_desc":"","_seopress_robots_index":"","footnotes":""},"class_list":["post-1588","page","type-page","status-publish"],"_links":{"self":[{"href":"https:\/\/wp.unil.ch\/psyado\/wp-json\/wp\/v2\/pages\/1588","targetHints":{"allow":["GET"]}}],"collection":[{"href":"https:\/\/wp.unil.ch\/psyado\/wp-json\/wp\/v2\/pages"}],"about":[{"href":"https:\/\/wp.unil.ch\/psyado\/wp-json\/wp\/v2\/types\/page"}],"author":[{"embeddable":true,"href":"https:\/\/wp.unil.ch\/psyado\/wp-json\/wp\/v2\/users\/515"}],"replies":[{"embeddable":true,"href":"https:\/\/wp.unil.ch\/psyado\/wp-json\/wp\/v2\/comments?post=1588"}],"version-history":[{"count":0,"href":"https:\/\/wp.unil.ch\/psyado\/wp-json\/wp\/v2\/pages\/1588\/revisions"}],"up":[{"embeddable":true,"href":"https:\/\/wp.unil.ch\/psyado\/wp-json\/wp\/v2\/pages\/92"}],"wp:attachment":[{"href":"https:\/\/wp.unil.ch\/psyado\/wp-json\/wp\/v2\/media?parent=1588"}],"curies":[{"name":"wp","href":"https:\/\/api.w.org\/{rel}","templated":true}]}}