{"id":1568,"date":"2013-10-07T16:04:25","date_gmt":"2013-10-07T14:04:25","guid":{"rendered":"http:\/\/wp.unil.ch\/psyado\/?page_id=1568"},"modified":"2017-11-24T10:39:06","modified_gmt":"2017-11-24T09:39:06","slug":"jeune-jolie","status":"publish","type":"page","link":"https:\/\/wp.unil.ch\/psyado\/films-conseilles\/jeune-jolie\/","title":{"rendered":"Jeune &amp; Jolie"},"content":{"rendered":"<p><img alt=\"\" loading=\"lazy\" decoding=\"async\" class=\"wp-image-649 alignleft\" src=\"https:\/\/wp.unil.ch\/psyado\/files\/2013\/10\/jeune-et-jolie-affiche.jpg\" alt=\"\" width=\"90\" height=\"110\" \/><em>Film de Fran\u00e7ois Ozon<\/em><br \/>\n<em> Date de sortie: 21 ao\u00fbt 2013<\/em><br \/>\n<em> Avec Marine Vacht, G\u00e9raldine Pailhas, Fr\u00e9d\u00e9ric Pierrot, Charlotte Rampling, Johan Leysen<\/em><br \/>\n<em> S\u00e9lection officielle, Cannes 2013, Comp\u00e9tition officielle<\/em><\/p>\n<p style=\"text-align: justify\">Le portrait d\u2019une adolescente de 17 ans en 4 saisons et 4 chansons de Fran\u00e7oise Hardy. A son retour de vacances, Isabelle (Marine Vacht), jeune fille de bonne famille, d\u00e9cide de s&rsquo;adonner \u00e0 des relations sexuelles tarif\u00e9es.<\/p>\n<p style=\"text-align: justify\">Fran\u00e7ois Ozon, au sommet de son art, filme avec \u00e9l\u00e9gance et fluidit\u00e9 une adolescente au regard profond et m\u00e9lancolique qui se prostitue, et r\u00e9v\u00e8le de plein fouet les faiblesses de l\u2019\u00e2ge adulte qui lui tend les bras. Le film par sa mise en sc\u00e8ne respecte le souhait d\u2019Isabelle de ne pas \u00eatre comprise au moment m\u00eame o\u00f9 elle se cherche (qu\u00eate identitaire) et tente de se d\u00e9prendre de son environnement familial. Par son absence d\u2019explication rassurante, Ozon frustre le spectateur adulte (il suffit pour s&rsquo;en convaincre de lire les multiples interpr\u00e9tations du comportement d&rsquo;Isabelle propos\u00e9es par les critiques et sp\u00e9cialistes de l&rsquo;adolescence visiblement troubl\u00e9s par cette absence&#8230;), et lui rappelle, comme le dit Isabelle \u00e0 son psy, que l\u2019adolescence, c\u2019est avant tout une exp\u00e9rience (G. Zimmermann).<\/p>\n","protected":false},"excerpt":{"rendered":"<p>Film de Fran\u00e7ois Ozon Date de sortie: 21 ao\u00fbt 2013 Avec Marine Vacht, G\u00e9raldine Pailhas, Fr\u00e9d\u00e9ric Pierrot, Charlotte Rampling, Johan Leysen S\u00e9lection officielle, Cannes 2013, Comp\u00e9tition officielle Le portrait d\u2019une adolescente de 17 ans en 4 saisons et 4 chansons<\/p>\n","protected":false},"author":515,"featured_media":0,"parent":92,"menu_order":2,"comment_status":"closed","ping_status":"closed","template":"","meta":{"_seopress_robots_primary_cat":"","_seopress_titles_title":"","_seopress_titles_desc":"","_seopress_robots_index":"","footnotes":""},"class_list":["post-1568","page","type-page","status-publish"],"_links":{"self":[{"href":"https:\/\/wp.unil.ch\/psyado\/wp-json\/wp\/v2\/pages\/1568","targetHints":{"allow":["GET"]}}],"collection":[{"href":"https:\/\/wp.unil.ch\/psyado\/wp-json\/wp\/v2\/pages"}],"about":[{"href":"https:\/\/wp.unil.ch\/psyado\/wp-json\/wp\/v2\/types\/page"}],"author":[{"embeddable":true,"href":"https:\/\/wp.unil.ch\/psyado\/wp-json\/wp\/v2\/users\/515"}],"replies":[{"embeddable":true,"href":"https:\/\/wp.unil.ch\/psyado\/wp-json\/wp\/v2\/comments?post=1568"}],"version-history":[{"count":0,"href":"https:\/\/wp.unil.ch\/psyado\/wp-json\/wp\/v2\/pages\/1568\/revisions"}],"up":[{"embeddable":true,"href":"https:\/\/wp.unil.ch\/psyado\/wp-json\/wp\/v2\/pages\/92"}],"wp:attachment":[{"href":"https:\/\/wp.unil.ch\/psyado\/wp-json\/wp\/v2\/media?parent=1568"}],"curies":[{"name":"wp","href":"https:\/\/api.w.org\/{rel}","templated":true}]}}