{"id":1543,"date":"2013-02-04T17:00:57","date_gmt":"2013-02-04T16:00:57","guid":{"rendered":"http:\/\/wp.unil.ch\/psyado\/?page_id=1543"},"modified":"2017-11-24T10:41:33","modified_gmt":"2017-11-24T09:41:33","slug":"un-amour-de-jeunesse","status":"publish","type":"page","link":"https:\/\/wp.unil.ch\/psyado\/films-conseilles\/un-amour-de-jeunesse\/","title":{"rendered":"Un amour de jeunesse"},"content":{"rendered":"<p><a href=\"https:\/\/wp.unil.ch\/psyado\/files\/2013\/02\/affice_un_amour_de_jeunesse.jpg\"><img alt=\"\" loading=\"lazy\" decoding=\"async\" class=\"wp-image-649 alignleft\" src=\"https:\/\/wp.unil.ch\/psyado\/files\/2013\/02\/affice_un_amour_de_jeunesse.jpg\" alt=\"\" width=\"90\" height=\"110\" \/><\/a><em>Film de Mia Hansen L\u00f8ve<\/em><br \/>\n<em>Date de sortie: 6 juillet 2011<\/em><br \/>\n<em>Avec Lola Creton, Sebastian Urzendowsky, Magne Havard Brekke<\/em><br \/>\n<em>R\u00e9compense: Mention sp\u00e9ciale, Comp\u00e9tition internationale, Festival de Locarno 2011<\/em><\/p>\n<p>Camille (Lola Creton) a 15 ans, Sullivan (Sebastian Urzendowsky) en a 19. Camille est \u00e9perdument amoureuse de Sullivan, mais \u00e0 la fin de l\u2019\u00e9t\u00e9, Sullivan d\u00e9cide de partir un an en Am\u00e9rique du sud&#8230;<\/p>\n<p>Avec sensibilit\u00e9 et d\u00e9licatesse, Mia Hansen L\u00f8ve filme \u00e0 hauteur d&rsquo;\u00e9paule la transition \u00e0 l&rsquo;\u00e2ge adulte et la construction identitaire de Camille qui doit faire face \u00e0 un v\u00e9ritable s\u00e9isme \u00e9motionnel suite au d\u00e9part de Sullivan. Ce film propose une magnifique \u00e9vocation du premier amour et des traces parfois douloureuses que ce dernier va laisser (G. Zimmermann).<\/p>\n","protected":false},"excerpt":{"rendered":"<p>Film de Mia Hansen L\u00f8ve Date de sortie: 6 juillet 2011 Avec Lola Creton, Sebastian Urzendowsky, Magne Havard Brekke R\u00e9compense: Mention sp\u00e9ciale, Comp\u00e9tition internationale, Festival de Locarno 2011 Camille (Lola Creton) a 15 ans, Sullivan (Sebastian Urzendowsky) en a 19.<\/p>\n","protected":false},"author":515,"featured_media":0,"parent":92,"menu_order":4,"comment_status":"closed","ping_status":"closed","template":"","meta":{"_seopress_robots_primary_cat":"","_seopress_titles_title":"","_seopress_titles_desc":"","_seopress_robots_index":"","footnotes":""},"class_list":["post-1543","page","type-page","status-publish"],"_links":{"self":[{"href":"https:\/\/wp.unil.ch\/psyado\/wp-json\/wp\/v2\/pages\/1543","targetHints":{"allow":["GET"]}}],"collection":[{"href":"https:\/\/wp.unil.ch\/psyado\/wp-json\/wp\/v2\/pages"}],"about":[{"href":"https:\/\/wp.unil.ch\/psyado\/wp-json\/wp\/v2\/types\/page"}],"author":[{"embeddable":true,"href":"https:\/\/wp.unil.ch\/psyado\/wp-json\/wp\/v2\/users\/515"}],"replies":[{"embeddable":true,"href":"https:\/\/wp.unil.ch\/psyado\/wp-json\/wp\/v2\/comments?post=1543"}],"version-history":[{"count":0,"href":"https:\/\/wp.unil.ch\/psyado\/wp-json\/wp\/v2\/pages\/1543\/revisions"}],"up":[{"embeddable":true,"href":"https:\/\/wp.unil.ch\/psyado\/wp-json\/wp\/v2\/pages\/92"}],"wp:attachment":[{"href":"https:\/\/wp.unil.ch\/psyado\/wp-json\/wp\/v2\/media?parent=1543"}],"curies":[{"name":"wp","href":"https:\/\/api.w.org\/{rel}","templated":true}]}}