{"id":1511,"date":"2012-08-09T11:55:27","date_gmt":"2012-08-09T09:55:27","guid":{"rendered":"http:\/\/wp.unil.ch\/psyado\/?page_id=1511"},"modified":"2017-11-24T10:42:38","modified_gmt":"2017-11-24T09:42:38","slug":"restless","status":"publish","type":"page","link":"https:\/\/wp.unil.ch\/psyado\/films-conseilles\/restless\/","title":{"rendered":"Restless"},"content":{"rendered":"<p><a href=\"https:\/\/wp.unil.ch\/psyado\/files\/2012\/08\/affiche_restless.jpg\"><img alt=\"\" loading=\"lazy\" decoding=\"async\" class=\"wp-image-649 alignleft\" src=\"https:\/\/wp.unil.ch\/psyado\/files\/2012\/08\/affiche_restless.jpg\" alt=\"\" width=\"90\" height=\"110\" \/><\/a><em>Film de Gus Van Sant<br \/>\nDate de sortie: 21 septembre 2011<br \/>\nAvec Henry Hopper, Mia Wasikowska, Ryo Kase<br \/>\nS\u00e9lection officielle, Cannes 2011, Un Certain Regard<\/em><\/p>\n<p>Enoch Brae (Henry Hopper) est un adolescent tourment\u00e9 suite au d\u00e9c\u00e8s tragique de ses parents. A l&rsquo;instar, du h\u00e9ros d&rsquo;Harold et Maude, il fr\u00e9quente assid\u00fbment les c\u00e9r\u00e9monies fun\u00e9raires et croise Annabel Cotton (Mia Wasikowska) lors d&rsquo;un enterrement.<\/p>\n<p>Film doux et amer o\u00f9 deux adolescents s&rsquo;unissent pour se jouer de la mort qui les guette ou les hante. Gus Van Sant filme un sujet difficile sans pathos, par petites touches subtiles et nous donne \u00e0 voir un portrait r\u00e9jouissant de deux adolescents jamais \u00e0 court de cr\u00e9ativit\u00e9 et de ressources.<\/p>\n<p>Gus Van Sant est un v\u00e9ritable impressionniste cin\u00e9matographique de l&rsquo;adolescence (G. Zimmermann).<\/p>\n","protected":false},"excerpt":{"rendered":"<p>Film de Gus Van Sant Date de sortie: 21 septembre 2011 Avec Henry Hopper, Mia Wasikowska, Ryo Kase S\u00e9lection officielle, Cannes 2011, Un Certain Regard Enoch Brae (Henry Hopper) est un adolescent tourment\u00e9 suite au d\u00e9c\u00e8s tragique de ses parents.<\/p>\n","protected":false},"author":515,"featured_media":0,"parent":92,"menu_order":5,"comment_status":"closed","ping_status":"closed","template":"","meta":{"_seopress_robots_primary_cat":"","_seopress_titles_title":"","_seopress_titles_desc":"","_seopress_robots_index":"","footnotes":""},"class_list":["post-1511","page","type-page","status-publish"],"_links":{"self":[{"href":"https:\/\/wp.unil.ch\/psyado\/wp-json\/wp\/v2\/pages\/1511","targetHints":{"allow":["GET"]}}],"collection":[{"href":"https:\/\/wp.unil.ch\/psyado\/wp-json\/wp\/v2\/pages"}],"about":[{"href":"https:\/\/wp.unil.ch\/psyado\/wp-json\/wp\/v2\/types\/page"}],"author":[{"embeddable":true,"href":"https:\/\/wp.unil.ch\/psyado\/wp-json\/wp\/v2\/users\/515"}],"replies":[{"embeddable":true,"href":"https:\/\/wp.unil.ch\/psyado\/wp-json\/wp\/v2\/comments?post=1511"}],"version-history":[{"count":0,"href":"https:\/\/wp.unil.ch\/psyado\/wp-json\/wp\/v2\/pages\/1511\/revisions"}],"up":[{"embeddable":true,"href":"https:\/\/wp.unil.ch\/psyado\/wp-json\/wp\/v2\/pages\/92"}],"wp:attachment":[{"href":"https:\/\/wp.unil.ch\/psyado\/wp-json\/wp\/v2\/media?parent=1511"}],"curies":[{"name":"wp","href":"https:\/\/api.w.org\/{rel}","templated":true}]}}