{"id":28,"date":"2015-07-24T08:30:03","date_gmt":"2015-07-24T06:30:03","guid":{"rendered":"http:\/\/wp.unil.ch\/prixlemanique\/?page_id=28"},"modified":"2024-03-05T11:07:43","modified_gmt":"2024-03-05T10:07:43","slug":"jury","status":"publish","type":"page","link":"https:\/\/wp.unil.ch\/prixlemanique\/presentation\/jury\/","title":{"rendered":"Jury"},"content":{"rendered":"\n<div class=\"wp-block-columns is-layout-flex wp-container-core-columns-is-layout-9d6595d7 wp-block-columns-is-layout-flex\">\n<div class=\"wp-block-column is-layout-flow wp-block-column-is-layout-flow\">\n<p>Le jury et sa pr\u00e9sidente\/son pr\u00e9sident sont d\u00e9sign\u00e9s par le Conseil de fondation. Les membres du jury sont des sp\u00e9cialistes reconnus dans le domaine de la traduction litt\u00e9raire. Le jury se compose de cinq membres au minimum, \u00e0 savoir la pr\u00e9sidente\/le pr\u00e9sident et deux membres au moins pour chacune des langues. Les diversit\u00e9s culturelles de chacune des cultures doivent \u00eatre repr\u00e9sent\u00e9es. Les d\u00e9cisions du jury sont sans appel.<\/p>\n<\/div>\n\n\n\n<div class=\"wp-block-column is-layout-flow wp-block-column-is-layout-flow\">\n<p>En 2024, le jury \u00e9tait compos\u00e9 de<\/p>\n\n\n\n<p>Mme Ir\u00e8ne Weber Henking, pr\u00e9sidente,<br>Mme Marie Fleury Wullschleger,<br>Mme Marion Graf,<br>Mme Angela Sanmann-Graf,                                        Mme Isabelle Vonlanthen,<br>M. Andreas Jandl,<br>M. St\u00e9phane Pesnel.<br><br><\/p>\n<\/div>\n<\/div>\n\n\n\n<p><\/p>\n","protected":false},"excerpt":{"rendered":"<p>Le jury et sa pr\u00e9sidente\/son pr\u00e9sident sont d\u00e9sign\u00e9s par le Conseil de fondation. Les membres du jury sont des sp\u00e9cialistes reconnus dans le domaine de la traduction litt\u00e9raire. Le jury &hellip; <\/p>\n","protected":false},"author":108,"featured_media":0,"parent":2,"menu_order":0,"comment_status":"closed","ping_status":"closed","template":"","meta":{"_seopress_robots_primary_cat":"","_seopress_titles_title":"","_seopress_titles_desc":"","_seopress_robots_index":"","footnotes":""},"class_list":["post-28","page","type-page","status-publish"],"_links":{"self":[{"href":"https:\/\/wp.unil.ch\/prixlemanique\/wp-json\/wp\/v2\/pages\/28","targetHints":{"allow":["GET"]}}],"collection":[{"href":"https:\/\/wp.unil.ch\/prixlemanique\/wp-json\/wp\/v2\/pages"}],"about":[{"href":"https:\/\/wp.unil.ch\/prixlemanique\/wp-json\/wp\/v2\/types\/page"}],"author":[{"embeddable":true,"href":"https:\/\/wp.unil.ch\/prixlemanique\/wp-json\/wp\/v2\/users\/108"}],"replies":[{"embeddable":true,"href":"https:\/\/wp.unil.ch\/prixlemanique\/wp-json\/wp\/v2\/comments?post=28"}],"version-history":[{"count":2,"href":"https:\/\/wp.unil.ch\/prixlemanique\/wp-json\/wp\/v2\/pages\/28\/revisions"}],"predecessor-version":[{"id":763,"href":"https:\/\/wp.unil.ch\/prixlemanique\/wp-json\/wp\/v2\/pages\/28\/revisions\/763"}],"up":[{"embeddable":true,"href":"https:\/\/wp.unil.ch\/prixlemanique\/wp-json\/wp\/v2\/pages\/2"}],"wp:attachment":[{"href":"https:\/\/wp.unil.ch\/prixlemanique\/wp-json\/wp\/v2\/media?parent=28"}],"curies":[{"name":"wp","href":"https:\/\/api.w.org\/{rel}","templated":true}]}}