{"id":22,"date":"2015-07-24T08:29:13","date_gmt":"2015-07-24T06:29:13","guid":{"rendered":"http:\/\/wp.unil.ch\/prixlemanique\/?page_id=22"},"modified":"2025-02-27T14:43:02","modified_gmt":"2025-02-27T13:43:02","slug":"publications","status":"publish","type":"page","link":"https:\/\/wp.unil.ch\/prixlemanique\/archives\/publications\/","title":{"rendered":"Publications"},"content":{"rendered":"\n<div class=\"wp-block-columns is-layout-flex wp-container-core-columns-is-layout-9d6595d7 wp-block-columns-is-layout-flex\">\n<div class=\"wp-block-column is-layout-flow wp-block-column-is-layout-flow\">\n<p>Depuis 1985 jusqu\u2019en 2012, les allocutions en l\u2019honneur des laur\u00e9ates et laur\u00e9ats et leurs discours de remerciement ont fait l\u2019objet d\u2019une <a rel=\"noreferrer noopener\" href=\"https:\/\/www.unil.ch\/ctl\/home\/menuinst\/publications.html\" target=\"_blank\">publication <\/a>du Centre de traduction litt\u00e9raire de Lausanne. Celles-ci sont en partie encore disponibles aupr\u00e8s de l\u2019\u00e9diteur et peuvent \u00eatre command\u00e9es \u00e0 l\u2019adresse <a href=\"mailto:translatio@unil.ch\">translatio@unil.ch<\/a>.<\/p>\n<\/div>\n\n\n\n<div class=\"wp-block-column is-layout-flow wp-block-column-is-layout-flow\">\n<p>Depuis 2015, les allocutions font l\u2019objet d\u2019une publication online uniquement. Vous trouverez ci-dessous les pdf des textes prononc\u00e9s lors des c\u00e9r\u00e9monies.<\/p>\n<\/div>\n<\/div>\n\n\n\n<div class=\"wp-block-group alignfull footer-frame has-white-color has-text-color has-background\" style=\"background-color:#ed7719\"><div class=\"wp-block-group__inner-container is-layout-flow wp-block-group-is-layout-flow\">\n<div class=\"wp-block-columns is-layout-flex wp-container-core-columns-is-layout-9d6595d7 wp-block-columns-is-layout-flex\">\n<div class=\"wp-block-column is-layout-flow wp-block-column-is-layout-flow\" style=\"flex-basis:100%\">\n<h2 class=\"wp-block-heading has-white-color has-text-color\">Allocutions \u00e0 t\u00e9l\u00e9charger<\/h2>\n\n\n\n<div class=\"wp-block-columns is-layout-flex wp-container-core-columns-is-layout-9d6595d7 wp-block-columns-is-layout-flex\">\n<div class=\"wp-block-column is-layout-flow wp-block-column-is-layout-flow\">\n<p><strong><a href=\"https:\/\/wp.unil.ch\/prixlemanique\/files\/2025\/02\/Allocutions-2024.pdf\" data-type=\"link\" data-id=\"https:\/\/wp.unil.ch\/prixlemanique\/files\/2025\/02\/Allocutions-2024.pdf\">Allocutions 2024<\/a><\/strong><\/p>\n\n\n\n<p class=\"has-white-color has-text-color\"><strong><a href=\"https:\/\/wp.unil.ch\/prixlemanique\/files\/2021\/12\/CTL-PrixLem-21-V1.2.pdf\">Allocutions 2021<\/a><\/strong><\/p>\n\n\n\n<p class=\"has-white-color has-text-color\"><a href=\"https:\/\/wp.unil.ch\/prixlemanique\/files\/2019\/09\/CTL-PrixLem-2018-1.pdf\"><strong>Allocutions 2018<\/strong><\/a><\/p>\n\n\n\n<p class=\"has-white-color has-text-color\"><a href=\"https:\/\/wp.unil.ch\/prixlemanique\/files\/2016\/11\/CTL-PrixLem-2015.pdf\"><strong>Allocutions 2015<\/strong><\/a><\/p>\n\n\n\n<p class=\"has-white-color has-text-color\"><a href=\"https:\/\/wp.unil.ch\/prixlemanique\/files\/2015\/07\/PrixLemanique_allocutions2012.pdf\"><strong>Allocutions 2012<\/strong><\/a><\/p>\n\n\n\n<p class=\"has-white-color has-text-color\"><a href=\"https:\/\/wp.unil.ch\/prixlemanique\/files\/2015\/07\/PrixLemanique_allocutions2009.pdf\"><strong>Allocutions 2009<\/strong><\/a><\/p>\n\n\n\n<p class=\"has-white-color has-text-color\"><a href=\"https:\/\/wp.unil.ch\/prixlemanique\/files\/2015\/07\/PrixLemanique_allocutions2006.pdf\"><strong>Allocutions 2006<\/strong><\/a><\/p>\n<\/div>\n\n\n\n<div class=\"wp-block-column is-layout-flow wp-block-column-is-layout-flow\">\n<p><a href=\"https:\/\/wp.unil.ch\/prixlemanique\/files\/2015\/07\/PrixLemanique_allocutions2003.pdf\"><strong>Allocutions 2003<\/strong><\/a><\/p>\n\n\n\n<p class=\"has-white-color has-text-color\"><a href=\"https:\/\/wp.unil.ch\/prixlemanique\/files\/2015\/07\/PrixLemanique_allocutions2000.pdf\"><strong>Allocutions 2000<\/strong><\/a><\/p>\n\n\n\n<p class=\"has-white-color has-text-color\"><a href=\"https:\/\/wp.unil.ch\/prixlemanique\/files\/2015\/11\/PrixLemanique_allocutions1997.pdf\"><strong>Allocutions 1997<\/strong><\/a><\/p>\n\n\n\n<p class=\"has-white-color has-text-color\"><a href=\"https:\/\/wp.unil.ch\/prixlemanique\/files\/2015\/11\/PrixLemanique_allocutions1994.pdf\"><strong>Allocutions 1994<\/strong><\/a><\/p>\n\n\n\n<p class=\"has-white-color has-text-color\"><a href=\"https:\/\/wp.unil.ch\/prixlemanique\/files\/2015\/11\/PrixLemanique_allocutions1991.pdf\"><strong>Allocutions 1991<\/strong><\/a><\/p>\n\n\n\n<p class=\"has-white-color has-text-color\"><a href=\"https:\/\/wp.unil.ch\/prixlemanique\/files\/2015\/11\/PrixLemanique_allocutions1988.pdf\"><strong>Allocutions 1988<\/strong><\/a><\/p>\n\n\n\n<p class=\"has-white-color has-text-color\"><a href=\"https:\/\/wp.unil.ch\/prixlemanique\/files\/2015\/11\/PrixLemanique_allocutions1985.pdf\"><strong>Allocutions 1985<\/strong><\/a><\/p>\n<\/div>\n<\/div>\n<\/div>\n<\/div>\n<\/div><\/div>\n\n\n\n<div style=\"height:40px\" aria-hidden=\"true\" class=\"wp-block-spacer\"><\/div>\n","protected":false},"excerpt":{"rendered":"<p>Depuis 1985 jusqu\u2019en 2012, les allocutions en l\u2019honneur des laur\u00e9ates et laur\u00e9ats et leurs discours de remerciement ont fait l\u2019objet d\u2019une publication du Centre de traduction litt\u00e9raire de Lausanne. Celles-ci &hellip; <\/p>\n","protected":false},"author":108,"featured_media":0,"parent":12,"menu_order":0,"comment_status":"closed","ping_status":"closed","template":"","meta":{"_seopress_robots_primary_cat":"","_seopress_titles_title":"","_seopress_titles_desc":"","_seopress_robots_index":"","footnotes":""},"class_list":["post-22","page","type-page","status-publish"],"_links":{"self":[{"href":"https:\/\/wp.unil.ch\/prixlemanique\/wp-json\/wp\/v2\/pages\/22","targetHints":{"allow":["GET"]}}],"collection":[{"href":"https:\/\/wp.unil.ch\/prixlemanique\/wp-json\/wp\/v2\/pages"}],"about":[{"href":"https:\/\/wp.unil.ch\/prixlemanique\/wp-json\/wp\/v2\/types\/page"}],"author":[{"embeddable":true,"href":"https:\/\/wp.unil.ch\/prixlemanique\/wp-json\/wp\/v2\/users\/108"}],"replies":[{"embeddable":true,"href":"https:\/\/wp.unil.ch\/prixlemanique\/wp-json\/wp\/v2\/comments?post=22"}],"version-history":[{"count":2,"href":"https:\/\/wp.unil.ch\/prixlemanique\/wp-json\/wp\/v2\/pages\/22\/revisions"}],"predecessor-version":[{"id":809,"href":"https:\/\/wp.unil.ch\/prixlemanique\/wp-json\/wp\/v2\/pages\/22\/revisions\/809"}],"up":[{"embeddable":true,"href":"https:\/\/wp.unil.ch\/prixlemanique\/wp-json\/wp\/v2\/pages\/12"}],"wp:attachment":[{"href":"https:\/\/wp.unil.ch\/prixlemanique\/wp-json\/wp\/v2\/media?parent=22"}],"curies":[{"name":"wp","href":"https:\/\/api.w.org\/{rel}","templated":true}]}}