{"id":2,"date":"2015-03-09T09:57:55","date_gmt":"2015-03-09T09:57:55","guid":{"rendered":"http:\/\/wp.unil.ch\/prixlemanique\/?page_id=2"},"modified":"2021-12-01T16:42:46","modified_gmt":"2021-12-01T15:42:46","slug":"presentation","status":"publish","type":"page","link":"https:\/\/wp.unil.ch\/prixlemanique\/","title":{"rendered":"Pr\u00e9sentation"},"content":{"rendered":"\n<div class=\"wp-block-cover aligncenter has-background-dim-30 has-background-dim has-parallax\" style=\"background-image:url(https:\/\/wp.unil.ch\/prixlemanique\/files\/2021\/06\/books-4515917_1920.jpg);min-height:550px;aspect-ratio:unset;\"><div class=\"wp-block-cover__inner-container is-layout-flow wp-block-cover-is-layout-flow\">\n<div style=\"height:140px\" aria-hidden=\"true\" class=\"wp-block-spacer\"><\/div>\n\n\n\n<p class=\"has-text-align-center titre-home has-white-color has-text-color\" style=\"font-size:58px\"><em>Prix l\u00e9manique de la traduction,<\/em><br><em>un prix d&rsquo;excellence<\/em><\/p>\n<\/div><\/div>\n\n\n\n<div style=\"height:40px\" aria-hidden=\"true\" class=\"wp-block-spacer\"><\/div>\n\n\n\n<p>Le <em>Prix l\u00e9manique de la traduction, <\/em>cr\u00e9\u00e9 en 1985, est un prix d\u2019excellence dans le domaine de la traduction litt\u00e9raire. Il r\u00e9compense tous les trois ans deux personnes, dont l\u2019une traduit du fran\u00e7ais vers l\u2019allemand et l\u2019autre de l\u2019allemand vers le fran\u00e7ais. L\u2019importance des \u00e9changes entre ces deux langues et l\u2019enrichissement mutuel que ces deux cultures peuvent s\u2019apporter sont ainsi mis en \u00e9vidence.<\/p>\n","protected":false},"excerpt":{"rendered":"<p>Le Prix l\u00e9manique de la traduction, cr\u00e9\u00e9 en 1985, est un prix d\u2019excellence dans le domaine de la traduction litt\u00e9raire. Il r\u00e9compense tous les trois ans deux personnes, dont l\u2019une &hellip; <\/p>\n","protected":false},"author":1001170,"featured_media":0,"parent":0,"menu_order":0,"comment_status":"closed","ping_status":"open","template":"","meta":{"_seopress_robots_primary_cat":"","_seopress_titles_title":"","_seopress_titles_desc":"","_seopress_robots_index":"","footnotes":""},"class_list":["post-2","page","type-page","status-publish"],"_links":{"self":[{"href":"https:\/\/wp.unil.ch\/prixlemanique\/wp-json\/wp\/v2\/pages\/2","targetHints":{"allow":["GET"]}}],"collection":[{"href":"https:\/\/wp.unil.ch\/prixlemanique\/wp-json\/wp\/v2\/pages"}],"about":[{"href":"https:\/\/wp.unil.ch\/prixlemanique\/wp-json\/wp\/v2\/types\/page"}],"author":[{"embeddable":true,"href":"https:\/\/wp.unil.ch\/prixlemanique\/wp-json\/wp\/v2\/users\/1001170"}],"replies":[{"embeddable":true,"href":"https:\/\/wp.unil.ch\/prixlemanique\/wp-json\/wp\/v2\/comments?post=2"}],"version-history":[{"count":0,"href":"https:\/\/wp.unil.ch\/prixlemanique\/wp-json\/wp\/v2\/pages\/2\/revisions"}],"wp:attachment":[{"href":"https:\/\/wp.unil.ch\/prixlemanique\/wp-json\/wp\/v2\/media?parent=2"}],"curies":[{"name":"wp","href":"https:\/\/api.w.org\/{rel}","templated":true}]}}