{"id":12,"date":"2015-07-23T14:22:10","date_gmt":"2015-07-23T12:22:10","guid":{"rendered":"http:\/\/wp.unil.ch\/prixlemanique\/?page_id=12"},"modified":"2024-05-04T12:27:32","modified_gmt":"2024-05-04T10:27:32","slug":"archives","status":"publish","type":"page","link":"https:\/\/wp.unil.ch\/prixlemanique\/archives\/","title":{"rendered":"Archives"},"content":{"rendered":"\n<figure class=\"wp-block-image alignfull size-large\"><img alt=\"\" loading=\"lazy\" decoding=\"async\" width=\"1024\" height=\"358\" src=\"https:\/\/wp.unil.ch\/prixlemanique\/files\/2015\/07\/Fotolia_58894985-1024x358.jpg\" alt=\"\" class=\"wp-image-67\" srcset=\"https:\/\/wp.unil.ch\/prixlemanique\/files\/2015\/07\/Fotolia_58894985-1024x358.jpg 1024w, https:\/\/wp.unil.ch\/prixlemanique\/files\/2015\/07\/Fotolia_58894985-300x105.jpg 300w, https:\/\/wp.unil.ch\/prixlemanique\/files\/2015\/07\/Fotolia_58894985-500x175.jpg 500w, https:\/\/wp.unil.ch\/prixlemanique\/files\/2015\/07\/Fotolia_58894985.jpg 1200w\" sizes=\"auto, (max-width: 1024px) 100vw, 1024px\" \/><\/figure>\n\n\n\n<h1 class=\"wp-block-heading fake-title has-text-color\" style=\"color:#ed7719\">Archives<\/h1>\n\n\n\n<p>Chaque remise de prix fait l\u2019objet d\u2019une c\u00e9r\u00e9monie durant laquelle les discours prononc\u00e9s sont agr\u00e9ment\u00e9s par des interm\u00e8des musicaux. Les remises de prix sont rendues possibles par le soutien de nombreuses institutions et fondations, parmi lesquelles&nbsp;: le Coll\u00e8ge de traducteurs Looren, la Fondation Jan Michalski pour l\u2019\u00e9criture et la litt\u00e9rature, la Fondation de Famille Sandoz, la Loterie romande, l\u2019Ambassade de France en Suisse, l\u2019Ambassade de la R\u00e9publique f\u00e9d\u00e9rale d&rsquo;Allemagne \u00e0 Berne et le Centre de traduction litt\u00e9raire de Lausanne.<\/p>\n\n\n\n<div class=\"wp-block-columns is-layout-flex wp-container-core-columns-is-layout-9d6595d7 wp-block-columns-is-layout-flex\">\n<div class=\"wp-block-column is-layout-flow wp-block-column-is-layout-flow\">\n<figure class=\"wp-block-image size-full\"><a href=\"https:\/\/www.looren.net\" target=\"_blank\" rel=\"noopener\"><img alt=\"\" loading=\"lazy\" decoding=\"async\" width=\"165\" height=\"90\" src=\"https:\/\/wp.unil.ch\/prixlemanique\/files\/2015\/07\/logo_loreen_.png\" alt=\"\" class=\"wp-image-151\" \/><\/a><\/figure>\n<\/div>\n\n\n\n<div class=\"wp-block-column is-layout-flow wp-block-column-is-layout-flow\">\n<figure class=\"wp-block-image size-full\"><a href=\"https:\/\/www.loro.ch\/fr\" target=\"_blank\" rel=\"noopener\"><img alt=\"\" loading=\"lazy\" decoding=\"async\" width=\"173\" height=\"90\" src=\"https:\/\/wp.unil.ch\/prixlemanique\/files\/2015\/07\/logo_loro.png\" alt=\"\" class=\"wp-image-142\" \/><\/a><\/figure>\n<\/div>\n\n\n\n<div class=\"wp-block-column is-layout-flow wp-block-column-is-layout-flow\">\n<figure class=\"wp-block-image size-full\"><img alt=\"\" loading=\"lazy\" decoding=\"async\" width=\"217\" height=\"90\" src=\"https:\/\/wp.unil.ch\/prixlemanique\/files\/2015\/07\/logo_sandoz.png\" alt=\"\" class=\"wp-image-143\" \/><\/figure>\n<\/div>\n\n\n\n<div class=\"wp-block-column is-vertically-aligned-center is-layout-flow wp-block-column-is-layout-flow\"><div class=\"wp-block-image\">\n<figure class=\"aligncenter size-full is-resized\"><img alt=\"\" loading=\"lazy\" decoding=\"async\" width=\"2000\" height=\"479\" src=\"https:\/\/wp.unil.ch\/prixlemanique\/files\/2024\/05\/FJM-Logo-court-CMYK-Black.png\" alt=\"\" class=\"wp-image-797\" style=\"width:93px;height:auto\" srcset=\"https:\/\/wp.unil.ch\/prixlemanique\/files\/2024\/05\/FJM-Logo-court-CMYK-Black.png 2000w, https:\/\/wp.unil.ch\/prixlemanique\/files\/2024\/05\/FJM-Logo-court-CMYK-Black-300x72.png 300w, https:\/\/wp.unil.ch\/prixlemanique\/files\/2024\/05\/FJM-Logo-court-CMYK-Black-1024x245.png 1024w, https:\/\/wp.unil.ch\/prixlemanique\/files\/2024\/05\/FJM-Logo-court-CMYK-Black-768x184.png 768w, https:\/\/wp.unil.ch\/prixlemanique\/files\/2024\/05\/FJM-Logo-court-CMYK-Black-1536x368.png 1536w\" sizes=\"auto, (max-width: 2000px) 100vw, 2000px\" \/><\/figure>\n<\/div><\/div>\n\n\n\n<div class=\"wp-block-column is-layout-flow wp-block-column-is-layout-flow\">\n<figure class=\"wp-block-image size-full\"><a href=\"https:\/\/www.unil.ch\/ctl\" target=\"_blank\" rel=\"noopener\"><img alt=\"\" loading=\"lazy\" decoding=\"async\" width=\"182\" height=\"90\" src=\"https:\/\/wp.unil.ch\/prixlemanique\/files\/2015\/07\/logo_ctl.png\" alt=\"\" class=\"wp-image-145\" \/><\/a><\/figure>\n<\/div>\n\n\n\n<div class=\"wp-block-column is-layout-flow wp-block-column-is-layout-flow\">\n<figure class=\"wp-block-image size-full is-resized\"><img alt=\"\" loading=\"lazy\" decoding=\"async\" width=\"440\" height=\"215\" src=\"https:\/\/wp.unil.ch\/prixlemanique\/files\/2024\/05\/PNGVilledeLausanneLogo.png\" alt=\"\" class=\"wp-image-801\" style=\"width:92px;height:auto\" srcset=\"https:\/\/wp.unil.ch\/prixlemanique\/files\/2024\/05\/PNGVilledeLausanneLogo.png 440w, https:\/\/wp.unil.ch\/prixlemanique\/files\/2024\/05\/PNGVilledeLausanneLogo-300x147.png 300w\" sizes=\"auto, (max-width: 440px) 100vw, 440px\" \/><\/figure>\n<\/div>\n<\/div>\n","protected":false},"excerpt":{"rendered":"<p>Archives Chaque remise de prix fait l\u2019objet d\u2019une c\u00e9r\u00e9monie durant laquelle les discours prononc\u00e9s sont agr\u00e9ment\u00e9s par des interm\u00e8des musicaux. Les remises de prix sont rendues possibles par le soutien &hellip; <\/p>\n","protected":false},"author":108,"featured_media":0,"parent":0,"menu_order":2,"comment_status":"closed","ping_status":"closed","template":"","meta":{"_seopress_robots_primary_cat":"","_seopress_titles_title":"","_seopress_titles_desc":"","_seopress_robots_index":"","footnotes":""},"class_list":["post-12","page","type-page","status-publish"],"_links":{"self":[{"href":"https:\/\/wp.unil.ch\/prixlemanique\/wp-json\/wp\/v2\/pages\/12","targetHints":{"allow":["GET"]}}],"collection":[{"href":"https:\/\/wp.unil.ch\/prixlemanique\/wp-json\/wp\/v2\/pages"}],"about":[{"href":"https:\/\/wp.unil.ch\/prixlemanique\/wp-json\/wp\/v2\/types\/page"}],"author":[{"embeddable":true,"href":"https:\/\/wp.unil.ch\/prixlemanique\/wp-json\/wp\/v2\/users\/108"}],"replies":[{"embeddable":true,"href":"https:\/\/wp.unil.ch\/prixlemanique\/wp-json\/wp\/v2\/comments?post=12"}],"version-history":[{"count":4,"href":"https:\/\/wp.unil.ch\/prixlemanique\/wp-json\/wp\/v2\/pages\/12\/revisions"}],"predecessor-version":[{"id":802,"href":"https:\/\/wp.unil.ch\/prixlemanique\/wp-json\/wp\/v2\/pages\/12\/revisions\/802"}],"wp:attachment":[{"href":"https:\/\/wp.unil.ch\/prixlemanique\/wp-json\/wp\/v2\/media?parent=12"}],"curies":[{"name":"wp","href":"https:\/\/api.w.org\/{rel}","templated":true}]}}