{"id":838,"date":"2018-04-23T11:35:20","date_gmt":"2018-04-23T09:35:20","guid":{"rendered":"http:\/\/wp.unil.ch\/pressesatiriqueromande\/?page_id=838"},"modified":"2018-04-30T08:49:13","modified_gmt":"2018-04-30T06:49:13","slug":"collection-schira","status":"publish","type":"page","link":"https:\/\/wp.unil.ch\/pressesatiriqueromande\/collection-schira\/","title":{"rendered":"Collection Schira"},"content":{"rendered":"<div class=\"su-row\"><div class=\"su-column su-column-size-1-2\"><div class=\"su-column-inner su-u-clearfix su-u-trim\">\n<h2>Un mot de Bernard Schira<\/h2>\n<p>\u00c0 la fin des ann\u00e9es soixante, jeune chanteur, je devais donner un concert dans la soir\u00e9e \u00e0 Gen\u00e8ve. Ayant un peu de temps l\u2019apr\u00e8s-midi, je fl\u00e2nais dans la Cit\u00e9 et vis, par hasard, expos\u00e9 dans la vitrine du libraire de la Grand\u2019 Rue, un exemplaire du <em>Chat noir<\/em>.Je fus tr\u00e8s surpris de trouver un journal datant de pr\u00e8s d\u2019un si\u00e8cle. J\u2019entrai, demandai le prix, il n\u2019\u00e9tait pas excessif (j\u2019\u00e9tais encore \u00e9tudiant), donc je pus l\u2019acheter.<\/p>\n<p>Je connaissais ce journal, car, admirateur de Charles Cros que j\u2019avais mis en musique, j\u2019avais achet\u00e9 ses <em>\u0152uvres compl\u00e8tes<\/em> \u00e9dit\u00e9es par Jean-Jacques Pauvert et, dans cet ouvrage, se trouvaient ins\u00e9r\u00e9s des fac-simil\u00e9s de journaux de l\u2019\u00e9poque, dont <em>Le\u00a0Chat noir<\/em>.<\/p>\n<p>Le propri\u00e9taire de la librairie, le vieux Monsieur Sack, m\u2019encouragea \u00e0 revenir, ce que je ne manquai pas de faire \u00e0 plusieurs reprises. Il me confiait les cl\u00e9s de son d\u00e9p\u00f4t o\u00f9 je d\u00e9couvrais des merveilles\u00a0; j\u2019en revenais un peu penaud car, m\u00eame si ses prix \u00e9taient tout \u00e0 fait raisonnables, je n\u2019avais qu\u2019un budget d\u2019\u00e9tudiant. N\u00e9anmoins, je repartais avec tous les journaux que j\u2019avais s\u00e9lectionn\u00e9s, quelques bulletins verts et ces paroles du vieux libraire : <em>\u00ab\u00a0Vous me payerez petit \u00e0 petit et mangerez un peu moins\u00a0\u00bb<\/em>. Belle le\u00e7on.<\/p>\n<p>Ce furent mes premiers achats, qui encha\u00een\u00e8rent avec d\u2019autres tout au long des cinquante ann\u00e9es suivantes. Les hasards des d\u00e9couvertes, \u00e0 Gen\u00e8ve, \u00e0 Lausanne, \u00e0 Fribourg ou Paris me permirent de compl\u00e9ter ce que je n\u2019avais pas la pr\u00e9tention d\u2019appeler une collection.<\/p>\n<p>Je fis ainsi connaissance avec les dessinateurs. Steinlen le premier, si proche des petites gens de son \u00e9poque, puis les grands, Grandville, Daumier, Willette\u2026 ainsi que beaucoup d\u2019autres.<\/p>\n<p>Willette me toucha particuli\u00e8rement\u00a0; j\u2019eus la chance de trouver la collection compl\u00e8te de son journal, <em>Le Pierrot<\/em> et eu l\u2019occasion d\u2019utiliser l\u2019un de ses dessins pour faire l\u2019affiche d\u2019un spectacle collectif en 1968.<\/p>\n<figure id=\"attachment_894\" aria-describedby=\"caption-attachment-894\" style=\"width: 306px\" class=\"wp-caption aligncenter\"><img alt=\"\" loading=\"lazy\" decoding=\"async\" class=\"wp-image-894 size-full\" src=\"https:\/\/wp.unil.ch\/pressesatiriqueromande\/files\/2018\/04\/1-10.jpg\" alt=\"\" width=\"306\" height=\"301\" srcset=\"https:\/\/wp.unil.ch\/pressesatiriqueromande\/files\/2018\/04\/1-10.jpg 306w, https:\/\/wp.unil.ch\/pressesatiriqueromande\/files\/2018\/04\/1-10-300x295.jpg 300w\" sizes=\"auto, (max-width: 306px) 100vw, 306px\" \/><figcaption id=\"caption-attachment-894\" class=\"wp-caption-text\">Aubenas, Ard\u00e8che 1968<\/figcaption><\/figure>\n<p>\u00c0 Lausanne sur le Grand Pont se trouvait la librairie Gonin. Monsieur Gonin, r\u00e9pondant \u00e0 ma demande concernant des journaux satiriques, m\u2019apporta de son d\u00e9p\u00f4t l\u2019ann\u00e9e 1835 du <em>Charivari<\/em>. Il me proposa de l\u2019emmener pour l\u2019\u00e9tudier avant de l\u2019acheter. Je ne ramenai pas les journaux mais revint pour les payer. La confiance r\u00e9gnait \u00e0 cette \u00e9poque\u00a0! Et puis <em>L\u2019Eclipse<\/em>, la collection compl\u00e8te (sauf erreur 1868-1872, \u00e0 cheval sur la Commune, avec les num\u00e9ros censur\u00e9s), que je pus \u00e9changer contre une \u00e9dition des Cartes Dufour, avec les magnifiques dessins du grand Andr\u00e9 Gill et ses grosses t\u00eates.<\/p>\n<p>J\u2019ai souvent eu de la chance parfois aussi des d\u00e9ceptions. Faire une offre pour <em>Le XX<sup>e<\/sup> \u00a0si\u00e8cle<\/em>, d\u2019Arthur Robida et s\u2019entendre r\u00e9pondre que mon offre \u00e9tait la meilleure mais qu\u2019elle arrivait trop tard, ou encore apprendre que la collection compl\u00e8te convoit\u00e9e de <em>L\u2019Assiette au beurre<\/em> venait d\u2019\u00eatre vendue\u00a0!<\/p>\n<p>Pour moi, ce fut aussi une \u00e9cole de vie, d\u00e9couvrir un immense domaine inconnu, et apprendre \u00e0 ne pas regretter, comme le dit Jules Jouy\u00a0(1850-1897)\u00a0:<\/p>\n<blockquote><p><em>O\u00f9 sont les chansons d\u2019autrefois\u00a0? \u2026<\/em><\/p><\/blockquote>\n<blockquote><p><em>Que fera-t-on dans quelques mois,<\/em><\/p><\/blockquote>\n<blockquote><p><em>De ces vers par moi publi\u00e9s\u00a0? \u2026<\/em><\/p><\/blockquote>\n<blockquote><p><em>Des cornets pour les \u00e9piciers.<\/em><\/p><\/blockquote>\n<blockquote><p><em>Chansonnettes, neige qui fond,<\/em><\/p><\/blockquote>\n<blockquote><p><em>Chiffon, chiffon, tout est chiffon.<\/em><\/p><\/blockquote>\n<p>&nbsp;<\/p>\n<p>Arrive alors l\u2019heure de ma retraite, je me retrouve avec quelques milliers de journaux qui prennent de la place alors qu\u2019il est de temps de s\u2019all\u00e9ger. Que faire\u00a0? Recycler ceci comme du vieux papier\u00a0? Disperser cet ensemble au gr\u00e9 de quelques ventes hasardeuses\u00a0?<\/p>\n<p>Je suis tr\u00e8s heureux que la Biblioth\u00e8que Cantonale ait accept\u00e9 d\u2019accueillir ce que j\u2019ose enfin appeler une collection.<\/p>\n<p style=\"text-align: right\">Bernard Schira<\/p>\n<hr \/>\n<p style=\"text-align: right\">\n<\/div><\/div>\n<div class=\"su-column su-column-size-1-2\"><div class=\"su-column-inner su-u-clearfix su-u-trim\">\n<h2>Un aper\u00e7u de la collection Schira<\/h2>\n<div id='gallery-1' class='gallery galleryid-838 gallery-columns-2 gallery-size-medium'><figure class='gallery-item'>\n\t\t\t<div class='gallery-icon portrait'>\n\t\t\t\t<a href='https:\/\/wp.unil.ch\/pressesatiriqueromande\/files\/2018\/04\/Dessins_0044.jpg'><img loading=\"lazy\" decoding=\"async\" width=\"206\" height=\"300\" src=\"https:\/\/wp.unil.ch\/pressesatiriqueromande\/files\/2018\/04\/Dessins_0044-206x300.jpg\" class=\"attachment-medium size-medium\" alt=\"\" aria-describedby=\"gallery-1-929\" srcset=\"https:\/\/wp.unil.ch\/pressesatiriqueromande\/files\/2018\/04\/Dessins_0044-206x300.jpg 206w, https:\/\/wp.unil.ch\/pressesatiriqueromande\/files\/2018\/04\/Dessins_0044-768x1120.jpg 768w, https:\/\/wp.unil.ch\/pressesatiriqueromande\/files\/2018\/04\/Dessins_0044-702x1024.jpg 702w, https:\/\/wp.unil.ch\/pressesatiriqueromande\/files\/2018\/04\/Dessins_0044.jpg 823w\" sizes=\"auto, 100vw\" \/><\/a>\n\t\t\t<\/div>\n\t\t\t\t<figcaption class='wp-caption-text gallery-caption' id='gallery-1-929'>\n\t\t\t\tCharlie Hebdo, trimestriel (novembre 2001)\n\t\t\t\t<\/figcaption><\/figure><figure class='gallery-item'>\n\t\t\t<div class='gallery-icon portrait'>\n\t\t\t\t<a href='https:\/\/wp.unil.ch\/pressesatiriqueromande\/files\/2018\/04\/Dessins_0046.jpg'><img loading=\"lazy\" decoding=\"async\" width=\"205\" height=\"300\" src=\"https:\/\/wp.unil.ch\/pressesatiriqueromande\/files\/2018\/04\/Dessins_0046-205x300.jpg\" class=\"attachment-medium size-medium\" alt=\"\" aria-describedby=\"gallery-1-931\" srcset=\"https:\/\/wp.unil.ch\/pressesatiriqueromande\/files\/2018\/04\/Dessins_0046-205x300.jpg 205w, https:\/\/wp.unil.ch\/pressesatiriqueromande\/files\/2018\/04\/Dessins_0046-768x1124.jpg 768w, https:\/\/wp.unil.ch\/pressesatiriqueromande\/files\/2018\/04\/Dessins_0046-700x1024.jpg 700w, https:\/\/wp.unil.ch\/pressesatiriqueromande\/files\/2018\/04\/Dessins_0046.jpg 820w\" sizes=\"auto, 100vw\" \/><\/a>\n\t\t\t<\/div>\n\t\t\t\t<figcaption class='wp-caption-text gallery-caption' id='gallery-1-931'>\n\t\t\t\tLe Canard de poche (suppl\u00e9ment du Canard encha\u00een\u00e9, n\u00b0 sp\u00e9cial, 1967)\n\t\t\t\t<\/figcaption><\/figure><figure class='gallery-item'>\n\t\t\t<div class='gallery-icon portrait'>\n\t\t\t\t<a href='https:\/\/wp.unil.ch\/pressesatiriqueromande\/files\/2018\/04\/Dessins_0045.jpg'><img loading=\"lazy\" decoding=\"async\" width=\"240\" height=\"300\" src=\"https:\/\/wp.unil.ch\/pressesatiriqueromande\/files\/2018\/04\/Dessins_0045-240x300.jpg\" class=\"attachment-medium size-medium\" alt=\"\" aria-describedby=\"gallery-1-930\" srcset=\"https:\/\/wp.unil.ch\/pressesatiriqueromande\/files\/2018\/04\/Dessins_0045-240x300.jpg 240w, https:\/\/wp.unil.ch\/pressesatiriqueromande\/files\/2018\/04\/Dessins_0045-768x961.jpg 768w, https:\/\/wp.unil.ch\/pressesatiriqueromande\/files\/2018\/04\/Dessins_0045-818x1024.jpg 818w, https:\/\/wp.unil.ch\/pressesatiriqueromande\/files\/2018\/04\/Dessins_0045.jpg 959w\" sizes=\"auto, 100vw\" \/><\/a>\n\t\t\t<\/div>\n\t\t\t\t<figcaption class='wp-caption-text gallery-caption' id='gallery-1-930'>\n\t\t\t\tLe Rire rouge (\u00e9dition de guerre du journal Le Rire, 16 janvier 1915)\n\t\t\t\t<\/figcaption><\/figure><figure class='gallery-item'>\n\t\t\t<div class='gallery-icon portrait'>\n\t\t\t\t<a href='https:\/\/wp.unil.ch\/pressesatiriqueromande\/files\/2018\/04\/Dessins_0042.jpg'><img loading=\"lazy\" decoding=\"async\" width=\"248\" height=\"300\" src=\"https:\/\/wp.unil.ch\/pressesatiriqueromande\/files\/2018\/04\/Dessins_0042-248x300.jpg\" class=\"attachment-medium size-medium\" alt=\"\" aria-describedby=\"gallery-1-927\" srcset=\"https:\/\/wp.unil.ch\/pressesatiriqueromande\/files\/2018\/04\/Dessins_0042-248x300.jpg 248w, https:\/\/wp.unil.ch\/pressesatiriqueromande\/files\/2018\/04\/Dessins_0042-768x930.jpg 768w, https:\/\/wp.unil.ch\/pressesatiriqueromande\/files\/2018\/04\/Dessins_0042-846x1024.jpg 846w, https:\/\/wp.unil.ch\/pressesatiriqueromande\/files\/2018\/04\/Dessins_0042.jpg 991w\" sizes=\"auto, 100vw\" \/><\/a>\n\t\t\t<\/div>\n\t\t\t\t<figcaption class='wp-caption-text gallery-caption' id='gallery-1-927'>\n\t\t\t\tHara-kiri, l\u2019hebdo b\u00eate et m\u00e9chant (6 avril 1970)\n\t\t\t\t<\/figcaption><\/figure><figure class='gallery-item'>\n\t\t\t<div class='gallery-icon portrait'>\n\t\t\t\t<a href='https:\/\/wp.unil.ch\/pressesatiriqueromande\/files\/2018\/04\/Dessins_0041.jpg'><img loading=\"lazy\" decoding=\"async\" width=\"228\" height=\"300\" src=\"https:\/\/wp.unil.ch\/pressesatiriqueromande\/files\/2018\/04\/Dessins_0041-228x300.jpg\" class=\"attachment-medium size-medium\" alt=\"\" aria-describedby=\"gallery-1-926\" srcset=\"https:\/\/wp.unil.ch\/pressesatiriqueromande\/files\/2018\/04\/Dessins_0041-228x300.jpg 228w, https:\/\/wp.unil.ch\/pressesatiriqueromande\/files\/2018\/04\/Dessins_0041-768x1009.jpg 768w, https:\/\/wp.unil.ch\/pressesatiriqueromande\/files\/2018\/04\/Dessins_0041-779x1024.jpg 779w, https:\/\/wp.unil.ch\/pressesatiriqueromande\/files\/2018\/04\/Dessins_0041.jpg 913w\" sizes=\"auto, 100vw\" \/><\/a>\n\t\t\t<\/div>\n\t\t\t\t<figcaption class='wp-caption-text gallery-caption' id='gallery-1-926'>\n\t\t\t\tLe Courrier fran\u00e7ais (24 octobre 1886)\n\t\t\t\t<\/figcaption><\/figure><figure class='gallery-item'>\n\t\t\t<div class='gallery-icon portrait'>\n\t\t\t\t<a href='https:\/\/wp.unil.ch\/pressesatiriqueromande\/files\/2018\/04\/Dessins_0040.jpg'><img loading=\"lazy\" decoding=\"async\" width=\"220\" height=\"300\" src=\"https:\/\/wp.unil.ch\/pressesatiriqueromande\/files\/2018\/04\/Dessins_0040-220x300.jpg\" class=\"attachment-medium size-medium\" alt=\"\" aria-describedby=\"gallery-1-933\" srcset=\"https:\/\/wp.unil.ch\/pressesatiriqueromande\/files\/2018\/04\/Dessins_0040-220x300.jpg 220w, https:\/\/wp.unil.ch\/pressesatiriqueromande\/files\/2018\/04\/Dessins_0040-768x1048.jpg 768w, https:\/\/wp.unil.ch\/pressesatiriqueromande\/files\/2018\/04\/Dessins_0040-750x1024.jpg 750w, https:\/\/wp.unil.ch\/pressesatiriqueromande\/files\/2018\/04\/Dessins_0040.jpg 879w\" sizes=\"auto, 100vw\" \/><\/a>\n\t\t\t<\/div>\n\t\t\t\t<figcaption class='wp-caption-text gallery-caption' id='gallery-1-933'>\n\t\t\t\tLa Semaine de Charlie (18 juin 1981)\n\t\t\t\t<\/figcaption><\/figure><figure class='gallery-item'>\n\t\t\t<div class='gallery-icon portrait'>\n\t\t\t\t<a href='https:\/\/wp.unil.ch\/pressesatiriqueromande\/files\/2018\/04\/Dessins_0039.jpg'><img loading=\"lazy\" decoding=\"async\" width=\"220\" height=\"300\" src=\"https:\/\/wp.unil.ch\/pressesatiriqueromande\/files\/2018\/04\/Dessins_0039-220x300.jpg\" class=\"attachment-medium size-medium\" alt=\"\" aria-describedby=\"gallery-1-932\" srcset=\"https:\/\/wp.unil.ch\/pressesatiriqueromande\/files\/2018\/04\/Dessins_0039-220x300.jpg 220w, https:\/\/wp.unil.ch\/pressesatiriqueromande\/files\/2018\/04\/Dessins_0039-768x1048.jpg 768w, https:\/\/wp.unil.ch\/pressesatiriqueromande\/files\/2018\/04\/Dessins_0039-750x1024.jpg 750w, https:\/\/wp.unil.ch\/pressesatiriqueromande\/files\/2018\/04\/Dessins_0039.jpg 879w\" sizes=\"auto, 100vw\" \/><\/a>\n\t\t\t<\/div>\n\t\t\t\t<figcaption class='wp-caption-text gallery-caption' id='gallery-1-932'>\n\t\t\t\tLe Charivari, politique et litt\u00e9raire (17 janvier 1859)\n\t\t\t\t<\/figcaption><\/figure><figure class='gallery-item'>\n\t\t\t<div class='gallery-icon portrait'>\n\t\t\t\t<a href='https:\/\/wp.unil.ch\/pressesatiriqueromande\/files\/2018\/04\/Dessins_0043.jpg'><img loading=\"lazy\" decoding=\"async\" width=\"229\" height=\"300\" src=\"https:\/\/wp.unil.ch\/pressesatiriqueromande\/files\/2018\/04\/Dessins_0043-229x300.jpg\" class=\"attachment-medium size-medium\" alt=\"\" aria-describedby=\"gallery-1-928\" srcset=\"https:\/\/wp.unil.ch\/pressesatiriqueromande\/files\/2018\/04\/Dessins_0043-229x300.jpg 229w, https:\/\/wp.unil.ch\/pressesatiriqueromande\/files\/2018\/04\/Dessins_0043-768x1005.jpg 768w, https:\/\/wp.unil.ch\/pressesatiriqueromande\/files\/2018\/04\/Dessins_0043-783x1024.jpg 783w, https:\/\/wp.unil.ch\/pressesatiriqueromande\/files\/2018\/04\/Dessins_0043.jpg 917w\" sizes=\"auto, 100vw\" \/><\/a>\n\t\t\t<\/div>\n\t\t\t\t<figcaption class='wp-caption-text gallery-caption' id='gallery-1-928'>\n\t\t\t\tLe Journal amusant (21 d\u00e9cembre 1907)\n\t\t\t\t<\/figcaption><\/figure><figure class='gallery-item'>\n\t\t\t<div class='gallery-icon portrait'>\n\t\t\t\t<a href='https:\/\/wp.unil.ch\/pressesatiriqueromande\/files\/2018\/04\/ChatNoir.jpg'><img loading=\"lazy\" decoding=\"async\" width=\"222\" height=\"300\" src=\"https:\/\/wp.unil.ch\/pressesatiriqueromande\/files\/2018\/04\/ChatNoir-222x300.jpg\" class=\"attachment-medium size-medium\" alt=\"\" aria-describedby=\"gallery-1-935\" srcset=\"https:\/\/wp.unil.ch\/pressesatiriqueromande\/files\/2018\/04\/ChatNoir-222x300.jpg 222w, https:\/\/wp.unil.ch\/pressesatiriqueromande\/files\/2018\/04\/ChatNoir-768x1037.jpg 768w, https:\/\/wp.unil.ch\/pressesatiriqueromande\/files\/2018\/04\/ChatNoir-759x1024.jpg 759w, https:\/\/wp.unil.ch\/pressesatiriqueromande\/files\/2018\/04\/ChatNoir.jpg 889w\" sizes=\"auto, 100vw\" \/><\/a>\n\t\t\t<\/div>\n\t\t\t\t<figcaption class='wp-caption-text gallery-caption' id='gallery-1-935'>\n\t\t\t\tLe Chat noir (3 novembre 1883)\n\t\t\t\t<\/figcaption><\/figure><figure class='gallery-item'>\n\t\t\t<div class='gallery-icon portrait'>\n\t\t\t\t<a href='https:\/\/wp.unil.ch\/pressesatiriqueromande\/files\/2018\/04\/Pierrot.jpg'><img loading=\"lazy\" decoding=\"async\" width=\"251\" height=\"300\" src=\"https:\/\/wp.unil.ch\/pressesatiriqueromande\/files\/2018\/04\/Pierrot-251x300.jpg\" class=\"attachment-medium size-medium\" alt=\"\" aria-describedby=\"gallery-1-936\" srcset=\"https:\/\/wp.unil.ch\/pressesatiriqueromande\/files\/2018\/04\/Pierrot-251x300.jpg 251w, https:\/\/wp.unil.ch\/pressesatiriqueromande\/files\/2018\/04\/Pierrot-768x918.jpg 768w, https:\/\/wp.unil.ch\/pressesatiriqueromande\/files\/2018\/04\/Pierrot-857x1024.jpg 857w, https:\/\/wp.unil.ch\/pressesatiriqueromande\/files\/2018\/04\/Pierrot.jpg 1004w\" sizes=\"auto, 100vw\" \/><\/a>\n\t\t\t<\/div>\n\t\t\t\t<figcaption class='wp-caption-text gallery-caption' id='gallery-1-936'>\n\t\t\t\tLe Pierrot (6 juillet 1888)\n\t\t\t\t<\/figcaption><\/figure><figure class='gallery-item'>\n\t\t\t<div class='gallery-icon portrait'>\n\t\t\t\t<a href='https:\/\/wp.unil.ch\/pressesatiriqueromande\/files\/2018\/04\/Sifflet.jpg'><img loading=\"lazy\" decoding=\"async\" width=\"251\" height=\"300\" src=\"https:\/\/wp.unil.ch\/pressesatiriqueromande\/files\/2018\/04\/Sifflet-251x300.jpg\" class=\"attachment-medium size-medium\" alt=\"\" aria-describedby=\"gallery-1-937\" srcset=\"https:\/\/wp.unil.ch\/pressesatiriqueromande\/files\/2018\/04\/Sifflet-251x300.jpg 251w, https:\/\/wp.unil.ch\/pressesatiriqueromande\/files\/2018\/04\/Sifflet-768x918.jpg 768w, https:\/\/wp.unil.ch\/pressesatiriqueromande\/files\/2018\/04\/Sifflet-857x1024.jpg 857w, https:\/\/wp.unil.ch\/pressesatiriqueromande\/files\/2018\/04\/Sifflet.jpg 1004w\" sizes=\"auto, 100vw\" \/><\/a>\n\t\t\t<\/div>\n\t\t\t\t<figcaption class='wp-caption-text gallery-caption' id='gallery-1-937'>\n\t\t\t\tLe Sifflet (30 d\u00e9cembre 1898)\n\t\t\t\t<\/figcaption><\/figure>\n\t\t<\/div>\n\n<p>En suivant ce lien, vous pourrez d\u00e9couvrir l&rsquo;ensemble de la collection [<a href=\"https:\/\/renouvaud.hosted.exlibrisgroup.com\/primo-explore\/search?query=any,contains,don%20bcu%2051582&amp;tab=default_tab&amp;search_scope=41BCULIB_ALL&amp;sortby=lso01&amp;vid=41BCULIB_VU2&amp;lang=fr_FR&amp;offset=0\">vers la collection<\/a>]\n<\/div><\/div><\/div>\n","protected":false},"excerpt":{"rendered":"","protected":false},"author":1001741,"featured_media":0,"parent":0,"menu_order":0,"comment_status":"closed","ping_status":"closed","template":"","meta":{"_seopress_robots_primary_cat":"","_seopress_titles_title":"","_seopress_titles_desc":"","_seopress_robots_index":"","footnotes":""},"class_list":["post-838","page","type-page","status-publish"],"_links":{"self":[{"href":"https:\/\/wp.unil.ch\/pressesatiriqueromande\/wp-json\/wp\/v2\/pages\/838","targetHints":{"allow":["GET"]}}],"collection":[{"href":"https:\/\/wp.unil.ch\/pressesatiriqueromande\/wp-json\/wp\/v2\/pages"}],"about":[{"href":"https:\/\/wp.unil.ch\/pressesatiriqueromande\/wp-json\/wp\/v2\/types\/page"}],"author":[{"embeddable":true,"href":"https:\/\/wp.unil.ch\/pressesatiriqueromande\/wp-json\/wp\/v2\/users\/1001741"}],"replies":[{"embeddable":true,"href":"https:\/\/wp.unil.ch\/pressesatiriqueromande\/wp-json\/wp\/v2\/comments?post=838"}],"version-history":[{"count":0,"href":"https:\/\/wp.unil.ch\/pressesatiriqueromande\/wp-json\/wp\/v2\/pages\/838\/revisions"}],"wp:attachment":[{"href":"https:\/\/wp.unil.ch\/pressesatiriqueromande\/wp-json\/wp\/v2\/media?parent=838"}],"curies":[{"name":"wp","href":"https:\/\/api.w.org\/{rel}","templated":true}]}}