{"id":6,"date":"2017-10-11T10:32:19","date_gmt":"2017-10-11T08:32:19","guid":{"rendered":"http:\/\/wp.unil.ch\/pressesatiriqueromande\/?page_id=6"},"modified":"2018-04-29T17:30:09","modified_gmt":"2018-04-29T15:30:09","slug":"home","status":"publish","type":"page","link":"https:\/\/wp.unil.ch\/pressesatiriqueromande\/","title":{"rendered":"Mieux vaut en rire!"},"content":{"rendered":"<div class=\"su-row\"><div class=\"su-column su-column-size-1-2\"><div class=\"su-column-inner su-u-clearfix su-u-trim\">\n<h2><strong>\u00c9clairages sur l&rsquo;histoire de la presse satirique romande <\/strong><\/h2>\n<p>Lausanne et la Suisse romande ont fait preuve d\u2019un dynamisme remarquable dans le domaine de la caricature et de l\u2019\u00e9dition satirique, avec des dessinateurs de grande qualit\u00e9 comme Fran\u00e7ois Bocion, Edmond Bille, No\u00ebl Fontanet, G\u00e9a Augsbourg, Urs, Andr\u00e9-Paul, Martial Leiter, Raymond Burki, Fr\u00e9d\u00e9ric Pajak, Mix &amp; Remix, Thierry Barrigue et tant d\u2019autres. Nous vous proposons ici quelques \u00e9clairages sur une histoire et un corpus foisonnant, de 1839 \u00e0 nos jours, centr\u00e9 sur les cantons de Vaud et de Gen\u00e8ve qui furent particuli\u00e8rement actifs dans cette histoire. Ces pages accompagnent une exposition r\u00e9alis\u00e9e en collaboration avec la Section d\u2019histoire de l\u2019art de l\u2019UNIL et avec la participation active d\u2019\u00e9tudiants en bachelor. Elle met en sc\u00e8ne et en images divers moments forts de la vie politique, sociale et culturelle de la Suisse romande. Un choix de journaux satiriques romands, publi\u00e9s de 1830 \u00e0 nos jours, entrera \u00e9galement en dialogue avec les mod\u00e8les parisiens. Les visiteurs d\u00e9couvriront ainsi comment se sont dessin\u00e9s des liens f\u00e9conds avec Paris, de 1848 \u00e0 Mai 68 et au-del\u00e0. La donation \u00e0 la <a href=\"https:\/\/www.bcu-lausanne.ch\/a-la-une\/evenements\/#.WtWzlJekLic\">BCUL<\/a> en 2010 par Bernard Schira d\u2019un ensemble repr\u00e9sentatif de revues et journaux satiriques des 19<sup>e<\/sup> et 20<sup>e<\/sup> si\u00e8cles donne l\u2019occasion \u00e0 la Biblioth\u00e8que de montrer des images satiriques \u00e0 red\u00e9couvrir\u00a0!<\/p>\n<p>Commissaire de l\u2019exposition\u00a0Philippe Kaenel, Facult\u00e9 des Lettres, UNIL, avec la collaboration de Silvio Corsini, conservateur de la R\u00e9serve pr\u00e9cieuse de la BCUL. Le site et l\u2019exposition s\u2019inscrivent \u00e9galement dans le cadre de <a href=\"https:\/\/www.bdfil.ch\/\">B\u00e9d\u00e9fil 2018<\/a><\/div><\/div>\n<div class=\"su-column su-column-size-1-2\"><div class=\"su-column-inner su-u-clearfix su-u-trim\">\n<h2>Interview de Philippe Kaenel<\/h2>\n\n<!-- iframe plugin v.6.0 wordpress.org\/plugins\/iframe\/ -->\n<iframe loading=\"lazy\" src=\"https:\/\/www.youtube.com\/embed\/peqgqHWZcjI\" width=\"100%\" height=\"315\" scrolling=\"yes\" class=\"iframe-class\" frameborder=\"0\"><\/iframe>\n\n<h2>Interview de Silvio Corsini<\/h2>\n\n<!-- iframe plugin v.6.0 wordpress.org\/plugins\/iframe\/ -->\n<iframe loading=\"lazy\" src=\"https:\/\/www.youtube.com\/embed\/6ECFdxvStUo\" width=\"100%\" height=\"315\" scrolling=\"yes\" class=\"iframe-class\" frameborder=\"0\"><\/iframe>\n\n<p>&nbsp;<\/p>\n<\/div><\/div>\n<\/div>\n","protected":false},"excerpt":{"rendered":"","protected":false},"author":108,"featured_media":0,"parent":0,"menu_order":0,"comment_status":"closed","ping_status":"closed","template":"","meta":{"_seopress_robots_primary_cat":"","_seopress_titles_title":"","_seopress_titles_desc":"","_seopress_robots_index":"","footnotes":""},"class_list":["post-6","page","type-page","status-publish"],"_links":{"self":[{"href":"https:\/\/wp.unil.ch\/pressesatiriqueromande\/wp-json\/wp\/v2\/pages\/6","targetHints":{"allow":["GET"]}}],"collection":[{"href":"https:\/\/wp.unil.ch\/pressesatiriqueromande\/wp-json\/wp\/v2\/pages"}],"about":[{"href":"https:\/\/wp.unil.ch\/pressesatiriqueromande\/wp-json\/wp\/v2\/types\/page"}],"author":[{"embeddable":true,"href":"https:\/\/wp.unil.ch\/pressesatiriqueromande\/wp-json\/wp\/v2\/users\/108"}],"replies":[{"embeddable":true,"href":"https:\/\/wp.unil.ch\/pressesatiriqueromande\/wp-json\/wp\/v2\/comments?post=6"}],"version-history":[{"count":0,"href":"https:\/\/wp.unil.ch\/pressesatiriqueromande\/wp-json\/wp\/v2\/pages\/6\/revisions"}],"wp:attachment":[{"href":"https:\/\/wp.unil.ch\/pressesatiriqueromande\/wp-json\/wp\/v2\/media?parent=6"}],"curies":[{"name":"wp","href":"https:\/\/api.w.org\/{rel}","templated":true}]}}