{"id":541,"date":"2018-04-17T09:54:56","date_gmt":"2018-04-17T07:54:56","guid":{"rendered":"http:\/\/wp.unil.ch\/pressesatiriqueromande\/?page_id=541"},"modified":"2018-05-02T08:37:49","modified_gmt":"2018-05-02T06:37:49","slug":"histoires-en-images-2","status":"publish","type":"page","link":"https:\/\/wp.unil.ch\/pressesatiriqueromande\/histoires-en-images-2\/","title":{"rendered":"Histoires en images"},"content":{"rendered":"<div class=\"su-row\"><div class=\"su-column su-column-size-1-2\"><div class=\"su-column-inner su-u-clearfix su-u-trim\">\n<div id='gallery-1' class='gallery galleryid-541 gallery-columns-2 gallery-size-medium'><figure class='gallery-item'>\n\t\t\t<div class='gallery-icon portrait'>\n\t\t\t\t<a href='https:\/\/wp.unil.ch\/pressesatiriqueromande\/files\/2018\/04\/G\u00e9a-Augsbourg.jpg'><img loading=\"lazy\" decoding=\"async\" width=\"233\" height=\"300\" src=\"https:\/\/wp.unil.ch\/pressesatiriqueromande\/files\/2018\/04\/G\u00e9a-Augsbourg-233x300.jpg\" class=\"attachment-medium size-medium\" alt=\"\" aria-describedby=\"gallery-1-572\" srcset=\"https:\/\/wp.unil.ch\/pressesatiriqueromande\/files\/2018\/04\/G\u00e9a-Augsbourg-233x300.jpg 233w, https:\/\/wp.unil.ch\/pressesatiriqueromande\/files\/2018\/04\/G\u00e9a-Augsbourg.jpg 621w\" sizes=\"auto, 100vw\" \/><\/a>\n\t\t\t<\/div>\n\t\t\t\t<figcaption class='wp-caption-text gallery-caption' id='gallery-1-572'>\n\t\t\t\tG\u00e9a Augsbourg, portrait anonyme, ann\u00e9es 1940, Mus\u00e9e historique de Lausanne Fonds G\u00e9a Augsbourg\n\t\t\t\t<\/figcaption><\/figure><figure class='gallery-item'>\n\t\t\t<div class='gallery-icon portrait'>\n\t\t\t\t<a href='https:\/\/wp.unil.ch\/pressesatiriqueromande\/files\/2018\/04\/img012-1.jpg'><img loading=\"lazy\" decoding=\"async\" width=\"241\" height=\"300\" src=\"https:\/\/wp.unil.ch\/pressesatiriqueromande\/files\/2018\/04\/img012-1-241x300.jpg\" class=\"attachment-medium size-medium\" alt=\"\" aria-describedby=\"gallery-1-881\" srcset=\"https:\/\/wp.unil.ch\/pressesatiriqueromande\/files\/2018\/04\/img012-1-241x300.jpg 241w, https:\/\/wp.unil.ch\/pressesatiriqueromande\/files\/2018\/04\/img012-1-768x956.jpg 768w, https:\/\/wp.unil.ch\/pressesatiriqueromande\/files\/2018\/04\/img012-1-823x1024.jpg 823w, https:\/\/wp.unil.ch\/pressesatiriqueromande\/files\/2018\/04\/img012-1.jpg 964w\" sizes=\"auto, 100vw\" \/><\/a>\n\t\t\t<\/div>\n\t\t\t\t<figcaption class='wp-caption-text gallery-caption' id='gallery-1-881'>\n\t\t\t\tLa vie de Darius Milhaud en images, couverture\n\t\t\t\t<\/figcaption><\/figure><figure class='gallery-item'>\n\t\t\t<div class='gallery-icon portrait'>\n\t\t\t\t<a href='https:\/\/wp.unil.ch\/pressesatiriqueromande\/files\/2018\/05\/2-3.png'><img loading=\"lazy\" decoding=\"async\" width=\"235\" height=\"300\" src=\"https:\/\/wp.unil.ch\/pressesatiriqueromande\/files\/2018\/05\/2-3-235x300.png\" class=\"attachment-medium size-medium\" alt=\"\" aria-describedby=\"gallery-1-1183\" srcset=\"https:\/\/wp.unil.ch\/pressesatiriqueromande\/files\/2018\/05\/2-3-235x300.png 235w, https:\/\/wp.unil.ch\/pressesatiriqueromande\/files\/2018\/05\/2-3-768x980.png 768w, https:\/\/wp.unil.ch\/pressesatiriqueromande\/files\/2018\/05\/2-3-802x1024.png 802w, https:\/\/wp.unil.ch\/pressesatiriqueromande\/files\/2018\/05\/2-3.png 886w\" sizes=\"auto, 100vw\" \/><\/a>\n\t\t\t<\/div>\n\t\t\t\t<figcaption class='wp-caption-text gallery-caption' id='gallery-1-1183'>\n\t\t\t\tG\u00e9a Augsbourg, La vie en images du g\u00e9n\u00e9ral Guisan, Lausanne, Payot, 1939\n\t\t\t\t<\/figcaption><\/figure><figure class='gallery-item'>\n\t\t\t<div class='gallery-icon portrait'>\n\t\t\t\t<a href='https:\/\/wp.unil.ch\/pressesatiriqueromande\/files\/2018\/05\/1-1.png'><img loading=\"lazy\" decoding=\"async\" width=\"244\" height=\"300\" src=\"https:\/\/wp.unil.ch\/pressesatiriqueromande\/files\/2018\/05\/1-1-244x300.png\" class=\"attachment-medium size-medium\" alt=\"\" aria-describedby=\"gallery-1-1184\" srcset=\"https:\/\/wp.unil.ch\/pressesatiriqueromande\/files\/2018\/05\/1-1-244x300.png 244w, https:\/\/wp.unil.ch\/pressesatiriqueromande\/files\/2018\/05\/1-1-768x946.png 768w, https:\/\/wp.unil.ch\/pressesatiriqueromande\/files\/2018\/05\/1-1-831x1024.png 831w, https:\/\/wp.unil.ch\/pressesatiriqueromande\/files\/2018\/05\/1-1.png 936w\" sizes=\"auto, 100vw\" \/><\/a>\n\t\t\t<\/div>\n\t\t\t\t<figcaption class='wp-caption-text gallery-caption' id='gallery-1-1184'>\n\t\t\t\tG\u00e9a Augsbourg, La vie en images du g\u00e9n\u00e9ral Guisan, Lausanne, Payot, 1939\n\t\t\t\t<\/figcaption><\/figure><figure class='gallery-item'>\n\t\t\t<div class='gallery-icon portrait'>\n\t\t\t\t<a href='https:\/\/wp.unil.ch\/pressesatiriqueromande\/files\/2018\/04\/G\u00e9a-Augsbourg-Picasso.jpg'><img loading=\"lazy\" decoding=\"async\" width=\"249\" height=\"300\" src=\"https:\/\/wp.unil.ch\/pressesatiriqueromande\/files\/2018\/04\/G\u00e9a-Augsbourg-Picasso-249x300.jpg\" class=\"attachment-medium size-medium\" alt=\"\" aria-describedby=\"gallery-1-569\" srcset=\"https:\/\/wp.unil.ch\/pressesatiriqueromande\/files\/2018\/04\/G\u00e9a-Augsbourg-Picasso-249x300.jpg 249w, https:\/\/wp.unil.ch\/pressesatiriqueromande\/files\/2018\/04\/G\u00e9a-Augsbourg-Picasso-768x924.jpg 768w, https:\/\/wp.unil.ch\/pressesatiriqueromande\/files\/2018\/04\/G\u00e9a-Augsbourg-Picasso.jpg 800w\" sizes=\"auto, 100vw\" \/><\/a>\n\t\t\t<\/div>\n\t\t\t\t<figcaption class='wp-caption-text gallery-caption' id='gallery-1-569'>\n\t\t\t\tG\u00e9a Augsbourg, Picasso, 1949, dessin au crayon, Mus\u00e9e historique de Lausanne Fonds G\u00e9a Augsbourg\n\t\t\t\t<\/figcaption><\/figure><figure class='gallery-item'>\n\t\t\t<div class='gallery-icon portrait'>\n\t\t\t\t<a href='https:\/\/wp.unil.ch\/pressesatiriqueromande\/files\/2018\/04\/Charles-Albert-Cingria-Encre-de-Chine-sans-date.-Mus\u00e9e-historique-de-Lausanne-Fonds-G\u00e9a-Augsbourg.jpg'><img loading=\"lazy\" decoding=\"async\" width=\"267\" height=\"300\" src=\"https:\/\/wp.unil.ch\/pressesatiriqueromande\/files\/2018\/04\/Charles-Albert-Cingria-Encre-de-Chine-sans-date.-Mus\u00e9e-historique-de-Lausanne-Fonds-G\u00e9a-Augsbourg-267x300.jpg\" class=\"attachment-medium size-medium\" alt=\"\" aria-describedby=\"gallery-1-571\" srcset=\"https:\/\/wp.unil.ch\/pressesatiriqueromande\/files\/2018\/04\/Charles-Albert-Cingria-Encre-de-Chine-sans-date.-Mus\u00e9e-historique-de-Lausanne-Fonds-G\u00e9a-Augsbourg-267x300.jpg 267w, https:\/\/wp.unil.ch\/pressesatiriqueromande\/files\/2018\/04\/Charles-Albert-Cingria-Encre-de-Chine-sans-date.-Mus\u00e9e-historique-de-Lausanne-Fonds-G\u00e9a-Augsbourg-768x863.jpg 768w, https:\/\/wp.unil.ch\/pressesatiriqueromande\/files\/2018\/04\/Charles-Albert-Cingria-Encre-de-Chine-sans-date.-Mus\u00e9e-historique-de-Lausanne-Fonds-G\u00e9a-Augsbourg.jpg 890w\" sizes=\"auto, 100vw\" \/><\/a>\n\t\t\t<\/div>\n\t\t\t\t<figcaption class='wp-caption-text gallery-caption' id='gallery-1-571'>\n\t\t\t\tG\u00e9a Augsbourg, Charles-Albert Cingria, encre de Chine, entre 1939-1954, Mus\u00e9e historique de Lausanne Fonds G\u00e9a Augsbourg\n\t\t\t\t<\/figcaption><\/figure><figure class='gallery-item'>\n\t\t\t<div class='gallery-icon portrait'>\n\t\t\t\t<a href='https:\/\/wp.unil.ch\/pressesatiriqueromande\/files\/2018\/04\/IMAG0101.jpg'><img loading=\"lazy\" decoding=\"async\" width=\"170\" height=\"300\" src=\"https:\/\/wp.unil.ch\/pressesatiriqueromande\/files\/2018\/04\/IMAG0101-170x300.jpg\" class=\"attachment-medium size-medium\" alt=\"\" aria-describedby=\"gallery-1-692\" srcset=\"https:\/\/wp.unil.ch\/pressesatiriqueromande\/files\/2018\/04\/IMAG0101-170x300.jpg 170w, https:\/\/wp.unil.ch\/pressesatiriqueromande\/files\/2018\/04\/IMAG0101-579x1024.jpg 579w, https:\/\/wp.unil.ch\/pressesatiriqueromande\/files\/2018\/04\/IMAG0101.jpg 679w\" sizes=\"auto, 100vw\" \/><\/a>\n\t\t\t<\/div>\n\t\t\t\t<figcaption class='wp-caption-text gallery-caption' id='gallery-1-692'>\n\t\t\t\tExtrait de la vie du g\u00e9n\u00e9ral Guisan\n\t\t\t\t<\/figcaption><\/figure><figure class='gallery-item'>\n\t\t\t<div class='gallery-icon portrait'>\n\t\t\t\t<a href='https:\/\/wp.unil.ch\/pressesatiriqueromande\/files\/2018\/04\/IMAG0104.jpg'><img loading=\"lazy\" decoding=\"async\" width=\"170\" height=\"300\" src=\"https:\/\/wp.unil.ch\/pressesatiriqueromande\/files\/2018\/04\/IMAG0104-170x300.jpg\" class=\"attachment-medium size-medium\" alt=\"\" aria-describedby=\"gallery-1-691\" srcset=\"https:\/\/wp.unil.ch\/pressesatiriqueromande\/files\/2018\/04\/IMAG0104-170x300.jpg 170w, https:\/\/wp.unil.ch\/pressesatiriqueromande\/files\/2018\/04\/IMAG0104-579x1024.jpg 579w, https:\/\/wp.unil.ch\/pressesatiriqueromande\/files\/2018\/04\/IMAG0104.jpg 679w\" sizes=\"auto, 100vw\" \/><\/a>\n\t\t\t<\/div>\n\t\t\t\t<figcaption class='wp-caption-text gallery-caption' id='gallery-1-691'>\n\t\t\t\tExtrait de la vie du g\u00e9n\u00e9ral Guisan\n\t\t\t\t<\/figcaption><\/figure><figure class='gallery-item'>\n\t\t\t<div class='gallery-icon portrait'>\n\t\t\t\t<a href='https:\/\/wp.unil.ch\/pressesatiriqueromande\/files\/2018\/04\/IMAG0103.jpg'><img loading=\"lazy\" decoding=\"async\" width=\"170\" height=\"300\" src=\"https:\/\/wp.unil.ch\/pressesatiriqueromande\/files\/2018\/04\/IMAG0103-170x300.jpg\" class=\"attachment-medium size-medium\" alt=\"\" aria-describedby=\"gallery-1-690\" srcset=\"https:\/\/wp.unil.ch\/pressesatiriqueromande\/files\/2018\/04\/IMAG0103-170x300.jpg 170w, https:\/\/wp.unil.ch\/pressesatiriqueromande\/files\/2018\/04\/IMAG0103-579x1024.jpg 579w, https:\/\/wp.unil.ch\/pressesatiriqueromande\/files\/2018\/04\/IMAG0103.jpg 679w\" sizes=\"auto, 100vw\" \/><\/a>\n\t\t\t<\/div>\n\t\t\t\t<figcaption class='wp-caption-text gallery-caption' id='gallery-1-690'>\n\t\t\t\tExtrait de la vie du G\u00e9n\u00e9ral Guisan\n\t\t\t\t<\/figcaption><\/figure><figure class='gallery-item'>\n\t\t\t<div class='gallery-icon portrait'>\n\t\t\t\t<a href='https:\/\/wp.unil.ch\/pressesatiriqueromande\/files\/2018\/04\/IMAG0102.jpg'><img loading=\"lazy\" decoding=\"async\" width=\"170\" height=\"300\" src=\"https:\/\/wp.unil.ch\/pressesatiriqueromande\/files\/2018\/04\/IMAG0102-170x300.jpg\" class=\"attachment-medium size-medium\" alt=\"\" aria-describedby=\"gallery-1-689\" srcset=\"https:\/\/wp.unil.ch\/pressesatiriqueromande\/files\/2018\/04\/IMAG0102-170x300.jpg 170w, https:\/\/wp.unil.ch\/pressesatiriqueromande\/files\/2018\/04\/IMAG0102-579x1024.jpg 579w, https:\/\/wp.unil.ch\/pressesatiriqueromande\/files\/2018\/04\/IMAG0102.jpg 679w\" sizes=\"auto, 100vw\" \/><\/a>\n\t\t\t<\/div>\n\t\t\t\t<figcaption class='wp-caption-text gallery-caption' id='gallery-1-689'>\n\t\t\t\tExtrait de la vie du g\u00e9n\u00e9ral Guisan\n\t\t\t\t<\/figcaption><\/figure>\n\t\t<\/div>\n\n<\/div><\/div>\n<div class=\"su-column su-column-size-1-2\"><div class=\"su-column-inner su-u-clearfix su-u-trim\">\n<h1>Vies en images : G\u00e9a Augsbourg et Rodolphe-Th\u00e9ophile Bosshard<\/h1>\n<p>Le Genevois, Rodolphe T\u00f6pffer (1799 \u2013 1846) est consid\u00e9r\u00e9 par certains comme \u00ab l\u2019inventeur \u00bb de la bande dessin\u00e9, avec ses albums mettant en r\u00e9cit les aventures d\u00e9risoires de personnages tels que Monsieur Jabot. T\u00f6pffer est \u00e9galement l\u2019auteur de l\u2019<em>Essai de physiognomonie <\/em>(1845) consid\u00e9r\u00e9 aujourd\u2019hui comme le premier ouvrage th\u00e9orique sur ce qui deviendra la bande dessin\u00e9e.<\/p>\n<p>Plus d\u2019un si\u00e8cle plus tard, l\u2019influence des \u00ab histoires en estampes \u00bb t\u00f6pff\u00e9riennes est toujours visible dans les travaux d\u2019artistes vaudois comme G\u00e9a Augsbourg (1902 \u2013 1974) ou Rodolphe-Th\u00e9ophile Bosshard (1889 \u2013 1960). <em>La vie en images du G\u00e9n\u00e9ral Guisan<\/em> (1939) d\u2019Augsbourg et <em>L\u2019histoire, les aventures et confessions du citoyen John Pillioudaz<\/em> (1931) de Bosshard se r\u00e9clame de cet h\u00e9ritage.<\/p>\n<h2>G\u00e9a Augsbourg<\/h2>\n<p>N\u00e9 \u00e0 Yverdon, G\u00e9a Augsbourg, de son vrai nom Georges Augsburger, \u00e9tait un artiste peintre, po\u00e8te, dessinateur de presse, cin\u00e9aste et c\u00e9ramiste.<a href=\"#_ftn1\" name=\"_ftnref1\">[1]<\/a> Durant sa carri\u00e8re artistique tr\u00e8s diversifi\u00e9e, il fr\u00e9quenta des grands artistes des ann\u00e9es 1920 tel que Chagall ou Picasso. Mais ce furent le dessin de presse et la caricature qui constitu\u00e8rent sa notori\u00e9t\u00e9.<\/p>\n<h2>L\u2019iconographie du g\u00e9n\u00e9ral Guisan<\/h2>\n<p>De septembre 1939 \u00e0 f\u00e9vrier 1940, G\u00e9a Augsbourg est mobilis\u00e9 comme Caporal lors de la Seconde Guerre Mondiale. C\u2019est pendant cette p\u00e9riode qu\u2019il r\u00e9alise <em>La vie en images du g\u00e9n\u00e9ral <\/em><em>Guisan<\/em> sign\u00e9e par \u00ab Caporal Augsbourg \u00bb et parue en 1939.<a href=\"#_ftn3\" name=\"_ftnref3\">[3]<\/a><\/p>\n<p>Le g\u00e9n\u00e9ral Guisan fut un acteur particuli\u00e8rement important et m\u00e9diatique depuis la fin des ann\u00e9es trente. Tr\u00e8s attentif \u00e0 la construction de son image publique durant la Guerre, il va mettre en place un bureau attach\u00e9 \u00e0 contr\u00f4ler les images le repr\u00e9sentant publi\u00e9es dans la presse. Nous savons aujourd\u2019hui qu\u2019approximativement un de ces images ont \u00e9t\u00e9 censur\u00e9es.<\/p>\n<p><em>La vie en images du g\u00e9n\u00e9ral <\/em><em>Guisan<\/em> pr\u00e9c\u00e8de de peu ces mesures et n\u2019a pas fait l\u2019objet de censure car l&rsquo;artiste propose un r\u00e9cit \u00e9logieux de sa carri\u00e8re, ceci d\u2019autant plus qu\u2019Augsbourg a consacr\u00e9 l\u2019essentiel de son ouvrage aux anc\u00eatres de Guisan, \u00e0 son enfance, ses \u00e9tudes et sa vie familiale. En effet, la carri\u00e8re militaire Guisan n\u2019\u00e9tant pas au centre de son propos. S&rsquo;agissant d&rsquo;\u00e9voquer une \u00ab Vie \u00bb ; il semble donc n\u00e9cessaire pour G\u00e9a Augsbourg souhaite illustrer les \u00e9l\u00e9ments moins connus aux yeux du public. Dessiner le portrait des anc\u00eatres de Guisan permet au lecteur de s\u2019immerger dans la vie intime du g\u00e9n\u00e9ral.<\/p>\n<p>Nous savons aujourd\u2019hui que G\u00e9a Augsbourg n\u2019a jamais rencontr\u00e9 le g\u00e9n\u00e9ral Guisan de son vivant.<a href=\"#_ftn4\" name=\"_ftnref4\">[4]<\/a> Pourtant l\u2019attention port\u00e9e aux d\u00e9tails dans ses dessins sugg\u00e8re le fait qu\u2019Augsbourg eu acc\u00e8s \u00e0 des sources iconographiques des membres de la famille Guisan.<\/p>\n<p>Sur cette photographie, Henri Guisan a six ans. Se tenant debout, \u00e0 c\u00f4t\u00e9 de fleurs, v\u00eatu de son costume du dimanche un chapeau \u00e0 la main. Sa physionomie pr\u00e9sente des analogies avec divers dessins repr\u00e9sentant le jeune Henri dans l\u2019ouvrage d\u2019Augsbourg.<\/p>\n<h2>Rodolphe-Th\u00e9ophile Bosshard<\/h2>\n<p>Rodolphe-Th\u00e9ophile Bosshard (1889 \u2013 1960) est une figure du cubisme en Suisse romande. De retour en Suisse apr\u00e8s un s\u00e9jour \u00e0 Paris, il se sp\u00e9cialise dans le paysage et le nu. Dessinateur. Illustrateur \u00e0 ses heures, il a \u00e9galement r\u00e9alis\u00e9 un ensemble de croquis qui devaient former un r\u00e9cit en images : <em>L\u2019histoire, les aventures et confessions du citoyen John Pillioudaz<\/em>.<\/p>\n<p>Ces dessins \u00e0 l\u2019encre de Chine sont agr\u00e9ment\u00e9s de quelques l\u00e9gendes qui racontent une journ\u00e9e inhabituelle d\u2019un certain vaudois ordinaire. Afin de faire une petite escapade de son village de Rivaz, Pillioudaz d\u00e9cide de prendre un bateau de la Compagnie G\u00e9n\u00e9rale de Navigation (CGN). Tout au long de son p\u00e9riple, il \u00e9tanche sa soif \u00e0 coup de verres de vin afin de \u00ab prendre quelques instants de repos bien m\u00e9rit\u00e9 \u00bb. Cette phrase, qui sera r\u00e9p\u00e9t\u00e9e tout au long du r\u00e9cit, renvoie \u00e0 l\u2019exemple de T\u00f6pffer dans <em>Monsieur Jabot <\/em>\u00ab Apr\u00e8s quoi Monsieur Jabot\u2026 \u00bb.<\/p>\n<p>Cette courte histoire publi\u00e9e \u00e0 titre posthume plus de cinquante ans apr\u00e8s sa r\u00e9alisation en 1986 \u00e0 la Biblioth\u00e8que des Arts, est n\u00e9e dans le cadre intime de sa famille. Bosshard s\u2019inspire de T\u00f6pffer et rejoint par certains aspects les <em>Vies<\/em> imagin\u00e9es par Augsbourg. Tous deux adoptent une mise en page similaire ; \u00e0 savoir un dessin par page assorti d&rsquo;une l\u00e9gende qui a pour r\u00f4le de sp\u00e9cifier des \u00e9l\u00e9ments du r\u00e9cit \u00e0 son lecteur. Alors que les ouvrages d\u2019Augsbourg se pr\u00e9sentent sur un format In-4\u00b0, les dessins de Bosshard sont plus petits. se caract\u00e9risent par des traits graphiques \u2013 synth\u00e9tiques et expressifs. Tous deux partagent une m\u00eame culture graphique, marqu\u00e9e notamment par l\u2019influence de Picasso qu\u2019Augsbourg connaissait et dont il a tir\u00e9 le portrait caricatural.<\/p>\n<p style=\"text-align: right\">Chlo\u00e9 van Thiel<\/p>\n<hr \/>\n<p><a href=\"#_ftnref1\" name=\"_ftn1\">[1]<\/a> G\u00e9a Augsbourg, \u00ab Demi-vie en images \u00bb, <em>L\u2019Illustr\u00e9<\/em>, 1951.<\/p>\n<p><a href=\"#_ftnref2\" name=\"_ftn2\">[2]<\/a> Thierry Groensteen, <em>M. T\u00f6pffer invente la bande dessin\u00e9e<\/em>, Bruxelles, Les Impressions Nouvelles, 2014.<\/p>\n<p><a href=\"#_ftnref3\" name=\"_ftn3\">[3]<\/a> Antoine Baudin, <em>G\u00e9a Augsbourg. 1902-1974<\/em>, Lausanne, Edition d\u2019en-bas, 2002.<\/p>\n<p><a href=\"#_ftnref4\" name=\"_ftn4\">[4]<\/a> Information recueillie aupr\u00e8s du Centre G\u00e9n\u00e9ral Guisan \u00e0 Pully.<\/p>\n<\/div><\/div>\n<\/div>\n","protected":false},"excerpt":{"rendered":"","protected":false},"author":1001741,"featured_media":0,"parent":0,"menu_order":0,"comment_status":"closed","ping_status":"closed","template":"","meta":{"_seopress_robots_primary_cat":"","_seopress_titles_title":"","_seopress_titles_desc":"","_seopress_robots_index":"","footnotes":""},"class_list":["post-541","page","type-page","status-publish"],"_links":{"self":[{"href":"https:\/\/wp.unil.ch\/pressesatiriqueromande\/wp-json\/wp\/v2\/pages\/541","targetHints":{"allow":["GET"]}}],"collection":[{"href":"https:\/\/wp.unil.ch\/pressesatiriqueromande\/wp-json\/wp\/v2\/pages"}],"about":[{"href":"https:\/\/wp.unil.ch\/pressesatiriqueromande\/wp-json\/wp\/v2\/types\/page"}],"author":[{"embeddable":true,"href":"https:\/\/wp.unil.ch\/pressesatiriqueromande\/wp-json\/wp\/v2\/users\/1001741"}],"replies":[{"embeddable":true,"href":"https:\/\/wp.unil.ch\/pressesatiriqueromande\/wp-json\/wp\/v2\/comments?post=541"}],"version-history":[{"count":0,"href":"https:\/\/wp.unil.ch\/pressesatiriqueromande\/wp-json\/wp\/v2\/pages\/541\/revisions"}],"wp:attachment":[{"href":"https:\/\/wp.unil.ch\/pressesatiriqueromande\/wp-json\/wp\/v2\/media?parent=541"}],"curies":[{"name":"wp","href":"https:\/\/api.w.org\/{rel}","templated":true}]}}