{"id":474,"date":"2018-04-16T15:33:36","date_gmt":"2018-04-16T13:33:36","guid":{"rendered":"http:\/\/wp.unil.ch\/pressesatiriqueromande\/?page_id=474"},"modified":"2018-04-27T11:05:39","modified_gmt":"2018-04-27T09:05:39","slug":"naissance-de-la-presse-satirique-les-charivaris-suisses-et-parisiens","status":"publish","type":"page","link":"https:\/\/wp.unil.ch\/pressesatiriqueromande\/naissance-de-la-presse-satirique-les-charivaris-suisses-et-parisiens\/","title":{"rendered":"Naissance de la presse satirique :  les charivaris suisses et parisiens"},"content":{"rendered":"<div class=\"su-row\"><div class=\"su-column su-column-size-1-2\"><div class=\"su-column-inner su-u-clearfix su-u-trim\"><div id='gallery-1' class='gallery galleryid-474 gallery-columns-1 gallery-size-medium'><figure class='gallery-item'>\n\t\t\t<div class='gallery-icon portrait'>\n\t\t\t\t<a href='https:\/\/wp.unil.ch\/pressesatiriqueromande\/files\/2018\/04\/1-5.jpg'><img loading=\"lazy\" decoding=\"async\" width=\"220\" height=\"300\" src=\"https:\/\/wp.unil.ch\/pressesatiriqueromande\/files\/2018\/04\/1-5-220x300.jpg\" class=\"attachment-medium size-medium\" alt=\"\" aria-describedby=\"gallery-1-664\" srcset=\"https:\/\/wp.unil.ch\/pressesatiriqueromande\/files\/2018\/04\/1-5-220x300.jpg 220w, https:\/\/wp.unil.ch\/pressesatiriqueromande\/files\/2018\/04\/1-5-768x1048.jpg 768w, https:\/\/wp.unil.ch\/pressesatiriqueromande\/files\/2018\/04\/1-5-750x1024.jpg 750w, https:\/\/wp.unil.ch\/pressesatiriqueromande\/files\/2018\/04\/1-5.jpg 879w\" sizes=\"auto, 100vw\" \/><\/a>\n\t\t\t<\/div>\n\t\t\t\t<figcaption class='wp-caption-text gallery-caption' id='gallery-1-664'>\n\t\t\t\tCharivari Vaudois, d\u00e9cembre 1839.\n\t\t\t\t<\/figcaption><\/figure><figure class='gallery-item'>\n\t\t\t<div class='gallery-icon landscape'>\n\t\t\t\t<a href='https:\/\/wp.unil.ch\/pressesatiriqueromande\/files\/2018\/04\/2-5.jpg'><img loading=\"lazy\" decoding=\"async\" width=\"300\" height=\"196\" src=\"https:\/\/wp.unil.ch\/pressesatiriqueromande\/files\/2018\/04\/2-5-300x196.jpg\" class=\"attachment-medium size-medium\" alt=\"\" aria-describedby=\"gallery-1-665\" srcset=\"https:\/\/wp.unil.ch\/pressesatiriqueromande\/files\/2018\/04\/2-5-300x196.jpg 300w, https:\/\/wp.unil.ch\/pressesatiriqueromande\/files\/2018\/04\/2-5-768x502.jpg 768w, https:\/\/wp.unil.ch\/pressesatiriqueromande\/files\/2018\/04\/2-5-1024x669.jpg 1024w, https:\/\/wp.unil.ch\/pressesatiriqueromande\/files\/2018\/04\/2-5.jpg 1600w\" sizes=\"auto, 100vw\" \/><\/a>\n\t\t\t<\/div>\n\t\t\t\t<figcaption class='wp-caption-text gallery-caption' id='gallery-1-665'>\n\t\t\t\tLe Charivari, avril 1838\n\t\t\t\t<\/figcaption><\/figure><figure class='gallery-item'>\n\t\t\t<div class='gallery-icon landscape'>\n\t\t\t\t<a href='https:\/\/wp.unil.ch\/pressesatiriqueromande\/files\/2018\/04\/3-5.jpg'><img loading=\"lazy\" decoding=\"async\" width=\"300\" height=\"280\" src=\"https:\/\/wp.unil.ch\/pressesatiriqueromande\/files\/2018\/04\/3-5-300x280.jpg\" class=\"attachment-medium size-medium\" alt=\"\" aria-describedby=\"gallery-1-666\" srcset=\"https:\/\/wp.unil.ch\/pressesatiriqueromande\/files\/2018\/04\/3-5-300x280.jpg 300w, https:\/\/wp.unil.ch\/pressesatiriqueromande\/files\/2018\/04\/3-5-768x716.jpg 768w, https:\/\/wp.unil.ch\/pressesatiriqueromande\/files\/2018\/04\/3-5-1024x955.jpg 1024w, https:\/\/wp.unil.ch\/pressesatiriqueromande\/files\/2018\/04\/3-5.jpg 1287w\" sizes=\"auto, 100vw\" \/><\/a>\n\t\t\t<\/div>\n\t\t\t\t<figcaption class='wp-caption-text gallery-caption' id='gallery-1-666'>\n\t\t\t\tNouveau Charivari Politique Vaudois, prospectus, 1839\n\t\t\t\t<\/figcaption><\/figure><figure class='gallery-item'>\n\t\t\t<div class='gallery-icon portrait'>\n\t\t\t\t<a href='https:\/\/wp.unil.ch\/pressesatiriqueromande\/files\/2018\/04\/4-5.jpg'><img loading=\"lazy\" decoding=\"async\" width=\"219\" height=\"300\" src=\"https:\/\/wp.unil.ch\/pressesatiriqueromande\/files\/2018\/04\/4-5-219x300.jpg\" class=\"attachment-medium size-medium\" alt=\"\" aria-describedby=\"gallery-1-667\" srcset=\"https:\/\/wp.unil.ch\/pressesatiriqueromande\/files\/2018\/04\/4-5-219x300.jpg 219w, https:\/\/wp.unil.ch\/pressesatiriqueromande\/files\/2018\/04\/4-5-768x1053.jpg 768w, https:\/\/wp.unil.ch\/pressesatiriqueromande\/files\/2018\/04\/4-5-747x1024.jpg 747w, https:\/\/wp.unil.ch\/pressesatiriqueromande\/files\/2018\/04\/4-5.jpg 875w\" sizes=\"auto, 100vw\" \/><\/a>\n\t\t\t<\/div>\n\t\t\t\t<figcaption class='wp-caption-text gallery-caption' id='gallery-1-667'>\n\t\t\t\tHonor\u00e9 Daumier, \u00ab Robert Macaire philanthrope \u00bb, lithographie parue dans le Charivari, 28 ao\u00fbt 1836.\n\t\t\t\t<\/figcaption><\/figure><figure class='gallery-item'>\n\t\t\t<div class='gallery-icon portrait'>\n\t\t\t\t<a href='https:\/\/wp.unil.ch\/pressesatiriqueromande\/files\/2018\/04\/5-2-1.jpg'><img loading=\"lazy\" decoding=\"async\" width=\"199\" height=\"300\" src=\"https:\/\/wp.unil.ch\/pressesatiriqueromande\/files\/2018\/04\/5-2-1-199x300.jpg\" class=\"attachment-medium size-medium\" alt=\"\" aria-describedby=\"gallery-1-668\" srcset=\"https:\/\/wp.unil.ch\/pressesatiriqueromande\/files\/2018\/04\/5-2-1-199x300.jpg 199w, https:\/\/wp.unil.ch\/pressesatiriqueromande\/files\/2018\/04\/5-2-1-768x1158.jpg 768w, https:\/\/wp.unil.ch\/pressesatiriqueromande\/files\/2018\/04\/5-2-1-679x1024.jpg 679w, https:\/\/wp.unil.ch\/pressesatiriqueromande\/files\/2018\/04\/5-2-1.jpg 796w\" sizes=\"auto, 100vw\" \/><\/a>\n\t\t\t<\/div>\n\t\t\t\t<figcaption class='wp-caption-text gallery-caption' id='gallery-1-668'>\n\t\t\t\tLe Charivari suisse, 1er f\u00e9vrier 1841\n\t\t\t\t<\/figcaption><\/figure><figure class='gallery-item'>\n\t\t\t<div class='gallery-icon portrait'>\n\t\t\t\t<a href='https:\/\/wp.unil.ch\/pressesatiriqueromande\/files\/2018\/04\/6-5.jpg'><img loading=\"lazy\" decoding=\"async\" width=\"218\" height=\"300\" src=\"https:\/\/wp.unil.ch\/pressesatiriqueromande\/files\/2018\/04\/6-5-218x300.jpg\" class=\"attachment-medium size-medium\" alt=\"\" aria-describedby=\"gallery-1-669\" srcset=\"https:\/\/wp.unil.ch\/pressesatiriqueromande\/files\/2018\/04\/6-5-218x300.jpg 218w, https:\/\/wp.unil.ch\/pressesatiriqueromande\/files\/2018\/04\/6-5-768x1056.jpg 768w, https:\/\/wp.unil.ch\/pressesatiriqueromande\/files\/2018\/04\/6-5-745x1024.jpg 745w, https:\/\/wp.unil.ch\/pressesatiriqueromande\/files\/2018\/04\/6-5.jpg 873w\" sizes=\"auto, 100vw\" \/><\/a>\n\t\t\t<\/div>\n\t\t\t\t<figcaption class='wp-caption-text gallery-caption' id='gallery-1-669'>\n\t\t\t\tJ.-J. Grandville, gravure sur bois extraite des Sc\u00e8nes de la vie priv\u00e9e et publique des animaux, Paris, Hetzel, 1842, vol. 1.\n\t\t\t\t<\/figcaption><\/figure><figure class='gallery-item'>\n\t\t\t<div class='gallery-icon portrait'>\n\t\t\t\t<a href='https:\/\/wp.unil.ch\/pressesatiriqueromande\/files\/2018\/04\/7-3.jpg'><img loading=\"lazy\" decoding=\"async\" width=\"191\" height=\"300\" src=\"https:\/\/wp.unil.ch\/pressesatiriqueromande\/files\/2018\/04\/7-3-191x300.jpg\" class=\"attachment-medium size-medium\" alt=\"\" aria-describedby=\"gallery-1-670\" srcset=\"https:\/\/wp.unil.ch\/pressesatiriqueromande\/files\/2018\/04\/7-3-191x300.jpg 191w, https:\/\/wp.unil.ch\/pressesatiriqueromande\/files\/2018\/04\/7-3-653x1024.jpg 653w, https:\/\/wp.unil.ch\/pressesatiriqueromande\/files\/2018\/04\/7-3.jpg 765w\" sizes=\"auto, 100vw\" \/><\/a>\n\t\t\t<\/div>\n\t\t\t\t<figcaption class='wp-caption-text gallery-caption' id='gallery-1-670'>\n\t\t\t\tLe Charivari suisse, 23 d\u00e9cembre 1841\n\t\t\t\t<\/figcaption><\/figure><figure class='gallery-item'>\n\t\t\t<div class='gallery-icon portrait'>\n\t\t\t\t<a href='https:\/\/wp.unil.ch\/pressesatiriqueromande\/files\/2018\/04\/8-2.png'><img loading=\"lazy\" decoding=\"async\" width=\"223\" height=\"300\" src=\"https:\/\/wp.unil.ch\/pressesatiriqueromande\/files\/2018\/04\/8-2-223x300.png\" class=\"attachment-medium size-medium\" alt=\"\" aria-describedby=\"gallery-1-671\" srcset=\"https:\/\/wp.unil.ch\/pressesatiriqueromande\/files\/2018\/04\/8-2-223x300.png 223w, https:\/\/wp.unil.ch\/pressesatiriqueromande\/files\/2018\/04\/8-2.png 638w\" sizes=\"auto, 100vw\" \/><\/a>\n\t\t\t<\/div>\n\t\t\t\t<figcaption class='wp-caption-text gallery-caption' id='gallery-1-671'>\n\t\t\t\tLa Griffe, 22 juillet 1865\n\t\t\t\t<\/figcaption><\/figure><figure class='gallery-item'>\n\t\t\t<div class='gallery-icon portrait'>\n\t\t\t\t<a href='https:\/\/wp.unil.ch\/pressesatiriqueromande\/files\/2018\/04\/9-2.png'><img loading=\"lazy\" decoding=\"async\" width=\"204\" height=\"300\" src=\"https:\/\/wp.unil.ch\/pressesatiriqueromande\/files\/2018\/04\/9-2-204x300.png\" class=\"attachment-medium size-medium\" alt=\"\" aria-describedby=\"gallery-1-672\" srcset=\"https:\/\/wp.unil.ch\/pressesatiriqueromande\/files\/2018\/04\/9-2-204x300.png 204w, https:\/\/wp.unil.ch\/pressesatiriqueromande\/files\/2018\/04\/9-2.png 598w\" sizes=\"auto, 100vw\" \/><\/a>\n\t\t\t<\/div>\n\t\t\t\t<figcaption class='wp-caption-text gallery-caption' id='gallery-1-672'>\n\t\t\t\tCroquis vaudois, 22 novembre 1887\n\t\t\t\t<\/figcaption><\/figure><figure class='gallery-item'>\n\t\t\t<div class='gallery-icon portrait'>\n\t\t\t\t<a href='https:\/\/wp.unil.ch\/pressesatiriqueromande\/files\/2018\/04\/10-2.png'><img loading=\"lazy\" decoding=\"async\" width=\"206\" height=\"300\" src=\"https:\/\/wp.unil.ch\/pressesatiriqueromande\/files\/2018\/04\/10-2-206x300.png\" class=\"attachment-medium size-medium\" alt=\"\" aria-describedby=\"gallery-1-673\" srcset=\"https:\/\/wp.unil.ch\/pressesatiriqueromande\/files\/2018\/04\/10-2-206x300.png 206w, https:\/\/wp.unil.ch\/pressesatiriqueromande\/files\/2018\/04\/10-2.png 592w\" sizes=\"auto, 100vw\" \/><\/a>\n\t\t\t<\/div>\n\t\t\t\t<figcaption class='wp-caption-text gallery-caption' id='gallery-1-673'>\n\t\t\t\tLe Moniteur d\u2019Ecublens, 14 avril 1880\n\t\t\t\t<\/figcaption><\/figure><figure class='gallery-item'>\n\t\t\t<div class='gallery-icon portrait'>\n\t\t\t\t<a href='https:\/\/wp.unil.ch\/pressesatiriqueromande\/files\/2018\/04\/11-2.png'><img loading=\"lazy\" decoding=\"async\" width=\"208\" height=\"300\" src=\"https:\/\/wp.unil.ch\/pressesatiriqueromande\/files\/2018\/04\/11-2-208x300.png\" class=\"attachment-medium size-medium\" alt=\"\" aria-describedby=\"gallery-1-674\" srcset=\"https:\/\/wp.unil.ch\/pressesatiriqueromande\/files\/2018\/04\/11-2-208x300.png 208w, https:\/\/wp.unil.ch\/pressesatiriqueromande\/files\/2018\/04\/11-2.png 550w\" sizes=\"auto, 100vw\" \/><\/a>\n\t\t\t<\/div>\n\t\t\t\t<figcaption class='wp-caption-text gallery-caption' id='gallery-1-674'>\n\t\t\t\tGribouille &amp; Redzipet, 17 novembre 1904\n\t\t\t\t<\/figcaption><\/figure>\n\t\t<\/div>\n<\/div><\/div>\n<div class=\"su-column su-column-size-1-2\"><div class=\"su-column-inner su-u-clearfix su-u-trim\">\n<h1>Naissance de la presse satirique\u00a0: \u00a0les charivaris suisses et parisiens<\/h1>\n<p>\u00ab\u00a0Nous sommes, il est vrai, inond\u00e9s d&rsquo;un d\u00e9luge de brochures, de pamphlets, de caricatures, de chansons politiques, de journaux plus ou moins morts-n\u00e9s, pouvait-on lire dans la presse romande en 1848 <a href=\"#_edn1\" name=\"_ednref2\">[1]<\/a><a href=\"#_edn1\" name=\"_ednref1\"><\/a>. Le canton de Vaud a largement contribu\u00e9 \u00e0 cette inflation et jou\u00e9 un r\u00f4le pilote dans la gen\u00e8se de la nouvelles presse satirique illustr\u00e9e au tout d\u00e9but de la R\u00e9g\u00e9n\u00e9ration. La multiplication des illustr\u00e9s satiriques, favoris\u00e9e par le lib\u00e9ralisme qui singularise la Suisse au c\u0153ur de l\u2019Europe et introduit des r\u00e9formes constitutionnelles qui pr\u00e9c\u00e8dent celles de la R\u00e9volution de Juillet en 1839 et celles \u00a0en Europe par les r\u00e9volutions de 1848.<\/p>\n<p>En 1828, les autorit\u00e9s vaudoises lance le mouvement en lib\u00e9ralisant la presse. A Lausanne, d\u00e8s 1822, la maison Spengler, se sp\u00e9cialise dans la lithographie tandis que se profile un personnage haut en couleur, qui va jouer un r\u00f4le capital dans l&rsquo;histoire de la presse satirique vaudoise. En 1836, Jean-Pierre Luquiens (1807-?) fonde \u00e0 Lausanne une imprimerie lithographique. En 1839, un prospectus annonce la publication du <em>Nouveau charivari politique vaudois<\/em> :<\/p>\n<p>\u00abLe besoin d&rsquo;un Charivari politique, organe de l&rsquo;opinion et des voeux de la majorit\u00e9 des Vaudois, est senti par un tr\u00e8s grand nombre de citoyens. Anim\u00e9s du d\u00e9sir de cr\u00e9er un Charivari \u00e0 peu pr\u00e8s mensuel dans l&rsquo;int\u00e9r\u00eat de la libert\u00e9, cons\u00e9quence du principe \u00e9galitaire, plusieurs personnes ont form\u00e9 un commencement d&rsquo;association et ont nomm\u00e9 un comit\u00e9 provisoire abrit\u00e9 par la signature de l&rsquo;\u00e9diteur.\u00bb<\/p>\n<p>Premier p\u00e9riodique du genre en Suisse romande, le <em>Nouveau charivari<\/em> &#8211; qui porte tour \u00e0 tour, en 1839, les noms de <em>Charivari vaudois<\/em>, <em>Mort du charivari vaudois<\/em>, <em>Etoile qui file, Barbier populaire<\/em> puis de\u00a0<em>Charivari de la Suisse fran\u00e7aise <\/em>(1840) et de<em> Charivari suisse<\/em> l&rsquo;ann\u00e9e suivante &#8211; fait une derni\u00e8re apparition de 1843 \u00e0 1846 [0].<em>\u00a0<\/em> \u00abLa Presse Populaire est le levier qui conduit \u00e0 l&rsquo;\u00c9galit\u00e9\u00bb, titre <em>Le Grelot<\/em> en mai 1845. La derni\u00e8re feuille \u00e9dit\u00e9e par Luquiens en 1849, probablement soulev\u00e9e par le vent de r\u00e9volution qui souffle alors en Europe, s&rsquo;intitule <em>La<\/em> <em>Sentinelle<\/em>, du nom de cette nouvelle figure symbolique de la milice, qui va marquer de son empreinte les guerres de 1870, 1914 et 1939.<\/p>\n<h2>Le mod\u00e8le fran\u00e7ais et l\u2019essor de la presse satirique au XIXe si\u00e8cle<\/h2>\n<p>Form\u00e9 \u00e0 l&rsquo;\u00e9cole de la pens\u00e9e socialisante fran\u00e7aise, chef radical et futur conseiller f\u00e9d\u00e9ral, le Vaudois <a href=\"https:\/\/www.hls-dhs-dss.ch\/textes\/f\/F4313.php\">Henri Druey<\/a> \u00e9crit \u00e0 ce propos dans une lettre de 1840 adress\u00e9e \u00e0 Ignace Paul Vital Troxler:<\/p>\n<p>\u00abLa tendance du Charivari est radicale, sans contredit, il soutient aussi la souverainet\u00e9 illimit\u00e9e du peuple en mati\u00e8re constitutionnelle, et il attaque les doctrinaires, les m\u00e9thodistes et l&rsquo;aristocratie nouvelle. [&#8230;] Son arme, comme celle des journaux de ce genre, c&rsquo;est le ridicule, la plaisanterie, la satire. C&rsquo;est une sorte d&rsquo;imitation du Charivari fran\u00e7ais, mais il n&rsquo;a pas autant d&rsquo;esprit, ni le m\u00eame tact politique. Il faut esp\u00e9rer que cela viendra, car ce genre de journal est un des besoins de l&rsquo;\u00e9poque [&#8230;].\u00bb<\/p>\n<p>Comme eux, les concepteurs des journaux et leurs lecteurs ont parfaitement conscience des emprunts faits aux organes parisiens et en particulier \u00e0 leurs principaux dessinateurs\u00a0: J.-J. Grandville (1803-1847) et Honor\u00e9 Daumier (1808-1879), mais aussi Cham, alias le vicomte Am\u00e9d\u00e9e de No\u00e9 (1818-1879), le \u00abpopulaire\u00bb illustrateur du <em>Charivari<\/em><a href=\"#_edn2\" name=\"_ednref2\">[2]<\/a>. La vignette de titre du prospectus annon\u00e7ant en 1839 le <em>Nouveau charivari politique vaudois<\/em><a href=\"#_edn3\" name=\"_ednref3\">[3]<\/a> reproduit le personnage de Robert Macaire, dessin\u00e9 par Daumier dans <em>Le<\/em> <em>Charivari<\/em> parisien depuis 1836. Le <em>Nouveau charivari<\/em> reprend \u00e9galement divers frontispices dessin\u00e9s par Daumier et par Grandville pour ce m\u00eame journal. Rebaptis\u00e9 <em>Charivari suisse<\/em>, le p\u00e9riodique lausannois puise abondamment dans l&rsquo;\u0153uvre des deux caricaturistes fran\u00e7ais: dans le <em>Robert Macaire<\/em> de Daumier, dans les <em>Sc\u00e8nes de la vie priv\u00e9e et publique des animaux<\/em> (1841\/42) ou dans les <em>Petites mis\u00e8res de la vie humaine<\/em> (1843) illustr\u00e9s par Grandville &#8211; ceci \u00e0 peine ces ouvrages parus. Cette rapidit\u00e9 d&rsquo;assimilation montre combien, dans les ann\u00e9es trente et quarante, le radicalisme helv\u00e9tique est \u00e0 l&rsquo;unisson de la pens\u00e9e lib\u00e9rale fran\u00e7aise, r\u00e9publicaine ou socialisante.<\/p>\n<p>La pratique de la copie est usuelle dans le monde de l&rsquo;illustr\u00e9 politique, qui semble \u00e9chapper aux r\u00e8gles du droit d&rsquo;auteur (des r\u00e8gles d&rsquo;ailleurs fort mises \u00e0 mal par la piraterie g\u00e9n\u00e9ralis\u00e9e qui affecte l&rsquo;imprim\u00e9 dans ces ann\u00e9es). En pays de Vaud, ces \u00abreprises\u00bb ou ces \u00abemprunts\u00a0\u00bb valent \u00e9galement comme des hommages \u00e0 la satire r\u00e9publicaine. De Gen\u00e8ve \u00e0 Zurich en passant par Berne ou Soleure, Grandville est un mod\u00e8le reconnu. Les citations de Daumier sont plus rares, sauf sous le crayon de <a href=\"https:\/\/www.hls-dhs-dss.ch\/textes\/f\/F21984.php\">Fran\u00e7ois Bocion<\/a> (1828-1890), dessinateur principal du journal satirique lausannois <em>La Gu\u00eape<\/em>, de tendance lib\u00e9rale, largement favorable au parti radical.<\/p>\n<p>Les sympathies esth\u00e9tiques et id\u00e9ologiques entre le canton de Vaud et la France seront mises \u00e0 rude \u00e9preuve sous le Second Empire, alors que se d\u00e9veloppe la presse satirique illustr\u00e9e en Suisse romande\u00a0: dans\u00a0 <em>Le Charivari suisse<\/em>, <em>journal<\/em> <em>satirique <\/em><em>illustr\u00e9<\/em>, entre 1875 et 1877\u00a0; dans <em>La Griffe<\/em>, hebdomadaire typographique, stimul\u00e9 par la nouvelle loi sur la presse de 1861 qui abolit la caution et favorise par cons\u00e9quent les entreprises plus modestes\u00a0; dans le <em>Moniteur d&rsquo;Ecublens <\/em>(1879-1880), lithographi\u00e9 \u00e0 Lausanne et centr\u00e9 sur la vie politique du chef-lieu, qui ne souhaite pas \u00abr\u00e9\u00e9diter les professions de foi de ffeu [sic] les journaux charivariques Romands [sic], morts d&rsquo;une an\u00e9mie d&rsquo;abonn\u00e9s (notre sort probablement) \u00bb\u00a0; dans <em>Les Croquis vaudois, journal illustr\u00e9 de la Suisse romande<\/em> (1884-1887), ou encore dans <em>La Cancoire<\/em> (1898), illustr\u00e9e par Bisc\u00f4me et Crapiette, qui d\u00e9clare que si elle \u00abn&rsquo;a pas le venin de la gu\u00eape, elle chatouillera peut-\u00eatre, ne piquera jamais\u00bb\u00a0; dans <em>Gribouille <\/em><em>et<\/em> <em>Redzipet: r\u00e9flexions sans port\u00e9e<\/em> <em>sur les \u00e9v\u00e9nements de la <\/em><em>vie vaudoise et<\/em> <em>d&rsquo;ailleurs <\/em>(1904-1911)\u00a0; dans Le <em>Passe-temps <\/em>(1901-1902) ou dans les <em>Propos<\/em> <em>vaudois <\/em>de Pierre-David Taupier (1916)\u00a0; dans <em>Le Frondeur<\/em> (1917), dans divers almanachs comme celui du <em>Chalamala<\/em> (1911-1914, puis 1920), organe bullois d&rsquo;expression lib\u00e9rale imprim\u00e9 \u00e0 Lausanne, ou dans \u00a0<em>l&rsquo;Almanach<\/em> <em>Balthasar <\/em>(1923-1926)\u00a0; et bien sur dans <em>L&rsquo;Arbal\u00e8te<\/em>, le bimensuel Edmond Bille (1878-1859), Charles Cl\u00e9ment (1889-1972), et Maurice Hayward (1892-1951) et Victor Gottofrey (1891-1920), publi\u00e9 \u00e0 Lausanne de juillet 1916 \u00e0 d\u00e9cembre 1917, qui inaugure avec v\u00e9h\u00e9mence et brio graphique une nouvelle phase des relations entre art et politique dans le canton de Vaud.<\/p>\n<p style=\"text-align: right\">Philippe\u00a0 Kaenel<\/p>\n<p>&nbsp;<\/p>\n<hr \/>\n[0] Ces p\u00e9riodiques sont disponibles en ligne sur\u00a0 : <a href=\"https:\/\/scriptorium.bcu-lausanne.ch\/page\/home\">https:\/\/scriptorium.bcu-lausanne.ch\/page\/home<\/a><\/p>\n<p><a href=\"#_ednref1\" name=\"_edn1\">[1]<\/a> Anonyme, \u00abR\u00e9publique des arts et des lettres\u00bb, <em>Album de la Suisse romane<\/em>, 1848, p. 15-16.<\/p>\n<p><a href=\"#_ednref2\" name=\"_edn2\">[2]<\/a> David Kunzle,\u00a0 <em>The History of the Comic Strip. The Nineteenth Century<\/em>, Berkeley, Los Angeles, Oxford, 1990.<\/p>\n<p><a href=\"#_ednref3\" name=\"_edn3\">[3]<\/a> Philippe Kaenel, \u00abCent cinquante ans de presse satirique illustr\u00e9e\u00bb, in Sylvio Corsini (dir.), \u00a0<em>Le livre \u00e0 Lausanne. Cinq si\u00e8cles d&rsquo;\u00e9dition et d&rsquo;imprimerie 1493-1993<\/em>, Lausanne, Payot, 1993, pp. 191-200\u00a0; Philippe Kaenel, \u00abPour une histoire de la caricature en Suisse\u00bb, <em>Nos monuments d&rsquo;art et d&rsquo;histoire<\/em>, 42, 1991, p. 403-442. Sur la r\u00e9ception de l\u2019\u0153uvre de Grandville et Daumier en Suisse, voir Philippe Kaenel, \u00ab1830-1848 : la r\u00e9ception de l&rsquo;\u0153uvre de Daumier et Grandville en Suisse\u00bb, in Christian-Marc Boss\u00e9no, Frank Georgi et Marielle Silhouette (dir.), <em>Soci\u00e9t\u00e9s et Repr\u00e9sentations<\/em>, n\u00b0 10, d\u00e9cembre 2000, pp. 145-161.<br \/>\n<\/div><\/div>\n<\/div>\n","protected":false},"excerpt":{"rendered":"","protected":false},"author":1001741,"featured_media":0,"parent":0,"menu_order":0,"comment_status":"closed","ping_status":"closed","template":"","meta":{"_seopress_robots_primary_cat":"","_seopress_titles_title":"","_seopress_titles_desc":"","_seopress_robots_index":"","footnotes":""},"class_list":["post-474","page","type-page","status-publish"],"_links":{"self":[{"href":"https:\/\/wp.unil.ch\/pressesatiriqueromande\/wp-json\/wp\/v2\/pages\/474","targetHints":{"allow":["GET"]}}],"collection":[{"href":"https:\/\/wp.unil.ch\/pressesatiriqueromande\/wp-json\/wp\/v2\/pages"}],"about":[{"href":"https:\/\/wp.unil.ch\/pressesatiriqueromande\/wp-json\/wp\/v2\/types\/page"}],"author":[{"embeddable":true,"href":"https:\/\/wp.unil.ch\/pressesatiriqueromande\/wp-json\/wp\/v2\/users\/1001741"}],"replies":[{"embeddable":true,"href":"https:\/\/wp.unil.ch\/pressesatiriqueromande\/wp-json\/wp\/v2\/comments?post=474"}],"version-history":[{"count":0,"href":"https:\/\/wp.unil.ch\/pressesatiriqueromande\/wp-json\/wp\/v2\/pages\/474\/revisions"}],"wp:attachment":[{"href":"https:\/\/wp.unil.ch\/pressesatiriqueromande\/wp-json\/wp\/v2\/media?parent=474"}],"curies":[{"name":"wp","href":"https:\/\/api.w.org\/{rel}","templated":true}]}}