{"id":434,"date":"2018-04-16T14:52:55","date_gmt":"2018-04-16T12:52:55","guid":{"rendered":"http:\/\/wp.unil.ch\/pressesatiriqueromande\/?page_id=434"},"modified":"2018-05-02T15:02:40","modified_gmt":"2018-05-02T13:02:40","slug":"videos","status":"publish","type":"page","link":"https:\/\/wp.unil.ch\/pressesatiriqueromande\/videos\/","title":{"rendered":"Vid\u00e9os et t\u00e9moignages"},"content":{"rendered":"<div class=\"su-row\">\n<div class=\"su-column su-column-size-1-2\"><div class=\"su-column-inner su-u-clearfix su-u-trim\">\n<h2>Patrick Chappatte au forum des 100, 17 mai 2017<\/h2>\n\n<!-- iframe plugin v.6.0 wordpress.org\/plugins\/iframe\/ -->\n<iframe loading=\"lazy\" src=\"https:\/\/www.youtube.com\/embed\/J-u_XaOIeCE\" width=\"100%\" height=\"315\" scrolling=\"yes\" class=\"iframe-class\" frameborder=\"0\"><\/iframe>\n\n<h2>Le dernier <em>Bonjour <\/em>\u00a0de Jack Rollan, RTS,<em> Tchizz,<\/em> 30 d\u00e9cembre 1979<\/h2>\n\n<!-- iframe plugin v.6.0 wordpress.org\/plugins\/iframe\/ -->\n<iframe loading=\"lazy\" src=\"https:\/\/www.youtube.com\/embed\/vtw9YF8yhl0\" width=\"100%\" height=\"315\" scrolling=\"yes\" class=\"iframe-class\" frameborder=\"0\"><\/iframe>\n\n<h2>La fin du <em>Bonjour<\/em> manuscrit de Jack Rollan<\/h2>\n\n<!-- iframe plugin v.6.0 wordpress.org\/plugins\/iframe\/ -->\n<iframe loading=\"lazy\" src=\"https:\/\/www.youtube.com\/embed\/CWDT25UpY5I\" width=\"100%\" height=\"315\" scrolling=\"yes\" class=\"iframe-class\" frameborder=\"0\"><\/iframe>\n\n<h2>Martial Leiter, RTS, 10 janvier 1995<\/h2>\n\n<!-- iframe plugin v.6.0 wordpress.org\/plugins\/iframe\/ -->\n<iframe loading=\"lazy\" src=\"https:\/\/www.youtube.com\/embed\/33YAuCjeD2Q\" width=\"100%\" height=\"315\" scrolling=\"yes\" class=\"iframe-class\" frameborder=\"0\"><\/iframe>\n\n<h2>Martial Leiter, RTS, 10 janvier 1995<\/h2>\n\n<!-- iframe plugin v.6.0 wordpress.org\/plugins\/iframe\/ -->\n<iframe loading=\"lazy\" src=\"https:\/\/www.youtube.com\/embed\/ul32oEosTIc\" width=\"100%\" height=\"315\" scrolling=\"yes\" class=\"iframe-class\" frameborder=\"0\"><\/iframe>\n\n<h2>La caricature et le dessin dans la presse (1), S\u00e9ance de r\u00e9daction \u00e0 <em>La Tribune <\/em>\u00a0avec Barrigue, 1982<\/h2>\n\n<!-- iframe plugin v.6.0 wordpress.org\/plugins\/iframe\/ -->\n<iframe loading=\"lazy\" src=\"https:\/\/www.youtube.com\/embed\/xkWXL8RKkY8\" width=\"100%\" height=\"315\" scrolling=\"yes\" class=\"iframe-class\" frameborder=\"0\"><\/iframe>\n\n<h2>Paul Perret, dit Andr\u00e9 Paul, dessinateur<\/h2>\n<div style=\"width: 400px;\" class=\"wp-video\"><video class=\"wp-video-shortcode\" id=\"video-434-1\" width=\"400\" height=\"400\" preload=\"metadata\" controls=\"controls\"><source type=\"video\/mp4\" src=\"https:\/\/wp.unil.ch\/pressesatiriqueromande\/files\/2018\/04\/Andre\u0301-Paul-Plans-Fixes.mp4?_=1\" \/><a href=\"https:\/\/wp.unil.ch\/pressesatiriqueromande\/files\/2018\/04\/Andre\u0301-Paul-Plans-Fixes.mp4\">https:\/\/wp.unil.ch\/pressesatiriqueromande\/files\/2018\/04\/Andre\u0301-Paul-Plans-Fixes.mp4<\/a><\/video><\/div>\n<h2>Le <em>Bonjour<\/em> du 1er f\u00e9vrier 1963 (audio)<\/h2>\n<div style=\"width: 525px;\" class=\"wp-video\"><video class=\"wp-video-shortcode\" id=\"video-434-2\" width=\"525\" height=\"295\" preload=\"metadata\" controls=\"controls\"><source type=\"video\/mp4\" src=\"https:\/\/wp.unil.ch\/pressesatiriqueromande\/files\/2018\/04\/Bonjour-du-01.02.1963.mp4?_=2\" \/><a href=\"https:\/\/wp.unil.ch\/pressesatiriqueromande\/files\/2018\/04\/Bonjour-du-01.02.1963.mp4\">https:\/\/wp.unil.ch\/pressesatiriqueromande\/files\/2018\/04\/Bonjour-du-01.02.1963.mp4<\/a><\/video><\/div>\n<\/div><\/div>\n<div class=\"su-column su-column-size-1-2\"><div class=\"su-column-inner su-u-clearfix su-u-trim\">\n<h2>Mix &amp; Remix (Philippe Becquelin):<br \/>\nDessins et guet (1992)<\/h2>\n\n<!-- iframe plugin v.6.0 wordpress.org\/plugins\/iframe\/ -->\n<iframe loading=\"lazy\" src=\"https:\/\/www.youtube.com\/embed\/nQH7gGJsdm0\" width=\"100%\" height=\"315\" scrolling=\"yes\" class=\"iframe-class\" frameborder=\"0\"><\/iframe>\n\n<h2>Les derni\u00e8res esquisses de Raymond Burki pour <em>24 heures, <\/em>15 ao\u00fbt 2014<\/h2>\n\n<!-- iframe plugin v.6.0 wordpress.org\/plugins\/iframe\/ -->\n<iframe loading=\"lazy\" src=\"https:\/\/www.youtube.com\/embed\/vBxBqGCJoQA\" width=\"100%\" height=\"315\" scrolling=\"yes\" class=\"iframe-class\" frameborder=\"0\"><\/iframe>\n\n<h2>Urs (Fr\u00e9d\u00e9ris Studer) : interview, TSR, 16 mars 1971<\/h2>\n\n<!-- iframe plugin v.6.0 wordpress.org\/plugins\/iframe\/ -->\n<iframe loading=\"lazy\" src=\"https:\/\/www.youtube.com\/embed\/aXsY6xeeOGE\" width=\"100%\" height=\"315\" scrolling=\"yes\" class=\"iframe-class\" frameborder=\"0\"><\/iframe>\n\n<h2>Urs (Fr\u00e9d\u00e9ris Studer) : interview TSR, 16 mars 1971<\/h2>\n\n<!-- iframe plugin v.6.0 wordpress.org\/plugins\/iframe\/ -->\n<iframe loading=\"lazy\" src=\"https:\/\/www.youtube.com\/embed\/AHyWLE6Xg7M\" width=\"100%\" height=\"315\" scrolling=\"yes\" class=\"iframe-class\" frameborder=\"0\"><\/iframe>\n\n<h2>Le magazine satirique <em>Vigousse<\/em> d\u00e9barque en Suisse romande, TSR, 4 d\u00e9cembre 2012<\/h2>\n\n<!-- iframe plugin v.6.0 wordpress.org\/plugins\/iframe\/ -->\n<iframe loading=\"lazy\" src=\"https:\/\/www.youtube.com\/embed\/kqh_ncFMeHU\" width=\"100%\" height=\"315\" scrolling=\"yes\" class=\"iframe-class\" frameborder=\"0\"><\/iframe>\n\n<h2>La caricature et le dessin dans la presse (2), Barrigue \u00e0 sa table de travail, 1982<\/h2>\n\n<!-- iframe plugin v.6.0 wordpress.org\/plugins\/iframe\/ -->\n<iframe loading=\"lazy\" src=\"https:\/\/www.youtube.com\/embed\/JNpX7T3Iu7M\" width=\"100%\" height=\"315\" scrolling=\"yes\" class=\"iframe-class\" frameborder=\"0\"><\/iframe>\n\n<h2>Barrigue, l&rsquo;avenir de <em>Charlie Hebdo<\/em> et des caricaturistes, RTS, 14 janvier 2015 (audio)<\/h2>\n<div style=\"width: 525px;\" class=\"wp-video\"><video class=\"wp-video-shortcode\" id=\"video-434-3\" width=\"525\" height=\"295\" preload=\"metadata\" controls=\"controls\"><source type=\"video\/mp4\" src=\"https:\/\/wp.unil.ch\/pressesatiriqueromande\/files\/2018\/04\/Barrigue-Charlie-Hebdo.mp4?_=3\" \/><a href=\"https:\/\/wp.unil.ch\/pressesatiriqueromande\/files\/2018\/04\/Barrigue-Charlie-Hebdo.mp4\">https:\/\/wp.unil.ch\/pressesatiriqueromande\/files\/2018\/04\/Barrigue-Charlie-Hebdo.mp4<\/a><\/video><\/div>\n<\/div><\/div>\n<\/div>\n<hr \/>\n<h2>Sources des vid\u00e9os et des audios :<\/h2>\n<p>Interview de Patrick Chappatte au forum 100, 17 mai 2017, organis\u00e9 par <em>Le Temps<\/em><\/p>\n<p>Mix &amp; Remix (Philippe Becquelin),\u00a0 <em>Dessins et guet<\/em> (1992), \u00e9mission de la RTS<\/p>\n<p>Le dernier <em>Bonjour <\/em> de Jack Rollan<br \/>\nRTS, Tchizz, 30 d\u00e9cembre 1979<\/p>\n<p>Les derni\u00e8res esquisses de Raymond Burki pour <em>24 Heures <\/em> 15 ao\u00fbt 2014<\/p>\n<p>La fin du <em>Bonjour<\/em> manuscrit, \u00e9mission de la RTS, 25 d\u00e9cembre 1974<\/p>\n<p>Urs (Fr\u00e9d\u00e9ris Studer) : interview, TSR, 16 mars 1971<\/p>\n<p>Martial Leiter, RTS, 10 janvier 1995<\/p>\n<p>Le magazine satirique Vigousse d\u00e9barque en Suisse romande, TSR, 4 d\u00e9cembre 2012<\/p>\n<p>La caricature et le dessin dans la presse, S\u00e9ance de r\u00e9daction \u00e0 La Tribune avec Barrigue, 1982, \u00e9mission de la RTS, 6 d\u00e9cembre 1982<\/p>\n<p>La caricature et le dessin dans la presse, Barrigue \u00e0 sa table de travail, 1982, \u00e9mission de la RTS, 1982<\/p>\n<p>Le <em>Bonjour<\/em> du 1er f\u00e9vrier 1963, chronique de Jack Rollan du 1er f\u00e9vrier 1963, \u00e9mission de la RTS<\/p>\n<p>Barrigue, l&rsquo;avenir de Charlie Hebdo et des caricaturistes, RTS, 14 janvier 2015<\/p>\n<p>&nbsp;<\/p>\n","protected":false},"excerpt":{"rendered":"<p>Sources des vid\u00e9os et des audios : Interview de Patrick Chappatte au forum 100, 17 mai 2017, organis\u00e9 par Le Temps Mix &amp; Remix (Philippe Becquelin),\u00a0 Dessins et guet (1992), \u00e9mission de la RTS Le dernier Bonjour de Jack Rollan RTS, Tchizz, 30 d\u00e9cembre 1979 Les derni\u00e8res esquisses de Raymond Burki pour 24 Heures 15 &hellip; <\/p>\n<p class=\"link-more\"><a href=\"https:\/\/wp.unil.ch\/pressesatiriqueromande\/videos\/\" class=\"more-link\">Continuer la lecture<span class=\"screen-reader-text\"> de &laquo;&nbsp;Vid\u00e9os et t\u00e9moignages&nbsp;&raquo;<\/span><\/a><\/p>\n","protected":false},"author":1001741,"featured_media":0,"parent":0,"menu_order":0,"comment_status":"closed","ping_status":"closed","template":"","meta":{"_seopress_robots_primary_cat":"","_seopress_titles_title":"","_seopress_titles_desc":"","_seopress_robots_index":"","footnotes":""},"class_list":["post-434","page","type-page","status-publish"],"_links":{"self":[{"href":"https:\/\/wp.unil.ch\/pressesatiriqueromande\/wp-json\/wp\/v2\/pages\/434","targetHints":{"allow":["GET"]}}],"collection":[{"href":"https:\/\/wp.unil.ch\/pressesatiriqueromande\/wp-json\/wp\/v2\/pages"}],"about":[{"href":"https:\/\/wp.unil.ch\/pressesatiriqueromande\/wp-json\/wp\/v2\/types\/page"}],"author":[{"embeddable":true,"href":"https:\/\/wp.unil.ch\/pressesatiriqueromande\/wp-json\/wp\/v2\/users\/1001741"}],"replies":[{"embeddable":true,"href":"https:\/\/wp.unil.ch\/pressesatiriqueromande\/wp-json\/wp\/v2\/comments?post=434"}],"version-history":[{"count":0,"href":"https:\/\/wp.unil.ch\/pressesatiriqueromande\/wp-json\/wp\/v2\/pages\/434\/revisions"}],"wp:attachment":[{"href":"https:\/\/wp.unil.ch\/pressesatiriqueromande\/wp-json\/wp\/v2\/media?parent=434"}],"curies":[{"name":"wp","href":"https:\/\/api.w.org\/{rel}","templated":true}]}}