{"id":13,"date":"2017-10-11T10:33:46","date_gmt":"2017-10-11T08:33:46","guid":{"rendered":"http:\/\/wp.unil.ch\/pressesatiriqueromande\/?page_id=13"},"modified":"2018-12-16T14:38:00","modified_gmt":"2018-12-16T13:38:00","slug":"a-propos-about","status":"publish","type":"page","link":"https:\/\/wp.unil.ch\/pressesatiriqueromande\/a-propos-about\/","title":{"rendered":"Histoire(s)"},"content":{"rendered":"<ul>\n<li><a href=\"https:\/\/wp.unil.ch\/pressesatiriqueromande\/naissance-de-la-presse-satirique-les-charivaris-suisses-et-parisiens\/\">Naissance de la presse satirique : les charivaris suisses et parisiens<\/a><\/li>\n<li><a href=\"https:\/\/wp.unil.ch\/pressesatiriqueromande\/le-journal-la-guepe-et-le-radicalisme-autour-de-1850\/\">Le journal La Gu\u00eape et le radicalisme autour de 1850<\/a><\/li>\n<li><a href=\"https:\/\/wp.unil.ch\/pressesatiriqueromande\/le-sapajou\/\">Le Sapajou : le Village noir et le Village suisse de l\u2019Exposition national de 1896<\/a><\/li>\n<li><a href=\"https:\/\/wp.unil.ch\/pressesatiriqueromande\/le-papillon\/\">Le Papillon : anticipations technologiques et imaginaires autour de 1900<\/a><\/li>\n<li><a href=\"https:\/\/wp.unil.ch\/pressesatiriqueromande\/se-rire-de-la-mort-durant-la-guerre\/\">L\u2019Arbal\u00e8te et Edmond Bille : se rire de la mort durant la Guerre<\/a><\/li>\n<li><a href=\"https:\/\/wp.unil.ch\/pressesatiriqueromande\/la-caricature-reactionnaire-et-la-crise-le-pilori-et-geneve\/\">La caricature r\u00e9actionnaire et la crise : Le Pilori et Gen\u00e8ve<\/a><\/li>\n<li><a href=\"https:\/\/wp.unil.ch\/pressesatiriqueromande\/entre-presse-et-radio-lhumoriste-jack-rollan\/\"><em>Le Bonjour<\/em> de Jack Rollan, homme-orchestre<\/a><\/li>\n<li><a href=\"https:\/\/wp.unil.ch\/pressesatiriqueromande\/histoires-en-images-2\/\">Vies en images : G\u00e9a Augsbourg et Rodolphe-Th\u00e9ophile Bosshard<\/a><\/li>\n<li><a href=\"https:\/\/wp.unil.ch\/pressesatiriqueromande\/la-generation-mai-68\/\">Le dessin de presse \u00e0 partir des ann\u00e9es 1960<\/a><\/li>\n<li><a href=\"https:\/\/wp.unil.ch\/pressesatiriqueromande\/la-generation-mai-68-2\/\">La g\u00e9n\u00e9ration mai 68<\/a><\/li>\n<li><a href=\"https:\/\/wp.unil.ch\/pressesatiriqueromande\/les-dessinateurs-journalistes\/\">Les dessinateurs journalistes<\/a><\/li>\n<li><a href=\"https:\/\/wp.unil.ch\/pressesatiriqueromande\/le-dessin-de-presse-est-encore-vigousse\/\">Le dessin de presse est encore vigousse&#8230;<\/a><\/li>\n<\/ul>\n<h2>Presse satirique en Suisse romande\u00a0: quelques pistes&#8230;<\/h2>\n<p>Grand-Carteret, John: <em>Les m\u0153urs et la caricature en Allemagne, en Autriche, en Suisse<\/em>, Paris, Hinrichsen 1885<\/p>\n<p><em>1291 und eine Nacht &#8230; et une nuits. M\u00e4rchen und Wahrheit \u00fcber unsere Eidgenossenschaft aus der Sicht von 70 Schwiezer Cartoonisten und Karikaturisten<\/em>, Berne, Kornhaus, 1991<\/p>\n<p>Kaenel, Philippe, \u00abPour une histoire de la caricature en Suisse\u00bb, <em>Nos monuments d&rsquo;art et d&rsquo;histoire<\/em>, 42, 1991, pp. 403-442<\/p>\n<p>Kaenel, Philippe, \u00abCent cinquante ans de presse satirique\u00bb, <em>Le livre \u00e0 Lausanne, cinq si\u00e8cles d&rsquo;\u00e9dition et d&rsquo;imprimerie<\/em>, sous la direction de Silvio Corsini, Mus\u00e9e historique, Payot, Lausanne 1993 , pp. 191-200<\/p>\n<p><em>Dessins de presse 1848-1998. Jeux de miroirs dans la Maison suisse<\/em>, Gen\u00e8ve, Editions S. Hurter, 1998<\/p>\n<p>Dettwiler, Walter, <em>Von linken Teufeln und heuchlerischen Pfaffen : der Weg zur modernen Schweiz im Spiegel der Karikatur (1798-1848),<\/em> Zurich, der Schweizerische Beobachter, 1998<\/p>\n<p>Andrey, George (dir.), <em>Dessin de presse 1848-1998. Jeux de miroirs dans la Maison suisse,<\/em> Editions Suzanne Hurter, Lausanne, 1998<\/p>\n<p><em>Embl\u00e8mes de la Libert\u00e9. L&rsquo;image de la r\u00e9publique dans l&rsquo;art du XVIe au XXe si\u00e8cle<\/em>, catalogue d&rsquo;exposition, Mus\u00e9e d&rsquo;histoire et Mus\u00e9e des beaux-arts de Berne, Berne 1991 (voir le chapitre \u00ab\u00a0La lutte des images: la caricature \u00e0 l&rsquo;\u00e9poque des r\u00e9volutions\u00a0\u00bb, pp. 645-701)<\/p>\n<p>Kaenel, Philippe, \u00abSuisse-Allemagne (1848-1918): neutralit\u00e9 et neutralisation du point de vue de la caricature\u00bb, <em>Revue suisse d&rsquo;art et d&rsquo;arch\u00e9ologie<\/em>, no. 1-2. 2003, pp. 99-111<\/p>\n<p>Kaenel Philippe (dir.),<em> 1848; le carrefour suisse. Le pouvoir des images<\/em> [<em>1848: il crocevia svizzero. <\/em><em>Il potere delle immagini \/1848: Drehscheibe Schweiz. Die Macht der Bilder<\/em>] \u00e9d. par, Chronos Verlag, Zurich, Lausanne, Ed. Payot, Locarno, Dad\u00f2, 1998<\/p>\n<p>Kaenel, Philippe, \u00abDans l&rsquo;\u0153il du cyclone: la Suisse face \u00e0 l&rsquo;Europe\u00bb, <em>Les r\u00e9volutions de 1848, L&rsquo;Europe des images<\/em>, \u00e9d. par Philippe Kaenel, S\u00e9gol\u00e8ne le Men, Rosanna Maggio Serra, Nicole Moulonguet, Rainer Schoch, Paris, Assembl\u00e9e nationale, Ch\u00e2teau de Prangins, Mus\u00e9e national suisse,1998, pp. 110-121<\/p>\n<p>Kaenel, Philippe, \u00ab1830-1848 : la r\u00e9ception de l&rsquo;oeuvre de Daumier et Grandville en Suisse\u00bb, Le Rire au corps, grotesque et caricature (Christian-Marc Boss\u00e9no, Frank Georgi et Marielle Silhouette dir.), <em>Soci\u00e9t\u00e9s et Repr\u00e9sentations<\/em>, n\u00b0 10, d\u00e9cembre 2000, pp. 145-161<\/p>\n<p>Kaenel, Philippe, \u00ab\u00a0Du <em>Chat noir <\/em>au <em>Sapajou\u00a0: <\/em>Les \u00e9changes artistiques et satiriques entre Paris et la Suisse autour de 1900\u00a0\u00bb, <em>L\u2019Europe des Revues. Estampes, photographies, illustrations<\/em>, sous la direction d\u2019Evangh\u00e9lia Stead et H\u00e9l\u00e8ne V\u00e9drine, Paris, Presses universitaires de Paris-Sorbonne, 2008, pp. 223-245<\/p>\n<p>Robyn, Aude, <em>Les journaux satiriques illustr\u00e9s de Gen\u00e8ve \u00e0 la fin du XIX<sup>e<\/sup> si\u00e8cle\u00a0: langage pictural accessible, <\/em>m\u00e9moire de licence, Universit\u00e9 de Lausanne, 2009<\/p>\n<p>Groensteen, Thierry, <em>M. T\u00f6pffer invente la bande dessin\u00e9e<\/em>, Bruxelles, Impressions nouvelles, 2014<\/p>\n<p>Jehotte, Thierry, Fornasier, Jean-Charles, <em>Les dessinateurs de presse en Romandie<\/em>, Editions d\u2019A c\u00f4t\u00e9, Morges, 2015<\/p>\n<p>Boillat, David, <em>La repr\u00e9sentation du r\u00e9fugi\u00e9 \u00e0 travers le<\/em>\u00a0<em>dessin de presse<\/em><em>\u00a0de\u00a0Suisse romande. La \u00ab crise de l&rsquo;asile \u00bb de 1989 \u00e0 1991<\/em>, m\u00e9moire de licence, Universit\u00e9 de Neuch\u00e2tel, 2017<\/p>\n<p>Kaenel, Philippe, <em>La caricature en Suisse depuis Holbein, <\/em>Lausanne, PPUR, coll. \u00ab\u00a0Le savoir suisse\u00a0\u00bb, \u00e0 para\u00eetre<\/p>\n<hr \/>\n<h2><em>&#8230; et ailleurs sur le web<br \/>\n<\/em><\/h2>\n<p>Pr\u00e9sentation de l&rsquo;exposition : [<a href=\"https:\/\/www.rts.ch\/play\/radio\/vertigo\/audio\/exposition-mieux-vaut-en-rire?id=9586368&amp;station=a9e7621504c6959e35c3ecbe7f6bed0446cdf8da\">lien vers l&rsquo;entretien<\/a>]\n<p>Caricature et Humour suisses : [<a href=\"https:\/\/www.rts.ch\/play\/radio\/versus-penser\/audio\/caricature-et-humour-suisses?id=10033208&amp;station=a83f29dee7a5d0d3f9fccdb9c92161b1afb512db\">lien vers l&rsquo;entretien<\/a>]\n<p>Les singularit\u00e9s du dessin de presse : [<a href=\"https:\/\/avisdexperts.ch\/videos\/view\/8542\">lien vers l&rsquo;entretien<\/a>]\n<p>Nectar (RTS) du 30 mai 2018 : [<a href=\"https:\/\/pages.rts.ch\/espace-2\/programmes\/nectar\/9573591-nectar-du-30-05-2018.html\">lien vers l&rsquo;entretien<\/a>]\n","protected":false},"excerpt":{"rendered":"<p>Naissance de la presse satirique : les charivaris suisses et parisiens Le journal La Gu\u00eape et le radicalisme autour de 1850 Le Sapajou : le Village noir et le Village suisse de l\u2019Exposition national de 1896 Le Papillon : anticipations technologiques et imaginaires autour de 1900 L\u2019Arbal\u00e8te et Edmond Bille : se rire de la &hellip; <\/p>\n<p class=\"link-more\"><a href=\"https:\/\/wp.unil.ch\/pressesatiriqueromande\/a-propos-about\/\" class=\"more-link\">Continuer la lecture<span class=\"screen-reader-text\"> de &laquo;&nbsp;Histoire(s)&nbsp;&raquo;<\/span><\/a><\/p>\n","protected":false},"author":108,"featured_media":0,"parent":0,"menu_order":0,"comment_status":"closed","ping_status":"closed","template":"","meta":{"_seopress_robots_primary_cat":"","_seopress_titles_title":"","_seopress_titles_desc":"","_seopress_robots_index":"","footnotes":""},"class_list":["post-13","page","type-page","status-publish"],"_links":{"self":[{"href":"https:\/\/wp.unil.ch\/pressesatiriqueromande\/wp-json\/wp\/v2\/pages\/13","targetHints":{"allow":["GET"]}}],"collection":[{"href":"https:\/\/wp.unil.ch\/pressesatiriqueromande\/wp-json\/wp\/v2\/pages"}],"about":[{"href":"https:\/\/wp.unil.ch\/pressesatiriqueromande\/wp-json\/wp\/v2\/types\/page"}],"author":[{"embeddable":true,"href":"https:\/\/wp.unil.ch\/pressesatiriqueromande\/wp-json\/wp\/v2\/users\/108"}],"replies":[{"embeddable":true,"href":"https:\/\/wp.unil.ch\/pressesatiriqueromande\/wp-json\/wp\/v2\/comments?post=13"}],"version-history":[{"count":0,"href":"https:\/\/wp.unil.ch\/pressesatiriqueromande\/wp-json\/wp\/v2\/pages\/13\/revisions"}],"wp:attachment":[{"href":"https:\/\/wp.unil.ch\/pressesatiriqueromande\/wp-json\/wp\/v2\/media?parent=13"}],"curies":[{"name":"wp","href":"https:\/\/api.w.org\/{rel}","templated":true}]}}