{"id":115,"date":"2018-03-02T10:12:24","date_gmt":"2018-03-02T09:12:24","guid":{"rendered":"http:\/\/wp.unil.ch\/pressesatiriqueromande\/?page_id=115"},"modified":"2018-05-01T13:33:53","modified_gmt":"2018-05-01T11:33:53","slug":"les-dessinateurs-journalistes","status":"publish","type":"page","link":"https:\/\/wp.unil.ch\/pressesatiriqueromande\/les-dessinateurs-journalistes\/","title":{"rendered":"Les dessinateurs journalistes"},"content":{"rendered":"<div class=\"su-row\"><div class=\"su-column su-column-size-1-2\"><div class=\"su-column-inner su-u-clearfix su-u-trim\">\n<div id='gallery-1' class='gallery galleryid-115 gallery-columns-1 gallery-size-medium'><figure class='gallery-item'>\n\t\t\t<div class='gallery-icon landscape'>\n\t\t\t\t<a href='https:\/\/wp.unil.ch\/pressesatiriqueromande\/les-dessinateurs-journalistes\/1-11\/'><img loading=\"lazy\" decoding=\"async\" width=\"300\" height=\"146\" src=\"https:\/\/wp.unil.ch\/pressesatiriqueromande\/files\/2018\/04\/1-9-300x146.jpg\" class=\"attachment-medium size-medium\" alt=\"\" aria-describedby=\"gallery-1-884\" srcset=\"https:\/\/wp.unil.ch\/pressesatiriqueromande\/files\/2018\/04\/1-9-300x146.jpg 300w, https:\/\/wp.unil.ch\/pressesatiriqueromande\/files\/2018\/04\/1-9-768x374.jpg 768w, https:\/\/wp.unil.ch\/pressesatiriqueromande\/files\/2018\/04\/1-9-1024x499.jpg 1024w, https:\/\/wp.unil.ch\/pressesatiriqueromande\/files\/2018\/04\/1-9.jpg 1334w\" sizes=\"auto, 100vw\" \/><\/a>\n\t\t\t<\/div>\n\t\t\t\t<figcaption class='wp-caption-text gallery-caption' id='gallery-1-884'>\n\t\t\t\tBURKI, Raymond, L\u2019effet Burki, 128 dessins, Lausanne, \u00c9dition 24 Heures, 1988, p.102.\n\t\t\t\t<\/figcaption><\/figure><figure class='gallery-item'>\n\t\t\t<div class='gallery-icon portrait'>\n\t\t\t\t<a href='https:\/\/wp.unil.ch\/pressesatiriqueromande\/les-dessinateurs-journalistes\/2-11\/'><img loading=\"lazy\" decoding=\"async\" width=\"236\" height=\"300\" src=\"https:\/\/wp.unil.ch\/pressesatiriqueromande\/files\/2018\/04\/2-9-236x300.jpg\" class=\"attachment-medium size-medium\" alt=\"\" aria-describedby=\"gallery-1-885\" srcset=\"https:\/\/wp.unil.ch\/pressesatiriqueromande\/files\/2018\/04\/2-9-236x300.jpg 236w, https:\/\/wp.unil.ch\/pressesatiriqueromande\/files\/2018\/04\/2-9.jpg 505w\" sizes=\"auto, 100vw\" \/><\/a>\n\t\t\t<\/div>\n\t\t\t\t<figcaption class='wp-caption-text gallery-caption' id='gallery-1-885'>\n\t\t\t\tBURKI, Raymond, Sans Titre, 2014 [en ligne]. Adresse : https:\/\/www.courrierinternational.com\/sites\/ci_master\/files\/styles\/image_original_2048\/public\/assets\/images\/burki_2014-08-15-8327_0.jpg?itok=n9hACXS4\n\t\t\t\t<\/figcaption><\/figure><figure class='gallery-item'>\n\t\t\t<div class='gallery-icon landscape'>\n\t\t\t\t<a href='https:\/\/wp.unil.ch\/pressesatiriqueromande\/les-dessinateurs-journalistes\/4-11\/'><img loading=\"lazy\" decoding=\"async\" width=\"300\" height=\"223\" src=\"https:\/\/wp.unil.ch\/pressesatiriqueromande\/files\/2018\/04\/4-9-300x223.jpg\" class=\"attachment-medium size-medium\" alt=\"\" aria-describedby=\"gallery-1-887\" srcset=\"https:\/\/wp.unil.ch\/pressesatiriqueromande\/files\/2018\/04\/4-9-300x223.jpg 300w, https:\/\/wp.unil.ch\/pressesatiriqueromande\/files\/2018\/04\/4-9-768x571.jpg 768w, https:\/\/wp.unil.ch\/pressesatiriqueromande\/files\/2018\/04\/4-9-1024x761.jpg 1024w, https:\/\/wp.unil.ch\/pressesatiriqueromande\/files\/2018\/04\/4-9.jpg 1615w\" sizes=\"auto, 100vw\" \/><\/a>\n\t\t\t<\/div>\n\t\t\t\t<figcaption class='wp-caption-text gallery-caption' id='gallery-1-887'>\n\t\t\t\tBURKI, Raymond, Conf\u00e9rence de Paris sur le climat, 2 d\u00e9cembre 2015, in. Burki Remet \u00e7a !, Cully, Tcho Berthe Edition, 2016, p.49.\n\t\t\t\t<\/figcaption><\/figure><figure class='gallery-item'>\n\t\t\t<div class='gallery-icon portrait'>\n\t\t\t\t<a href='https:\/\/wp.unil.ch\/pressesatiriqueromande\/les-dessinateurs-journalistes\/3-11\/'><img loading=\"lazy\" decoding=\"async\" width=\"225\" height=\"300\" src=\"https:\/\/wp.unil.ch\/pressesatiriqueromande\/files\/2018\/04\/3-9-225x300.jpg\" class=\"attachment-medium size-medium\" alt=\"\" aria-describedby=\"gallery-1-886\" srcset=\"https:\/\/wp.unil.ch\/pressesatiriqueromande\/files\/2018\/04\/3-9-225x300.jpg 225w, https:\/\/wp.unil.ch\/pressesatiriqueromande\/files\/2018\/04\/3-9-768x1024.jpg 768w, https:\/\/wp.unil.ch\/pressesatiriqueromande\/files\/2018\/04\/3-9.jpg 900w\" sizes=\"auto, 100vw\" \/><\/a>\n\t\t\t<\/div>\n\t\t\t\t<figcaption class='wp-caption-text gallery-caption' id='gallery-1-886'>\n\t\t\t\tBARRIGUE, Thierry, Paul L\u00e9autaud, in. Qu\u2019avez-vous fait de vos 20 ans ?, Lausanne, Le Matin, 1992, p.11.\n\t\t\t\t<\/figcaption><\/figure><figure class='gallery-item'>\n\t\t\t<div class='gallery-icon landscape'>\n\t\t\t\t<a href='https:\/\/wp.unil.ch\/pressesatiriqueromande\/les-dessinateurs-journalistes\/5-9\/'><img loading=\"lazy\" decoding=\"async\" width=\"300\" height=\"238\" src=\"https:\/\/wp.unil.ch\/pressesatiriqueromande\/files\/2018\/04\/5-8-300x238.jpg\" class=\"attachment-medium size-medium\" alt=\"\" aria-describedby=\"gallery-1-888\" srcset=\"https:\/\/wp.unil.ch\/pressesatiriqueromande\/files\/2018\/04\/5-8-300x238.jpg 300w, https:\/\/wp.unil.ch\/pressesatiriqueromande\/files\/2018\/04\/5-8-768x610.jpg 768w, https:\/\/wp.unil.ch\/pressesatiriqueromande\/files\/2018\/04\/5-8-1024x813.jpg 1024w, https:\/\/wp.unil.ch\/pressesatiriqueromande\/files\/2018\/04\/5-8.jpg 1512w\" sizes=\"auto, 100vw\" \/><\/a>\n\t\t\t<\/div>\n\t\t\t\t<figcaption class='wp-caption-text gallery-caption' id='gallery-1-888'>\n\t\t\t\tBARRIGUE, Thierry, Qu\u2019avez-vous fait de vos 20 ans ?, Lausanne, Le Matin, 1992, p.13.\n\t\t\t\t<\/figcaption><\/figure><figure class='gallery-item'>\n\t\t\t<div class='gallery-icon landscape'>\n\t\t\t\t<a href='https:\/\/wp.unil.ch\/pressesatiriqueromande\/les-dessinateurs-journalistes\/6-8\/'><img loading=\"lazy\" decoding=\"async\" width=\"300\" height=\"220\" src=\"https:\/\/wp.unil.ch\/pressesatiriqueromande\/files\/2018\/04\/6-8-300x220.jpg\" class=\"attachment-medium size-medium\" alt=\"\" aria-describedby=\"gallery-1-889\" srcset=\"https:\/\/wp.unil.ch\/pressesatiriqueromande\/files\/2018\/04\/6-8-300x220.jpg 300w, https:\/\/wp.unil.ch\/pressesatiriqueromande\/files\/2018\/04\/6-8.jpg 568w\" sizes=\"auto, 100vw\" \/><\/a>\n\t\t\t<\/div>\n\t\t\t\t<figcaption class='wp-caption-text gallery-caption' id='gallery-1-889'>\n\t\t\t\tBARRIGUE, Thierry, sans titre [en ligne], 5 f\u00e9vrier 2017. Adresse: http:\/\/www.fidatel.com\/barrigue \n\t\t\t\t<\/figcaption><\/figure>\n\t\t<\/div>\n\nBarrigue et l&rsquo;avenir de Charlie Hebdo (audio)<br \/>\n<div style=\"width: 400px;\" class=\"wp-video\"><video class=\"wp-video-shortcode\" id=\"video-115-1\" width=\"400\" height=\"400\" preload=\"metadata\" controls=\"controls\"><source type=\"video\/mp4\" src=\"https:\/\/wp.unil.ch\/pressesatiriqueromande\/files\/2018\/04\/Barrigue-Charlie-Hebdo.mp4?_=1\" \/><a href=\"https:\/\/wp.unil.ch\/pressesatiriqueromande\/files\/2018\/04\/Barrigue-Charlie-Hebdo.mp4\">https:\/\/wp.unil.ch\/pressesatiriqueromande\/files\/2018\/04\/Barrigue-Charlie-Hebdo.mp4<\/a><\/video><\/div>\n<\/div><\/div>\n<div class=\"su-column su-column-size-1-2\"><div class=\"su-column-inner su-u-clearfix su-u-trim\">La g\u00e9n\u00e9ration qui suit Andr\u00e9 Paul et Urs est repr\u00e9sent\u00e9es par de nombreux dessinateurs de qualit\u00e9, dont Raymond Burki, connu pour son travail au quotidien <em>24 heures<\/em><em>, <\/em>Thierry Barrigue, qui a collabor\u00e9 plusieurs dizaines d\u2019ann\u00e9es avec <em>Le Matin <\/em>avant de cofonder le journal <em>Vigousse, <\/em>ou encore Patrick Chappatte, dessinateur et \u00ab\u00a0BD reporter\u00a0\u00bb au journal<em> Le Temps<\/em>, \u00e0 la <em>Neue Z\u00fcrcher Zeitung<\/em> et \u00e0 <em>l\u2019International New York Times<\/em>.<\/p>\n<h2>Burki\u00a0: un dessin muet et parlant<\/h2>\n<p>Raymond Burki na\u00eet en 1949 \u00e0 \u00c9palinges. Form\u00e9 en tant que retoucheur photographique en h\u00e9liogravure \u00e0 Lausanne, il envoie des dessins de presse \u00e0 diff\u00e9rents journaux. Le premier sera publi\u00e9 dans <em>la Tribune<\/em> <em>Le Matin<\/em> en juillet 1976. Son directeur, Marcel A. Pasche, le remarque et lui offre un emploi fixe au quotidien Burki travaille occasionnellement pour la revue <em>Bilan <\/em>ou le <em>Sonntagszeitung<\/em>. Il r\u00e9alise son dernier dessin de presse pour \u00a0<em>24 heures<\/em> en ao\u00fbt 2014. Les attentats de <em>Charlie Hebdo<\/em> lui feront reprendre le crayon. Il publie alors ses dessins sur sa page Facebook. Il en r\u00e9sulte un album intitul\u00e9 \u00a0<em>Burki remet \u00e7a<\/em> en 2016.<\/p>\n<p>Burki produit des dessins majoritairement muets. Il n\u2019utilise jamais de phylact\u00e8re et int\u00e8gre rarement du texte dans ses planches. Il se pr\u00e9sente lui-m\u00eame comme un homme timide, n\u2019aimant gu\u00e8re s\u2019exprimer avec des mots. D\u2019o\u00f9 la qualit\u00e9 de ses \u0153uvres ,suffisamment claires pour \u00eatre comprises sans explication et sans commentaire. Son emploi parcimonieux de la couleur, utilis\u00e9e par petites touches pour souligner un d\u00e9tail, va se transformer avec le temps et prendre de plus en plus de place dans ses planches.<\/p>\n<p>\u00c0 l\u2019occasion de premier anniversaire de la catastrophe de Tchernobyl, Burki dessine un g\u00e2teau dont la forme fait r\u00e9f\u00e9rence au \u00ab\u00a0trisecteur\u00a0\u00bb, symbole de la radioactivit\u00e9. Ce mortif\u00e8re g\u00e2teau d\u2019anniversaire \u00e9voque \u00e9galement l\u2019adage \u00ab\u00a0prendre sa part du g\u00e2teau\u00a0\u00bb autrement dit, prendre sa part des gains. Cet aspect est appuy\u00e9 par les trois assiettes qui entourent le g\u00e2teau, deux presque vides et la troisi\u00e8me propre, comme si quelqu\u2019un avait refus\u00e9 de prendre sa part. La pr\u00e9sence des t\u00eates de mort dans la tranche du g\u00e2teau rappelle les nombreux d\u00e9c\u00e8s provoqu\u00e9s par la catastrophe. La bougie marquant l\u2019anniversaire de l\u2019accident prend ici la forme d\u2019une chemin\u00e9e de refroidissement de centrale nucl\u00e9aire, enflamm\u00e9e par la m\u00e8che, seul \u00e9l\u00e9ment color\u00e9 du dessin. Avec cette \u0153uvre Burki arrive \u00e0 synth\u00e9tiser un grand nombre d\u2019id\u00e9es, et ce sans utiliser un seul mot\u00a0: une image muette et pourtant parlante et riche de sens.<\/p>\n<p>Au fil du temps, Burki se sp\u00e9cialise \u00e9galement dans les dessins de personnalit\u00e9s, caricaturant volontiers les figures du pouvoir en Suisse. Ces \u00ab\u00a0charges\u00a0\u00bb, souvent tr\u00e8s appr\u00e9ci\u00e9es par les \u00ab\u00a0victimes\u00a0\u00bb du dessinateur, deviendront, vers la fin de sa carri\u00e8re, sa marque de fabrique. Tel est le sujet du dernier dessin qu\u2019il r\u00e9alise pour <em>24 heures<\/em>, o\u00f9 les principaux caricatur\u00e9s pleurent son d\u00e9part du journal, \u00e0 l\u2019exception de Christoph Blocher, qui semble s\u2019en r\u00e9jouir. Une fois \u00e0 la retraite Burki a continu\u00e9 \u00e0 dessiner, choisissant souvent des sujets plus internationaux que ceux qu\u2019il avait l\u2019habitude de traiter pour le journal r\u00e9gional <em>24 h<\/em><em>eures <\/em>et les diffusant sur sa page Facebook. Au lendemain de son d\u00e9c\u00e8s, survenu peu avant celui d\u2019un autre dessinateur de presse de renom, Mix &amp; Remix (Philippe Becquelin) (<a href=\"https:\/\/www.1erdegre.ch\/blog\/\">https:\/\/www.1erdegre.ch\/blog\/<\/a>), Raymond Burki sera salu\u00e9 \u00e0 l&rsquo;instar de ce dernier comme l\u2019un des dessinateurs de presse majeur de son temps en Suisse romande.<\/p>\n<h2>Barrigue\u00a0: l\u2019\u00a0\u00ab\u00a0humour \u00e0 la fran\u00e7aise\u00a0\u00bb<\/h2>\n<p>Thierry Jean Marie de Barrigue de Montvallon dit Barrigue na\u00eet en 1950 \u00e0 Neuilly-sur-Seine en France ; son p\u00e8re est le dessinateur Piem. Il publie son premier dessin de presse en 1971 dans la revue rock <em>Extra<\/em> et collabore avec de nombreux journaux et magazines, dont <em>Rock&amp;folk, L&rsquo;Unit\u00e9, T\u00e9l\u00e9rama, Le Point, France-Soir, Le Matin de Paris<\/em>. En 1975, il fonde l&rsquo;agence de presse parisienne APEI. Barrigue s\u2019installe dans le canton de Vaud en 1979. Il devient alors c\u00e9l\u00e8bre pour ses dessins dans le quotidien <em>Tribune<\/em> <em>Le Matin<\/em> et collabore avec la T\u00e9l\u00e9vision Suisse Romande dans l&rsquo;\u00e9mission <em>Le Fond de la Corbeille<\/em>. Pendant cette p\u00e9riode il cr\u00e9e avec <em>Burki <\/em>les <em>\u00c9ditions du Fou du Roi. <\/em>En 2008, la collaboration de Barrigue avec <em>Le Matin<\/em> cesse. Il fonde alors la revue satirique <em>Vigousse<\/em> avec Laurent Flutsch et Patrick Nordmann. Au cours de sa carri\u00e8re il publie \u00e9galement plusieurs recueils de dessins ainsi que les c\u00e9l\u00e8bres <em>Barricatures,<\/em> recueils des meilleurs dessins de l\u2019ann\u00e9e \u00e9coul\u00e9e.<\/p>\n<p style=\"text-align: left\">Le style de ses d\u00e9buts parisiens est tr\u00e8s diff\u00e9rent de celui qu\u2019on lui conna\u00eet en Suisse romande. Ses premi\u00e8res \u0153uvres sont muettes, en noir et blanc et adoptent la technique du \u00ab\u00a0petit point\u00a0\u00bb dans le genre du portrait. En 1972 Barrigue re\u00e7oit une carte de presse qui fait de lui un reporter-dessinateur ind\u00e9pendant. Toujours domicili\u00e9 en France, il fonde avec quelques amis l\u2019agence de presse APEI, qu\u2019il utilise notamment pour vendre ses dessins. De nombreux journaux lui ach\u00e8tent ses \u0153uvres, dont le journal suisse <em>le 24 heures<\/em>, qui deviendra un client r\u00e9gulier de Barrigue. \u00c0 cette p\u00e9riode son trait se simplifie davantage jusqu\u2019\u00e0 devenir celui qu\u2019on lui conna\u00eet. Outre ses dessins caract\u00e9ristiques et ses personnages aux gros nez, Barrigue est aussi un homme de plume, adepte du \u00ab\u00a0bon mot\u00a0\u00bb. Dans ses caricatures, il utilise des textes courts, souvent impertinents, parfois provocateurs, qui lui valurent occasionnellement les brimades des lecteurs. Burki dira de lui qu\u2019il a insuffl\u00e9 \u00ab\u00a0l\u2019humour \u00e0 la fran\u00e7aise\u00a0\u00bb dans les quotidiens romands.<\/p>\n<h2>Chappatte\u00a0: le dessinateur international<\/h2>\n<p>Patrick Chappatte (<a href=\"https:\/\/www.chappatte.com\/\">https:\/\/www.chappatte.com\/<\/a>) na\u00eet en 1967 au Pakistan d\u2019une m\u00e8re libanaise et d\u2019un p\u00e8re suisse. Install\u00e9 \u00e0 Gen\u00e8ve de longue date, il travaille principalement pour trois journaux\u00a0: le quotidien <em>Le Temps<\/em>, la <em>Neue Z\u00fcrcher Zeitung<\/em> (\u00e9dition du dimanche) et <em>l\u2019International New York Times<\/em>. Pour Chappatte, la force du dessin de presse r\u00e9side dans la libert\u00e9 que le dessinateur de presse a face au journal dans lequel il publie, ce qui permet, au sein d\u2019un m\u00eame quotidien, de proposer des points de vue divergents. Travaillant en trois langues, fran\u00e7ais dans <em>Le Temps, <\/em>allemand dans la <em>Neue Z\u00fcrcher Zeitung, <\/em>et anglais dans <em>l\u2019International New York Times, <\/em>Chappatte se frotte \u00e0 divers publics et se retrouve confront\u00e9 \u00e0 des sujets nationaux et internationaux.<\/p>\n<p>En parall\u00e8le, il d\u00e9veloppe de nombreux projets, comme <em>Cartooning for Peace<\/em> ou ses fameux \u00ab\u00a0BD reportages\u00a0\u00bb dans la lign\u00e9e de ses confr\u00e8res Joe Sacco ou Philippe Squarzoni. Il d\u00e9clare ne pas vouloir faire de \u00ab\u00a0l\u2019actualit\u00e9 en pantoufles\u00a0\u00bb mais pr\u00e9f\u00e8re aller enqu\u00eater sur place et se livrer \u00e0 un v\u00e9ritable travail de recherche avant de publier ses reportages sous forme de bandes dessin\u00e9es. Depuis son premier reportage en 1995, il a trait\u00e9 des sujets extr\u00eamement diff\u00e9rents, allant de l\u2019industrie de la K-pop en Cor\u00e9e \u00e0 la dangerosit\u00e9 du Guatemala, en passant par une enqu\u00eate dans les couloirs de la mort ou sur les attentats de New-York. Ainsi, il offre une \u0153uvre hybride, entre le travail du journaliste d&rsquo;investigation et celui du dessinateur de presse qui propose une vision personnelle de ce qui se d\u00e9roule sous ses yeux.<\/p>\n<p>Le \u00ab\u00a0BD reportage\u00a0\u00bb consacr\u00e9 aux attentats du World Trade Center en 2001 est un bon exemple de sa mani\u00e8re de proc\u00e9der<a href=\"#_ftn1\" name=\"_ftnref1\">[1]<\/a>. Un mois apr\u00e8s les \u00e9v\u00e9nements, il publie dans le journal \u00a0<em>Le Temps\u00a0<\/em> ses \u00ab\u00a0Morceaux de New York\u00a0\u00bb dans lesquels il regroupe diff\u00e9rents documents. Patrick Chappatte ayant lui-m\u00eame habit\u00e9 un certain temps \u00e0 Manhattan, il offre un dessin extr\u00eamement pr\u00e9cis et fourmillant de d\u00e9tails des d\u00e9combres et du New-York d&rsquo;apr\u00e8s l&rsquo;attentat. Son but est de montrer les changements produits dans le quotidien par la chute des tours\u00a0: des groupes de pri\u00e8re sont organis\u00e9s, les taxis sont remplac\u00e9s par des cyclo-pousses, des lettres et des avis de recherche sont accroch\u00e9s aux murs et jonchent le sol, certains magasins ont \u00e9t\u00e9 ferm\u00e9s durant plusieurs jours, le temps de d\u00e9gager les d\u00e9combres. N\u00e9anmoins, malgr\u00e9 la catastrophe, la vie reprend petit \u00e0 petit. Chappatte se repr\u00e9sente dans son \u00ab\u00a0BD reportage\u00a0\u00bb et n\u2019h\u00e9site pas \u00e0 parler \u00e0 la premi\u00e8re personne pour donner son avis et ses impressions. Il donne surtout la parole \u00e0 diff\u00e9rents t\u00e9moins\u00a0: un g\u00e9rant de McDonald&rsquo;s, un portier, un pompier ainsi qu\u2019un m\u00e9decin-chef. Humaniser la catastrophe, c\u2019est la rendre palpable \u00e0 l\u2019\u00e9chelle de l\u2019homme, en d\u2019autres mots, cela permet d\u2019appr\u00e9hender l\u2019impact du drame sur les individus. Il inclut \u00e9galement dans son r\u00e9cit un fait divers, relatant l\u2019histoire d\u2019une compagnie de pompiers et termine son reportage par quelques dessins et peintures r\u00e9alis\u00e9s par lui-m\u00eame, certains datant de bien avant la catastrophe, accompagn\u00e9s d\u2019un texte conclusif.<\/p>\n<p style=\"text-align: right\">Eva Ciocca<\/p>\n<hr \/>\n<p><a href=\"#_ftnref1\" name=\"_ftn1\">[1]<\/a> Le BD reportage morceau de New York est disponible \u00e0 l\u2019adresse suivante : Patrick Chappatte, Morceaux de New York [en ligne], 2001 ( <a href=\"https:\/\/www.bdreportage.com\/bd-morceaux-de-new-york\">https:\/\/www.bdreportage.com\/bd-morceaux-de-new-york<\/a>)<\/div><\/div>\n<\/div>\n","protected":false},"excerpt":{"rendered":"","protected":false},"author":1001741,"featured_media":0,"parent":0,"menu_order":0,"comment_status":"closed","ping_status":"closed","template":"","meta":{"_seopress_robots_primary_cat":"","_seopress_titles_title":"","_seopress_titles_desc":"","_seopress_robots_index":"","footnotes":""},"class_list":["post-115","page","type-page","status-publish"],"_links":{"self":[{"href":"https:\/\/wp.unil.ch\/pressesatiriqueromande\/wp-json\/wp\/v2\/pages\/115","targetHints":{"allow":["GET"]}}],"collection":[{"href":"https:\/\/wp.unil.ch\/pressesatiriqueromande\/wp-json\/wp\/v2\/pages"}],"about":[{"href":"https:\/\/wp.unil.ch\/pressesatiriqueromande\/wp-json\/wp\/v2\/types\/page"}],"author":[{"embeddable":true,"href":"https:\/\/wp.unil.ch\/pressesatiriqueromande\/wp-json\/wp\/v2\/users\/1001741"}],"replies":[{"embeddable":true,"href":"https:\/\/wp.unil.ch\/pressesatiriqueromande\/wp-json\/wp\/v2\/comments?post=115"}],"version-history":[{"count":0,"href":"https:\/\/wp.unil.ch\/pressesatiriqueromande\/wp-json\/wp\/v2\/pages\/115\/revisions"}],"wp:attachment":[{"href":"https:\/\/wp.unil.ch\/pressesatiriqueromande\/wp-json\/wp\/v2\/media?parent=115"}],"curies":[{"name":"wp","href":"https:\/\/api.w.org\/{rel}","templated":true}]}}