{"id":107,"date":"2018-03-02T10:12:24","date_gmt":"2018-03-02T09:12:24","guid":{"rendered":"http:\/\/wp.unil.ch\/pressesatiriqueromande\/?page_id=107"},"modified":"2018-05-02T17:33:31","modified_gmt":"2018-05-02T15:33:31","slug":"liens-et-informations-utiles","status":"publish","type":"page","link":"https:\/\/wp.unil.ch\/pressesatiriqueromande\/liens-et-informations-utiles\/","title":{"rendered":""},"content":{"rendered":"<h1>Cr\u00e9dits<\/h1>\n<p>Sous la direction de <strong>Philippe Kaenel<\/strong>, UNIL<\/p>\n<hr \/>\n<p>Recherches et r\u00e9daction des textes :<\/p>\n<p><strong>R\u00e9my Aubert, Morgane Brossard, Eva Ciocca, Camille Huygen, Ga\u00ebl Itim, Lucas Klotz (webmaster),<br \/>\nSylvain Pannatier, Nad\u00e8ge Piller, Fassaleh Taal, Chlo\u00e9 van Thiel<\/strong><\/p>\n<hr \/>\n<h1>Remerciements<\/h1>\n<p>Nos remerciements vont tout particuli\u00e8rement aux institutions et particuliers qui ont mis \u00e0 disposition des \u0153uvres originales ou des documents :<\/p>\n<p>Archives cantonales vaudoises<br \/>\nDieter et Lilian Noack, The Daumier Register<br \/>\nFondation Atelier d\u2019artistes (Urs)<br \/>\nFondation William Cuendet &amp; Atelier de Saint Prex (Urs)<br \/>\nMus\u00e9e historique de Lausanne (G\u00e9a Augsbourg)<br \/>\nVigousse, le petit satirique romand<\/p>\n<p>ainsi que<\/p>\n<p><strong>St\u00e9phane Babey <\/strong>(pour <em>Vigousse<\/em>)<br \/>\n<strong> Thierry Barrigue<\/strong><br \/>\n<strong> Dominique Becquelin<\/strong> (pour Mix &amp; Remix)<br \/>\n<strong>La famille Raymond Burki<\/strong><br \/>\n<strong>Genevi\u00e8ve et Olivier Grandjean-Bille<\/strong><br \/>\n<strong>Martial Leiter<\/strong><br \/>\n<strong> Fr\u00e9d\u00e9ric Pajak<\/strong><br \/>\n<strong> Paul-Andr\u00e9 Perret<\/strong><br \/>\nEt toutes les personnes qui ont apport\u00e9 leur soutien \u00e0 la r\u00e9alisation de ce site.<\/p>\n<p>Ce site a b\u00e9n\u00e9fici\u00e9 du soutien amical de <strong>Silvio Corsini<\/strong> (R\u00e9serve pr\u00e9cieuse), et des services de la BCUL,\u00a0 ainsi que du support technique du Centre informatique de l\u2019UNIL.<\/p>\n<hr \/>\n<h1>Contact<\/h1>\n<p>Philippe Kaenel<br \/>\nUniversit\u00e9 de Lausanne<br \/>\nCH-1015 Lausanne<\/p>\n<p>Philippe.Kaenel@unil.ch<\/p>\n","protected":false},"excerpt":{"rendered":"<p>Cr\u00e9dits Sous la direction de Philippe Kaenel, UNIL Recherches et r\u00e9daction des textes : R\u00e9my Aubert, Morgane Brossard, Eva Ciocca, Camille Huygen, Ga\u00ebl Itim, Lucas Klotz (webmaster), Sylvain Pannatier, Nad\u00e8ge Piller, Fassaleh Taal, Chlo\u00e9 van Thiel Remerciements Nos remerciements vont tout particuli\u00e8rement aux institutions et particuliers qui ont mis \u00e0 disposition des \u0153uvres originales ou &hellip; <\/p>\n<p class=\"link-more\"><a href=\"https:\/\/wp.unil.ch\/pressesatiriqueromande\/liens-et-informations-utiles\/\" class=\"more-link\">Continuer la lecture<span class=\"screen-reader-text\"> de &laquo;&nbsp;&nbsp;&raquo;<\/span><\/a><\/p>\n","protected":false},"author":1001741,"featured_media":0,"parent":0,"menu_order":0,"comment_status":"closed","ping_status":"closed","template":"","meta":{"_seopress_robots_primary_cat":"","_seopress_titles_title":"","_seopress_titles_desc":"","_seopress_robots_index":"","footnotes":""},"class_list":["post-107","page","type-page","status-publish"],"_links":{"self":[{"href":"https:\/\/wp.unil.ch\/pressesatiriqueromande\/wp-json\/wp\/v2\/pages\/107","targetHints":{"allow":["GET"]}}],"collection":[{"href":"https:\/\/wp.unil.ch\/pressesatiriqueromande\/wp-json\/wp\/v2\/pages"}],"about":[{"href":"https:\/\/wp.unil.ch\/pressesatiriqueromande\/wp-json\/wp\/v2\/types\/page"}],"author":[{"embeddable":true,"href":"https:\/\/wp.unil.ch\/pressesatiriqueromande\/wp-json\/wp\/v2\/users\/1001741"}],"replies":[{"embeddable":true,"href":"https:\/\/wp.unil.ch\/pressesatiriqueromande\/wp-json\/wp\/v2\/comments?post=107"}],"version-history":[{"count":0,"href":"https:\/\/wp.unil.ch\/pressesatiriqueromande\/wp-json\/wp\/v2\/pages\/107\/revisions"}],"wp:attachment":[{"href":"https:\/\/wp.unil.ch\/pressesatiriqueromande\/wp-json\/wp\/v2\/media?parent=107"}],"curies":[{"name":"wp","href":"https:\/\/api.w.org\/{rel}","templated":true}]}}