{"id":1069,"date":"2018-04-29T23:19:36","date_gmt":"2018-04-29T21:19:36","guid":{"rendered":"http:\/\/wp.unil.ch\/pressesatiriqueromande\/?page_id=1069"},"modified":"2018-05-01T13:28:17","modified_gmt":"2018-05-01T11:28:17","slug":"la-generation-mai-68-2","status":"publish","type":"page","link":"https:\/\/wp.unil.ch\/pressesatiriqueromande\/la-generation-mai-68-2\/","title":{"rendered":"La g\u00e9n\u00e9ration mai 68"},"content":{"rendered":"<div class=\"su-row\">\n<div class=\"su-column su-column-size-1-2\"><div class=\"su-column-inner su-u-clearfix su-u-trim\">\n<div id='gallery-1' class='gallery galleryid-1069 gallery-columns-1 gallery-size-medium'><figure class='gallery-item'>\n\t\t\t<div class='gallery-icon landscape'>\n\t\t\t\t<a href='https:\/\/wp.unil.ch\/pressesatiriqueromande\/files\/2018\/04\/1-11.jpg'><img loading=\"lazy\" decoding=\"async\" width=\"300\" height=\"169\" src=\"https:\/\/wp.unil.ch\/pressesatiriqueromande\/files\/2018\/04\/1-11-300x169.jpg\" class=\"attachment-medium size-medium\" alt=\"\" aria-describedby=\"gallery-1-1073\" srcset=\"https:\/\/wp.unil.ch\/pressesatiriqueromande\/files\/2018\/04\/1-11-300x169.jpg 300w, https:\/\/wp.unil.ch\/pressesatiriqueromande\/files\/2018\/04\/1-11-768x432.jpg 768w, https:\/\/wp.unil.ch\/pressesatiriqueromande\/files\/2018\/04\/1-11-1024x576.jpg 1024w, https:\/\/wp.unil.ch\/pressesatiriqueromande\/files\/2018\/04\/1-11.jpg 1280w\" sizes=\"auto, 100vw\" \/><\/a>\n\t\t\t<\/div>\n\t\t\t\t<figcaption class='wp-caption-text gallery-caption' id='gallery-1-1073'>\n\t\t\t\tFr\u00e9d\u00e9ric Pajak\n\t\t\t\t<\/figcaption><\/figure><figure class='gallery-item'>\n\t\t\t<div class='gallery-icon portrait'>\n\t\t\t\t<a href='https:\/\/wp.unil.ch\/pressesatiriqueromande\/files\/2018\/04\/2.jpg'><img loading=\"lazy\" decoding=\"async\" width=\"235\" height=\"300\" src=\"https:\/\/wp.unil.ch\/pressesatiriqueromande\/files\/2018\/04\/2-235x300.jpg\" class=\"attachment-medium size-medium\" alt=\"\" aria-describedby=\"gallery-1-1074\" srcset=\"https:\/\/wp.unil.ch\/pressesatiriqueromande\/files\/2018\/04\/2-235x300.jpg 235w, https:\/\/wp.unil.ch\/pressesatiriqueromande\/files\/2018\/04\/2-768x982.jpg 768w, https:\/\/wp.unil.ch\/pressesatiriqueromande\/files\/2018\/04\/2.jpg 801w\" sizes=\"auto, 100vw\" \/><\/a>\n\t\t\t<\/div>\n\t\t\t\t<figcaption class='wp-caption-text gallery-caption' id='gallery-1-1074'>\n\t\t\t\tMix &amp; Remix, couverture de Voir, d\u00e9cembre 1987\n\t\t\t\t<\/figcaption><\/figure><figure class='gallery-item'>\n\t\t\t<div class='gallery-icon portrait'>\n\t\t\t\t<a href='https:\/\/wp.unil.ch\/pressesatiriqueromande\/files\/2018\/04\/3.jpg'><img loading=\"lazy\" decoding=\"async\" width=\"202\" height=\"300\" src=\"https:\/\/wp.unil.ch\/pressesatiriqueromande\/files\/2018\/04\/3-202x300.jpg\" class=\"attachment-medium size-medium\" alt=\"\" aria-describedby=\"gallery-1-1075\" srcset=\"https:\/\/wp.unil.ch\/pressesatiriqueromande\/files\/2018\/04\/3-202x300.jpg 202w, https:\/\/wp.unil.ch\/pressesatiriqueromande\/files\/2018\/04\/3-690x1024.jpg 690w, https:\/\/wp.unil.ch\/pressesatiriqueromande\/files\/2018\/04\/3.jpg 728w\" sizes=\"auto, 100vw\" \/><\/a>\n\t\t\t<\/div>\n\t\t\t\t<figcaption class='wp-caption-text gallery-caption' id='gallery-1-1075'>\n\t\t\t\tPajak, couverture L\u2019Eternit\u00e9 hebdomadaire, 22 avril 1994\n\t\t\t\t<\/figcaption><\/figure><figure class='gallery-item'>\n\t\t\t<div class='gallery-icon landscape'>\n\t\t\t\t<a href='https:\/\/wp.unil.ch\/pressesatiriqueromande\/files\/2018\/04\/4.jpg'><img loading=\"lazy\" decoding=\"async\" width=\"300\" height=\"195\" src=\"https:\/\/wp.unil.ch\/pressesatiriqueromande\/files\/2018\/04\/4-300x195.jpg\" class=\"attachment-medium size-medium\" alt=\"\" aria-describedby=\"gallery-1-1076\" srcset=\"https:\/\/wp.unil.ch\/pressesatiriqueromande\/files\/2018\/04\/4-300x195.jpg 300w, https:\/\/wp.unil.ch\/pressesatiriqueromande\/files\/2018\/04\/4.jpg 640w\" sizes=\"auto, 100vw\" \/><\/a>\n\t\t\t<\/div>\n\t\t\t\t<figcaption class='wp-caption-text gallery-caption' id='gallery-1-1076'>\n\t\t\t\tAvenches 2.10.2001 ,Galerie du chateau , exposition de  Martial Leiter \u00ab\u00a0Montagnes\u00a0\u00bb \u00a9 Jean-Paul Guinnard\n\t\t\t\t<\/figcaption><\/figure><figure class='gallery-item'>\n\t\t\t<div class='gallery-icon portrait'>\n\t\t\t\t<a href='https:\/\/wp.unil.ch\/pressesatiriqueromande\/files\/2018\/04\/Match-Nul-Leiter.jpg'><img loading=\"lazy\" decoding=\"async\" width=\"191\" height=\"300\" src=\"https:\/\/wp.unil.ch\/pressesatiriqueromande\/files\/2018\/04\/Match-Nul-Leiter-191x300.jpg\" class=\"attachment-medium size-medium\" alt=\"\" aria-describedby=\"gallery-1-1090\" srcset=\"https:\/\/wp.unil.ch\/pressesatiriqueromande\/files\/2018\/04\/Match-Nul-Leiter-191x300.jpg 191w, https:\/\/wp.unil.ch\/pressesatiriqueromande\/files\/2018\/04\/Match-Nul-Leiter-653x1024.jpg 653w, https:\/\/wp.unil.ch\/pressesatiriqueromande\/files\/2018\/04\/Match-Nul-Leiter.jpg 708w\" sizes=\"auto, 100vw\" \/><\/a>\n\t\t\t<\/div>\n\t\t\t\t<figcaption class='wp-caption-text gallery-caption' id='gallery-1-1090'>\n\t\t\t\tMartial Leiter, Match Nul, 1996, encre, 26,5 x 17 cm\n\t\t\t\t<\/figcaption><\/figure><figure class='gallery-item'>\n\t\t\t<div class='gallery-icon landscape'>\n\t\t\t\t<a href='https:\/\/wp.unil.ch\/pressesatiriqueromande\/files\/2018\/04\/6.jpg'><img loading=\"lazy\" decoding=\"async\" width=\"300\" height=\"200\" src=\"https:\/\/wp.unil.ch\/pressesatiriqueromande\/files\/2018\/04\/6-300x200.jpg\" class=\"attachment-medium size-medium\" alt=\"\" aria-describedby=\"gallery-1-1077\" srcset=\"https:\/\/wp.unil.ch\/pressesatiriqueromande\/files\/2018\/04\/6-300x200.jpg 300w, https:\/\/wp.unil.ch\/pressesatiriqueromande\/files\/2018\/04\/6-768x512.jpg 768w, https:\/\/wp.unil.ch\/pressesatiriqueromande\/files\/2018\/04\/6-1024x683.jpg 1024w, https:\/\/wp.unil.ch\/pressesatiriqueromande\/files\/2018\/04\/6.jpg 1300w\" sizes=\"auto, 100vw\" \/><\/a>\n\t\t\t<\/div>\n\t\t\t\t<figcaption class='wp-caption-text gallery-caption' id='gallery-1-1077'>\n\t\t\t\tPhilippe Becquelin dit Mix &amp; Remix\n\t\t\t\t<\/figcaption><\/figure><figure class='gallery-item'>\n\t\t\t<div class='gallery-icon portrait'>\n\t\t\t\t<a href='https:\/\/wp.unil.ch\/pressesatiriqueromande\/files\/2018\/04\/Mix-Charlie-Hebdo.jpg'><img loading=\"lazy\" decoding=\"async\" width=\"226\" height=\"300\" src=\"https:\/\/wp.unil.ch\/pressesatiriqueromande\/files\/2018\/04\/Mix-Charlie-Hebdo-226x300.jpg\" class=\"attachment-medium size-medium\" alt=\"\" aria-describedby=\"gallery-1-1089\" srcset=\"https:\/\/wp.unil.ch\/pressesatiriqueromande\/files\/2018\/04\/Mix-Charlie-Hebdo-226x300.jpg 226w, https:\/\/wp.unil.ch\/pressesatiriqueromande\/files\/2018\/04\/Mix-Charlie-Hebdo-768x1022.jpg 768w, https:\/\/wp.unil.ch\/pressesatiriqueromande\/files\/2018\/04\/Mix-Charlie-Hebdo-770x1024.jpg 770w, https:\/\/wp.unil.ch\/pressesatiriqueromande\/files\/2018\/04\/Mix-Charlie-Hebdo.jpg 902w\" sizes=\"auto, 100vw\" \/><\/a>\n\t\t\t<\/div>\n\t\t\t\t<figcaption class='wp-caption-text gallery-caption' id='gallery-1-1089'>\n\t\t\t\tMix &amp; Remix, Le nouveau Charlie Hebdo peine \u00e0 recruter, 2015, tir\u00e9 de son recueil de dessins politiques publi\u00e9s pendant dix ans dans L\u2019Hebdo, Sin\u00e9 Mensuel et Le Matin Dimanche, paru la m\u00eame ann\u00e9e aux Cahiers dessin\u00e9s, p. 310\n\t\t\t\t<\/figcaption><\/figure>\n\t\t<\/div>\n\nInterview de Fr\u00e9d\u00e9ric Chapatte au forum 100<br \/>\n<div style=\"width: 400px;\" class=\"wp-video\"><video class=\"wp-video-shortcode\" id=\"video-1069-1\" width=\"400\" height=\"400\" preload=\"metadata\" controls=\"controls\"><source type=\"video\/mp4\" src=\"https:\/\/wp.unil.ch\/pressesatiriqueromande\/files\/2018\/05\/chapatte_1.mp4?_=1\" \/><a href=\"https:\/\/wp.unil.ch\/pressesatiriqueromande\/files\/2018\/05\/chapatte_1.mp4\">https:\/\/wp.unil.ch\/pressesatiriqueromande\/files\/2018\/05\/chapatte_1.mp4<\/a><\/video><\/div>\n<br \/>\nLes derni\u00e8res esquisses de Raymond Burki<br \/>\n<div style=\"width: 400px;\" class=\"wp-video\"><video class=\"wp-video-shortcode\" id=\"video-1069-2\" width=\"400\" height=\"400\" preload=\"metadata\" controls=\"controls\"><source type=\"video\/mp4\" src=\"https:\/\/wp.unil.ch\/pressesatiriqueromande\/files\/2018\/05\/Les-derni\u00e8res-esquisses-de-Raymond-Burki.mp4?_=2\" \/><a href=\"https:\/\/wp.unil.ch\/pressesatiriqueromande\/files\/2018\/05\/Les-derni\u00e8res-esquisses-de-Raymond-Burki.mp4\">https:\/\/wp.unil.ch\/pressesatiriqueromande\/files\/2018\/05\/Les-derni\u00e8res-esquisses-de-Raymond-Burki.mp4<\/a><\/video><\/div>\n<\/div><\/div>\n<div class=\"su-column su-column-size-1-2\"><div class=\"su-column-inner su-u-clearfix su-u-trim\">\n<p>D\u00e8s 1967, se d\u00e9veloppe en Suisse romande, une multitude d\u2019extravagants journaux \u00e9ph\u00e9m\u00e8res. Ces bulletins regroupent des dessinateurs engag\u00e9s ou du moins critiques de la nouvelle soci\u00e9t\u00e9 industrielle et du monde que Mai 68 voulait renverser\u00a0: parmi eux, Mix &amp; Remix, Martial Leiter et Fr\u00e9d\u00e9ric Pajak.<\/p>\n<p>Les trois amis d\u00e9butent leurs collaborations via diff\u00e9rents p\u00e9riodiques. Fr\u00e9d\u00e9ric Pajak occupe le poste de directeur artistique \u00e0 <em>L\u2019Hebdo <\/em>o\u00f9 il rencontre le duo de stagiaires Mix &amp; Remix (Philippe Becquelin et son \u00e9pouse), le premier fra\u00eechement dipl\u00f4m\u00e9 des Beaux-Arts de Lausanne. Leur association artistique d\u00e9bute gr\u00e2ce au mensuel <em>Voir <\/em>que fonde Pajak en 1982, puis se d\u00e9veloppe pendant plus de vingt ans entre magazines \u00e9ph\u00e9m\u00e8res, expositions d\u2019art ou encore publications de dessins au sein des <em>Cahiers Dessin\u00e9s<\/em>. Martial Leiter les rejoint d\u00e8s le lancement de l\u2019hebdomadaire satirique <em>La Nuit, <\/em>\u00e9galement cr\u00e9\u00e9 par Pajak et quelques comp\u00e8res en 1986. Sa pr\u00e9sence sera n\u00e9anmoins plus sporadique.<\/p>\n<p>Ni Mix &amp; Remix, ni Martial Leiter, ni Fr\u00e9d\u00e9ric Pajak ne sont \u00e0 proprement parler des dessinateurs de presse, car ils ne sont pas journalistes et ne commentent pas par l\u2019image l\u2019actualit\u00e9 au jour le jour. Ils proposent des commentaires r\u00e9flexifs, critiques, cryptiques, amus\u00e9s ou sarcastiques sur le monde moderne.<\/p>\n<h2><strong>Fr\u00e9d\u00e9ric Pajak (1955-) <\/strong><\/h2>\n<p>A 12 ans, Fr\u00e9d\u00e9ric Pajak cr\u00e9e son premier journal qui circule dans les classes : <em>La Poule litt\u00e9raire <\/em>suivit d\u2019un second, <em>Le Boudin qui mousse <\/em>et enfin, <em>Z\u00e9ro de conduite <\/em>interdit de publication en Suisse pour incitation \u00e0 l\u2019\u00e9meute et \u00e0 la gr\u00e8ve des \u00e9coliers et \u00e9tudiants. En 1970, il travaille comme intermittent dans une imprimerie puis collectionne les petits boulots chez les imprimeurs, typographes et rotativistes ou sur les chantiers.<\/p>\n<p>Entre 1980 et 1990, il fonde notamment le mensuel <em>Voir<\/em> (r\u00e9pertoire des arts et sorties du mois dans le milieu nocturne et alternatif de la <em>Dolce Vita<\/em>), le journal satirique <em>La Nuit<\/em>. En 1990, il cor\u00e9alise une exposition de peinture avec Mix &amp; Remix et Noyau \u00e0 la galerie de Ballens, entre comme dessinateur \u00e0 <em>L\u2019Idiot international <\/em>\u00e0 Paris et publie des dessins dans <em>L\u2019Illustr\u00e9<\/em>. Pajak quitte <em>L\u2019Idiot <\/em>en mauvais terme et fonde en r\u00e9action <em>L\u2019Imb\u00e9cile de Paris<\/em>. Jusqu\u2019en 1994, il publie l\u2019antijournal <em>Culte <\/em>au format g\u00e9ant et <em>L\u2019Eternit\u00e9 hebdomadaire <\/em>con\u00e7u avec Mix &amp; Remix, puis r\u00e9dige des textes autobiographiques qui lui valent une reconnaissance dans les Lettres. En 2012, il cr\u00e9e un dernier journal volontairement \u00e9ph\u00e9m\u00e8re qui ne parle pas de politique : <em>9 semaines avant l\u2019\u00e9lection, <\/em>en pr\u00e9vision de la pr\u00e9sidentielle fran\u00e7aise. Il est financ\u00e9 enti\u00e8rement par ses soins et relancera une grande f\u00e9d\u00e9ration d\u2019artistes dont participent Mix &amp; Remix et Martial Leiter.<\/p>\n<p>Selon Pajak, \u00ab Le dessin peut tout dire. Et il n\u2019a pas dit son dernier mot. Il lui reste \u00e0 inventer toujours davantage. Pour cela, il peut se d\u00e9construire, s\u2019an\u00e9antir, repartir de z\u00e9ro en revenant aux signes premiers. \u00bb<a href=\"#_ftn1\" name=\"_ftnref1\">[1]<\/a> Dans sa production, deux formes de dessins se distinguent : l\u2019une tr\u00e8s travaill\u00e9e et ultra-r\u00e9aliste jouant avec des ombres en clair-obscur, et l\u2019autre, quasi cartoonesque compos\u00e9e de peu de traits et de texte pour la presse. Les illustrations que l\u2019artiste publie dans <em>L\u2019Eternit\u00e9 hebdomadaire <\/em>notamment, sont acides et directes. Fr\u00e9d\u00e9ric Pajak ne cherche pas les blagues \u00e9ph\u00e9m\u00e8res mais utilise son dessin au service d\u2019une vision critique et d\u2019une pens\u00e9e engag\u00e9e.<\/p>\n<h2><strong>Martial Leiter (1952-)<\/strong><\/h2>\n<p>Apr\u00e8s un apprentissage de dessinateur industriel \u00e0 l\u2019Ecole Technique de Couvet, Martial Leiter monte sa premi\u00e8re exposition ind\u00e9pendante \u00e0 17 ans. En 1970, <em>La Feuille d\u2019Avis de Lausanne<\/em> (<em>24Heures<\/em>) lui propose de se lancer dans le \u00ab dessin politique \u00bb. A partir de ce moment, ses illustrations sont publi\u00e9es dans diverses revues satiriques comme <em>La Pomme<\/em>, <em>Chut Hebdo<\/em>, <em>Le Bonjour de Jack Rolland <\/em>et <em>La Tuile <\/em>ainsi que dans les journaux principaux tels que <em>Le Monde<\/em>, <em>Le Courrier<\/em>, <em>Le Temps<\/em>, <em>Le Nouveau Quotidien<\/em>, <em>Der Tagesanzeiger<\/em>, <em>Die Weltwoche <\/em>ou <em>Die Wochenzeitung<\/em>. Il participe \u00e0 la f\u00e9d\u00e9ration d\u2019artistes au sein des journaux \u00e9ph\u00e9m\u00e8res de Fr\u00e9d\u00e9ric Pajak notamment dans <em>Voir, La Nuit <\/em>ou <em>9 semaines avant l\u2019\u00e9lection <\/em>d\u00e8s 1986. Puis il abandonne le travail pour la presse et se tourne vers la peinture \u00e0 l\u2019encre de Chine, inspir\u00e9e de la calligraphie extr\u00eame-orientale<sup>\u00a0<a href=\"#_ftn2\" name=\"_ftnref2\">[2]<\/a> <\/sup>: \u00ab un monde int\u00e9rioris\u00e9 et allusif \u00bb<a href=\"#_ftn3\" name=\"_ftnref3\">[3]<\/a>.<\/p>\n<p>Martial Leiter tente dans ses dessins de saisir les v\u00e9ritables enjeux des blessures du monde. Les th\u00e8mes qu\u2019il d\u00e9veloppe sont engag\u00e9s et regroupent notamment les affrontements politiques, l\u2019\u00e9conomie, les trag\u00e9dies humaines et la guerre. Cette derni\u00e8re id\u00e9e se d\u00e9gage r\u00e9guli\u00e8rement dans l\u2019univers artistique du dessinateur. En effet, que ce soit au sein du dessin dans la presse ou de sa production personnelle, la guerre est d\u00e9clin\u00e9e de mani\u00e8re compl\u00e9mentaire\u00a0: au pinceau dans le dessin \u00ab\u00a0libre\u00a0\u00bb, et par un humour grin\u00e7ant v\u00e9hicul\u00e9 par le trait rigoureux du stylo \u00e0 plume tubulaire. Toutefois, c\u2019est moins un combat pr\u00e9cis que Leiter cherche \u00e0 repr\u00e9senter mais bien \u00ab l\u2019universelle sombre condition humaine \u00bb.<a href=\"#_ftn4\" name=\"_ftnref4\">[4]<\/a> Bien que certains conflits semblent identifiables dans ses travaux \u2013 la guerre du Golfe, l\u2019Afghanistan ou le Vi\u00eat-Nam \u2013 ceux-ci font nettement plus \u00e9tat du th\u00e9\u00e2tre de la violence et de la cruaut\u00e9 humaine, \u00e0 l\u2019instar des <em>D\u00e9sastres de la guerre <\/em>(1810-1815) de Francisco de Goya.<\/p>\n<p><em>Match nul <\/em>(1996) ne semble pas se soucier de l\u2019actualit\u00e9 mais revendiquer un message plus universel. L\u2019essentiel r\u00e9side dans la d\u00e9monstration d\u2019un m\u00e9canisme tragique, inutile, o\u00f9 personne ne gagne. L\u2019absurdit\u00e9 de l\u2019analogie entre une partie de football \u00e0 une \u00e9chelle terrestre et des soldats tu\u00e9s pendant une gu\u00e9rilla cherche \u00e0 faire ressortir par le dessin, un syst\u00e8me bellig\u00e9rant<a href=\"#_ftn5\" name=\"_ftnref5\">[5]<\/a> dont tous les participants sont morts sans jamais vaincre. Par ailleurs, les trames form\u00e9es par les hachures conf\u00e8rent au dessin une certaine tension. Il s\u2019agit en effet des fils qui forment une toile : une sorte de filet, presque un th\u00e9\u00e2tre dont les acteurs ressemblent \u00e0 des mouches captur\u00e9es. Leiter emprisonne les combattant m\u00eame au niveau du dispositif, du m\u00e9dium. Le triple surcadrage compos\u00e9 par les lignes du terrain, le treillis du dessin et le cadre de l\u2019\u0153uvre condamne les individus \u00e0 l\u2019enfermement. Les victimes repr\u00e9sent\u00e9es par Leiter semblent incarc\u00e9r\u00e9es et vou\u00e9es \u00e0 des combats \u00e0 mort dont elles ne sortiront jamais.<\/p>\n<p>Dans <em>Match Nul<\/em>, la tragique absurdit\u00e9 de la situation ainsi que l\u2019absence de texte rappellent les films muets de Laurel et Hardy ou Buster Keaton que l\u2019auteur affectionne. En effet, le dessin de Leiter, \u00e0 l\u2019image de ce cin\u00e9ma burlesque, r\u00e9v\u00e8le l\u2019autodestruction des engrenages de la soci\u00e9t\u00e9 qu\u2019elle-m\u00eame cr\u00e9e et impose. Il faut envisager les dessins de Leiter comme \u0153uvres ind\u00e9pendantes les unes des autres, qui ne jouent pas la provocation. Selon l\u2019artiste, pour \u00eatre l\u00e9gitime d\u2019ironiser sur un sujet il faut pouvoir sentir la culture dans ses moindres tenants et aboutissants et en conna\u00eetre les limites.<\/p>\n<h2><strong>Philippe Becquelin dit Mix &amp; Remix (1958-2016) <\/strong><\/h2>\n<p>Mix &amp; Remix, compos\u00e9 initialement de Philippe Becquelin et de sa femme Dominique, se forme \u00e0 la peinture aux Beaux-Arts de Lausanne. Ensemble, ils publient le fanzine <em>H\u00e9 ! Patate <\/em>et montent, quelques temps plus tard, une exposition \u00e0 la librairie <em>Basta ! <\/em>montrant des dessins de t\u00eates de mort dans la continuit\u00e9 du graffiti new-yorkais. Philippe Becquelin y rencontre Fr\u00e9d\u00e9ric Pajak et d\u00e9butent alors leur collaboration artistique au sein de bulletins temporaires tels que <em>Voir<\/em>, <em>La Nuit<\/em>, <em>Good Boy<\/em>, <em>Culte<\/em>, <em>L\u2019Eternit\u00e9 hebdomadaire<\/em>, <em>9 semaines avant l\u2019\u00e9lection<\/em>. Ils cr\u00e9ent et d\u00e9veloppent ensemble leurs id\u00e9es durant plus de trente ans notamment lors de deux expositions de peinture \u00e0 Ballens et \u00e0 la Tripp Galerie de Lucerne en collaboration avec Noyau. Gr\u00e2ce \u00e0 son apprentissage et sa formation satirique au sein des journaux \u00e9ph\u00e9m\u00e8res, Mix se d\u00e9ploie et aiguise son regard sur le monde.<\/p>\n<p>Avec la complicit\u00e9 de Pajak, il exp\u00e9rimente et cr\u00e9e ses premiers dessins de presse en 1994 dans <em>L\u2019Eternit\u00e9 hebdomadaire<\/em>. Son trait \u00e9volue, allant du graffiti underground, au fanzine presque abstrait en passant par la petite bande dessin\u00e9e de <em>La Reine des suisses <\/em>au sein de <em>Voir <\/em>pour enfin ne garder que l\u2019essentiel dans ses personnages minimalistes \u00e0 gros nez. Gr\u00e2ce \u00e0 cette premi\u00e8re exp\u00e9rience en tant que dessinateur politique sans concession, il propose ses dessins d\u2019actualit\u00e9 \u00e0 <em>L\u2019Hebdo <\/em>avec qui il collabore d\u00e9j\u00e0 via de petits strips intitul\u00e9s <em>Histoires m\u00e9caniques<\/em>. Son travail est accept\u00e9 et il devient rapidement un dessinateur \u00e0 succ\u00e8s. Il publie ses illustrations de mani\u00e8re omnipr\u00e9sente sur toute sorte de supports allant de grands quotidiens comme <em>Le Matin Dimanche<\/em>, <em>Le Courrier international, L\u2019Express<\/em>, <em>Sin\u00e9 Mensuel <\/em>(FR), <em>L\u2019internazionale <\/em>(I), ou au sein d\u2019\u00e9missions t\u00e9l\u00e9vis\u00e9es tels que <em>Infrarouge<\/em> sur la RTS mais \u00e9galement via des couvertures de livres, des publicit\u00e9s ou des illustrations de manuels.<\/p>\n<p>Dans ses dessins, Mix ne tend jamais vers la caricature st\u00e9r\u00e9otyp\u00e9e qui accentue les attributs sp\u00e9cifiques des personnes repr\u00e9sent\u00e9es mais il ne conserve que l\u2019indispensable. Il ne suffit de quelques \u00e9l\u00e9ments : un gros nez, deux petits yeux globuleux plac\u00e9s au sommet de cette p\u00e9ninsule et quelques mots. Ses personnages ont la particularit\u00e9 de n\u2019\u00eatre jamais tr\u00e8s souriants, \u00ab ils tirent la gueule. Ce sont des r\u00e2leurs et en sont donc d\u2019autant plus humains\u00a0\u00bb<a href=\"#_ftn6\" name=\"_ftnref6\">[6]<\/a>. Il est vrai que contrairement \u00e0 Leiter, le croquis de Mix &amp; Remix n\u2019est que tr\u00e8s rarement (voire jamais) d\u00e9pourvu de texte. L\u2019artiste va \u00e0 l\u2019essentiel gr\u00e2ce \u00e0 son trait minimaliste et il fait preuve d\u2019une \u00ab \u00e9conomie de moyens extr\u00eamement \u00e9tudi\u00e9e \u00bb<a href=\"#_ftn7\" name=\"_ftnref7\">[7]<\/a>. C\u2019est surtout par l\u2019id\u00e9e que Mix communique et il y parvient par la sobri\u00e9t\u00e9 du dessin et gr\u00e2ce au texte. Ses propos sont simples et concis mais frappent directement l\u2019os. L\u2019auteur parvient \u00e0 trouver le contrepied d\u2019un sujet et l\u2019offrir au lecteur dans un jeu m\u00ealant l\u00e9gende et dessin afin de le rendre terriblement dr\u00f4le et touchant.<\/p>\n<p>Mix &amp; Remix consid\u00e9rait avoir \u00ab invent\u00e9 un nouveau dessin de presse dans le trait \u00bb<a href=\"#_ftn8\" name=\"_ftnref8\">[8]<\/a>. Son travail est principalement motiv\u00e9 par une r\u00e9flexion stylistique et artistique. Cette dimension d\u2019art dans un support ordinaire est pr\u00e9sente d\u00e8s le d\u00e9but de la production du dessinateur. Aussi, aux c\u00f4t\u00e9s de Fr\u00e9d\u00e9ric Pajak, \u00ab ce qui les pousse \u00e0 cr\u00e9er des journaux \u00e9ph\u00e9m\u00e8res c\u2019est de pouvoir conf\u00e9rer \u00e0 une \u201cfeuille de chou\u201c l\u2019aura d\u2019une \u0153uvre collective \u00bb<a href=\"#_ftn9\" name=\"_ftnref9\">[9]<\/a>.<\/p>\n<p>Dans Le nouveau <em>Charlie Hebdo peine \u00e0 recruter <\/em>(2015), Mix &amp; Remix illustre avec subtilit\u00e9 cette distinction dans le dessin de presse. Il pr\u00e9sente un dessinateur satirique lors d\u2019un entretien d\u2019embauche chez <em>Charlie Hebdo<\/em> mais qui demande de ne pas devoir dessiner que \u00ab\u00a0des bites et des merdes \u00bb. A travers le titre, Mix &amp; Remix adresse une critique au journal fran\u00e7ais en faisant comprendre au lecteur que ce dernier ne parvient pas \u00e0 d\u00e9nicher de nouvelles recrues car effectivement, sa publication se r\u00e9sume uniquement \u00e0 des contenus vulgaires. Cette pratique est issue son anc\u00eatre, dirig\u00e9 par la m\u00eame \u00e9quipe, <em>Hara-Kiri : le journal b\u00eate et m\u00e9chant<\/em> (1960-1986), interdit en 1970 \u00e0 la suite d\u2019un num\u00e9ro se moquant de la mort du g\u00e9n\u00e9ral de Gaulle. Le contenu libertaire du journal prenait nettement le pas sur la recherche artistique ou stylistique, par le biais d\u2019images scatologiques ou pornographiques<a href=\"#_ftn10\" name=\"_ftnref10\">[10]<\/a>. Le journal ne tente pas d\u2019\u00eatre critique envers un sujet d\u2019actualit\u00e9 afin de le rendre dr\u00f4le et de s\u2019en insurger mais il utilise la politique ou les faits divers de mani\u00e8re violente. <em>Charlie Hebdo<\/em> poursuit le m\u00eame mod\u00e8le. Dans le dessin \u00ab\u00a0<em>Charlie Hebdo peine \u00e0 recruter\u00a0\u00bb, <\/em>Mix &amp; Remix nous offre donc une critique de cette forme d\u2019humour graphique qui r\u00e9duit le dessinateur de presse \u00e0 un simple provocateur d\u00e9pourvu de toute dimension artistique. Durant plus de trente ans, Philippe Becquelin est parvenu \u00e0 imposer un style unique, travaill\u00e9 par l\u2019utilisation synth\u00e9tique de la plume, du marqueur et de l\u2019encre.<\/p>\n<p style=\"text-align: right\">Camille Huygen<\/p>\n<hr \/>\n<p><a href=\"#_ftnref1\" name=\"_ftn1\">[1]<\/a> PAJAK Fr\u00e9d\u00e9ric, \u00ab Incendies et feuilles mortes \u00bb, <em>Le Cahier dessin\u00e9 : l\u2019exposition<\/em>, Paris : Les Cahiers Dessin\u00e9s, 2015, p. 15.<\/p>\n<p><a href=\"#_ftnref2\" name=\"_ftn2\">[2]<\/a> JAUNIN Fran\u00e7oise, \u00ab\u00a0L\u2019Homo Sapiens en abyme\u00a0\u00bb, <em>Guerre(s)<\/em>, Lausanne\u00a0: Editions Humus, 2009, p. 9.<\/p>\n<p><a href=\"#_ftnref3\" name=\"_ftn3\">[3]<\/a> LUONG Duc-Hanh, \u00ab\u00a0Deux mondes pour un univers\u00a0\u00bb, <em>ibid<\/em>, p. 96.<\/p>\n<p><a href=\"#_ftnref4\" name=\"_ftn4\">[4]<\/a> JAUNIN Fran\u00e7oise, <em>art. cit., <\/em>p. 7.<\/p>\n<p><a href=\"#_ftnref5\" name=\"_ftn5\">[5]<\/a> Propos de Martial Leiter in DUVAL Jean-Fran\u00e7ois, \u00ab\u00a0La sagesse du chien\u00a0\u00bb, <em>Martial Leiter\u00a0: tous rebelles<\/em>, Paris\u00a0: Les Cahiers dessin\u00e9s, 2012, p. 8.<\/p>\n<p><a href=\"#_ftnref6\" name=\"_ftn6\">[6]<\/a> DUPLAN Antoine, \u00ab\u00a0Mix&amp;Remix, une d\u00e9cennie h\u00e9ro\u00efque\u00a0\u00bb, <em>Le Temps<\/em>, 15 mai 2015, https:\/\/www.letemps.ch\/culture\/2015\/05\/15\/mix-remix-une-decennie-heroique [<em>en ligne<\/em>].<\/p>\n<p><a href=\"#_ftnref7\" name=\"_ftn7\">[7]<\/a> PAJAK Fr\u00e9d\u00e9ric, \u00ab\u00a0Smash\u00a0\u00bb, <em>Mix &amp; Remix\u00a0: dessins politiques<\/em>, Paris\u00a0: Les Cahiers Dessin\u00e9s, 2015, p. 11.<\/p>\n<p><a href=\"#_ftnref8\" name=\"_ftn8\">[8]<\/a> T\u00e9moignage de Mix &amp; Remix in Fondation vaudoise pour la culture (2016), <em>Prix du rayonnement 2016: Portrait de Philippe Becquelin, Mix &amp; Remix<\/em> [Vide\u0301o en ligne], https:\/\/vimeo.com\/184478073.<\/p>\n<p><a href=\"#_ftnref9\" name=\"_ftn9\">[9]<\/a> GARNIER Philippe, \u00ab\u00a0Une enfance de trente ans\u00a0\u00bb, <em>Les Etoiles souterraines<\/em>, Lausanne\u00a0: Les Editions noir sur blanc, 2015, pp. 12-13.<\/p>\n<p><a href=\"#_ftnref10\" name=\"_ftn10\">[10]<\/a> FENOUILLET Paul, \u00ab\u00a01958-2008 : Presse subversive\u00a0\u00bb, <em>Contemporary French and Francophone Studies, <\/em>2008, p. 260.<\/p>\n<\/div><\/div>\n<\/div>\n","protected":false},"excerpt":{"rendered":"","protected":false},"author":1001741,"featured_media":0,"parent":0,"menu_order":0,"comment_status":"closed","ping_status":"closed","template":"","meta":{"_seopress_robots_primary_cat":"","_seopress_titles_title":"","_seopress_titles_desc":"","_seopress_robots_index":"","footnotes":""},"class_list":["post-1069","page","type-page","status-publish"],"_links":{"self":[{"href":"https:\/\/wp.unil.ch\/pressesatiriqueromande\/wp-json\/wp\/v2\/pages\/1069","targetHints":{"allow":["GET"]}}],"collection":[{"href":"https:\/\/wp.unil.ch\/pressesatiriqueromande\/wp-json\/wp\/v2\/pages"}],"about":[{"href":"https:\/\/wp.unil.ch\/pressesatiriqueromande\/wp-json\/wp\/v2\/types\/page"}],"author":[{"embeddable":true,"href":"https:\/\/wp.unil.ch\/pressesatiriqueromande\/wp-json\/wp\/v2\/users\/1001741"}],"replies":[{"embeddable":true,"href":"https:\/\/wp.unil.ch\/pressesatiriqueromande\/wp-json\/wp\/v2\/comments?post=1069"}],"version-history":[{"count":0,"href":"https:\/\/wp.unil.ch\/pressesatiriqueromande\/wp-json\/wp\/v2\/pages\/1069\/revisions"}],"wp:attachment":[{"href":"https:\/\/wp.unil.ch\/pressesatiriqueromande\/wp-json\/wp\/v2\/media?parent=1069"}],"curies":[{"name":"wp","href":"https:\/\/api.w.org\/{rel}","templated":true}]}}