{"id":647,"date":"2023-02-10T14:47:20","date_gmt":"2023-02-10T13:47:20","guid":{"rendered":"https:\/\/wp.unil.ch\/preauxentousgenres\/?page_id=647"},"modified":"2023-02-13T09:30:05","modified_gmt":"2023-02-13T08:30:05","slug":"les-pistes-de-reflexion-et-daction","status":"publish","type":"page","link":"https:\/\/wp.unil.ch\/preauxentousgenres\/les-pistes-de-reflexion-et-daction\/","title":{"rendered":"Les pistes de r\u00e9flexion et d&rsquo;action"},"content":{"rendered":"\n<p>Chaque d\u00e9pliant ci-dessous pr\u00e9sente la recherche r\u00e9alis\u00e9e, les principaux r\u00e9sultats et les 5 pistes de r\u00e9flexion et d&rsquo;action qui ont \u00e9merg\u00e9. <\/p>\n\n\n\n<p>Si celles-ci sont ind\u00e9pendantes les unes des autres, elles montrent surtout diff\u00e9rentes mani\u00e8re de travailler sur les pr\u00e9aux et d&rsquo;agir pour les rendre plus \u00e9galitaires. <br><br><\/p>\n\n\n\n<div class=\"wp-block-columns is-layout-flex wp-container-core-columns-is-layout-9d6595d7 wp-block-columns-is-layout-flex\">\n<div class=\"wp-block-column is-layout-flow wp-block-column-is-layout-flow\" style=\"flex-basis:66.66%\">\n<figure class=\"wp-block-image size-large\"><img alt=\"\" loading=\"lazy\" decoding=\"async\" width=\"1024\" height=\"290\" src=\"https:\/\/wp.unil.ch\/preauxentousgenres\/files\/2023\/02\/Capture-decran-2023-02-10-a-14.41.17-1-1024x290.png\" alt=\"\" class=\"wp-image-665\" srcset=\"https:\/\/wp.unil.ch\/preauxentousgenres\/files\/2023\/02\/Capture-decran-2023-02-10-a-14.41.17-1-1024x290.png 1024w, https:\/\/wp.unil.ch\/preauxentousgenres\/files\/2023\/02\/Capture-decran-2023-02-10-a-14.41.17-1-300x85.png 300w, https:\/\/wp.unil.ch\/preauxentousgenres\/files\/2023\/02\/Capture-decran-2023-02-10-a-14.41.17-1-768x217.png 768w, https:\/\/wp.unil.ch\/preauxentousgenres\/files\/2023\/02\/Capture-decran-2023-02-10-a-14.41.17-1-540x153.png 540w, https:\/\/wp.unil.ch\/preauxentousgenres\/files\/2023\/02\/Capture-decran-2023-02-10-a-14.41.17-1-1080x305.png 1080w, https:\/\/wp.unil.ch\/preauxentousgenres\/files\/2023\/02\/Capture-decran-2023-02-10-a-14.41.17-1.png 1510w\" sizes=\"auto, (max-width: 1024px) 100vw, 1024px\" \/><\/figure>\n<\/div>\n\n\n\n<div class=\"wp-block-column is-layout-flow wp-block-column-is-layout-flow\" style=\"flex-basis:33.33%\">\n<div class=\"wp-block-file\"><a href=\"https:\/\/wp.unil.ch\/preauxentousgenres\/files\/2023\/02\/PTG-Depliant1-1.pdf\" class=\"wp-block-file__button wp-element-button\" download>T\u00e9l\u00e9charger le d\u00e9pliant<\/a><\/div>\n<\/div>\n<\/div>\n\n\n\n<div class=\"wp-block-columns is-layout-flex wp-container-core-columns-is-layout-9d6595d7 wp-block-columns-is-layout-flex\">\n<div class=\"wp-block-column is-layout-flow wp-block-column-is-layout-flow\" style=\"flex-basis:66.66%\">\n<figure class=\"wp-block-image size-large\"><img alt=\"\" loading=\"lazy\" decoding=\"async\" width=\"1024\" height=\"277\" src=\"https:\/\/wp.unil.ch\/preauxentousgenres\/files\/2023\/02\/Capture-decran-2023-02-10-a-14.41.09-1-1024x277.png\" alt=\"\" class=\"wp-image-664\" srcset=\"https:\/\/wp.unil.ch\/preauxentousgenres\/files\/2023\/02\/Capture-decran-2023-02-10-a-14.41.09-1-1024x277.png 1024w, https:\/\/wp.unil.ch\/preauxentousgenres\/files\/2023\/02\/Capture-decran-2023-02-10-a-14.41.09-1-300x81.png 300w, https:\/\/wp.unil.ch\/preauxentousgenres\/files\/2023\/02\/Capture-decran-2023-02-10-a-14.41.09-1-768x208.png 768w, https:\/\/wp.unil.ch\/preauxentousgenres\/files\/2023\/02\/Capture-decran-2023-02-10-a-14.41.09-1-540x146.png 540w, https:\/\/wp.unil.ch\/preauxentousgenres\/files\/2023\/02\/Capture-decran-2023-02-10-a-14.41.09-1-1080x292.png 1080w, https:\/\/wp.unil.ch\/preauxentousgenres\/files\/2023\/02\/Capture-decran-2023-02-10-a-14.41.09-1.png 1508w\" sizes=\"auto, (max-width: 1024px) 100vw, 1024px\" \/><\/figure>\n<\/div>\n\n\n\n<div class=\"wp-block-column is-layout-flow wp-block-column-is-layout-flow\" style=\"flex-basis:33.33%\">\n<div class=\"wp-block-file\"><a href=\"https:\/\/wp.unil.ch\/preauxentousgenres\/files\/2023\/02\/PTG-Depliant2.pdf\" class=\"wp-block-file__button wp-element-button\" download>T\u00e9l\u00e9charger le d\u00e9pliant<\/a><\/div>\n<\/div>\n<\/div>\n\n\n\n<div class=\"wp-block-columns is-layout-flex wp-container-core-columns-is-layout-9d6595d7 wp-block-columns-is-layout-flex\">\n<div class=\"wp-block-column is-layout-flow wp-block-column-is-layout-flow\" style=\"flex-basis:66.66%\">\n<figure class=\"wp-block-image size-large\"><img alt=\"\" loading=\"lazy\" decoding=\"async\" width=\"1024\" height=\"284\" src=\"https:\/\/wp.unil.ch\/preauxentousgenres\/files\/2023\/02\/Capture-decran-2023-02-10-a-14.40.56-1-1024x284.png\" alt=\"\" class=\"wp-image-661\" srcset=\"https:\/\/wp.unil.ch\/preauxentousgenres\/files\/2023\/02\/Capture-decran-2023-02-10-a-14.40.56-1-1024x284.png 1024w, https:\/\/wp.unil.ch\/preauxentousgenres\/files\/2023\/02\/Capture-decran-2023-02-10-a-14.40.56-1-300x83.png 300w, https:\/\/wp.unil.ch\/preauxentousgenres\/files\/2023\/02\/Capture-decran-2023-02-10-a-14.40.56-1-768x213.png 768w, https:\/\/wp.unil.ch\/preauxentousgenres\/files\/2023\/02\/Capture-decran-2023-02-10-a-14.40.56-1-540x150.png 540w, https:\/\/wp.unil.ch\/preauxentousgenres\/files\/2023\/02\/Capture-decran-2023-02-10-a-14.40.56-1-1080x300.png 1080w, https:\/\/wp.unil.ch\/preauxentousgenres\/files\/2023\/02\/Capture-decran-2023-02-10-a-14.40.56-1.png 1536w\" sizes=\"auto, (max-width: 1024px) 100vw, 1024px\" \/><\/figure>\n<\/div>\n\n\n\n<div class=\"wp-block-column is-layout-flow wp-block-column-is-layout-flow\" style=\"flex-basis:33.33%\">\n<div class=\"wp-block-file\"><a href=\"https:\/\/wp.unil.ch\/preauxentousgenres\/files\/2023\/02\/PTG-Depliant3-1.pdf\" class=\"wp-block-file__button wp-element-button\" download>T\u00e9l\u00e9charger le d\u00e9pliant<\/a><\/div>\n<\/div>\n<\/div>\n\n\n\n<div class=\"wp-block-columns is-layout-flex wp-container-core-columns-is-layout-9d6595d7 wp-block-columns-is-layout-flex\">\n<div class=\"wp-block-column is-layout-flow wp-block-column-is-layout-flow\" style=\"flex-basis:66.66%\">\n<figure class=\"wp-block-image size-large\"><img alt=\"\" loading=\"lazy\" decoding=\"async\" width=\"1024\" height=\"292\" src=\"https:\/\/wp.unil.ch\/preauxentousgenres\/files\/2023\/02\/Capture-decran-2023-02-10-a-14.40.48-1-1024x292.png\" alt=\"\" class=\"wp-image-662\" srcset=\"https:\/\/wp.unil.ch\/preauxentousgenres\/files\/2023\/02\/Capture-decran-2023-02-10-a-14.40.48-1-1024x292.png 1024w, https:\/\/wp.unil.ch\/preauxentousgenres\/files\/2023\/02\/Capture-decran-2023-02-10-a-14.40.48-1-300x86.png 300w, https:\/\/wp.unil.ch\/preauxentousgenres\/files\/2023\/02\/Capture-decran-2023-02-10-a-14.40.48-1-768x219.png 768w, https:\/\/wp.unil.ch\/preauxentousgenres\/files\/2023\/02\/Capture-decran-2023-02-10-a-14.40.48-1-540x154.png 540w, https:\/\/wp.unil.ch\/preauxentousgenres\/files\/2023\/02\/Capture-decran-2023-02-10-a-14.40.48-1-1080x308.png 1080w, https:\/\/wp.unil.ch\/preauxentousgenres\/files\/2023\/02\/Capture-decran-2023-02-10-a-14.40.48-1.png 1519w\" sizes=\"auto, (max-width: 1024px) 100vw, 1024px\" \/><\/figure>\n<\/div>\n\n\n\n<div class=\"wp-block-column is-layout-flow wp-block-column-is-layout-flow\" style=\"flex-basis:33.33%\">\n<div class=\"wp-block-file\"><a href=\"https:\/\/wp.unil.ch\/preauxentousgenres\/files\/2023\/02\/PTG-Depliant4.pdf\" class=\"wp-block-file__button wp-element-button\" download>T\u00e9l\u00e9charger le d\u00e9pliant<\/a><\/div>\n<\/div>\n<\/div>\n\n\n\n<div class=\"wp-block-columns is-layout-flex wp-container-core-columns-is-layout-9d6595d7 wp-block-columns-is-layout-flex\">\n<div class=\"wp-block-column is-layout-flow wp-block-column-is-layout-flow\" style=\"flex-basis:66.66%\">\n<figure class=\"wp-block-image size-large\"><img alt=\"\" loading=\"lazy\" decoding=\"async\" width=\"1024\" height=\"291\" src=\"https:\/\/wp.unil.ch\/preauxentousgenres\/files\/2023\/02\/Capture-decran-2023-02-10-a-14.40.19-1-1024x291.png\" alt=\"\" class=\"wp-image-663\" srcset=\"https:\/\/wp.unil.ch\/preauxentousgenres\/files\/2023\/02\/Capture-decran-2023-02-10-a-14.40.19-1-1024x291.png 1024w, https:\/\/wp.unil.ch\/preauxentousgenres\/files\/2023\/02\/Capture-decran-2023-02-10-a-14.40.19-1-300x85.png 300w, https:\/\/wp.unil.ch\/preauxentousgenres\/files\/2023\/02\/Capture-decran-2023-02-10-a-14.40.19-1-768x218.png 768w, https:\/\/wp.unil.ch\/preauxentousgenres\/files\/2023\/02\/Capture-decran-2023-02-10-a-14.40.19-1-540x153.png 540w, https:\/\/wp.unil.ch\/preauxentousgenres\/files\/2023\/02\/Capture-decran-2023-02-10-a-14.40.19-1-1080x306.png 1080w, https:\/\/wp.unil.ch\/preauxentousgenres\/files\/2023\/02\/Capture-decran-2023-02-10-a-14.40.19-1.png 1519w\" sizes=\"auto, (max-width: 1024px) 100vw, 1024px\" \/><\/figure>\n<\/div>\n\n\n\n<div class=\"wp-block-column is-layout-flow wp-block-column-is-layout-flow\" style=\"flex-basis:33.33%\">\n<div class=\"wp-block-file\"><a href=\"https:\/\/wp.unil.ch\/preauxentousgenres\/files\/2023\/02\/PTG-Depliant5-1.pdf\" class=\"wp-block-file__button wp-element-button\" download>T\u00e9l\u00e9charger le d\u00e9pliant<\/a><\/div>\n<\/div>\n<\/div>\n","protected":false},"excerpt":{"rendered":"<p>Chaque d\u00e9pliant ci-dessous pr\u00e9sente la recherche r\u00e9alis\u00e9e, les principaux r\u00e9sultats et les 5 pistes de r\u00e9flexion et d&rsquo;action qui ont \u00e9merg\u00e9. Si celles-ci sont ind\u00e9pendantes les unes des&hellip;<\/p>\n","protected":false},"author":1002255,"featured_media":0,"parent":0,"menu_order":0,"comment_status":"closed","ping_status":"closed","template":"template-full-width-cover.php","meta":{"_seopress_robots_primary_cat":"","_seopress_titles_title":"","_seopress_titles_desc":"","_seopress_robots_index":"","footnotes":""},"class_list":["post-647","page","type-page","status-publish","has-post-thumbnail"],"_links":{"self":[{"href":"https:\/\/wp.unil.ch\/preauxentousgenres\/wp-json\/wp\/v2\/pages\/647","targetHints":{"allow":["GET"]}}],"collection":[{"href":"https:\/\/wp.unil.ch\/preauxentousgenres\/wp-json\/wp\/v2\/pages"}],"about":[{"href":"https:\/\/wp.unil.ch\/preauxentousgenres\/wp-json\/wp\/v2\/types\/page"}],"author":[{"embeddable":true,"href":"https:\/\/wp.unil.ch\/preauxentousgenres\/wp-json\/wp\/v2\/users\/1002255"}],"replies":[{"embeddable":true,"href":"https:\/\/wp.unil.ch\/preauxentousgenres\/wp-json\/wp\/v2\/comments?post=647"}],"version-history":[{"count":0,"href":"https:\/\/wp.unil.ch\/preauxentousgenres\/wp-json\/wp\/v2\/pages\/647\/revisions"}],"wp:attachment":[{"href":"https:\/\/wp.unil.ch\/preauxentousgenres\/wp-json\/wp\/v2\/media?parent=647"}],"curies":[{"name":"wp","href":"https:\/\/api.w.org\/{rel}","templated":true}]}}