{"id":6,"date":"2019-11-28T16:00:19","date_gmt":"2019-11-28T15:00:19","guid":{"rendered":"http:\/\/wp.unil.ch\/modele\/?page_id=6"},"modified":"2023-04-18T15:04:03","modified_gmt":"2023-04-18T13:04:03","slug":"home","status":"publish","type":"page","link":"https:\/\/wp.unil.ch\/preauxentousgenres\/","title":{"rendered":"Bienvenue sur le site de Pr\u00e9aux en tous genres"},"content":{"rendered":"\n<h2 class=\"wp-block-heading\">Le projet en quelques mots <\/h2>\n\n\n\n<p>\u00ab&nbsp;Pr\u00e9aux en tous genres&nbsp;\u00bb est un projet de recherche qui vise \u00e0 observer, documenter et analyser les activit\u00e9s et les interactions dans les pr\u00e9aux lausannois, sous le prisme du genre.&nbsp;&nbsp;Le projet a pour finalit\u00e9 de promouvoir la participation, la reconnaissance et la valorisation des besoins et des r\u00e9alit\u00e9s des enfants dans l\u2019espace public. <\/p>\n\n\n\n<p>Ce projet a \u00e9t\u00e9 conjointement port\u00e9 et supervis\u00e9 par la D\u00e9l\u00e9gu\u00e9e \u00e0 l\u2019enfance de la Ville de Lausanne, <a href=\"https:\/\/www.lausanne.ch\/vie-pratique\/enfance-jeunesse-famille\/jeunesse\/delegation-a-l-enfance.html\">Florence Godoy<\/a>, et <a href=\"https:\/\/applicationspub.unil.ch\/interpub\/noauth\/php\/Un\/UnPers.php?PerNum=1199480&amp;LanCode=37\">Cl\u00e9olia Sabot<\/a>, assistante dipl\u00f4m\u00e9e en sciences sociales \u00e0 l\u2019Universit\u00e9 de Lausanne. Les recherches ont \u00e9t\u00e9 men\u00e9es par Manon Chollet, Maya Cherix, Maeva Yersin et Valentin Brahier. <\/p>\n\n\n\n<p>Une description plus compl\u00e8te du projet se trouve <a href=\"https:\/\/wp.unil.ch\/preauxentousgenres\/observations-et-considerations-generales\/\" data-type=\"page\" data-id=\"550\">sur la page d\u00e9di\u00e9e.<\/a><br><br><\/p>\n\n\n\n<h2 class=\"wp-block-heading\">A retrouver sur notre site :<\/h2>\n\n\n\n<div class=\"wp-block-columns is-layout-flex wp-container-core-columns-is-layout-9d6595d7 wp-block-columns-is-layout-flex\">\n<div class=\"wp-block-column is-layout-flow wp-block-column-is-layout-flow\" style=\"flex-basis:100%\">\n<div class=\"wp-block-columns is-layout-flex wp-container-core-columns-is-layout-9d6595d7 wp-block-columns-is-layout-flex\">\n<div class=\"wp-block-column is-layout-flow wp-block-column-is-layout-flow\">\n<div class=\"wp-block-columns is-layout-flex wp-container-core-columns-is-layout-9d6595d7 wp-block-columns-is-layout-flex\">\n<div class=\"wp-block-column is-layout-flow wp-block-column-is-layout-flow\">\n<p class=\"has-text-align-center has-primary-color has-text-color has-larger-font-size\"><a href=\"https:\/\/wp.unil.ch\/preauxentousgenres\/les-recherches\/\" data-type=\"page\" data-id=\"168\">Les recherches<strong><br><\/strong><\/a><br><\/p>\n\n\n\n<figure class=\"wp-block-image\"><a href=\"https:\/\/wp.unil.ch\/preauxentousgenres\/les-recherches\/\"><img alt=\"\" loading=\"lazy\" decoding=\"async\" width=\"900\" height=\"1200\" src=\"https:\/\/wp.unil.ch\/preauxentousgenres\/files\/2023\/02\/ptg-contact-edited-1.jpg\" alt=\"\" class=\"wp-image-633\" srcset=\"https:\/\/wp.unil.ch\/preauxentousgenres\/files\/2023\/02\/ptg-contact-edited-1.jpg 900w, https:\/\/wp.unil.ch\/preauxentousgenres\/files\/2023\/02\/ptg-contact-edited-1-225x300.jpg 225w, https:\/\/wp.unil.ch\/preauxentousgenres\/files\/2023\/02\/ptg-contact-edited-1-768x1024.jpg 768w, https:\/\/wp.unil.ch\/preauxentousgenres\/files\/2023\/02\/ptg-contact-edited-1-540x720.jpg 540w\" sizes=\"auto, (max-width: 900px) 100vw, 900px\" \/><\/a><\/figure>\n<\/div>\n\n\n\n<div class=\"wp-block-column is-layout-flow wp-block-column-is-layout-flow\">\n<p class=\"has-text-align-center has-primary-color has-text-color has-larger-font-size\"><a href=\"https:\/\/wp.unil.ch\/preauxentousgenres\/articles\/\">Les articles<strong><br><\/strong><\/a><br><\/p>\n\n\n\n<figure class=\"wp-block-image\"><a href=\"https:\/\/wp.unil.ch\/preauxentousgenres\/articles\/\"><img alt=\"\" loading=\"lazy\" decoding=\"async\" width=\"854\" height=\"1138\" src=\"https:\/\/wp.unil.ch\/preauxentousgenres\/files\/2023\/02\/ptg-recherches-edited-1.jpg\" alt=\"\" class=\"wp-image-634\" srcset=\"https:\/\/wp.unil.ch\/preauxentousgenres\/files\/2023\/02\/ptg-recherches-edited-1.jpg 854w, https:\/\/wp.unil.ch\/preauxentousgenres\/files\/2023\/02\/ptg-recherches-edited-1-225x300.jpg 225w, https:\/\/wp.unil.ch\/preauxentousgenres\/files\/2023\/02\/ptg-recherches-edited-1-768x1023.jpg 768w, https:\/\/wp.unil.ch\/preauxentousgenres\/files\/2023\/02\/ptg-recherches-edited-1-540x720.jpg 540w\" sizes=\"auto, (max-width: 854px) 100vw, 854px\" \/><\/a><\/figure>\n<\/div>\n<\/div>\n<\/div>\n\n\n\n<div class=\"wp-block-column is-layout-flow wp-block-column-is-layout-flow\">\n<div class=\"wp-block-columns is-layout-flex wp-container-core-columns-is-layout-9d6595d7 wp-block-columns-is-layout-flex\">\n<div class=\"wp-block-column is-layout-flow wp-block-column-is-layout-flow\">\n<p class=\"has-text-align-center has-primary-color has-text-color has-larger-font-size\"><a href=\"https:\/\/wp.unil.ch\/preauxentousgenres\/les-pistes-de-reflexion-et-daction\/\">Les pistes de r\u00e9flexion et d&rsquo;action<\/a><\/p>\n\n\n\n<figure class=\"wp-block-image size-large\"><a href=\"https:\/\/wp.unil.ch\/preauxentousgenres\/les-pistes-de-reflexion-et-daction\/\"><img alt=\"\" loading=\"lazy\" decoding=\"async\" width=\"374\" height=\"499\" src=\"https:\/\/wp.unil.ch\/preauxentousgenres\/files\/2023\/02\/ptg7-1600pixels-1-edited-1.jpg\" alt=\"\" class=\"wp-image-638\" srcset=\"https:\/\/wp.unil.ch\/preauxentousgenres\/files\/2023\/02\/ptg7-1600pixels-1-edited-1.jpg 374w, https:\/\/wp.unil.ch\/preauxentousgenres\/files\/2023\/02\/ptg7-1600pixels-1-edited-1-225x300.jpg 225w\" sizes=\"auto, (max-width: 374px) 100vw, 374px\" \/><\/a><\/figure>\n<\/div>\n\n\n\n<div class=\"wp-block-column is-layout-flow wp-block-column-is-layout-flow\">\n<p class=\"has-text-align-center has-primary-color has-text-color has-larger-font-size\"><a href=\"https:\/\/wp.unil.ch\/preauxentousgenres\/pousses-urbaines-les-preaux-a-lausanne\/\" data-type=\"page\" data-id=\"416\">Pousses Urbaines<br><\/a><br><\/p>\n\n\n\n<figure class=\"wp-block-image size-full\"><a href=\"https:\/\/wp.unil.ch\/preauxentousgenres\/pousses-urbaines-les-preaux-a-lausanne\/\"><img alt=\"\" loading=\"lazy\" decoding=\"async\" width=\"222\" height=\"296\" src=\"https:\/\/wp.unil.ch\/preauxentousgenres\/files\/2023\/02\/ptg7-3-edited-2.jpg\" alt=\"\" class=\"wp-image-642\" \/><\/a><\/figure>\n<\/div>\n<\/div>\n<\/div>\n<\/div>\n<\/div>\n<\/div>\n\n\n\n<p><br><\/p>\n\n\n\n<h2 class=\"wp-block-heading\">On en parle dans les m\u00e9dias <\/h2>\n\n\n\n<div class=\"wp-block-columns is-layout-flex wp-container-core-columns-is-layout-9d6595d7 wp-block-columns-is-layout-flex\">\n<div class=\"wp-block-column is-layout-flow wp-block-column-is-layout-flow\">\n<div class=\"wp-block-columns is-layout-flex wp-container-core-columns-is-layout-9d6595d7 wp-block-columns-is-layout-flex\">\n<div class=\"wp-block-column is-layout-flow wp-block-column-is-layout-flow\"><div class=\"wp-block-image\">\n<figure class=\"aligncenter size-large is-resized\"><img alt=\"\" loading=\"lazy\" decoding=\"async\" src=\"https:\/\/wp.unil.ch\/preauxentousgenres\/files\/2023\/02\/rts-1024x1024.png\" alt=\"\" class=\"wp-image-679\" width=\"124\" height=\"124\" srcset=\"https:\/\/wp.unil.ch\/preauxentousgenres\/files\/2023\/02\/rts-1024x1024.png 1024w, https:\/\/wp.unil.ch\/preauxentousgenres\/files\/2023\/02\/rts-300x300.png 300w, https:\/\/wp.unil.ch\/preauxentousgenres\/files\/2023\/02\/rts-150x150.png 150w, https:\/\/wp.unil.ch\/preauxentousgenres\/files\/2023\/02\/rts-768x768.png 768w, https:\/\/wp.unil.ch\/preauxentousgenres\/files\/2023\/02\/rts-540x540.png 540w, https:\/\/wp.unil.ch\/preauxentousgenres\/files\/2023\/02\/rts.png 1080w\" sizes=\"auto, (max-width: 124px) 100vw, 124px\" \/><\/figure>\n<\/div>\n\n\n<h6 class=\"wp-block-heading has-text-align-center\"><a href=\"https:\/\/www.rts.ch\/audio-podcast\/2023\/audio\/le-genre-dans-les-preaux-25899760.html\">Intervention dans l&rsquo;\u00e9mission <em>Tribu<\/em> de la RTS, le 10 f\u00e9vrier 2023<\/a><\/h6>\n<\/div>\n\n\n\n<div class=\"wp-block-column is-layout-flow wp-block-column-is-layout-flow\"><div class=\"wp-block-image\">\n<figure class=\"aligncenter size-large is-resized\"><img alt=\"\" loading=\"lazy\" decoding=\"async\" src=\"https:\/\/wp.unil.ch\/preauxentousgenres\/files\/2023\/02\/rts2-1024x1024.png\" alt=\"\" class=\"wp-image-680\" width=\"115\" height=\"115\" srcset=\"https:\/\/wp.unil.ch\/preauxentousgenres\/files\/2023\/02\/rts2-1024x1024.png 1024w, https:\/\/wp.unil.ch\/preauxentousgenres\/files\/2023\/02\/rts2-300x300.png 300w, https:\/\/wp.unil.ch\/preauxentousgenres\/files\/2023\/02\/rts2-150x150.png 150w, https:\/\/wp.unil.ch\/preauxentousgenres\/files\/2023\/02\/rts2-768x768.png 768w, https:\/\/wp.unil.ch\/preauxentousgenres\/files\/2023\/02\/rts2-540x540.png 540w, https:\/\/wp.unil.ch\/preauxentousgenres\/files\/2023\/02\/rts2.png 1080w\" sizes=\"auto, (max-width: 115px) 100vw, 115px\" \/><\/figure>\n<\/div>\n\n\n<h6 class=\"wp-block-heading has-text-align-center\"><a href=\"https:\/\/www.24heures.ch\/un-plan-daction-pour-des-preaux-plus-egalitaires-121798471097\">Article dans <em>24 heures<\/em><\/a><\/h6>\n<\/div>\n<\/div>\n<\/div>\n\n\n\n<div class=\"wp-block-column is-layout-flow wp-block-column-is-layout-flow\">\n<div class=\"wp-block-columns is-layout-flex wp-container-core-columns-is-layout-9d6595d7 wp-block-columns-is-layout-flex\">\n<div class=\"wp-block-column is-layout-flow wp-block-column-is-layout-flow\"><div class=\"wp-block-image\">\n<figure class=\"aligncenter size-large is-resized\"><img alt=\"\" loading=\"lazy\" decoding=\"async\" src=\"https:\/\/wp.unil.ch\/preauxentousgenres\/files\/2023\/02\/rts2-1024x1024.png\" alt=\"\" class=\"wp-image-680\" width=\"113\" height=\"113\" srcset=\"https:\/\/wp.unil.ch\/preauxentousgenres\/files\/2023\/02\/rts2-1024x1024.png 1024w, https:\/\/wp.unil.ch\/preauxentousgenres\/files\/2023\/02\/rts2-300x300.png 300w, https:\/\/wp.unil.ch\/preauxentousgenres\/files\/2023\/02\/rts2-150x150.png 150w, https:\/\/wp.unil.ch\/preauxentousgenres\/files\/2023\/02\/rts2-768x768.png 768w, https:\/\/wp.unil.ch\/preauxentousgenres\/files\/2023\/02\/rts2-540x540.png 540w, https:\/\/wp.unil.ch\/preauxentousgenres\/files\/2023\/02\/rts2.png 1080w\" sizes=\"auto, (max-width: 113px) 100vw, 113px\" \/><\/figure>\n<\/div>\n\n\n<h6 class=\"wp-block-heading has-text-align-center\"><a href=\"https:\/\/lecourrier.ch\/2023\/03\/26\/la-mixite-gagne-les-preaux\/\">Article dans <em>Le Courrier<\/em><\/a><\/h6>\n<\/div>\n\n\n\n<div class=\"wp-block-column is-layout-flow wp-block-column-is-layout-flow\"><div class=\"wp-block-image\">\n<figure class=\"aligncenter size-large is-resized\"><img alt=\"\" loading=\"lazy\" decoding=\"async\" src=\"https:\/\/wp.unil.ch\/preauxentousgenres\/files\/2023\/02\/rts2-1024x1024.png\" alt=\"\" class=\"wp-image-680\" width=\"116\" height=\"116\" srcset=\"https:\/\/wp.unil.ch\/preauxentousgenres\/files\/2023\/02\/rts2-1024x1024.png 1024w, https:\/\/wp.unil.ch\/preauxentousgenres\/files\/2023\/02\/rts2-300x300.png 300w, https:\/\/wp.unil.ch\/preauxentousgenres\/files\/2023\/02\/rts2-150x150.png 150w, https:\/\/wp.unil.ch\/preauxentousgenres\/files\/2023\/02\/rts2-768x768.png 768w, https:\/\/wp.unil.ch\/preauxentousgenres\/files\/2023\/02\/rts2-540x540.png 540w, https:\/\/wp.unil.ch\/preauxentousgenres\/files\/2023\/02\/rts2.png 1080w\" sizes=\"auto, (max-width: 116px) 100vw, 116px\" \/><\/figure>\n<\/div>\n\n\n<h6 class=\"wp-block-heading has-text-align-center\"><a href=\"https:\/\/www.letemps.ch\/societe\/enfants-education\/lecologie-genre-sinvitent-cours-recre\">Article dans <em>Le Temps<\/em><\/a><\/h6>\n<\/div>\n<\/div>\n<\/div>\n<\/div>\n\n\n\n<p><br><br><\/p>\n\n\n\n<h2 class=\"wp-block-heading\">Quelques images du 6 d\u00e9cembre<\/h2>\n\n\n\n<figure class=\"wp-block-gallery has-nested-images columns-default is-cropped wp-block-gallery-1 is-layout-flex wp-block-gallery-is-layout-flex\">\n<figure class=\"wp-block-image size-large\"><img alt=\"\" loading=\"lazy\" decoding=\"async\" width=\"1024\" height=\"681\" data-id=\"744\" src=\"https:\/\/wp.unil.ch\/preauxentousgenres\/files\/2023\/02\/DSC_5501-1024x681.jpg\" alt=\"\" class=\"wp-image-744\" srcset=\"https:\/\/wp.unil.ch\/preauxentousgenres\/files\/2023\/02\/DSC_5501-1024x681.jpg 1024w, https:\/\/wp.unil.ch\/preauxentousgenres\/files\/2023\/02\/DSC_5501-300x200.jpg 300w, https:\/\/wp.unil.ch\/preauxentousgenres\/files\/2023\/02\/DSC_5501-768x511.jpg 768w, https:\/\/wp.unil.ch\/preauxentousgenres\/files\/2023\/02\/DSC_5501-1536x1022.jpg 1536w, https:\/\/wp.unil.ch\/preauxentousgenres\/files\/2023\/02\/DSC_5501-540x359.jpg 540w, https:\/\/wp.unil.ch\/preauxentousgenres\/files\/2023\/02\/DSC_5501-1080x718.jpg 1080w, https:\/\/wp.unil.ch\/preauxentousgenres\/files\/2023\/02\/DSC_5501.jpg 1804w\" sizes=\"auto, (max-width: 1024px) 100vw, 1024px\" \/><\/figure>\n\n\n\n<figure class=\"wp-block-image size-large\"><img alt=\"\" loading=\"lazy\" decoding=\"async\" width=\"1804\" height=\"1015\" data-id=\"746\" src=\"https:\/\/wp.unil.ch\/preauxentousgenres\/files\/2023\/02\/DSC_5477-edited.jpg\" alt=\"\" class=\"wp-image-746\" srcset=\"https:\/\/wp.unil.ch\/preauxentousgenres\/files\/2023\/02\/DSC_5477-edited.jpg 1804w, https:\/\/wp.unil.ch\/preauxentousgenres\/files\/2023\/02\/DSC_5477-edited-300x169.jpg 300w, https:\/\/wp.unil.ch\/preauxentousgenres\/files\/2023\/02\/DSC_5477-edited-1024x576.jpg 1024w, https:\/\/wp.unil.ch\/preauxentousgenres\/files\/2023\/02\/DSC_5477-edited-768x432.jpg 768w, https:\/\/wp.unil.ch\/preauxentousgenres\/files\/2023\/02\/DSC_5477-edited-1536x864.jpg 1536w, https:\/\/wp.unil.ch\/preauxentousgenres\/files\/2023\/02\/DSC_5477-edited-540x304.jpg 540w, https:\/\/wp.unil.ch\/preauxentousgenres\/files\/2023\/02\/DSC_5477-edited-1080x608.jpg 1080w\" sizes=\"auto, (max-width: 1804px) 100vw, 1804px\" \/><\/figure>\n\n\n\n<figure class=\"wp-block-image size-large\"><img alt=\"\" loading=\"lazy\" decoding=\"async\" width=\"1024\" height=\"681\" data-id=\"742\" src=\"https:\/\/wp.unil.ch\/preauxentousgenres\/files\/2023\/02\/DSC_5487-1024x681.jpg\" alt=\"\" class=\"wp-image-742\" srcset=\"https:\/\/wp.unil.ch\/preauxentousgenres\/files\/2023\/02\/DSC_5487-1024x681.jpg 1024w, https:\/\/wp.unil.ch\/preauxentousgenres\/files\/2023\/02\/DSC_5487-300x200.jpg 300w, https:\/\/wp.unil.ch\/preauxentousgenres\/files\/2023\/02\/DSC_5487-768x511.jpg 768w, https:\/\/wp.unil.ch\/preauxentousgenres\/files\/2023\/02\/DSC_5487-1536x1022.jpg 1536w, https:\/\/wp.unil.ch\/preauxentousgenres\/files\/2023\/02\/DSC_5487-540x359.jpg 540w, https:\/\/wp.unil.ch\/preauxentousgenres\/files\/2023\/02\/DSC_5487-1080x718.jpg 1080w, https:\/\/wp.unil.ch\/preauxentousgenres\/files\/2023\/02\/DSC_5487.jpg 1804w\" sizes=\"auto, (max-width: 1024px) 100vw, 1024px\" \/><\/figure>\n\n\n\n<figure class=\"wp-block-image size-large\"><img alt=\"\" loading=\"lazy\" decoding=\"async\" width=\"1804\" height=\"1015\" data-id=\"745\" src=\"https:\/\/wp.unil.ch\/preauxentousgenres\/files\/2023\/02\/DSC_5458-edited.jpg\" alt=\"\" class=\"wp-image-745\" srcset=\"https:\/\/wp.unil.ch\/preauxentousgenres\/files\/2023\/02\/DSC_5458-edited.jpg 1804w, https:\/\/wp.unil.ch\/preauxentousgenres\/files\/2023\/02\/DSC_5458-edited-300x169.jpg 300w, https:\/\/wp.unil.ch\/preauxentousgenres\/files\/2023\/02\/DSC_5458-edited-1024x576.jpg 1024w, https:\/\/wp.unil.ch\/preauxentousgenres\/files\/2023\/02\/DSC_5458-edited-768x432.jpg 768w, https:\/\/wp.unil.ch\/preauxentousgenres\/files\/2023\/02\/DSC_5458-edited-1536x864.jpg 1536w, https:\/\/wp.unil.ch\/preauxentousgenres\/files\/2023\/02\/DSC_5458-edited-540x304.jpg 540w, https:\/\/wp.unil.ch\/preauxentousgenres\/files\/2023\/02\/DSC_5458-edited-1080x608.jpg 1080w\" sizes=\"auto, (max-width: 1804px) 100vw, 1804px\" \/><\/figure>\n<\/figure>\n","protected":false},"excerpt":{"rendered":"<p>Le projet en quelques mots \u00ab&nbsp;Pr\u00e9aux en tous genres&nbsp;\u00bb est un projet de recherche qui vise \u00e0 observer, documenter et analyser les activit\u00e9s et les interactions dans les&hellip;<\/p>\n","protected":false},"author":108,"featured_media":325,"parent":0,"menu_order":0,"comment_status":"closed","ping_status":"closed","template":"template-full-width-cover.php","meta":{"_seopress_robots_primary_cat":"","_seopress_titles_title":"","_seopress_titles_desc":"","_seopress_robots_index":"","footnotes":""},"class_list":["post-6","page","type-page","status-publish","has-post-thumbnail"],"_links":{"self":[{"href":"https:\/\/wp.unil.ch\/preauxentousgenres\/wp-json\/wp\/v2\/pages\/6","targetHints":{"allow":["GET"]}}],"collection":[{"href":"https:\/\/wp.unil.ch\/preauxentousgenres\/wp-json\/wp\/v2\/pages"}],"about":[{"href":"https:\/\/wp.unil.ch\/preauxentousgenres\/wp-json\/wp\/v2\/types\/page"}],"author":[{"embeddable":true,"href":"https:\/\/wp.unil.ch\/preauxentousgenres\/wp-json\/wp\/v2\/users\/108"}],"replies":[{"embeddable":true,"href":"https:\/\/wp.unil.ch\/preauxentousgenres\/wp-json\/wp\/v2\/comments?post=6"}],"version-history":[{"count":0,"href":"https:\/\/wp.unil.ch\/preauxentousgenres\/wp-json\/wp\/v2\/pages\/6\/revisions"}],"wp:featuredmedia":[{"embeddable":true,"href":"https:\/\/wp.unil.ch\/preauxentousgenres\/wp-json\/wp\/v2\/media\/325"}],"wp:attachment":[{"href":"https:\/\/wp.unil.ch\/preauxentousgenres\/wp-json\/wp\/v2\/media?parent=6"}],"curies":[{"name":"wp","href":"https:\/\/api.w.org\/{rel}","templated":true}]}}