{"id":556,"date":"2023-02-08T17:06:19","date_gmt":"2023-02-08T16:06:19","guid":{"rendered":"https:\/\/wp.unil.ch\/preauxentousgenres\/?page_id=556"},"modified":"2023-02-27T12:06:58","modified_gmt":"2023-02-27T11:06:58","slug":"pistes-de-reflexion-et-daction","status":"publish","type":"page","link":"https:\/\/wp.unil.ch\/preauxentousgenres\/pistes-de-reflexion-et-daction\/","title":{"rendered":"Observations et consid\u00e9rations g\u00e9n\u00e9rales : Pistes de r\u00e9flexion et d&rsquo;action"},"content":{"rendered":"\n<div class=\"wp-block-columns is-layout-flex wp-container-core-columns-is-layout-9d6595d7 wp-block-columns-is-layout-flex\">\n<div class=\"wp-block-column is-layout-flow wp-block-column-is-layout-flow\">\n<div class=\"wp-block-buttons is-layout-flex wp-block-buttons-is-layout-flex\">\n<div class=\"wp-block-button has-custom-font-size has-large-font-size\"><a class=\"wp-block-button__link wp-element-button\" href=\"https:\/\/wp.unil.ch\/preauxentousgenres\/observations-et-considerations-generales\/\">Aller vers les observations et consid\u00e9rations g\u00e9n\u00e9rales<\/a><\/div>\n<\/div>\n<\/div>\n\n\n\n<div class=\"wp-block-column is-layout-flow wp-block-column-is-layout-flow\"><\/div>\n\n\n\n<div class=\"wp-block-column is-layout-flow wp-block-column-is-layout-flow\"><\/div>\n<\/div>\n\n\n\n<p>Les pistes d\u2019action et de r\u00e9flexion pr\u00e9sent\u00e9es ici sont \u00e0 la fois issues d\u2019observations et d\u2019analyses r\u00e9alis\u00e9es au cours des recherches de&nbsp;<em>Pr\u00e9aux en tous genres&nbsp;<\/em>et des ateliers de&nbsp;<em>Pousses Urbaines<\/em>. Elles viennent compl\u00e9ter les r\u00e9sultats et pistes propos\u00e9s par l\u2019\u00e9quipe de recherche et les observations et recommandations pr\u00e9sent\u00e9es par&nbsp;<em>Pousses Urbaines<\/em>&nbsp;(lien).&nbsp;<\/p>\n\n\n\n<p>Ces pistes s\u2019adressent essentiellement aux professionnel\u00b7les de l\u2019\u00e9ducation et de la Ville de Lausanne, son administration, l\u2019institution scolaire et les enfants. Elles visent \u00e0 penser, am\u00e9nager et r\u00e9duire les in\u00e9galit\u00e9s de genre dans les pr\u00e9aux et ainsi offrir de nouveaux outils aux acteur\u00b7ices de l\u2019\u00e9ducation et aux enfants.&nbsp;<br><br><\/p>\n\n\n\n<h2 class=\"wp-block-heading\">1. Reconna\u00eetre ses propres biais de genre \u2013 et tout le monde en a&nbsp;!<\/h2>\n\n\n\n<p>Nous avons <strong>toutes et tous des comportements genr\u00e9s <\/strong>envers les enfants \u2013 nos enfants ou ceux des autres, envers les \u00e9l\u00e8ves, les coll\u00e8gues, notre famille ou des amis. C\u2019est un fait et, bien que ce soit perturbant, <strong>les reconna\u00eetre est le premier pas essentiel pour les d\u00e9construire.&nbsp;<\/strong><\/p>\n\n\n\n<p>Nous invitons les professionnel\u00b7les de l\u2019\u00e9ducation \u00e0 <strong>en prendre progressivement conscience et \u00e0 \u0153uvrer \u00e0 leur d\u00e9construction au quotidien<sup>1<\/sup><\/strong>. De nombreuses recherches ont montr\u00e9 que les pratiques <strong>\u00e9ducatives et p\u00e9dagogiques en sont empruntes au quotidien<\/strong>&nbsp;; elles s\u2019inscrivent dans la mani\u00e8re de g\u00e9rer un groupe (\u00e9cole, cr\u00e8che, APEMS), la mani\u00e8re de sanctionner diff\u00e9remment filles et gar\u00e7ons, d\u2019\u00eatre plus strictes avec les unes qu\u2019avec les autres, de laisser plus de temps de parole \u00e0 certains vis-\u00e0-vis de certaines, \u00e0 faire des remarques et adresser des qualificatifs diff\u00e9rents (la beaut\u00e9, la propret\u00e9, l\u2019ordre et la forme des id\u00e9es pour les filles \u2013 la force, le courage ou le fond des id\u00e9es pour les gar\u00e7ons) ou encore \u00e0 encourager l\u2019autonomie pour certaines et l\u2019appropriation de l\u2019espace (physique et sonore) pour certains<sup>2<\/sup>. <strong>Ce sont des pratiques que l\u2019on observe partout, et nul\u00b7le n\u2019y \u00e9chappe.<\/strong><br><br><\/p>\n\n\n\n<h2 class=\"wp-block-heading\">2. Planifier et accompagner des actions p\u00e9dagogiques structur\u00e9es et organis\u00e9es dans le pr\u00e9au<\/h2>\n\n\n\n<p><strong>Le r\u00e9am\u00e9nagement seul d\u2019un pr\u00e9au est insuffisant pour \u00ab&nbsp;gommer le genre&nbsp;\u00bb<sup>2<\/sup>. En effet, se contenter de changements urbanistiques ou architecturaux revient \u00e0 minimiser voire invisibiliser l\u2019appropriation du pr\u00e9au par les enfants<\/strong>, et les interactions, les relations et les univers symboliques qu\u2019elles et ils \u00e9laborent.&nbsp;<\/p>\n\n\n\n<p>En ce sens, il appara\u00eet <strong>n\u00e9cessaire d\u2019organiser et structurer plus explicitement les activit\u00e9s qui prennent place dans le pr\u00e9au<\/strong> (r\u00e9cr\u00e9ation, pause de midi, autres pauses). Animer ces temps permettra de rappeler ces pr\u00e9occupations aux enseignant\u00b7es et <strong>ne pas les rel\u00e9guer aux marges du temps scolaire&nbsp;; <\/strong>s\u2019il peut appara\u00eetre comme un temps de pause pour les adultes, il est central dans l\u2019exp\u00e9rience quotidienne des enfants. Alors, nous encourageons les adultes \u00e0 <strong>passer d\u2019un r\u00f4le de surveillant\u00b7es \u00e0 celui de partenaire et d\u2019\u00e9ducateur\u00b7ice actif\u00b7ve.<\/strong> Par ailleurs, les <strong>interventions des adultes peuvent s\u2019av\u00e9rer favorable \u00e0 l\u2019entre-enfants<sup>4<\/sup>&nbsp;et \u00e0 la r\u00e9duction des violences et des in\u00e9galit\u00e9s \u2013 en termes d\u2019\u00e2ge et de genre.<\/strong> <\/p>\n\n\n\n<p><strong>Si le jeu libre a re\u00e7u nombre de louanges et d\u2019appr\u00e9ciations positives de la part des adultes et des professionnel\u00b7les \u2013 dont certaines sont bien r\u00e9elles, il est aussi la voie royale aux st\u00e9r\u00e9otypes. <\/strong>En effet, dans le cadre du jeu libre, les enfants ne construisent pas leurs univers ludiques \u00e0 partir de rien&nbsp;; <strong>elles et ils s\u2019inspirent de ce qu\u2019ils observent et ce qu\u2019ils connaissent.<\/strong> Les st\u00e9r\u00e9otypes de genre, en tant que sch\u00e9mas pr\u00e9existants et collectivement partag\u00e9s, <strong>sont pr\u00e9sents d\u00e8s le plus jeune \u00e2ge des enfants (2-3 ans).<\/strong> Ils vont donc s\u2019en servir dans de nouvelles situations. Les <strong>laisser librement construire les jeux, c\u2019est \u00e9galement tracer une voie bien confortable \u00e0 la transmission, au d\u00e9veloppement et au renforcement des st\u00e9r\u00e9otypes de genre \u2013 et aux in\u00e9galit\u00e9s qui en d\u00e9coulent.&nbsp;<\/strong><\/p>\n\n\n\n<p><strong>Accompagner la d\u00e9couverte des espaces et des activit\u00e9s <\/strong>peut se faire de diff\u00e9rentes mani\u00e8res. Les caisses de jeux peuvent \u00eatre des ressources int\u00e9ressantes \u00e0 d\u00e9velopper dans chaque \u00e9tablissement. Elles peuvent \u00eatre agr\u00e9ment\u00e9es de fiches de jeux, d\u2019\u00e9chasses, de quilles, de balles et ballons divers et vari\u00e9s, de jeux de constructions ext\u00e9rieurs ou de jeux de raquettes par exemple. <strong>L\u2019objectif est ici d\u2019accompagner les enfants \u00e0 (r\u00e9)investir des activit\u00e9s et ouvrir le terrain central \u00e0 de nouvelles d\u00e9couvertes.<\/strong>&nbsp;<br><br><\/p>\n\n\n\n<h2 class=\"wp-block-heading\">3. Offrir une diversit\u00e9 de sous-espaces&nbsp;<\/h2>\n\n\n\n<p><strong>Les enfants s\u2019approprient activement l\u2019espace qui leur est propos\u00e9. En revanche, sa structure favorise certaines activit\u00e9s au d\u00e9triment d\u2019autres et cr\u00e9e des univers symboliques diff\u00e9rents.<\/strong> Certaines pratiques permettent de r\u00e9duire les in\u00e9galit\u00e9s de genre et de favoriser des espaces plus \u00e9galitaires pour toustes.&nbsp;<br><\/p>\n\n\n\n<h4 class=\"wp-block-heading\"><em><strong>Une diversit\u00e9 de surfaces, de tailles et formes diff\u00e9rentes<\/strong><\/em><\/h4>\n\n\n\n<p><strong>La <span style=\"text-decoration: underline\">diversit\u00e9<\/span> de surfaces est primordiale<sup>3<\/sup><\/strong>&nbsp;; elle passe par la taille et la forme des espaces, et le m\u00e9lange entre les petits espaces isol\u00e9s et les espaces plus grands. Les espaces plus petits sont particuli\u00e8rement appr\u00e9ci\u00e9s car ils permettent de r\u00e9duire les influences externes.&nbsp;<\/p>\n\n\n\n<p>En ce sens, le jeu, les interactions dynamiques, la motricit\u00e9 et la circulation dans l\u2019espace sont autant \u00e0 valoriser que les endroits de calme, d\u2019\u00e9changes et de repos. Ces espaces permettent \u00e0 la fois de courir, sauter, grimper sur diff\u00e9rentes distances et hauteurs. Ils encouragent \u00e9galement la mobilit\u00e9 des enfants et pr\u00e9viennent diff\u00e9rentes probl\u00e9matiques de sant\u00e9. La litt\u00e9rature montre que cette diversit\u00e9 des espaces engendrera une&nbsp;<strong>diversit\u00e9 des activit\u00e9s<\/strong>, qui sera toujours pr\u00e9f\u00e9rable \u00e0 un espace central \u00e9ternellement occup\u00e9 par le foot. La litt\u00e9rature montre que les pr\u00e9aux avec&nbsp;<strong>dix espaces distincts<\/strong>&nbsp;favorisent la mobilit\u00e9 des filles et des gar\u00e7ons, quels que soient leur \u00e2ge<sup>4<\/sup>.<br><\/p>\n\n\n\n<h4 class=\"wp-block-heading\"><strong><em>Diff\u00e9rents rev\u00eatements et am\u00e9nagements<\/em><\/strong><\/h4>\n\n\n\n<p>Les&nbsp;<strong>mat\u00e9riaux de rev\u00eatements et les \u00e9quipements<\/strong>&nbsp;sont \u00e9galement tr\u00e8s importants&nbsp;\u2013 et les enfants y sont tr\u00e8s sensibles. Par exemple dans <em>Pousses Urbaines,<\/em> ils et elles ont demand\u00e9 \u00e0 plusieurs reprises \u00e0 avoir un terrain de jeu synth\u00e9tique pour \u00e9viter de se blesser, \u00e0 \u00e9viter le gravier qui provoque trop de blessures en cas de chutes, ou encore \u00e0 installer des bancs et des tables pour qu\u2019elles et ils puissent prendre leur go\u00fbter dans de bonnes conditions \u2013 et non sur les racines des arbres qui \u00ab&nbsp;font mal aux fesses&nbsp;\u00bb. D\u2019autres recherches<sup>5<\/sup> ont \u00e9galement soulev\u00e9 l\u2019importance<strong> d\u2019un mobiliser modulable permettant aux enfants de s\u2019asseoir, s\u2019isoler, sauter et escalader, ou lier et surplomber.&nbsp;&nbsp;<\/strong><br><\/p>\n\n\n\n<h4 class=\"wp-block-heading\"><strong><em>S\u00e9parer les espaces<\/em><\/strong><\/h4>\n\n\n\n<p>Par ailleurs, la litt\u00e9rature<sup>5<\/sup>&nbsp;et les t\u00e9moignages des enfants sugg\u00e8rent de proposer des espaces de&nbsp;<strong>jeux physiquement s\u00e9par\u00e9s<\/strong>, clairement <strong>d\u00e9limit\u00e9s<\/strong>. Il s\u2019agit de privil\u00e9gier les marquages au sol, des couleurs au sol sur tout l\u2019espace (\u00e9viter les simples lignes), les rondins de bois en guise de d\u00e9limitation ou \u00e9ventuellement des barri\u00e8res. <strong>Cette d\u00e9limitation plus claire des espaces contribue \u00e9galement \u00e0 r\u00e9duire le niveau sonore du pr\u00e9au et l\u2019anxi\u00e9t\u00e9 des \u00e9l\u00e8ves<sup>5<\/sup>.<\/strong><br><\/p>\n\n\n\n<h4 class=\"wp-block-heading\"><strong><em>Plus de v\u00e9g\u00e9tation et d&rsquo;espaces verts <\/em><\/strong><\/h4>\n\n\n\n<p>Finalement, les&nbsp;<strong>zones vertes<\/strong>&nbsp;\u2013 non sp\u00e9cifiques aux sports, sont essentielles et repr\u00e9sentent de vrais leviers pour r\u00e9duire les in\u00e9galit\u00e9s de genre. <strong>Les enfants appr\u00e9cient et investissent davantage une pelouse qui se pr\u00e9sente comme un parc, non-lin\u00e9aire, contenant des arbres, des buissons et des zones d\u2019ombre <\/strong>\u2013 des pr\u00e9f\u00e9rences \u00e9galement relev\u00e9es \u00e9galement chez les enfants lausannois. Ce type de parc est pr\u00e9f\u00e9rable \u00e0 une pelouse rectangulaire, construite pour le sport.&nbsp;<\/p>\n\n\n\n<p>Les enfants ont \u00e9galement t\u00e9moign\u00e9 dans <strong><em>Pousses Urbaines qu&rsquo;ils <\/em>appr\u00e9cient particuli\u00e8rement la diversit\u00e9 de la v\u00e9g\u00e9tation,<\/strong> \u00e0 la fois pour avoir un joli pr\u00e9au autant que pour s\u2019y cacher, y passer, cr\u00e9er des passages secrets ou des raccourcis.<\/p>\n\n\n\n<p><strong>En ce sens, une diversit\u00e9 de rev\u00eatements, de mobiliers, de textures et de couleurs doit \u00eatre le ma\u00eetre-mot. Elle permettra de susciter une multitude d\u2019activit\u00e9s et d\u2019interactions, et sollicitera les comp\u00e9tences de cr\u00e9ativit\u00e9 et d\u2019imagination chez les enfants qui devront alors apprendre \u00e0 s\u2019approprier ces espaces \u2013 plus petits, mais plus nombreux.&nbsp;<\/strong><br><br><\/p>\n\n\n\n<h2 class=\"wp-block-heading\">4. Se baser sur les expertises pr\u00e9c\u00e9demment d\u00e9velopp\u00e9es&nbsp;&nbsp;<\/h2>\n\n\n\n<p>De nombreuses recherches se sont pr\u00e9c\u00e9demment pench\u00e9es sur la question du genre dans les pr\u00e9aux et la mani\u00e8re d\u2019am\u00e9nager ceux-ci pour les rendre plus \u00e9galitaires. <strong>L\u2019exp\u00e9rience et l\u2019expertise ainsi d\u00e9velopp\u00e9es doivent \u00e9galement permettre aux \u00e9tablissements locaux de s\u2019appuyer sur ces pistes concr\u00e8tes et document\u00e9es par la litt\u00e9rature scientifique.&nbsp;<\/strong><\/p>\n\n\n\n<p>Une \u00e9tude a notamment montr\u00e9 que<strong> les facteurs les plus importants pour un pr\u00e9au \u00e9galitaire \u00e9taient les suivants&nbsp;: <\/strong>la vari\u00e9t\u00e9 des installations, l\u2019accessibilit\u00e9 du pr\u00e9au, la taille des espaces (petits de pr\u00e9f\u00e9rence), des espaces d\u00e9sign\u00e9s, des espaces verts, un marquage des aires de jeu (au sol, barri\u00e8res, poteaux, etc.), des installations de jeux actifs, des installations sportives, des caisses de jeux et des enceintes pour la musique.&nbsp;<\/p>\n\n\n\n<p>Les principales recommandations qui en d\u00e9coulent sont les suivantes<sup>3<\/sup>&nbsp;:<\/p>\n\n\n\n<ul class=\"wp-block-list\">\n<li><strong>Offrir une diversit\u00e9 d\u2019installations&nbsp;<\/strong>(voir ci-dessus)<\/li>\n<\/ul>\n\n\n\n<ul class=\"wp-block-list\">\n<li><strong>Privil\u00e9gier des installations qui encouragent les jeux non-comp\u00e9titifs et les jeux sociaux&nbsp;<\/strong> <br>A l\u2019image des espaces, de la v\u00e9g\u00e9tation et des rev\u00eatements, la diversit\u00e9 des installations est essentielle. En ce sens, les <strong>trampolines, les parcours d\u2019obstacles, les espaces de danse et les installations de gymnastiques peuvent favoriser les jeux non-comp\u00e9titifs et prosociaux.<\/strong> Les <strong>activit\u00e9s de grimpe <\/strong>sur des surfaces stables et instables sont appr\u00e9ci\u00e9es des \u00e9l\u00e8ves et particuli\u00e8rement des filles. Elles pr\u00e9f\u00e8rent ces activit\u00e9s qui diff\u00e8rent des installations sportives communes dans les pr\u00e9aux. Ces am\u00e9nagements favorisent la mobilit\u00e9 des \u00e9l\u00e8ves, leur cr\u00e9ativit\u00e9 et imagination, ainsi que les jeux collaboratifs. Ils encouragent \u00e9galement le d\u00e9veloppement de l\u2019enfant, la coh\u00e9sion sociale et le sentiment d\u2019appartenance, et permettent de r\u00e9duire les \u00e9v\u00e9nements d\u2019intimidation ou de harc\u00e8lement.&nbsp;<\/li>\n<\/ul>\n\n\n\n<ul class=\"wp-block-list\">\n<li><strong>D\u00e9velopper des espaces avec des mat\u00e9riaux naturels<\/strong> <br>Les enfants y sont plus <strong>actifs et cr\u00e9atifs.<\/strong> Il peut s\u2019agir de copeaux de bois, de souches, de roches, de petits monticules ou de rondins. Au contraire, <strong>l\u2019asphalte ou des terrains de jeux traditionnels favorisent l\u2019ennui, l\u2019agressivit\u00e9 et les jeux comp\u00e9titifs.&nbsp;<\/strong><\/li>\n<\/ul>\n\n\n\n<ul class=\"wp-block-list\">\n<li><strong>Offrir une diversit\u00e9 d\u2019\u00e9quipements de jeu<\/strong> <br>Les cordes \u00e0 sauter, les <strong>balles, jeux de raquettes et craies permettent aux filles de s\u2019approprier l\u2019espace et de le marquer. <\/strong>Elles appr\u00e9cient particuli\u00e8rement la v<strong>ariation des activit\u00e9s et des \u00e9quipements propos\u00e9s<\/strong>. Il en est de m\u00eame pour les \u00e9quipements fixes. Ensemble, ils contribuent \u00e0 favoriser l\u2019activit\u00e9 des filles et des gar\u00e7ons, <strong>quelles que soient les tranches d\u2019\u00e2ge et&nbsp;augmente la sociabilit\u00e9 entre enfants<\/strong>. L\u2019int\u00e9r\u00eat principal de ces jeux est qu\u2019ils conviennent mieux aux filles, sans d\u00e9favoriser les gar\u00e7ons<sup>3<\/sup>.&nbsp;<\/li>\n<\/ul>\n\n\n\n<ul class=\"wp-block-list\">\n<li><strong>Permettre et favoriser l\u2019utilisation de la musique&nbsp;<\/strong><br>La musique permet d\u2019encourager certaines activit\u00e9s dans le pr\u00e9au et de cr\u00e9er une atmosph\u00e8re agr\u00e9able. Elle permet de r\u00e9duire les perturbations externes des autres enfants et du bruit.&nbsp;<\/li>\n<\/ul>\n\n\n\n<ul class=\"wp-block-list\">\n<li><strong>Pour les filles plus \u00e2g\u00e9es&nbsp;: placer les installations pr\u00e8s des points d\u2019entr\u00e9e et de sortie des b\u00e2timents scolaires&nbsp;<\/strong><br><br><\/li>\n<\/ul>\n\n\n\n<h2 class=\"wp-block-heading\">5. Commencer tout projet par une d\u00e9marche participative&nbsp;<\/h2>\n\n\n\n<p>Cette observation \u00e9merge \u00e0 la fois des recherches men\u00e9es dans le cadre de&nbsp;<em>Pr\u00e9aux en tous genres&nbsp;<\/em>et des ateliers de&nbsp;<em>Pousses Urbaines,&nbsp;<\/em>avec les enfants et les adultes. Entamer une d\u00e9marche participative, c\u2019est <strong>travailler avec une diversit\u00e9 d\u2019actrices et acteurs concern\u00e9\u00b7es et engag\u00e9\u00b7es dans les pr\u00e9aux, selon leur activit\u00e9, leur \u00e2ge, leur lieu d\u2019habitation ou leur fonction sociale.&nbsp;Il s&rsquo;agit \u00e9galement de rassembler les personnes qui ont une expertise de cet espace, par leur exp\u00e9rience quotidienne. <\/strong><\/p>\n\n\n\n<p><strong>En somme, la participation ne se cantonne pas \u00e0 la consultation. Elle vise \u00e0 travailler sur trois axes&nbsp;compl\u00e9mentaires mais n\u00e9anmoins essentiels :&nbsp;<em>prendre part,<\/em>&nbsp;<em>recevoir une part<\/em>&nbsp;(b\u00e9n\u00e9ficier) et&nbsp;<em>apporter une part&nbsp;<\/em>(contribuer)<\/strong><sup>6<\/sup>. En ayant en t\u00eate une d\u00e9marche participative sur le long terme pour l\u2019am\u00e9nagement et\/ou r\u00e9am\u00e9nagement des pr\u00e9aux, cette conception de la participation en trois \u00e9tapes devient alors plus ais\u00e9e \u00e0 mettre en place.&nbsp;<\/p>\n\n\n\n<p><strong>De plus, la d\u00e9marche de participation doit s\u2019accompagner d\u2019une observation fine de l\u2019appropriation de l\u2019espace actuel, des utilisations et des d\u00e9tournements qui en sont faits par les enfants. <\/strong>En effet, les pratiques sociales sont profond\u00e9ment incorpor\u00e9es et ne peuvent p<strong>as toujours faire l\u2019objet d\u2019une verbalisation claire et explicite. <\/strong>De plus, comme mentionn\u00e9 plus haut, les acteur\u00b7ices ne sont pas toujours conscient\u00b7es des effets de genre qu\u2019ils produisent, reproduisent et parfois amplifient. Une observation fine et rigoureuse participe alors \u00e0 ce biais et permet de visibiliser davantage la diversit\u00e9 des pratiques sociales du pr\u00e9au et les in\u00e9galit\u00e9s qui y prennent place.&nbsp;<\/p>\n\n\n\n<p>Finalement, il faudrait veiller \u00e0 consulter une population repr\u00e9sentative des usager\u00b7\u00e8res de pr\u00e9aux&nbsp;:&nbsp;<\/p>\n\n\n\n<ul class=\"wp-block-list\">\n<li><strong>Les enfants&nbsp;:<\/strong>&nbsp;des filles et des gar\u00e7ons, de diff\u00e9rentes tranches d\u2019\u00e2ge \u2013 y compris pr\u00e9scolaires, avec diff\u00e9rentes origines sociales et culturelles<\/li>\n\n\n\n<li><strong>Les jeunes&nbsp;:<\/strong>&nbsp;des filles et des gar\u00e7ons, de diff\u00e9rentes tranches d\u2019\u00e2ge, de l\u2019\u00e9tablissement&nbsp;et\/ou&nbsp;du quartier, avec diff\u00e9rentes origines sociales et culturelles<\/li>\n\n\n\n<li><strong>Les parents&nbsp;:<\/strong>&nbsp;des m\u00e8res et des p\u00e8res, avec diff\u00e9rentes origines sociales et culturelles<\/li>\n\n\n\n<li><strong>Les professionnel\u00b7les&nbsp;:<\/strong>&nbsp;des enseignant\u00b7es et doyen\u00b7nes- de diff\u00e9rents degr\u00e9s scolaires, les directions d\u2019\u00e9tablissement, les \u00e9ducateur\u00b7ices et directions d\u2019APEMS, les \u00e9quipes professionnelles du parascolaire, les \u00e9ducateur\u00b7ices de cr\u00e8ches, les \u00e9quipes des devoirs accompagn\u00e9s (DAC), les \u00e9quipes des maisons de quartier, les \u00e9quipes de conciergerie avec les \u00e9quipes de nettoyage.&nbsp;<\/li>\n\n\n\n<li><strong>Les habitant\u00b7es du quartier&nbsp;:<\/strong>&nbsp;de diff\u00e9rentes tranches d\u2019\u00e2ges, avec diff\u00e9rentes origines sociales et culturelles, qui ont diff\u00e9rentes utilisations du pr\u00e9au&nbsp;<\/li>\n\n\n\n<li>Les potentielles&nbsp;<strong>associations<\/strong>&nbsp;et&nbsp;<strong>organisations<\/strong>&nbsp;qui utilisent le pr\u00e9au&nbsp;<\/li>\n\n\n\n<li>Les&nbsp;<strong>services administratifs<\/strong>&nbsp;intervenant dans les pr\u00e9aux&nbsp;: SEP, SPADOM, responsables techniques du SEP<br><br><\/li>\n<\/ul>\n\n\n\n<div class=\"wp-block-columns is-layout-flex wp-container-core-columns-is-layout-9d6595d7 wp-block-columns-is-layout-flex\">\n<div class=\"wp-block-column is-layout-flow wp-block-column-is-layout-flow\">\n<div class=\"wp-block-buttons is-layout-flex wp-block-buttons-is-layout-flex\">\n<div class=\"wp-block-button has-custom-font-size has-large-font-size\"><a class=\"wp-block-button__link wp-element-button\" href=\"https:\/\/wp.unil.ch\/preauxentousgenres\/observations-et-considerations-generales\/\">Aller vers les r\u00e9sultats et oberservations<\/a><\/div>\n<\/div>\n<\/div>\n\n\n\n<div class=\"wp-block-column is-layout-flow wp-block-column-is-layout-flow\"><\/div>\n\n\n\n<div class=\"wp-block-column is-layout-flow wp-block-column-is-layout-flow\"><\/div>\n<\/div>\n\n\n\n<h2 class=\"wp-block-heading\"><br><br>R\u00e9f\u00e9rences bibliographiques<\/h2>\n\n\n\n<p><sup>1<\/sup>Duru-Bellat, M. (2017).&nbsp;<em>La tyrannie du genre<\/em>. Presses de Sciences Po.<\/p>\n\n\n\n<p><sup>2<\/sup>RTS, 5 octobre 2021, \u00ab&nbsp;Yverdon les bain r\u00e9am\u00e9nage les pr\u00e9aux de ses \u00e9coles pour gommer le genre&nbsp;\u00bb.&nbsp;<\/p>\n\n\n\n<p><sup>3<\/sup>Pawlowski, C. S., Veitch, J., Andersen, H. B., &amp; Ridgers, N. D. (2019). Designing activating schoolyards: seen from the girls\u2019 viewpoint.&nbsp;<em>International journal of environmental research and public health<\/em>,&nbsp;<em>16<\/em>(19), 3508, p.10.<\/p>\n\n\n\n<p><sup>4<\/sup>Christiansen, L.B.; Toftager, M.; Pawlowski, C.S.; Andersen, H.B.; Ersboll, A.K.; Troelsen, J. Schoolyard upgrade in a randomized controlled study design\u2014How are school interventions associated with adolescents\u2019&nbsp;<\/p>\n\n\n\n<p><sup>5<\/sup>Raney, M. A., Daniel, E., &amp; Jack, N. (2023). Impact of urban schoolyard play zone diversity and nature-based design features on unstructured recess play behaviors.&nbsp;<em>Landscape and Urban Planning<\/em>,&nbsp;<em>230<\/em>, 104632.<\/p>\n\n\n\n<p><sup>6<\/sup>Zask, J. (2011). Participer.&nbsp;<em>Essai sur les formes d\u00e9mocratiques de la participation. Lormont: Le Bord de l\u2019eau<\/em>.<\/p>\n","protected":false},"excerpt":{"rendered":"<p>Les pistes d\u2019action et de r\u00e9flexion pr\u00e9sent\u00e9es ici sont \u00e0 la fois issues d\u2019observations et d\u2019analyses r\u00e9alis\u00e9es au cours des recherches de&nbsp;Pr\u00e9aux en tous genres&nbsp;et des ateliers de&nbsp;Pousses&hellip;<\/p>\n","protected":false},"author":1002255,"featured_media":0,"parent":0,"menu_order":0,"comment_status":"closed","ping_status":"closed","template":"template-full-width-cover.php","meta":{"_seopress_robots_primary_cat":"","_seopress_titles_title":"","_seopress_titles_desc":"","_seopress_robots_index":"","footnotes":""},"class_list":["post-556","page","type-page","status-publish","has-post-thumbnail"],"_links":{"self":[{"href":"https:\/\/wp.unil.ch\/preauxentousgenres\/wp-json\/wp\/v2\/pages\/556","targetHints":{"allow":["GET"]}}],"collection":[{"href":"https:\/\/wp.unil.ch\/preauxentousgenres\/wp-json\/wp\/v2\/pages"}],"about":[{"href":"https:\/\/wp.unil.ch\/preauxentousgenres\/wp-json\/wp\/v2\/types\/page"}],"author":[{"embeddable":true,"href":"https:\/\/wp.unil.ch\/preauxentousgenres\/wp-json\/wp\/v2\/users\/1002255"}],"replies":[{"embeddable":true,"href":"https:\/\/wp.unil.ch\/preauxentousgenres\/wp-json\/wp\/v2\/comments?post=556"}],"version-history":[{"count":0,"href":"https:\/\/wp.unil.ch\/preauxentousgenres\/wp-json\/wp\/v2\/pages\/556\/revisions"}],"wp:attachment":[{"href":"https:\/\/wp.unil.ch\/preauxentousgenres\/wp-json\/wp\/v2\/media?parent=556"}],"curies":[{"name":"wp","href":"https:\/\/api.w.org\/{rel}","templated":true}]}}