{"id":425,"date":"2022-12-10T16:29:16","date_gmt":"2022-12-10T15:29:16","guid":{"rendered":"https:\/\/wp.unil.ch\/preauxentousgenres\/?page_id=425"},"modified":"2022-12-12T08:34:38","modified_gmt":"2022-12-12T07:34:38","slug":"videos-de-presentation","status":"publish","type":"page","link":"https:\/\/wp.unil.ch\/preauxentousgenres\/videos-de-presentation\/","title":{"rendered":"Vid\u00e9os de pr\u00e9sentation"},"content":{"rendered":"\n<p>Avec ces <strong>cinq vid\u00e9os<\/strong>, vous trouverez ici une restitution de la d\u00e9marche de <em>Pousses Urbaines<\/em> au sujet des pr\u00e9aux \u00e0 Lausanne. <\/p>\n\n\n\n<p>Bon visionnage ! <\/p>\n\n\n\n<p><\/p>\n\n\n\n<p><\/p>\n\n\n\n<div class=\"wp-block-columns is-layout-flex wp-container-core-columns-is-layout-9d6595d7 wp-block-columns-is-layout-flex\">\n<div class=\"wp-block-column is-layout-flow wp-block-column-is-layout-flow\">\n<h3 class=\"wp-block-heading\">Une politique des pr\u00e9aux \u00e0 Lausanne<\/h3>\n\n\n\n<p>Avec <strong>David Payot<\/strong>, Conseiller municipal en charge de la Direction Enfance, jeunesse et quartiers, Ville de Lausanne<\/p>\n\n\n\n<p>Et <strong>Barbara de Kerchove<\/strong>, cheffe du Service des \u00e9coles et du parascolaire (SEP)<br><\/p>\n\n\n\n<figure class=\"wp-block-embed aligncenter is-type-video is-provider-vimeo wp-block-embed-vimeo wp-embed-aspect-9-16 wp-has-aspect-ratio\"><div class=\"wp-block-embed__wrapper\">\n<iframe loading=\"lazy\" title=\"Politique des pr\u00e9aux\" src=\"https:\/\/player.vimeo.com\/video\/778160874?h=972a590890&amp;dnt=1&amp;app_id=122963\" width=\"489\" height=\"870\" frameborder=\"0\" allow=\"autoplay; fullscreen; picture-in-picture; clipboard-write\"><\/iframe>\n<\/div><\/figure>\n\n\n\n<p><\/p>\n<\/div>\n\n\n\n<div class=\"wp-block-column is-layout-flow wp-block-column-is-layout-flow\">\n<h3 class=\"wp-block-heading\">Des espaces plus \u00e9galitaires : <em>Pr\u00e9aux en tous genres<\/em><\/h3>\n\n\n\n<p>Avec <strong>Cl\u00e9olia Sabot<\/strong>, Doctorante UNIL et co-responsable de <em>Pr\u00e9aux en tous genres<\/em><br><br><br><br><\/p>\n\n\n\n<figure class=\"wp-block-embed aligncenter is-type-video is-provider-vimeo wp-block-embed-vimeo wp-embed-aspect-9-16 wp-has-aspect-ratio\"><div class=\"wp-block-embed__wrapper\">\n<iframe loading=\"lazy\" title=\"DES ESPACES PLUS \u00c9GALITAIRES\" src=\"https:\/\/player.vimeo.com\/video\/778164843?h=3f16717302&amp;dnt=1&amp;app_id=122963\" width=\"489\" height=\"870\" frameborder=\"0\" allow=\"autoplay; fullscreen; picture-in-picture; clipboard-write\"><\/iframe>\n<\/div><\/figure>\n<\/div>\n<\/div>\n\n\n\n<div class=\"wp-block-columns is-layout-flex wp-container-core-columns-is-layout-9d6595d7 wp-block-columns-is-layout-flex\">\n<div class=\"wp-block-column is-layout-flow wp-block-column-is-layout-flow\">\n<h3 class=\"wp-block-heading\">1. Des r\u00e8gles d&rsquo;usage multiples<\/h3>\n\n\n\n<p>Avec <strong>Katell Mall\u00e9dan<\/strong>, architecte et urbaniste, coordinatrice de <em>Ville en t\u00eate<\/em><\/p>\n\n\n\n<figure class=\"wp-block-embed is-type-video is-provider-vimeo wp-block-embed-vimeo wp-embed-aspect-9-16 wp-has-aspect-ratio\"><div class=\"wp-block-embed__wrapper\">\n<iframe loading=\"lazy\" title=\"DES R\u00c8GLES D&#039;USAGES MULTIPLES\" src=\"https:\/\/player.vimeo.com\/video\/778164566?h=6fe34b7141&amp;dnt=1&amp;app_id=122963\" width=\"489\" height=\"870\" frameborder=\"0\" allow=\"autoplay; fullscreen; picture-in-picture; clipboard-write\"><\/iframe>\n<\/div><\/figure>\n<\/div>\n\n\n\n<div class=\"wp-block-column is-layout-flow wp-block-column-is-layout-flow\">\n<h3 class=\"wp-block-heading\">2. Espaces publics \u00e0 priorit\u00e9 enfants<\/h3>\n\n\n\n<p>Avec <strong>Katell Mall\u00e9dan<\/strong>, architecte et urbaniste, coordinatrice de <em>Ville en t\u00eate<\/em><\/p>\n\n\n\n<figure class=\"wp-block-embed is-type-video is-provider-vimeo wp-block-embed-vimeo wp-embed-aspect-9-16 wp-has-aspect-ratio\"><div class=\"wp-block-embed__wrapper\">\n<iframe loading=\"lazy\" title=\"ESPACES PUBLICS \u00c0 PRIORIT\u00c9 ENFANTS\" src=\"https:\/\/player.vimeo.com\/video\/778164645?h=152f39b206&amp;dnt=1&amp;app_id=122963\" width=\"489\" height=\"870\" frameborder=\"0\" allow=\"autoplay; fullscreen; picture-in-picture; clipboard-write\"><\/iframe>\n<\/div><\/figure>\n<\/div>\n\n\n\n<div class=\"wp-block-column is-layout-flow wp-block-column-is-layout-flow\">\n<h3 class=\"wp-block-heading\">3. Statut des pr\u00e9aux et r\u00e8gles d&rsquo;usages<\/h3>\n\n\n\n<p>Avec <strong>Katell Mall\u00e9dan<\/strong>, architecte et urbaniste, coordinatrice de <em>Ville en t\u00eate<\/em><\/p>\n\n\n\n<figure class=\"wp-block-embed is-type-video is-provider-vimeo wp-block-embed-vimeo wp-embed-aspect-9-16 wp-has-aspect-ratio\"><div class=\"wp-block-embed__wrapper\">\n<iframe loading=\"lazy\" title=\"STATUT DES PR\u00c9AUX\" src=\"https:\/\/player.vimeo.com\/video\/778164756?h=c97fa58969&amp;dnt=1&amp;app_id=122963\" width=\"489\" height=\"870\" frameborder=\"0\" allow=\"autoplay; fullscreen; picture-in-picture; clipboard-write\"><\/iframe>\n<\/div><\/figure>\n<\/div>\n<\/div>\n","protected":false},"excerpt":{"rendered":"<p>Avec ces cinq vid\u00e9os, vous trouverez ici une restitution de la d\u00e9marche de Pousses Urbaines au sujet des pr\u00e9aux \u00e0 Lausanne. Bon visionnage ! Une politique des pr\u00e9aux&hellip;<\/p>\n","protected":false},"author":1002255,"featured_media":0,"parent":0,"menu_order":0,"comment_status":"closed","ping_status":"closed","template":"template-full-width-cover.php","meta":{"_seopress_robots_primary_cat":"","_seopress_titles_title":"","_seopress_titles_desc":"","_seopress_robots_index":"","footnotes":""},"class_list":["post-425","page","type-page","status-publish","has-post-thumbnail"],"_links":{"self":[{"href":"https:\/\/wp.unil.ch\/preauxentousgenres\/wp-json\/wp\/v2\/pages\/425","targetHints":{"allow":["GET"]}}],"collection":[{"href":"https:\/\/wp.unil.ch\/preauxentousgenres\/wp-json\/wp\/v2\/pages"}],"about":[{"href":"https:\/\/wp.unil.ch\/preauxentousgenres\/wp-json\/wp\/v2\/types\/page"}],"author":[{"embeddable":true,"href":"https:\/\/wp.unil.ch\/preauxentousgenres\/wp-json\/wp\/v2\/users\/1002255"}],"replies":[{"embeddable":true,"href":"https:\/\/wp.unil.ch\/preauxentousgenres\/wp-json\/wp\/v2\/comments?post=425"}],"version-history":[{"count":0,"href":"https:\/\/wp.unil.ch\/preauxentousgenres\/wp-json\/wp\/v2\/pages\/425\/revisions"}],"wp:attachment":[{"href":"https:\/\/wp.unil.ch\/preauxentousgenres\/wp-json\/wp\/v2\/media?parent=425"}],"curies":[{"name":"wp","href":"https:\/\/api.w.org\/{rel}","templated":true}]}}