{"id":416,"date":"2022-12-10T16:21:50","date_gmt":"2022-12-10T15:21:50","guid":{"rendered":"https:\/\/wp.unil.ch\/preauxentousgenres\/?page_id=416"},"modified":"2023-02-10T15:10:40","modified_gmt":"2023-02-10T14:10:40","slug":"pousses-urbaines-les-preaux-a-lausanne","status":"publish","type":"page","link":"https:\/\/wp.unil.ch\/preauxentousgenres\/pousses-urbaines-les-preaux-a-lausanne\/","title":{"rendered":"Pousses Urbaines 2022 : Les pr\u00e9aux \u00e0 Lausanne"},"content":{"rendered":"\n<h2 class=\"wp-block-heading\">Une Ville et de multiples exp\u00e9riences, apprentissages et rencontres <\/h2>\n\n\n\n<p><em><a href=\"https:\/\/www.pousses-urbaines.ch\">Pousses Urbaines<\/a><\/em> a pour objectif de <strong>documenter les r\u00e9alit\u00e9s et exp\u00e9riences des enfants en Ville de Lausanne<\/strong>, pour les <strong>visibiliser<\/strong> aupr\u00e8s du grand public et des repr\u00e9sentant\u00b7es politiques. Cette d\u00e9marche permet \u00e9galement de pr\u00e9senter la <strong>diversit\u00e9<\/strong> de leurs exp\u00e9riences, en fonction de leur <strong>\u00e2ge, leur origine sociale ou le quartier dans lequel elles et ils habitent. <\/strong><br><br><\/p>\n\n\n\n<h2 class=\"wp-block-heading\"><em>Pr\u00e9aux en tous genres<\/em>  x  <em>Pousses Urbaines <\/em><\/h2>\n\n\n\n<p><em>Pr\u00e9aux en tous genres<\/em> a \u00e9t\u00e9 \u00e9labor\u00e9 dans le prolongement d\u2019une d\u00e9marche d\u00e9j\u00e0 initi\u00e9e par Pousses Urbaines, qui pr\u00e9voyait de documenter les <strong>usages des cours d\u2019\u00e9cole dans le cadre scolaire et leurs potentiels en tant qu\u2019espaces publics de quartier. <\/strong>En effet, les pr\u00e9aux doivent r\u00e9pondre, selon diff\u00e9rents moments de la journ\u00e9e, de la semaine ou de l\u2019ann\u00e9e, <strong>\u00e0 des logiques et des besoins scolaires et parascolaires, mais \u00e9galement extrascolaires.<\/strong> Les r\u00e9glementations en vigueur d\u00e9montrent le flou actuel dans la d\u00e9finition de ces espaces. <\/p>\n\n\n\n<div class=\"wp-block-columns is-layout-flex wp-container-core-columns-is-layout-9d6595d7 wp-block-columns-is-layout-flex\">\n<div class=\"wp-block-column is-layout-flow wp-block-column-is-layout-flow\">\n<div class=\"wp-block-buttons is-layout-flex wp-block-buttons-is-layout-flex\">\n<div class=\"wp-block-button has-custom-width wp-block-button__width-100 has-custom-font-size has-large-font-size\"><a class=\"wp-block-button__link wp-element-button\" href=\"https:\/\/wp.unil.ch\/preauxentousgenres\/observations-et-recommandations-de-pousses-urbaines\/\"><strong>Observations<\/strong> et recommandations de <em>Pousses Urbaines<\/em><\/a><\/div>\n<\/div>\n<\/div>\n\n\n\n<div class=\"wp-block-column is-layout-flow wp-block-column-is-layout-flow\">\n<div class=\"wp-block-buttons is-layout-flex wp-block-buttons-is-layout-flex\">\n<div class=\"wp-block-button has-custom-width wp-block-button__width-100 has-custom-font-size has-large-font-size\"><a class=\"wp-block-button__link wp-element-button\" href=\"https:\/\/wp.unil.ch\/preauxentousgenres\/videos-de-presentation\/\"><strong>Vid\u00e9os<\/strong> de pr\u00e9sentation : les pr\u00e9aux \u00e0 Lausanne<\/a><\/div>\n<\/div>\n<\/div>\n<\/div>\n","protected":false},"excerpt":{"rendered":"<p>Une Ville et de multiples exp\u00e9riences, apprentissages et rencontres Pousses Urbaines a pour objectif de documenter les r\u00e9alit\u00e9s et exp\u00e9riences des enfants en Ville de Lausanne, pour les&hellip;<\/p>\n","protected":false},"author":1002255,"featured_media":432,"parent":0,"menu_order":0,"comment_status":"closed","ping_status":"closed","template":"template-full-width-cover.php","meta":{"_seopress_robots_primary_cat":"","_seopress_titles_title":"","_seopress_titles_desc":"","_seopress_robots_index":"","footnotes":""},"class_list":["post-416","page","type-page","status-publish","has-post-thumbnail"],"_links":{"self":[{"href":"https:\/\/wp.unil.ch\/preauxentousgenres\/wp-json\/wp\/v2\/pages\/416","targetHints":{"allow":["GET"]}}],"collection":[{"href":"https:\/\/wp.unil.ch\/preauxentousgenres\/wp-json\/wp\/v2\/pages"}],"about":[{"href":"https:\/\/wp.unil.ch\/preauxentousgenres\/wp-json\/wp\/v2\/types\/page"}],"author":[{"embeddable":true,"href":"https:\/\/wp.unil.ch\/preauxentousgenres\/wp-json\/wp\/v2\/users\/1002255"}],"replies":[{"embeddable":true,"href":"https:\/\/wp.unil.ch\/preauxentousgenres\/wp-json\/wp\/v2\/comments?post=416"}],"version-history":[{"count":0,"href":"https:\/\/wp.unil.ch\/preauxentousgenres\/wp-json\/wp\/v2\/pages\/416\/revisions"}],"wp:featuredmedia":[{"embeddable":true,"href":"https:\/\/wp.unil.ch\/preauxentousgenres\/wp-json\/wp\/v2\/media\/432"}],"wp:attachment":[{"href":"https:\/\/wp.unil.ch\/preauxentousgenres\/wp-json\/wp\/v2\/media?parent=416"}],"curies":[{"name":"wp","href":"https:\/\/api.w.org\/{rel}","templated":true}]}}