{"id":382,"date":"2022-11-29T21:42:19","date_gmt":"2022-11-29T20:42:19","guid":{"rendered":"https:\/\/wp.unil.ch\/preauxentousgenres\/?page_id=382"},"modified":"2023-02-13T10:25:09","modified_gmt":"2023-02-13T09:25:09","slug":"une-approche-feministe-de-la-planification-des-preaux-comment-recreer-les-lieux-qui-nous-creent","status":"publish","type":"page","link":"https:\/\/wp.unil.ch\/preauxentousgenres\/une-approche-feministe-de-la-planification-des-preaux-comment-recreer-les-lieux-qui-nous-creent\/","title":{"rendered":"Investissement des pr\u00e9aux et masculinit\u00e9s ; du centre \u00e0 la marge"},"content":{"rendered":"\n<div class=\"wp-block-columns is-layout-flex wp-container-core-columns-is-layout-9d6595d7 wp-block-columns-is-layout-flex\">\n<div class=\"wp-block-column is-layout-flow wp-block-column-is-layout-flow\">\n<h3 class=\"wp-block-heading\">Par Maeva Yersin<\/h3>\n<\/div>\n\n\n\n<div class=\"wp-block-column is-layout-flow wp-block-column-is-layout-flow\">\n<div class=\"wp-block-file alignright\"><a href=\"https:\/\/wp.unil.ch\/preauxentousgenres\/files\/2023\/02\/PTG-Depliant4.pdf\" class=\"wp-block-file__button wp-element-button\" download>T\u00e9l\u00e9charger le d\u00e9pliant en PDF<\/a><\/div>\n<\/div>\n<\/div>\n\n\n\n<h2 class=\"wp-block-heading\">Pr\u00e9sentation de la recherche <\/h2>\n\n\n\n<p>Cette recherche porte sur l\u2019analyse des pr\u00e9aux, la structuration&nbsp;de leurs espaces et les pratiques qui y prennent place. En effet,&nbsp;le pr\u00e9au est un espace&nbsp;<strong>g\u00e9n\u00e9ralement planifi\u00e9 et construit par les adultes et l\u2019institution scolaire<\/strong>, comprenant notamment des&nbsp;<strong>am\u00e9nagements fixes&nbsp;<\/strong>\u2013 des points de d\u00e9part, pour des&nbsp;lieux sp\u00e9cifiques et identifi\u00e9s dans l\u2019espace. Les am\u00e9nagements fixes engendrent des&nbsp;<strong>comportements normatifs<\/strong><sup>1<\/sup>&nbsp;\u2013 on s\u2019attend&nbsp;\u00e0 certains comportements \u00e0 certains endroits. Les pr\u00e9aux sont \u00e9galement&nbsp;<strong>structur\u00e9s par lieux-cl\u00e9s<\/strong><sup>2,3<\/sup>. Ils sont centraux dans les exp\u00e9riences de l\u2019espace et ont une valeur particuli\u00e8rement&nbsp;importante pour les personnes et les groupes qui les utilisent.<\/p>\n\n\n\n<p>En retour,&nbsp;<strong>les jeunes et les enfants s\u2019approprient le pr\u00e9au<\/strong>, s\u2019y&nbsp;d\u00e9placent et leurs pratiques sont r\u00e9gul\u00e9es par ce m\u00eame espace. Les&nbsp;<strong>chor\u00e9graphies<\/strong><sup>4<\/sup>&nbsp;sont une m\u00e9taphore des pratiques spatiales,&nbsp;qui (re)construisent les in\u00e9galit\u00e9s de genre<sup>2,3<\/sup>. En effet, par&nbsp;<strong>nos corps, nos activit\u00e9s et nos d\u00e9placements, nous participons \u00e0 la cr\u00e9ation de diff\u00e9rentes identit\u00e9s et relations<\/strong>, notamment&nbsp;de genre. On peut y observer la construction de diff\u00e9rentes f\u00e9minit\u00e9s et masculinit\u00e9s. Elles sont construites en&nbsp;<strong>opposition&nbsp;<\/strong><em>\u2013 elles&nbsp;sont diff\u00e9rentes l\u2019une de l\u2019autre<\/em>, et sont&nbsp;<strong>hi\u00e9rarchis\u00e9es&nbsp;<\/strong>\u2013&nbsp;<em>socialement, la masculinit\u00e9 a plus de valeur que la f\u00e9minit\u00e9, en particulier la masculinit\u00e9 h\u00e9g\u00e9monique qui est \u00e9galement dominante face aux autres formes de masculinit\u00e9s<\/em>. Alors, on observe une&nbsp;<strong>domination de l\u2019espace par les chor\u00e9graphies&nbsp;<\/strong>de cette forme de masculinit\u00e9.<\/p>\n\n\n\n<p>Pour cette recherche, j\u2019ai rencontr\u00e9 cinq jeunes et r\u00e9alis\u00e9 des observations et divers types d\u2019entretiens.<\/p>\n\n\n\n<h2 class=\"wp-block-heading\">Question de recherche<\/h2>\n\n\n\n<p class=\"has-background\" style=\"background-color:#ffe3e3\"><strong><em>En quoi la performance de l\u2019identit\u00e9 de genre dans le pr\u00e9au r\u00e9v\u00e8le-t-elle des in\u00e9galit\u00e9s de genre ?<\/em><\/strong><\/p>\n\n\n\n<h2 class=\"wp-block-heading\">R\u00e9sultats <\/h2>\n\n\n\n<p>Deux lieux-cl\u00e9s ont \u00e9t\u00e9 identifi\u00e9s :&nbsp;<strong><em>Le Terrain&nbsp;<\/em><\/strong><strong>et&nbsp;<\/strong><strong><em>L\u2019Herbe<\/em><\/strong>. Ces lieux&nbsp;cl\u00e9s sont capitaux dans l\u2019exp\u00e9rience du pr\u00e9au. En effet, ils sont&nbsp;centraux dans les histoires des jeunes.<\/p>\n\n\n\n<p>Nous pouvons y observer deux&nbsp;<strong>principales formes de performances de genre ; \u00ab la baston \u00bb<sup>4<\/sup>&nbsp;et le foot<sup>6<\/sup><\/strong>. Ces expressions&nbsp;font \u00e9cho aux aspects de&nbsp;<strong>comp\u00e9titivit\u00e9 et de duret\u00e9<\/strong>, caract\u00e9ristiques de la masculinit\u00e9 h\u00e9g\u00e9monique<sup>7<\/sup>. Ces lieux-cl\u00e9s sont donc structur\u00e9s par des comportements et des interactions de la masculinit\u00e9 dominante. En l\u2019occurrence, ces espaces sont&nbsp;<strong>vastes et centraux alors que les espaces laiss\u00e9s aux \u00ab autres \u00bb sont marginaux et plus restreints<\/strong>.<\/p>\n\n\n\n<div class=\"wp-block-buttons is-content-justification-right is-layout-flex wp-container-core-buttons-is-layout-765c4724 wp-block-buttons-is-layout-flex\">\n<div class=\"wp-block-button has-custom-font-size has-small-font-size\"><a class=\"wp-block-button__link has-headings-background-color has-background wp-element-button\" href=\"https:\/\/wp.unil.ch\/preauxentousgenres\/regulation-des-pratiques-par-lespace-amenagements-fixes-et-lieux-cles\/\">Lire l&rsquo;article \u00ab\u00a0R\u00e9gulation des pratiques par l&rsquo;espace : am\u00e9nagements fixes et lieux cl\u00e9s\u00a0\u00bb<\/a><\/div>\n<\/div>\n\n\n\n<p><em>L\u2019Herbe&nbsp;<\/em>est au centre du pr\u00e9au ; elle devient une ar\u00e8ne de la&nbsp;<strong>surveillance<\/strong>. Visible de toutes et tous, elle permet un&nbsp;<strong>d\u00e9monstration de force et de pouvoir par la bagarre,&nbsp;<\/strong>et plus g\u00e9n\u00e9ralement des&nbsp;<strong>masculinit\u00e9s h\u00e9g\u00e9moniques.<\/strong><\/p>\n\n\n\n<p>C\u2019est un enjeu majeur des in\u00e9galit\u00e9s de genre. Pour autant, les espaces marginaux sont \u00e9galement empreints de relations de pouvoir (entre les \u00ab autres \u00bb gar\u00e7ons et les filles, par exemple).&nbsp;<strong>En somme, toutes et tous n\u2019ont pas acc\u00e8s de mani\u00e8re \u00e9gale aux espaces des pr\u00e9aux.<\/strong><\/p>\n\n\n\n<p><strong><em>Comment est-ce que les chor\u00e9graphies des jeunes (les pratiques spatiales des jeunes) sont-elles impact\u00e9es ?<\/em><\/strong><\/p>\n\n\n\n<div class=\"wp-block-buttons is-content-justification-right is-layout-flex wp-container-core-buttons-is-layout-765c4724 wp-block-buttons-is-layout-flex\">\n<div class=\"wp-block-button has-custom-font-size has-small-font-size\"><a class=\"wp-block-button__link wp-element-button\" href=\"https:\/\/wp.unil.ch\/preauxentousgenres\/la-performance-de-genre-par-et-dans-les-espaces\/\">Lire l&rsquo;article \u00ab\u00a0Performance de genre par et dans l&rsquo;espace\u00a0\u00bb<\/a><\/div>\n<\/div>\n\n\n\n<p>Les jeunes rencontr\u00e9\u00b7es se distancient tous\u00b7tes des performances de masculinit\u00e9s h\u00e9g\u00e9moniques. Elles et ils m\u2019ont confi\u00e9 que leur pratique de l\u2019espace visait notamment \u00e0 : <br><\/p>\n\n\n\n<p><span style=\"text-decoration: underline\">1. <strong>\u00c9viter les lieux-cl\u00e9s<sup>2<\/sup><\/strong><\/span><\/p>\n\n\n\n<ul class=\"wp-block-list\">\n<li>En \u00e9tant&nbsp;<strong>mobile&nbsp;<\/strong>ou en ne&nbsp;<strong>fr\u00e9quentant pas&nbsp;<\/strong>ces lieux,<\/li>\n\n\n\n<li>En s\u2019appropriant des&nbsp;<strong>lieux marginaux<\/strong>3, comme les bords du pr\u00e9au ou des endroits plus calmes,<\/li>\n\n\n\n<li>En occupant des&nbsp;<strong>lieux-cl\u00e9s institutionnels<\/strong><sup>2<\/sup>, proches du secr\u00e9tariat ou de la biblioth\u00e8que par exemple.<\/li>\n<\/ul>\n\n\n\n<p><\/p>\n\n\n\n<p><span style=\"text-decoration: underline\"><strong>2. Investir marginalement les lieux-cl\u00e9s<\/strong><\/span><strong>\u00a0<\/strong>pour tout de m\u00eame\u00a0<strong>y acc\u00e9der<\/strong> (jouer contre le mur du Terrain, sur la grille d\u2019a\u00e9ration sur L\u2019Herbe)<\/p>\n\n\n\n<div class=\"wp-block-buttons is-content-justification-right is-layout-flex wp-container-core-buttons-is-layout-765c4724 wp-block-buttons-is-layout-flex\">\n<div class=\"wp-block-button has-custom-font-size has-small-font-size\"><a class=\"wp-block-button__link wp-element-button\" href=\"https:\/\/wp.unil.ch\/preauxentousgenres\/connaitre-lespace-par-le-corps-choregraphies-et-inegalites-de-genre\/\"> Lire l&rsquo;article \u00ab\u00a0Conna\u00eetre l&rsquo;espace par le corps : chor\u00e9graphies et in\u00e9galit\u00e9s de genre\u00a0\u00bb<\/a><\/div>\n<\/div>\n\n\n\n<h2 class=\"wp-block-heading\">Pistes de r\u00e9flexion et d&rsquo;action <\/h2>\n\n\n\n<h4 class=\"wp-block-heading\">1. <strong>Continuer \u00e0 adopter une posture critique<\/strong><\/h4>\n\n\n\n<p>L\u2019espace du pr\u00e9au est fondamental dans l\u2019apprentissage de la pratique de l\u2019espace des jeunes et des enfants. Ils et elles sont les&nbsp;<strong>premier\u00b7i\u00e8res \u00e0 les pratiquer et en deviennent ainsi les expert\u00b7es.&nbsp;<\/strong>Par leurs pratiques spatiales et leurs chor\u00e9graphies, ils&nbsp;et elles participent \u00e0 la&nbsp;<strong>construction de leurs identit\u00e9s et incorporent les in\u00e9galit\u00e9s de genre.&nbsp;<\/strong>Il s\u2019agit de continuer \u00e0 probl\u00e9matiser les pr\u00e9aux comme des espaces qui peuvent&nbsp;<strong>accentuer les in\u00e9galit\u00e9s spatiales de genre \u2013 aupr\u00e8s des enseignant\u00b7es, des \u00e9l\u00e8ves, et des partenaires de l\u2019\u00e9cole.<\/strong><br><\/p>\n\n\n\n<h4 class=\"wp-block-heading\"><strong>2<\/strong>. <strong>R\u00e9aliser une planification sensible \u00e0 l\u2019inclusivit\u00e9 des identit\u00e9s de genres<\/strong><\/h4>\n\n\n\n<p>La&nbsp;<strong>planification porte aussi l\u2019empreinte du genre<\/strong>. Il existe un&nbsp;<strong>avantage masculin \u00e9vident dans les pratiques&nbsp;<\/strong>du pr\u00e9au. Le reconna\u00eetre et l\u2019int\u00e9grer aux nouvelles pratiques contribue \u00e0 la planification d\u2019un espace potentiellement&nbsp;<strong>moins genr\u00e9 et sensible \u00e0 la r\u00e9duction des in\u00e9galit\u00e9s de genre.<\/strong><\/p>\n\n\n\n<h4 class=\"wp-block-heading\">3. <strong>Proposer des am\u00e9nagements fixes plus inclusifs<\/strong><\/h4>\n\n\n\n<p>Les am\u00e9nagements fixes des pr\u00e9aux sont des&nbsp;<strong>points de d\u00e9part essentiels pour la production&nbsp;<\/strong>des lieux et de symboliques. Actuellement, ils sont fortements marqu\u00e9s par les&nbsp;<strong>masculinit\u00e9s h\u00e9g\u00e9moniques<\/strong>. En ce sens, il&nbsp;est n\u00e9cessaire d\u2019\u00eatre vigilant\u00b7es aux points suivants :<\/p>\n\n\n\n<ul class=\"wp-block-list\">\n<li><strong>L\u2019intention des am\u00e9nagements fixes :&nbsp;<\/strong><em>suscite-elle des performances de masculinit\u00e9s h\u00e9g\u00e9moniques ?<\/em><\/li>\n\n\n\n<li><strong>La priorisation :&nbsp;<\/strong><em>qu\u2019est-ce que l\u2019on maintient, qu\u2019est-ce que l\u2019on transforme, qu\u2019est-ce que l\u2019on d\u00e9laisse et qu\u2019est-ce que cela signifie ?<\/em><\/li>\n\n\n\n<li><strong>La centralit\u00e9 : <\/strong><em>quels am\u00e9nagements fixes sont centraux, ma<\/em><em>t\u00e9riellement et symboliquement ? Qui les utilise ? Quels sont ceux \u00e0 la marge, et donc les potentiels groupes \u00e0 la marge ?<\/em><\/li>\n\n\n\n<li><strong>La dimension :&nbsp;<\/strong><em>quelle proportion de l\u2019espace est allou\u00e9e \u00e0 quelle(s) activit\u00e9(s) ?<\/em><br><\/li>\n<\/ul>\n\n\n\n<h4 class=\"wp-block-heading\">4. <strong>Opter pour des am\u00e9nagements \u00e9ph\u00e9m\u00e8res et&nbsp;4&nbsp;modulables<\/strong><\/h4>\n\n\n\n<p>Les pr\u00e9aux sont&nbsp;<strong>partiellement \u00e9ph\u00e9m\u00e8res et changeants&nbsp;<\/strong>(tout comme&nbsp;les enfances, les jeunesses et les jeux), bien que planifi\u00e9s sur et pour le long&nbsp;terme.&nbsp;<strong>L\u2019\u00e9ph\u00e9m\u00e9rit\u00e9 ainsi que la modularit\u00e9 des am\u00e9nagements fixes sont des leviers d\u2019action pour am\u00e9liorer la qualit\u00e9&nbsp;<\/strong>des espaces, align\u00e9e&nbsp;avec la recommandation de&nbsp;<em>Pousses Urbaines&nbsp;<\/em>(<em>le pr\u00e9au est compl\u00e9mentaire avec le quartier<\/em>). Ces deux caract\u00e9ristiques permettraient&nbsp;<strong>d\u2019\u00e9tendre l\u2019espace et de le lier \u00e0 d\u2019autres par des am\u00e9nagements transitoires,&nbsp;<\/strong>cr\u00e9ant ainsi une&nbsp;<strong>flexibilit\u00e9&nbsp;<\/strong>en p\u00e9riode d\u2019incertitude.<br><\/p>\n\n\n\n<h4 class=\"wp-block-heading\"><strong>5<\/strong>. <strong>R\u00e9aliser des projets collectifs : des constats aux possibles projets d\u2019\u00e9tablissement<\/strong><\/h4>\n\n\n\n<p>Au moyen de discours et de pratiques portant le projet&nbsp;d\u2019\u00e9tablir un environnement plus \u00e9galitaire, les pr\u00e9aux&nbsp;peuvent devenir des&nbsp;<strong>espaces d\u2019exp\u00e9rimentation p\u00e9dagogique et de prise de d\u00e9cision interg\u00e9n\u00e9rationnelle<\/strong>. Espace public \u00ab \u00e0 priorit\u00e9 enfants et jeunes \u00bb, les&nbsp;pr\u00e9aux doivent rester des&nbsp;<strong>espaces d\u2019apprentissage ludique<\/strong>. Des projets peuvent y voir le jour, s\u00e9lectionn\u00e9s&nbsp;par le vote d\u00e9mocratique des jeunes et des enfants qui habitent et animent les pr\u00e9aux notamment.<br><\/p>\n\n\n\n<div class=\"wp-block-file alignright\"><a href=\"https:\/\/wp.unil.ch\/preauxentousgenres\/files\/2023\/02\/PTG-Depliant4.pdf\" class=\"wp-block-file__button wp-element-button\" download>T\u00e9l\u00e9charger le d\u00e9pliant en PDF<\/a><\/div>\n\n\n\n<h2 class=\"wp-block-heading\">R\u00e9f\u00e9rences bibliographiques<\/h2>\n\n\n\n<p><sup>1<\/sup>Massey, D. B. (1994).&nbsp;<em>Space, place and gender<\/em>. Polity Press.<\/p>\n\n\n\n<p><sup>2<\/sup>Monnard, M. (2016). Occupying and taking one\u2019s place : Power relationships in the schoolyard.&nbsp;<em>Espaces et soci\u00e9t\u00e9s<\/em>, 166(3), 127-145.<\/p>\n\n\n\n<p><sup>3<\/sup>R\u00f6nnlund, M. (2015). Schoolyard stories : Processes of gender identity in a \u2018children\u2019s place\u2019. <em>Childhood<\/em>, 22(1), 85-100.<\/p>\n\n\n\n<p><sup>4<\/sup>Frosh, S., Phoenix, A., &amp; Pattman, R., (2002).&nbsp;<em>Young masculinities : Understanding boys in<\/em> <em>contemporary society<\/em>. Palgrave.<\/p>\n\n\n\n<p><sup>5<\/sup>Blatchford, P., Creeser, R., &amp; Mooney, A. (1990). Playground games and playtime : The children\u2019s view.&nbsp;<em>Educational Research&nbsp;<\/em>(Windsor), 32(3), 163-174.<\/p>\n\n\n\n<p><sup>6<\/sup>Renold, E. (2004). \u2018Other\u2019 boys : Negotiating non-hegemonic masculinities in the primary school.&nbsp;<em>Gender and Education<\/em>, 16(2), 247-265.<\/p>\n","protected":false},"excerpt":{"rendered":"<p>Par Maeva Yersin Pr\u00e9sentation de la recherche Cette recherche porte sur l\u2019analyse des pr\u00e9aux, la structuration&nbsp;de leurs espaces et les pratiques qui y prennent place. En effet,&nbsp;le pr\u00e9au&hellip;<\/p>\n","protected":false},"author":1002255,"featured_media":0,"parent":0,"menu_order":0,"comment_status":"closed","ping_status":"closed","template":"template-full-width-cover.php","meta":{"_seopress_robots_primary_cat":"","_seopress_titles_title":"","_seopress_titles_desc":"","_seopress_robots_index":"","footnotes":""},"class_list":["post-382","page","type-page","status-publish","has-post-thumbnail"],"_links":{"self":[{"href":"https:\/\/wp.unil.ch\/preauxentousgenres\/wp-json\/wp\/v2\/pages\/382","targetHints":{"allow":["GET"]}}],"collection":[{"href":"https:\/\/wp.unil.ch\/preauxentousgenres\/wp-json\/wp\/v2\/pages"}],"about":[{"href":"https:\/\/wp.unil.ch\/preauxentousgenres\/wp-json\/wp\/v2\/types\/page"}],"author":[{"embeddable":true,"href":"https:\/\/wp.unil.ch\/preauxentousgenres\/wp-json\/wp\/v2\/users\/1002255"}],"replies":[{"embeddable":true,"href":"https:\/\/wp.unil.ch\/preauxentousgenres\/wp-json\/wp\/v2\/comments?post=382"}],"version-history":[{"count":0,"href":"https:\/\/wp.unil.ch\/preauxentousgenres\/wp-json\/wp\/v2\/pages\/382\/revisions"}],"wp:attachment":[{"href":"https:\/\/wp.unil.ch\/preauxentousgenres\/wp-json\/wp\/v2\/media?parent=382"}],"curies":[{"name":"wp","href":"https:\/\/api.w.org\/{rel}","templated":true}]}}